{"id":50282,"date":"2025-08-08T12:39:51","date_gmt":"2025-08-08T12:39:51","guid":{"rendered":"https:\/\/awardforce.com\/?page_id=50282"},"modified":"2025-09-24T07:41:27","modified_gmt":"2025-09-24T07:41:27","slug":"entspannen-sie-sich-und-beschleunigen-sie","status":"publish","type":"page","link":"https:\/\/awardforce.com\/de\/entspannen-sie-sich-und-beschleunigen-sie\/","title":{"rendered":"Entspannen Sie sich und beschleunigen Sie."},"content":{"rendered":"<p>[et_pb_section fb_built=&#8220;1&#8243; _builder_version=&#8220;4.0.6&#8243; background_image=&#8220;https:\/\/awardforce.com\/wp-content\/uploads\/2019\/12\/AF_HI_Relax.jpg&#8220; background_position=&#8220;top_center&#8220; height=&#8220;600px&#8220; custom_margin=&#8220;||||false|false&#8220; custom_padding=&#8220;200px||||false|false&#8220; hover_enabled=&#8220;0&#8243;][et_pb_row _builder_version=&#8220;4.0.6&#8243; min_height=&#8220;500px&#8220; custom_padding=&#8220;||||false|false&#8220;][et_pb_column type=&#8220;4_4&#8243; _builder_version=&#8220;4.0.6&#8243;][et_pb_text _builder_version=&#8220;4.0.6&#8243; header_font=&#8220;||||||||&#8220; header_text_color=&#8220;#ffffff&#8220; background_color=&#8220;rgba(0,0,0,0)&#8220; width=&#8220;100%&#8220; module_alignment=&#8220;center&#8220; custom_css_main_element=&#8220;H1   -webkit-text-fill-color: white; \/* Will override color (regardless of order) *\/||    text-shadow: 0px 0px 2px #000, 0px 0px 4px #000;||-webkit-text-stroke-width: 0.1px;||  -webkit-text-stroke-color: #000;&#8220;]<\/p>\n<h1 style=\"text-align: center;\"><span style=\"background-color: #000;\">  Entspannen Sie sich und beschleunigen Sie.  <\/span><\/h1>\n<p>[\/et_pb_text][\/et_pb_column][\/et_pb_row][\/et_pb_section][et_pb_section fb_built=&#8220;1&#8243; admin_label=&#8220;section&#8220; _builder_version=&#8220;3.22&#8243;][et_pb_row _builder_version=&#8220;4.0.6&#8243; custom_padding=&#8220;||||false|false&#8220; hover_enabled=&#8220;0&#8243;][et_pb_column type=&#8220;4_4&#8243; _builder_version=&#8220;4.0.6&#8243;][et_pb_text _builder_version=&#8220;4.0.6&#8243; hover_enabled=&#8220;0&#8243;]<\/p>\n<h2>M\u00fchelos schnelle Auszeichnungsmanagement-Software<\/h2>\n<p class=\"\" id=\"yui_3_17_2_1_1576472341360_296\">Manchmal muss es schnell gehen. Vielleicht sogar immer! Das verstehen wir. Hier sind einige der Wege, wie Award Force m\u00fchelos schnell bei der Verwaltung von Auszeichnungen ist.   <\/p>\n<p>[\/et_pb_text][\/et_pb_column][\/et_pb_row][et_pb_row column_structure=&#8220;1_3,2_3&#8243; use_custom_gutter=&#8220;on&#8220; gutter_width=&#8220;1&#8243; make_equal=&#8220;on&#8220; admin_label=&#8220;Zeile&#8220; _builder_version=&#8220;4.0.6&#8243; background_size=&#8220;initial&#8220; background_position=&#8220;top_left&#8220; background_repeat=&#8220;repeat&#8220; module_alignment=&#8220;center&#8220; custom_padding=&#8220;15px||0px|||&#8220;][et_pb_column type=&#8220;1_3&#8243; _builder_version=&#8220;3.25&#8243; custom_padding=&#8220;|||&#8220; custom_padding__hover=&#8220;|||&#8220;][et_pb_text _builder_version=&#8220;4.0.6&#8243; custom_margin=&#8220;||||false|false&#8220;]<\/p>\n<h3>Schnelle Abwicklung<\/h3>\n<p>[\/et_pb_text][\/et_pb_column][et_pb_column type=&#8220;2_3&#8243; _builder_version=&#8220;4.0.6&#8243; custom_padding=&#8220;25px||||false|false&#8220; custom_padding__hover=&#8220;|||&#8220;][et_pb_text _builder_version=&#8220;4.0.6&#8243;]<\/p>\n<div class=\"row sqs-row\" id=\"yui_3_17_2_1_1576472341360_303\">\n<div class=\"col sqs-col-8 span-8\" id=\"yui_3_17_2_1_1576472341360_305\">\n<div class=\"sqs-block html-block sqs-block-html\" data-block-type=\"2\" id=\"block-yui_3_17_2_11_1481079455041_8484\">\n<div class=\"sqs-block-content\" id=\"yui_3_17_2_1_1576472341360_308\">\n<p class=\"\" id=\"yui_3_17_2_1_1576472341360_307\">Wir haben Kunden geholfen, Award Force in nur 24 Stunden zu starten! Wir empfehlen immer noch 3-4 Wochen von der Freigabe bis zum Go-Live \u2013 dann sind Sie entspannter. Aber wenn Sie eine schnelle Abwicklung ben\u00f6tigen, machen wir es m\u00f6glich.  <\/p>\n<\/div>\n<\/div>\n<\/div>\n<\/div>\n<p>[\/et_pb_text][\/et_pb_column][\/et_pb_row][et_pb_row column_structure=&#8220;1_3,2_3&#8243; use_custom_gutter=&#8220;on&#8220; gutter_width=&#8220;1&#8243; make_equal=&#8220;on&#8220; admin_label=&#8220;Zeile&#8220; _builder_version=&#8220;4.0.6&#8243; background_size=&#8220;initial&#8220; background_position=&#8220;top_left&#8220; background_repeat=&#8220;repeat&#8220; module_alignment=&#8220;center&#8220; custom_padding=&#8220;15px||3px|||&#8220;][et_pb_column type=&#8220;1_3&#8243; _builder_version=&#8220;3.25&#8243; custom_padding=&#8220;|||&#8220; custom_padding__hover=&#8220;|||&#8220;][et_pb_text _builder_version=&#8220;4.0.6&#8243; custom_margin=&#8220;||||false|false&#8220;]<\/p>\n<h3>Hohe Leistung<\/h3>\n<p>[\/et_pb_text][\/et_pb_column][et_pb_column type=&#8220;2_3&#8243; _builder_version=&#8220;4.0.6&#8243; custom_padding=&#8220;25px||||false|false&#8220; custom_padding__hover=&#8220;|||&#8220;][et_pb_text _builder_version=&#8220;4.0.6&#8243;]<\/p>\n<div class=\"row sqs-row\" id=\"yui_3_17_2_1_1576472341360_303\">\n<div class=\"col sqs-col-8 span-8\" id=\"yui_3_17_2_1_1576472341360_305\">\n<div class=\"sqs-block html-block sqs-block-html\" data-block-type=\"2\" id=\"block-yui_3_17_2_11_1481079455041_8484\">\n<div class=\"sqs-block-content\" id=\"yui_3_17_2_1_1576472341360_308\">\n<p>Award Force ist eine schnelle, hochmoderne Cloud-Softwareanwendung, die daf\u00fcr entwickelt wurde, unter Druck zu funktionieren. Wir entwickeln alle Aspekte des Systems auf Geschwindigkeit und Zuverl\u00e4ssigkeit hin. <\/p>\n<\/div>\n<\/div>\n<\/div>\n<\/div>\n<p>[\/et_pb_text][\/et_pb_column][\/et_pb_row][et_pb_row column_structure=&#8220;1_3,2_3&#8243; use_custom_gutter=&#8220;on&#8220; gutter_width=&#8220;1&#8243; make_equal=&#8220;on&#8220; admin_label=&#8220;Zeile&#8220; _builder_version=&#8220;4.0.6&#8243; background_size=&#8220;initial&#8220; background_position=&#8220;top_left&#8220; background_repeat=&#8220;repeat&#8220; module_alignment=&#8220;center&#8220; custom_padding=&#8220;15px||11px|||&#8220;][et_pb_column type=&#8220;1_3&#8243; _builder_version=&#8220;3.25&#8243; custom_padding=&#8220;|||&#8220; custom_padding__hover=&#8220;|||&#8220;][et_pb_text _builder_version=&#8220;4.0.6&#8243; custom_margin=&#8220;||||false|false&#8220;]<\/p>\n<h3>Reaktionsschnelle Benutzeroberfl\u00e4che<\/h3>\n<p>[\/et_pb_text][\/et_pb_column][et_pb_column type=&#8220;2_3&#8243; _builder_version=&#8220;4.0.6&#8243; custom_padding=&#8220;25px||||false|false&#8220; custom_padding__hover=&#8220;|||&#8220;][et_pb_text _builder_version=&#8220;4.0.6&#8243;]<\/p>\n<div class=\"row sqs-row\" id=\"yui_3_17_2_1_1576472341360_303\">\n<div class=\"col sqs-col-8 span-8\" id=\"yui_3_17_2_1_1576472341360_305\">\n<div class=\"sqs-block html-block sqs-block-html\" data-block-type=\"2\" id=\"block-yui_3_17_2_11_1481079455041_8484\">\n<div class=\"sqs-block-content\" id=\"yui_3_17_2_1_1576472341360_308\">\n<p>Wir haben eine Benutzeroberfl\u00e4che entwickelt, die attraktiv, reibungslos und schnell zu bedienen ist. Bei der Verwaltung von Teilnehmern, Einreichungen, Zahlungen, Juroren und so weiter werden Sie die reaktionsschnelle Benutzeroberfl\u00e4che zu sch\u00e4tzen wissen. <\/p>\n<\/div>\n<\/div>\n<\/div>\n<\/div>\n<p>[\/et_pb_text][\/et_pb_column][\/et_pb_row][et_pb_row column_structure=&#8220;1_3,2_3&#8243; use_custom_gutter=&#8220;on&#8220; gutter_width=&#8220;1&#8243; make_equal=&#8220;on&#8220; admin_label=&#8220;Zeile&#8220; _builder_version=&#8220;4.0.6&#8243; background_size=&#8220;initial&#8220; background_position=&#8220;top_left&#8220; background_repeat=&#8220;repeat&#8220; module_alignment=&#8220;center&#8220; custom_padding=&#8220;15px||2px|||&#8220;][et_pb_column type=&#8220;1_3&#8243; _builder_version=&#8220;3.25&#8243; custom_padding=&#8220;|||&#8220; custom_padding__hover=&#8220;|||&#8220;][et_pb_text _builder_version=&#8220;4.0.6&#8243; custom_margin=&#8220;||||false|false&#8220;]<\/p>\n<h3>Schneller Einreichungsprozess<\/h3>\n<p>[\/et_pb_text][\/et_pb_column][et_pb_column type=&#8220;2_3&#8243; _builder_version=&#8220;4.0.6&#8243; custom_padding=&#8220;25px||||false|false&#8220; custom_padding__hover=&#8220;|||&#8220;][et_pb_text _builder_version=&#8220;4.0.6&#8243;]<\/p>\n<div class=\"row sqs-row\" id=\"yui_3_17_2_1_1576472341360_303\">\n<div class=\"col sqs-col-8 span-8\" id=\"yui_3_17_2_1_1576472341360_305\">\n<div class=\"sqs-block html-block sqs-block-html\" data-block-type=\"2\" id=\"block-yui_3_17_2_11_1481079455041_8484\">\n<div class=\"sqs-block-content\" id=\"yui_3_17_2_1_1576472341360_308\">\n<p>Teilnehmer registrieren sich schnell, um Zugang zu einem intuitiven, \u00fcbersichtlichen Self-Service-System zu erhalten, in dem sie mehrere Kategorien erstellen, einreichen und f\u00fcr Einreichungen oder Nominierungen bezahlen k\u00f6nnen.<\/p>\n<\/div>\n<\/div>\n<\/div>\n<\/div>\n<p>[\/et_pb_text][\/et_pb_column][\/et_pb_row][et_pb_row column_structure=&#8220;1_3,2_3&#8243; use_custom_gutter=&#8220;on&#8220; gutter_width=&#8220;1&#8243; make_equal=&#8220;on&#8220; admin_label=&#8220;Zeile&#8220; _builder_version=&#8220;4.0.6&#8243; background_size=&#8220;initial&#8220; background_position=&#8220;top_left&#8220; background_repeat=&#8220;repeat&#8220; module_alignment=&#8220;center&#8220; custom_padding=&#8220;15px||0px|||&#8220;][et_pb_column type=&#8220;1_3&#8243; _builder_version=&#8220;3.25&#8243; custom_padding=&#8220;|||&#8220; custom_padding__hover=&#8220;|||&#8220;][et_pb_text _builder_version=&#8220;4.0.6&#8243; custom_margin=&#8220;||||false|false&#8220;]<\/p>\n<h3>Schnelle und effektive Bewertung<\/h3>\n<p>[\/et_pb_text][\/et_pb_column][et_pb_column type=&#8220;2_3&#8243; _builder_version=&#8220;4.0.6&#8243; custom_padding=&#8220;25px||||false|false&#8220; custom_padding__hover=&#8220;|||&#8220;][et_pb_text _builder_version=&#8220;4.0.6&#8243;]<\/p>\n<div class=\"row sqs-row\" id=\"yui_3_17_2_1_1576472341360_303\">\n<div class=\"col sqs-col-8 span-8\" id=\"yui_3_17_2_1_1576472341360_305\">\n<div class=\"sqs-block html-block sqs-block-html\" data-block-type=\"2\" id=\"block-yui_3_17_2_11_1481079455041_8484\">\n<div class=\"sqs-block-content\" id=\"yui_3_17_2_1_1576472341360_308\">\n<p>Ausgekl\u00fcgelte Bewertungsfunktionen, die im Handumdrehen konfiguriert werden k\u00f6nnen. Juroren k\u00f6nnen ihr Fachwissen in schnellen, intuitiven Ansichten nutzen. <\/p>\n<\/div>\n<\/div>\n<\/div>\n<\/div>\n<p>[\/et_pb_text][\/et_pb_column][\/et_pb_row][et_pb_row column_structure=&#8220;1_3,2_3&#8243; use_custom_gutter=&#8220;on&#8220; gutter_width=&#8220;1&#8243; make_equal=&#8220;on&#8220; admin_label=&#8220;Zeile&#8220; _builder_version=&#8220;4.0.6&#8243; background_size=&#8220;initial&#8220; background_position=&#8220;top_left&#8220; background_repeat=&#8220;repeat&#8220; module_alignment=&#8220;center&#8220; custom_padding=&#8220;15px||0px|||&#8220;][et_pb_column type=&#8220;1_3&#8243; _builder_version=&#8220;3.25&#8243; custom_padding=&#8220;|||&#8220; custom_padding__hover=&#8220;|||&#8220;][et_pb_text _builder_version=&#8220;4.0.6&#8243; custom_margin=&#8220;||||false|false&#8220;]<\/p>\n<h3>Zeitnaher, freundlicher Support<\/h3>\n<p>[\/et_pb_text][\/et_pb_column][et_pb_column type=&#8220;2_3&#8243; _builder_version=&#8220;4.0.6&#8243; custom_padding=&#8220;25px||||false|false&#8220; custom_padding__hover=&#8220;|||&#8220;][et_pb_text _builder_version=&#8220;4.0.6&#8243;]<\/p>\n<div class=\"row sqs-row\" id=\"yui_3_17_2_1_1576472341360_303\">\n<div class=\"col sqs-col-8 span-8\" id=\"yui_3_17_2_1_1576472341360_305\">\n<div class=\"sqs-block html-block sqs-block-html\" data-block-type=\"2\" id=\"block-yui_3_17_2_11_1481079455041_8484\">\n<div class=\"sqs-block-content\" id=\"yui_3_17_2_1_1576472341360_308\">\n<p>Wir bieten den richtigen Support, wenn Sie ihn brauchen. Sofortige, integrierte Support-Artikel und Video-Tutorials. Au\u00dferdem sind Menschen 24 Stunden am Tag, w\u00e4hrend der Woche, verf\u00fcgbar. Wir sind f\u00fcr Sie da \u2013 wenn Sie anrufen, antworten wir. Wenn Sie schreiben, antworten wir.    <\/p>\n<\/div>\n<\/div>\n<\/div>\n<\/div>\n<p>[\/et_pb_text][\/et_pb_column][\/et_pb_row][et_pb_row _builder_version=&#8220;4.0.6&#8243; custom_padding=&#8220;60px||0px||false|false&#8220; hover_enabled=&#8220;0&#8243;][et_pb_column type=&#8220;4_4&#8243; _builder_version=&#8220;4.0.6&#8243;][et_pb_text _builder_version=&#8220;4.0.6&#8243;]<\/p>\n<p class=\"\" id=\"yui_3_17_2_1_1576472341360_357\"><strong id=\"yui_3_17_2_1_1576472341360_356\">All diese schnellen Funktionen und viele weitere sind standardm\u00e4\u00dfig im Award Force Pro Plan enthalten.<\/strong><\/p>\n<p>[\/et_pb_text][et_pb_text _builder_version=&#8220;4.0.6&#8243; hover_enabled=&#8220;0&#8243;]<\/p>\n<h4><a style=\"color:#3a47f4\" href=\"https:\/\/awardforce.com\/de\/?page_id=47367\">Erfahren Sie mehr<\/a>, oder kontaktieren Sie uns noch heute, um <a style=\"color:#3a47f4\" href=\"craigcf8.wpcomstaging.com\/request\">eine unverbindliche Demo zu vereinbaren<\/a> und zu sehen, wie wir Ihnen helfen k\u00f6nnen, sich zu entspannen und schneller zu werden. Mit Award Force ist es einfach! <\/h4>\n<p>[\/et_pb_text][\/et_pb_column][\/et_pb_row][et_pb_row _builder_version=&#8220;4.0.6&#8243; custom_padding=&#8220;28px|||||&#8220;][et_pb_column type=&#8220;4_4&#8243; _builder_version=&#8220;4.0.6&#8243;][et_pb_text _builder_version=&#8220;4.0.6&#8243; custom_margin=&#8220;||-2px|||&#8220; custom_padding=&#8220;||0px|||&#8220;]<\/p>\n<div class=\"sqs-block html-block sqs-block-html\" data-block-type=\"2\" id=\"block-yui_3_17_2_1_1551366275181_11986\">\n<div class=\"sqs-block-content\" id=\"yui_3_17_2_1_1576472341360_362\">\n<h3 id=\"yui_3_17_2_1_1576472341360_361\" style=\"text-align: center;\">Von weltweit f\u00fchrenden Organisationen zur Anerkennung von Exzellenz eingesetzt<\/h3>\n<\/div>\n<\/div>\n<div class=\"sqs-block image-block sqs-block-image sqs-text-ready\" data-block-type=\"5\" id=\"block-yui_3_17_2_1_1551366275181_13713\">\n<div class=\"sqs-block-content\" id=\"yui_3_17_2_1_1576472341360_139\">\n<div class=\"image-block-outer-wrapper layout-caption-hidden design-layout-inline combination-animation-none individual-animation-none individual-text-animation-none\" id=\"yui_3_17_2_1_1576472341360_138\">\n<div class=\"intrinsic\" id=\"yui_3_17_2_1_1576472341360_137\">\n<div class=\"image-block-wrapper has-aspect-ratio\" data-animation-tier=\"1\" data-description=\"\" id=\"yui_3_17_2_1_1576472341360_136\"><\/div>\n<\/div>\n<\/div>\n<\/div>\n<\/div>\n<p>[\/et_pb_text][et_pb_image src=&#8220;https:\/\/awardforce.com\/wp-content\/uploads\/2019\/12\/AF-client-logos-cut-down-1902.png&#8220; align=&#8220;center&#8220; _builder_version=&#8220;4.0.6&#8243;][\/et_pb_image][et_pb_text _builder_version=&#8220;4.0.6&#8243;]<\/p>\n<p style=\"text-align: center;\"><a href=\"https:\/\/awardforce.com\/de\/?page_id=50125\" target=\"_blank\" id=\"yui_3_17_2_1_1576472341360_378\" rel=\"noopener noreferrer\"><span>Erfahren Sie mehr dar\u00fcber, mit wem wir zusammenarbeiten<\/span><\/a><\/p>\n<p>[\/et_pb_text][\/et_pb_column][\/et_pb_row][et_pb_row _builder_version=&#8220;4.0.6&#8243;][et_pb_column type=&#8220;4_4&#8243; _builder_version=&#8220;4.0.6&#8243;][\/et_pb_column][\/et_pb_row][\/et_pb_section]<\/p>\n","protected":false},"excerpt":{"rendered":"<p>Entspannen Sie sich und beschleunigen Sie. M\u00fchelos schnelle Auszeichnungsmanagement-Software Manchmal muss es schnell gehen. Vielleicht sogar immer! Das verstehen wir. Hier sind einige der Wege, wie Award Force m\u00fchelos schnell bei der Verwaltung von Auszeichnungen ist. Schnelle Abwicklung Wir haben Kunden geholfen, Award Force in nur 24 Stunden zu starten! Wir empfehlen immer noch 3-4 Wochen von der Freigabe bis zum Go-Live \u2013 dann sind Sie entspannter. Aber wenn Sie eine schnelle Abwicklung ben\u00f6tigen, machen wir es m\u00f6glich. Hohe Leistung Award Force ist eine schnelle, hochmoderne Cloud-Softwareanwendung, die daf\u00fcr entwickelt wurde, unter Druck zu funktionieren. Wir entwickeln alle Aspekte des Systems auf Geschwindigkeit und Zuverl\u00e4ssigkeit hin. Reaktionsschnelle Benutzeroberfl\u00e4che Wir haben eine Benutzeroberfl\u00e4che entwickelt, die attraktiv, reibungslos und schnell zu bedienen ist. Bei der Verwaltung von Teilnehmern, Einreichungen, Zahlungen, Juroren und so weiter werden Sie die reaktionsschnelle Benutzeroberfl\u00e4che zu sch\u00e4tzen wissen. Schneller Einreichungsprozess Teilnehmer registrieren sich schnell, um Zugang zu einem intuitiven, \u00fcbersichtlichen Self-Service-System zu erhalten, in dem sie mehrere Kategorien erstellen, einreichen und f\u00fcr Einreichungen oder Nominierungen bezahlen k\u00f6nnen. Schnelle und effektive Bewertung Ausgekl\u00fcgelte Bewertungsfunktionen, die im Handumdrehen konfiguriert werden k\u00f6nnen. Juroren k\u00f6nnen ihr Fachwissen in schnellen, intuitiven Ansichten nutzen. Zeitnaher, freundlicher Support Wir bieten den richtigen Support, wenn Sie [&hellip;]<\/p>\n","protected":false},"author":2,"featured_media":0,"parent":0,"menu_order":0,"comment_status":"closed","ping_status":"closed","template":"","meta":{"_acf_changed":false,"_et_pb_use_builder":"on","_et_pb_old_content":"","_et_gb_content_width":"","footnotes":""},"class_list":["post-50282","page","type-page","status-publish","hentry"],"acf":[],"_links":{"self":[{"href":"https:\/\/awardforce.com\/de\/wp-json\/wp\/v2\/pages\/50282","targetHints":{"allow":["GET"]}}],"collection":[{"href":"https:\/\/awardforce.com\/de\/wp-json\/wp\/v2\/pages"}],"about":[{"href":"https:\/\/awardforce.com\/de\/wp-json\/wp\/v2\/types\/page"}],"author":[{"embeddable":true,"href":"https:\/\/awardforce.com\/de\/wp-json\/wp\/v2\/users\/2"}],"replies":[{"embeddable":true,"href":"https:\/\/awardforce.com\/de\/wp-json\/wp\/v2\/comments?post=50282"}],"version-history":[{"count":3,"href":"https:\/\/awardforce.com\/de\/wp-json\/wp\/v2\/pages\/50282\/revisions"}],"predecessor-version":[{"id":50543,"href":"https:\/\/awardforce.com\/de\/wp-json\/wp\/v2\/pages\/50282\/revisions\/50543"}],"wp:attachment":[{"href":"https:\/\/awardforce.com\/de\/wp-json\/wp\/v2\/media?parent=50282"}],"curies":[{"name":"wp","href":"https:\/\/api.w.org\/{rel}","templated":true}]}}