{"id":50278,"date":"2025-08-08T12:39:51","date_gmt":"2025-08-08T12:39:51","guid":{"rendered":"https:\/\/awardforce.com\/?page_id=50278"},"modified":"2025-10-21T13:24:39","modified_gmt":"2025-10-21T13:24:39","slug":"bessere-auszeichnungen-groser-ertrag","status":"publish","type":"page","link":"https:\/\/awardforce.com\/de\/bessere-auszeichnungen-groser-ertrag\/","title":{"rendered":"Bessere Auszeichnungen, gro\u00dfer Ertrag"},"content":{"rendered":"<p>[et_pb_section fb_built=&#8220;1&#8243; _builder_version=&#8220;4.16&#8243; background_image=&#8220;https:\/\/awardforce.com\/wp-content\/uploads\/2019\/12\/AF_HI_YourWay.jpg&#8220; background_position=&#8220;bottom_center&#8220; height=&#8220;600px&#8220; custom_margin=&#8220;||||false|false&#8220; custom_padding=&#8220;200px||||false|false&#8220; global_colors_info=&#8220;{}&#8220;][et_pb_row _builder_version=&#8220;4.16&#8243; min_height=&#8220;500px&#8220; custom_padding=&#8220;||||false|false&#8220; global_colors_info=&#8220;{}&#8220;][et_pb_column type=&#8220;4_4&#8243; _builder_version=&#8220;4.16&#8243; global_colors_info=&#8220;{}&#8220;][et_pb_text _builder_version=&#8220;4.16&#8243; header_font=&#8220;||||||||&#8220; header_text_color=&#8220;#ffffff&#8220; background_color=&#8220;rgba(0,0,0,0)&#8220; width=&#8220;100%&#8220; module_alignment=&#8220;center&#8220; custom_css_main_element=&#8220;H1   -webkit-text-fill-color: white; \/* Will override color (regardless of order) *\/||    text-shadow: 0px 0px 2px #000, 0px 0px 4px #000;||-webkit-text-stroke-width: 0.1px;||  -webkit-text-stroke-color: #000;&#8220; global_colors_info=&#8220;{}&#8220;]<\/p>\n<h1 style=\"text-align: center;\"><span style=\"background-color: #000;\">  Bessere Auszeichnungen, gro\u00dfer Ertrag  <\/span><\/h1>\n<p>[\/et_pb_text][\/et_pb_column][\/et_pb_row][\/et_pb_section][et_pb_section fb_built=&#8220;1&#8243; admin_label=&#8220;section&#8220; _builder_version=&#8220;4.16&#8243; global_colors_info=&#8220;{}&#8220;][et_pb_row admin_label=&#8220;Zeile&#8220; _builder_version=&#8220;4.16&#8243; background_size=&#8220;initial&#8220; background_position=&#8220;top_left&#8220; background_repeat=&#8220;repeat&#8220; global_colors_info=&#8220;{}&#8220;][et_pb_column type=&#8220;4_4&#8243; _builder_version=&#8220;4.16&#8243; custom_padding=&#8220;|||&#8220; global_colors_info=&#8220;{}&#8220; custom_padding__hover=&#8220;|||&#8220;][et_pb_text admin_label=&#8220;Text&#8220; _builder_version=&#8220;4.27.4&#8243; background_size=&#8220;initial&#8220; background_position=&#8220;top_left&#8220; background_repeat=&#8220;repeat&#8220; global_colors_info=&#8220;{}&#8220;]<\/p>\n<h2 style=\"white-space: pre-wrap;\">Die versteckten Kosten im Auszeichnungsmanagement<\/h2>\n<p style=\"white-space: pre-wrap;\">Es ist wahrscheinlich, dass es Kosten im Management Ihrer Auszeichnungen gibt, derer Sie sich nicht bewusst sind. Oder zumindest Kosten, die \u00fcbersehen werden. Oder vielleicht haben Sie Kosten, die offensichtlich sind, aber Ihnen fehlen die Optionen, diese zu reduzieren.<\/p>\n<h3 class=\"h4\" style=\"white-space: pre-wrap;\"><strong>Was w\u00e4re, wenn Sie Geld sparen k\u00f6nnten, indem Sie Ihre Auszeichnungen verwalten?<\/strong> Und Ihren Teilnehmenden und Jurymitgliedern eine bessere, einfachere Erfahrung bieten. Ein \u00fcberragendes Ergebnis. Besser und g\u00fcnstiger. Klingt zu sch\u00f6n, um wahr zu sein, oder? Lesen Sie weiter!<\/h3>\n<p style=\"white-space: pre-wrap;\">Egal, ob Sie Beitr\u00e4ge offline oder mit einem einfachen Online-Formular annehmen, oder ob Sie in den Aufbau einer benutzerdefinierten Online-L\u00f6sung investiert haben \u2013 schauen wir uns einige dieser versteckten Kosten an:<\/p>\n<ul data-rte-list=\"default\">\n<li>\n<p style=\"white-space: pre-wrap;\">Kosten f\u00fcr <strong>Druck, Porto und Kurier<\/strong> der Teilnehmenden f\u00fcr den Versand physischer Beitr\u00e4ge. Immer noch ein echter Kostenfaktor, auch wenn er nicht direkt von Ihnen getragen wird.<\/p>\n<\/li>\n<li>\n<p style=\"white-space: pre-wrap;\"><strong>Dateneingabekosten<\/strong> \u2013 ein Kunde erz\u00e4hlte uns, dass er fr\u00fcher 3 Zeitarbeitskr\u00e4fte f\u00fcr 2 Wochen einstellte, um 800 Eintr\u00e4ge in eine Tabelle einzugeben. 240 Stunden Aufwand!<\/p>\n<\/li>\n<li>\n<p style=\"white-space: pre-wrap;\"><strong>Rechnungsstellung<\/strong> f\u00fcr Teilnahmegeb\u00fchren \u2013 dann das Nachverfolgen, Bearbeiten und Abgleichen von Zahlungen.<\/p>\n<\/li>\n<li>\n<p style=\"white-space: pre-wrap;\"><strong>Zeit- und Druckkosten<\/strong> f\u00fcr das Duplizieren und Zusammenstellen von Beitr\u00e4gen f\u00fcr die Bewertung. Ein anderer Kunde erkl\u00e4rte, wie er Ordner voller Beitr\u00e4ge dupliziert und sie zur Fernbewertung an Jurymitglieder in andere Bundesstaaten versendet \u2013 nur damit all diese Ordner dann zur\u00fcckgeschickt und die Ergebnisse in Tabellen \u00fcbertragen werden m\u00fcssen.<\/p>\n<\/li>\n<li>\n<p style=\"white-space: pre-wrap;\">Kosten f\u00fcr die <strong>Reisezeit<\/strong> Ihrer Jurymitglieder zu und von pers\u00f6nlichen Bewertungsveranstaltungen.<\/p>\n<\/li>\n<li>\n<p style=\"white-space: pre-wrap;\">Plus <strong>Reisekosten und Unterkunft<\/strong>.<\/p>\n<\/li>\n<li>\n<p style=\"white-space: pre-wrap;\"><strong>Einstellung eines Wirtschaftspr\u00fcfers<\/strong>, um zu \u00fcberpr\u00fcfen, ob die Punkteberechnungen korrekt durchgef\u00fchrt wurden.<\/p>\n<\/li>\n<li>\n<p style=\"white-space: pre-wrap;\">Wie viel ist Ihre Zeit wert? Die am h\u00e4ufigsten \u00fcbersehenen Kosten bei der Verwaltung von Auszeichnungen sind die <strong>Kosten des internen Teams<\/strong>, das manuelle Verwaltungsaufgaben erledigt. Die versunkenen Kosten eines internen Teams als \u201ekostenlos\u201c f\u00fcr sich wiederholende Verwaltungsaufgaben zu betrachten, ist eine sch\u00e4ndliche Verschwendung, wenn es automatisiert werden kann. Weniger Zeit f\u00fcr die Verwaltung bedeutet mehr Zeit, die Ihr Team f\u00fcr hochwertige Anstrengungen zur Innovation, Verbesserung und zum Wachstum Ihrer Auszeichnungen aufwenden kann.<\/p>\n<\/li>\n<li>\n<p style=\"white-space: pre-wrap;\">Oder Sie haben viel Geld in eine <strong>ma\u00dfgeschneiderte<\/strong> Online-L\u00f6sung investiert. Aber sie erfordert <strong>laufende Wartung<\/strong>. Und jedes Mal, wenn Sie etwas hinzuf\u00fcgen oder aktualisieren, verbessern oder innovieren m\u00f6chten \u2013 kostet das alles mehr Geld.<\/p>\n<\/li>\n<\/ul>\n<p style=\"white-space: pre-wrap;\">Was haben all diese Kosten gemeinsam? Sie k\u00f6nnen alle erheblich reduziert oder mit Award Force, dem branchenf\u00fchrenden Online-Auszeichnungsmanagementsystem, <strong>abgeschafft<\/strong> werden.<\/p>\n<p style=\"white-space: pre-wrap;\">Und mit Award Force verbessern und innovieren wir kontinuierlich mit neuen Funktionen und M\u00f6glichkeiten \u2013 die Sie sofort und ohne weitere Kosten erhalten!<\/p>\n<p>[\/et_pb_text][\/et_pb_column][\/et_pb_row][et_pb_row _builder_version=&#8220;4.16&#8243; global_colors_info=&#8220;{}&#8220;][et_pb_column type=&#8220;4_4&#8243; _builder_version=&#8220;4.16&#8243; global_colors_info=&#8220;{}&#8220;][et_pb_text _builder_version=&#8220;4.16&#8243; custom_margin=&#8220;||-2px|||&#8220; custom_padding=&#8220;||0px|||&#8220; global_colors_info=&#8220;{}&#8220;]<\/p>\n<div class=\"sqs-block html-block sqs-block-html\" data-block-type=\"2\" id=\"block-yui_3_17_2_1_1551366275181_11986\">\n<div class=\"sqs-block-content\" id=\"yui_3_17_2_1_1576472341360_362\">\n<h3 id=\"yui_3_17_2_1_1576472341360_361\" style=\"text-align: center;\">Von weltweit f\u00fchrenden Organisationen zur Anerkennung von Exzellenz eingesetzt<\/h3>\n<\/div>\n<\/div>\n<div class=\"sqs-block image-block sqs-block-image sqs-text-ready\" data-block-type=\"5\" id=\"block-yui_3_17_2_1_1551366275181_13713\">\n<div class=\"sqs-block-content\" id=\"yui_3_17_2_1_1576472341360_139\">\n<div class=\"image-block-outer-wrapper layout-caption-hidden design-layout-inline combination-animation-none individual-animation-none individual-text-animation-none\" id=\"yui_3_17_2_1_1576472341360_138\">\n<div class=\"intrinsic\" id=\"yui_3_17_2_1_1576472341360_137\">\n<div class=\"image-block-wrapper has-aspect-ratio\" data-animation-tier=\"1\" data-description=\"\" id=\"yui_3_17_2_1_1576472341360_136\"><\/div>\n<\/div>\n<\/div>\n<\/div>\n<\/div>\n<p>[\/et_pb_text][et_pb_image src=&#8220;https:\/\/awardforce.com\/wp-content\/uploads\/2019\/12\/AF-client-logos-cut-down-1902.png&#8220; align=&#8220;center&#8220; _builder_version=&#8220;4.16&#8243; global_colors_info=&#8220;{}&#8220;][\/et_pb_image][et_pb_text _builder_version=&#8220;4.16&#8243; global_colors_info=&#8220;{}&#8220;]<\/p>\n<p style=\"text-align: center;\"><a href=\"\/de\/?page_id=50125\" target=\"_blank\" id=\"yui_3_17_2_1_1576472341360_378\" rel=\"noopener noreferrer\"><span>Erfahren Sie mehr dar\u00fcber, mit wem wir zusammenarbeiten<\/span><\/a><\/p>\n<p>[\/et_pb_text][\/et_pb_column][\/et_pb_row][et_pb_row column_structure=&#8220;1_2,1_2&#8243; use_custom_gutter=&#8220;on&#8220; _builder_version=&#8220;4.16&#8243; global_colors_info=&#8220;{}&#8220;][et_pb_column type=&#8220;1_2&#8243; _builder_version=&#8220;4.16&#8243; global_colors_info=&#8220;{}&#8220;][et_pb_video src=&#8220;https:\/\/player.vimeo.com\/video\/513594619&#8243; _builder_version=&#8220;4.27.4&#8243; _module_preset=&#8220;default&#8220; global_colors_info=&#8220;{}&#8220;][\/et_pb_video][\/et_pb_column][et_pb_column type=&#8220;1_2&#8243; _builder_version=&#8220;4.16&#8243; global_colors_info=&#8220;{}&#8220;][et_pb_text _builder_version=&#8220;4.16&#8243; global_colors_info=&#8220;{}&#8220; custom_padding=&#8220;|||0px||&#8220;]<\/p>\n<h2>Effizient arbeiten. Mehr erreichen. Herausragende Leistungen w\u00fcrdigen.<\/h2>\n<p>[\/et_pb_text][et_pb_button button_url=&#8220;https:\/\/awardforce.com\/demo&#8220; button_text=&#8220;Demo-Videos ansehen&#8220; _builder_version=&#8220;4.16&#8243; global_colors_info=&#8220;{}&#8220;][\/et_pb_button][et_pb_text _builder_version=&#8220;4.23.4&#8243; global_colors_info=&#8220;{}&#8220;]<\/p>\n<h3 class=\"h4\"><a href=\"\/de\/?page_id=47406\">Preise ansehen<\/a> | <a href=\"\/de\/?page_id=50147\">FAQs<\/a> | <a href=\"\/de\/?page_id=47364\">Anruf buchen, um zu besprechen<\/a><\/h4>\n<p>[\/et_pb_text][\/et_pb_column][\/et_pb_row][et_pb_row _builder_version=&#8220;4.16&#8243; global_colors_info=&#8220;{}&#8220;][et_pb_column type=&#8220;4_4&#8243; _builder_version=&#8220;4.16&#8243; global_colors_info=&#8220;{}&#8220;][\/et_pb_column][\/et_pb_row][\/et_pb_section]<\/p>\n","protected":false},"excerpt":{"rendered":"<p>Bessere Auszeichnungen, gro\u00dfer Ertrag Die versteckten Kosten im Auszeichnungsmanagement Es ist wahrscheinlich, dass es Kosten im Management Ihrer Auszeichnungen gibt, derer Sie sich nicht bewusst sind. Oder zumindest Kosten, die \u00fcbersehen werden. Oder vielleicht haben Sie Kosten, die offensichtlich sind, aber Ihnen fehlen die Optionen, diese zu reduzieren. Was w\u00e4re, wenn Sie Geld sparen k\u00f6nnten, indem Sie Ihre Auszeichnungen verwalten? Und Ihren Teilnehmenden und Jurymitgliedern eine bessere, einfachere Erfahrung bieten. Ein \u00fcberragendes Ergebnis. Besser und g\u00fcnstiger. Klingt zu sch\u00f6n, um wahr zu sein, oder? Lesen Sie weiter! Egal, ob Sie Beitr\u00e4ge offline oder mit einem einfachen Online-Formular annehmen, oder ob Sie in den Aufbau einer benutzerdefinierten Online-L\u00f6sung investiert haben \u2013 schauen wir uns einige dieser versteckten Kosten an: Kosten f\u00fcr Druck, Porto und Kurier der Teilnehmenden f\u00fcr den Versand physischer Beitr\u00e4ge. Immer noch ein echter Kostenfaktor, auch wenn er nicht direkt von Ihnen getragen wird. Dateneingabekosten \u2013 ein Kunde erz\u00e4hlte uns, dass er fr\u00fcher 3 Zeitarbeitskr\u00e4fte f\u00fcr 2 Wochen einstellte, um 800 Eintr\u00e4ge in eine Tabelle einzugeben. 240 Stunden Aufwand! Rechnungsstellung f\u00fcr Teilnahmegeb\u00fchren \u2013 dann das Nachverfolgen, Bearbeiten und Abgleichen von Zahlungen. Zeit- und Druckkosten f\u00fcr das Duplizieren und Zusammenstellen von Beitr\u00e4gen f\u00fcr die Bewertung. Ein anderer Kunde erkl\u00e4rte, wie [&hellip;]<\/p>\n","protected":false},"author":2,"featured_media":0,"parent":0,"menu_order":0,"comment_status":"closed","ping_status":"closed","template":"","meta":{"_acf_changed":false,"_et_pb_use_builder":"on","_et_pb_old_content":"","_et_gb_content_width":"","footnotes":""},"class_list":["post-50278","page","type-page","status-publish","hentry"],"acf":[],"_links":{"self":[{"href":"https:\/\/awardforce.com\/de\/wp-json\/wp\/v2\/pages\/50278","targetHints":{"allow":["GET"]}}],"collection":[{"href":"https:\/\/awardforce.com\/de\/wp-json\/wp\/v2\/pages"}],"about":[{"href":"https:\/\/awardforce.com\/de\/wp-json\/wp\/v2\/types\/page"}],"author":[{"embeddable":true,"href":"https:\/\/awardforce.com\/de\/wp-json\/wp\/v2\/users\/2"}],"replies":[{"embeddable":true,"href":"https:\/\/awardforce.com\/de\/wp-json\/wp\/v2\/comments?post=50278"}],"version-history":[{"count":5,"href":"https:\/\/awardforce.com\/de\/wp-json\/wp\/v2\/pages\/50278\/revisions"}],"predecessor-version":[{"id":53455,"href":"https:\/\/awardforce.com\/de\/wp-json\/wp\/v2\/pages\/50278\/revisions\/53455"}],"wp:attachment":[{"href":"https:\/\/awardforce.com\/de\/wp-json\/wp\/v2\/media?parent=50278"}],"curies":[{"name":"wp","href":"https:\/\/api.w.org\/{rel}","templated":true}]}}