{"id":50274,"date":"2025-08-08T12:39:51","date_gmt":"2025-08-08T12:39:51","guid":{"rendered":"https:\/\/awardforce.com\/?page_id=50274"},"modified":"2025-09-24T07:41:26","modified_gmt":"2025-09-24T07:41:26","slug":"werten-sie-ihre-auszeichnungen-auf","status":"publish","type":"page","link":"https:\/\/awardforce.com\/de\/werten-sie-ihre-auszeichnungen-auf\/","title":{"rendered":"Werten Sie Ihre Auszeichnungen auf"},"content":{"rendered":"<p>[et_pb_section fb_built=&#8220;1&#8243; _builder_version=&#8220;4.0.6&#8243; background_image=&#8220;https:\/\/awardforce.com\/wp-content\/uploads\/2019\/12\/4_GrowCommunity_ElevateBrand_Banner-e1576965495601.jpg&#8220; background_position=&#8220;bottom_center&#8220; height=&#8220;600px&#8220; custom_margin=&#8220;||||false|false&#8220; custom_padding=&#8220;200px||||false|false&#8220; hover_enabled=&#8220;0&#8243;][et_pb_row _builder_version=&#8220;4.0.6&#8243; min_height=&#8220;500px&#8220; custom_padding=&#8220;||||false|false&#8220;][et_pb_column type=&#8220;4_4&#8243; _builder_version=&#8220;4.0.6&#8243;][et_pb_text _builder_version=&#8220;4.0.6&#8243; header_font=&#8220;||||||||&#8220; header_text_color=&#8220;#ffffff&#8220; background_color=&#8220;rgba(0,0,0,0)&#8220; width=&#8220;100%&#8220; module_alignment=&#8220;center&#8220; custom_css_main_element=&#8220;H1   -webkit-text-fill-color: white; \/* Will override color (regardless of order) *\/||    text-shadow: 0px 0px 2px #000, 0px 0px 4px #000;||-webkit-text-stroke-width: 0.1px;||  -webkit-text-stroke-color: #000;&#8220;]<\/p>\n<h1 style=\"text-align: center;\"><span style=\"background-color: #000;\"> Werten Sie Ihre Auszeichnungen auf. Es ist einfach.  <\/span><\/h1>\n<p>[\/et_pb_text][\/et_pb_column][\/et_pb_row][\/et_pb_section][et_pb_section fb_built=&#8220;1&#8243; admin_label=&#8220;section&#8220; _builder_version=&#8220;3.22&#8243;][et_pb_row admin_label=&#8220;Zeile&#8220; _builder_version=&#8220;3.25&#8243; background_size=&#8220;initial&#8220; background_position=&#8220;top_left&#8220; background_repeat=&#8220;repeat&#8220;][et_pb_column type=&#8220;4_4&#8243; _builder_version=&#8220;3.25&#8243; custom_padding=&#8220;|||&#8220; custom_padding__hover=&#8220;|||&#8220;][et_pb_text admin_label=&#8220;Text&#8220; _builder_version=&#8220;4.0.6&#8243; background_size=&#8220;initial&#8220; background_position=&#8220;top_left&#8220; background_repeat=&#8220;repeat&#8220; hover_enabled=&#8220;0&#8243;]<\/p>\n<h2>Viele Verantwortliche f\u00fcr Auszeichnungen, mit denen wir sprechen, halten es f\u00fcr einen gro\u00dfen Aufwand, ein neues Online-Auszeichnungsverwaltungssystem einzuf\u00fchren.<br \/> Nun, wir haben gute Nachrichten \u2013 mit Award Force ist es schnell und unkompliziert.<\/h2>\n<p> Es ist wirklich einfach, denn als wundersch\u00f6n gestaltetes Cloud-basiertes System ben\u00f6tigt Award Force lediglich eine unkomplizierte Konfiguration, um Ihrem speziellen Auszeichnungsprozess gerecht zu werden. Einfache, aber leistungsstarke Optionen erleichtern komplexe Auszeichnungsanforderungen. Hier gibt es keine Auszeichnungen von der Stange.  <\/p>\n<p>Und es kann sofort losgehen \u2013 es gibt keine langen Implementierungszeiten oder Projektmanagement f\u00fcr kundenspezifische L\u00f6sungen. Unser professionelles Team begleitet Sie dabei. Wir empfehlen, eine Dauer von 4 Wochen f\u00fcr den Start einzuplanen, aber wir k\u00f6nnen dabei helfen, eine Auszeichnung mit Award Force innerhalb eines Tages zum Laufen zu bringen, f\u00fcr diejenigen, die es eilig haben \u2013 so schnell geht das.  <\/p>\n<p>Werten Sie auf Award Force auf, um: Ihre Auszeichnungen auszubauen; Juroren zufriedenzustellen; Zeit und Geld bei der Verwaltung zu sparen; Stress abzubauen; Sichtbarkeit und Kontrolle zu gewinnen; Ihre Auszeichnungen durch gutes Design hervorzuheben; und Ihre Auszeichnungen so gut wie m\u00f6glich zu machen.<\/p>\n<p>Egal, ob Sie Ihre Auszeichnungen derzeit mit gedruckten Formularen und Tabellenkalkulationen oder einem veralteten Online-System verwalten \u2013 Sie k\u00f6nnen alle Vorteile eines Upgrades auf Award Force genie\u00dfen, mit weit weniger Aufwand und St\u00f6rungen, als Sie vielleicht denken.<\/p>\n<p>[\/et_pb_text][\/et_pb_column][\/et_pb_row][et_pb_row column_structure=&#8220;1_2,1_2&#8243; use_custom_gutter=&#8220;on&#8220; _builder_version=&#8220;4.0.6&#8243;][et_pb_column type=&#8220;1_2&#8243; _builder_version=&#8220;4.0.6&#8243;][et_pb_code _builder_version=&#8220;4.0.6&#8243; custom_margin=&#8220;20px|||||&#8220;]<!-- The script tag should live in the head of your page if at all possible --><!-- [et_pb_line_break_holder] --><script type=\"text\/javascript\" async=\"\" src=\"https:\/\/play.vidyard.com\/embed\/v4.js\"><\/script><!-- [et_pb_line_break_holder] --><!-- [et_pb_line_break_holder] --><!-- Put this wherever you would like your player to appear --><!-- [et_pb_line_break_holder] --><img pcetlsbbzxrfcgjfbgluzv9icmvha19ob2xkzxjdic0tpg=\"=\" wpml:html_comment=\"\">  style=\u201e\u201ewidth: 100%; margin: auto; display: block;\u201c\u201c class=\u201e\u201evidyard-player-embed\u201c\u201c src=\u201e\u201ehttps:\/\/play.vidyard.com\/ZEDyJnemCrje4AAhbNu5o9.jpg\u201c\u201c data-uuid=\u201e\u201eZEDyJnemCrje4AAhbNu5o9\u201c\u201c data-v=\u201e\u201e4\u201c\u201c data-type=\u201e\u201einline\u201c\u201c\/&gt;[\/et_pb_code][\/et_pb_column][et_pb_column type=&#8220;1_2&#8243; _builder_version=&#8220;4.0.6&#8243;][et_pb_text _builder_version=&#8220;4.0.6&#8243;]<\/p>\n<h2>Exzellenz auszeichnen.<br \/>  Wundersch\u00f6n.<\/h2>\n<p>[\/et_pb_text][et_pb_button button_url=&#8220;https:\/\/awardforce.com\/demo&#8220; button_text=&#8220;Demo-Videos ansehen&#8220; _builder_version=&#8220;4.0.6&#8243;][\/et_pb_button][et_pb_text _builder_version=&#8220;4.0.6&#8243;]<\/p>\n<h4><a href=\"https:\/\/awardforce.com\/de\/?page_id=47406\">Preise ansehen<\/a> | <a href=\"https:\/\/awardforce.com\/de\/?page_id=50147\">FAQs<\/a> | <a href=\"https:\/\/awardforce.com\/de\/?page_id=47364\">Gespr\u00e4ch vereinbaren<\/a><\/h4>\n<p>[\/et_pb_text][\/et_pb_column][\/et_pb_row][\/et_pb_section]<\/p>\n","protected":false},"excerpt":{"rendered":"<p>Werten Sie Ihre Auszeichnungen auf. Es ist einfach. Viele Verantwortliche f\u00fcr Auszeichnungen, mit denen wir sprechen, halten es f\u00fcr einen gro\u00dfen Aufwand, ein neues Online-Auszeichnungsverwaltungssystem einzuf\u00fchren. Nun, wir haben gute Nachrichten \u2013 mit Award Force ist es schnell und unkompliziert. Es ist wirklich einfach, denn als wundersch\u00f6n gestaltetes Cloud-basiertes System ben\u00f6tigt Award Force lediglich eine unkomplizierte Konfiguration, um Ihrem speziellen Auszeichnungsprozess gerecht zu werden. Einfache, aber leistungsstarke Optionen erleichtern komplexe Auszeichnungsanforderungen. Hier gibt es keine Auszeichnungen von der Stange. Und es kann sofort losgehen \u2013 es gibt keine langen Implementierungszeiten oder Projektmanagement f\u00fcr kundenspezifische L\u00f6sungen. Unser professionelles Team begleitet Sie dabei. Wir empfehlen, eine Dauer von 4 Wochen f\u00fcr den Start einzuplanen, aber wir k\u00f6nnen dabei helfen, eine Auszeichnung mit Award Force innerhalb eines Tages zum Laufen zu bringen, f\u00fcr diejenigen, die es eilig haben \u2013 so schnell geht das. Werten Sie auf Award Force auf, um: Ihre Auszeichnungen auszubauen; Juroren zufriedenzustellen; Zeit und Geld bei der Verwaltung zu sparen; Stress abzubauen; Sichtbarkeit und Kontrolle zu gewinnen; Ihre Auszeichnungen durch gutes Design hervorzuheben; und Ihre Auszeichnungen so gut wie m\u00f6glich zu machen. Egal, ob Sie Ihre Auszeichnungen derzeit mit gedruckten Formularen und Tabellenkalkulationen oder einem veralteten Online-System verwalten \u2013 Sie [&hellip;]<\/p>\n","protected":false},"author":2,"featured_media":0,"parent":0,"menu_order":0,"comment_status":"closed","ping_status":"closed","template":"","meta":{"_acf_changed":false,"_et_pb_use_builder":"on","_et_pb_old_content":"","_et_gb_content_width":"","footnotes":""},"class_list":["post-50274","page","type-page","status-publish","hentry"],"acf":[],"_links":{"self":[{"href":"https:\/\/awardforce.com\/de\/wp-json\/wp\/v2\/pages\/50274","targetHints":{"allow":["GET"]}}],"collection":[{"href":"https:\/\/awardforce.com\/de\/wp-json\/wp\/v2\/pages"}],"about":[{"href":"https:\/\/awardforce.com\/de\/wp-json\/wp\/v2\/types\/page"}],"author":[{"embeddable":true,"href":"https:\/\/awardforce.com\/de\/wp-json\/wp\/v2\/users\/2"}],"replies":[{"embeddable":true,"href":"https:\/\/awardforce.com\/de\/wp-json\/wp\/v2\/comments?post=50274"}],"version-history":[{"count":2,"href":"https:\/\/awardforce.com\/de\/wp-json\/wp\/v2\/pages\/50274\/revisions"}],"predecessor-version":[{"id":50323,"href":"https:\/\/awardforce.com\/de\/wp-json\/wp\/v2\/pages\/50274\/revisions\/50323"}],"wp:attachment":[{"href":"https:\/\/awardforce.com\/de\/wp-json\/wp\/v2\/media?parent=50274"}],"curies":[{"name":"wp","href":"https:\/\/api.w.org\/{rel}","templated":true}]}}