{"id":50258,"date":"2025-08-08T12:39:50","date_gmt":"2025-08-08T12:39:50","guid":{"rendered":"https:\/\/awardforce.com\/?page_id=50258"},"modified":"2025-09-24T07:41:22","modified_gmt":"2025-09-24T07:41:22","slug":"die-preisgekronte-award-software","status":"publish","type":"page","link":"https:\/\/awardforce.com\/de\/die-preisgekronte-award-software\/","title":{"rendered":"Die preisgekr\u00f6nte Award-Software"},"content":{"rendered":"<p>[et_pb_section fb_built=&#8220;1&#8243; _builder_version=&#8220;4.16&#8243; background_image=&#8220;https:\/\/awardforce.com\/wp-content\/uploads\/2019\/12\/AF_HI_Ballerina_2.jpg&#8220; background_position=&#8220;bottom_center&#8220; height=&#8220;600px&#8220; custom_margin=&#8220;||||false|false&#8220; custom_padding=&#8220;200px||||false|false&#8220; global_colors_info=&#8220;{}&#8220;][et_pb_row _builder_version=&#8220;4.16&#8243; min_height=&#8220;500px&#8220; custom_padding=&#8220;||||false|false&#8220; global_colors_info=&#8220;{}&#8220;][et_pb_column type=&#8220;4_4&#8243; _builder_version=&#8220;4.16&#8243; global_colors_info=&#8220;{}&#8220;][et_pb_text _builder_version=&#8220;4.16&#8243; header_font=&#8220;||||||||&#8220; header_text_color=&#8220;#ffffff&#8220; background_color=&#8220;rgba(0,0,0,0)&#8220; width=&#8220;100%&#8220; module_alignment=&#8220;center&#8220; hover_enabled=&#8220;0&#8243; custom_css_main_element=&#8220;H1   -webkit-text-fill-color: white; \/* Will override color (regardless of order) *\/||    text-shadow: 0px 0px 2px #000, 0px 0px 4px #000;||-webkit-text-stroke-width: 0.1px;||  -webkit-text-stroke-color: #000;&#8220; global_colors_info=&#8220;{}&#8220; sticky_enabled=&#8220;0&#8243;]<\/p>\n<h1 style=\"text-align: center;\"><span style=\"background-color: #000;\">  Die preisgekr\u00f6nte Award-Software  <\/span><\/h1>\n<p>[\/et_pb_text][\/et_pb_column][\/et_pb_row][\/et_pb_section][et_pb_section fb_built=&#8220;1&#8243; admin_label=&#8220;section&#8220; _builder_version=&#8220;4.16&#8243; global_colors_info=&#8220;{}&#8220;][et_pb_row column_structure=&#8220;3_4,1_4&#8243; _builder_version=&#8220;4.16&#8243; custom_padding=&#8220;||0px|||&#8220; global_colors_info=&#8220;{}&#8220;][et_pb_column type=&#8220;3_4&#8243; _builder_version=&#8220;4.16&#8243; global_colors_info=&#8220;{}&#8220;][et_pb_text _builder_version=&#8220;4.20.2&#8243; hover_enabled=&#8220;0&#8243; global_colors_info=&#8220;{}&#8220; sticky_enabled=&#8220;0&#8243;]<\/p>\n<h2 id=\"main\">Ja, es ist ziemlich meta \u2013 als Hersteller von Award-Management-Software sind wir stolz darauf, selbst bei einigen prestigetr\u00e4chtigen Awards ausgezeichnet worden zu sein.<\/h2>\n<p>[\/et_pb_text][\/et_pb_column][et_pb_column type=&#8220;1_4&#8243; _builder_version=&#8220;4.16&#8243; global_colors_info=&#8220;{}&#8220;][\/et_pb_column][\/et_pb_row][et_pb_row column_structure=&#8220;3_4,1_4&#8243; admin_label=&#8220;Zeile&#8220; _builder_version=&#8220;4.16&#8243; background_size=&#8220;initial&#8220; background_position=&#8220;top_left&#8220; background_repeat=&#8220;repeat&#8220; custom_padding=&#8220;14px|||||&#8220; global_colors_info=&#8220;{}&#8220;][et_pb_column type=&#8220;3_4&#8243; _builder_version=&#8220;4.16&#8243; custom_padding=&#8220;|||&#8220; global_colors_info=&#8220;{}&#8220; custom_padding__hover=&#8220;|||&#8220;][et_pb_text admin_label=&#8220;Text&#8220; _builder_version=&#8220;4.16&#8243; background_size=&#8220;initial&#8220; background_position=&#8220;top_left&#8220; background_repeat=&#8220;repeat&#8220; global_colors_info=&#8220;{}&#8220;]<\/p>\n<h3 style=\"white-space: pre-wrap;\"><span style=\"font-size: 26px;\">Gewinner des Good Design Award<\/span><\/h3>\n<p style=\"white-space: pre-wrap;\">Die begehrten Good Design Awards sind Australiens \u00e4ltester und renommiertester Preis f\u00fcr Design und Innovation, dessen Urspr\u00fcnge bis ins Jahr 1958 zur\u00fcckreichen. Die Awards pr\u00e4sentieren herausragende Beispiele guten Designs aus einer Vielzahl von Branchen und Designdisziplinen. <\/p>\n<p style=\"white-space: pre-wrap;\">Award Force wurde bei den Awards 2015 als Good Design\u00ae Winner ausgezeichnet. Die Jury kommentierte: <em>\u201eAward Force ist ein perfektes Beispiel daf\u00fcr, was gute Designpraxis einem Produkt in diesem Bereich bringen kann. Die Designer verstehen ihre Endkunden eindeutig und haben ein hochwertiges End-to-End-Erlebnis geliefert, das Freude bereitet.\u201c<\/em> <\/p>\n<p style=\"white-space: pre-wrap;\">Um sich f\u00fcr den Good Design\u00ae Winner zu qualifizieren, m\u00fcssen die Einreichungen die strengen Kriterien f\u00fcr gutes Design erf\u00fcllen, die Faktoren wie Sicherheit, Qualit\u00e4t, Funktionalit\u00e4t, Nachhaltigkeit und Innovation umfassen. Die Good Design Awards f\u00fchren einen der strengsten Bewertungsprozesse der Welt durch, und die Qualifikation f\u00fcr diese Runde ist eine bedeutende Leistung. <strong>Dr. Brandon Gien, CEO von Good Design Australia<\/strong>, der das j\u00e4hrliche Award-Programm leitet, sagte: <em>\u201eWir sind stolz darauf, sehr hohe Standards in unserem Bewertungsprozess einzuhalten, und infolgedessen schaffen es nur die besten Einreichungen in diese Phase.\u201c<\/em> <\/p>\n<p>[\/et_pb_text][\/et_pb_column][et_pb_column type=&#8220;1_4&#8243; _builder_version=&#8220;4.16&#8243; custom_padding=&#8220;|||&#8220; global_colors_info=&#8220;{}&#8220; custom_padding__hover=&#8220;|||&#8220;][et_pb_image src=&#8220;https:\/\/awardforce.com\/wp-content\/uploads\/2019\/11\/AwardForcegooddesignselection.png&#8220; _builder_version=&#8220;4.16&#8243; custom_margin=&#8220;30px||||false|false&#8220; global_colors_info=&#8220;{}&#8220;][\/et_pb_image][\/et_pb_column][\/et_pb_row][et_pb_row column_structure=&#8220;1_4,3_4&#8243; _builder_version=&#8220;4.16&#8243; global_colors_info=&#8220;{}&#8220;][et_pb_column type=&#8220;1_4&#8243; _builder_version=&#8220;4.16&#8243; global_colors_info=&#8220;{}&#8220;][et_pb_image src=&#8220;https:\/\/awardforce.com\/wp-content\/uploads\/2019\/11\/award-force-asia-app-silver.png&#8220; _builder_version=&#8220;4.16&#8243; custom_padding=&#8220;|0px||||&#8220; global_colors_info=&#8220;{}&#8220;][\/et_pb_image][\/et_pb_column][et_pb_column type=&#8220;3_4&#8243; _builder_version=&#8220;4.16&#8243; global_colors_info=&#8220;{}&#8220;][et_pb_text _builder_version=&#8220;4.16&#8243; width=&#8220;100%&#8220; global_colors_info=&#8220;{}&#8220;]<\/p>\n<h2>Asia App Design Awards<\/h2>\n<p>Der schnelllebige Mobilfunksektor schuf den App-Markt. Ebenso schnell hat sich der App-Markt \u00fcber mobile Ger\u00e4te hinaus entwickelt und umfasst nun Mobilger\u00e4te, Web, Konsolen, Autos, nun ja, die Liste geht weiter\u2026. <\/p>\n<p><em>\u201eDie Mobile &amp; App Design Awards feiern und w\u00fcrdigen den Mut von App-Auftraggebern und App-Entwicklern.\u201c  <\/em><strong>Mark Bergin, Gr\u00fcnder &amp; CEO design100<\/strong><\/p>\n<p>Die Mobile &amp; App Design Awards sind Teil einer globalen Grand Slam Series, bei der Apps aus Gro\u00dfbritannien, den USA, Asien und Australien gegeneinander antreten.<\/p>\n<p>Award Force wurde bei den App Design Awards Asia 2015 in der Kategorie Business Operations mit Silber ausgezeichnet.  <\/p>\n<p>[\/et_pb_text][\/et_pb_column][\/et_pb_row][et_pb_row column_structure=&#8220;3_4,1_4&#8243; _builder_version=&#8220;4.16&#8243; global_colors_info=&#8220;{}&#8220;][et_pb_column type=&#8220;3_4&#8243; _builder_version=&#8220;4.16&#8243; global_colors_info=&#8220;{}&#8220;][et_pb_text _builder_version=&#8220;4.16&#8243; global_colors_info=&#8220;{}&#8220;]<\/p>\n<h2>US App Design Awards<\/h2>\n<p>Die App Design Awards wurden von design100 ins Leben gerufen, um lokale Designinnovationen anzuerkennen und die Designnachfrage zu steigern, damit die Gesellschaft die effektivste, bew\u00e4hrteste und verst\u00e4ndlichste Methode zur Beschleunigung der Transformation nutzen kann \u2013 Design.  <\/p>\n<p>Award Force wurde bei den US App Design Awards 2014 in der Kategorie Line of Business mit Silber ausgezeichnet.<\/p>\n<p>&nbsp;<\/p>\n<p>[\/et_pb_text][\/et_pb_column][et_pb_column type=&#8220;1_4&#8243; _builder_version=&#8220;4.16&#8243; global_colors_info=&#8220;{}&#8220;][et_pb_image src=&#8220;https:\/\/awardforce.com\/wp-content\/uploads\/2019\/11\/AwardForceUSMobileandAppAwardsWinner2014.png&#8220; _builder_version=&#8220;4.16&#8243; global_colors_info=&#8220;{}&#8220;][\/et_pb_image][\/et_pb_column][\/et_pb_row][\/et_pb_section]<\/p>\n","protected":false},"excerpt":{"rendered":"<p>Die preisgekr\u00f6nte Award-Software Ja, es ist ziemlich meta \u2013 als Hersteller von Award-Management-Software sind wir stolz darauf, selbst bei einigen prestigetr\u00e4chtigen Awards ausgezeichnet worden zu sein.Gewinner des Good Design Award Die begehrten Good Design Awards sind Australiens \u00e4ltester und renommiertester Preis f\u00fcr Design und Innovation, dessen Urspr\u00fcnge bis ins Jahr 1958 zur\u00fcckreichen. Die Awards pr\u00e4sentieren herausragende Beispiele guten Designs aus einer Vielzahl von Branchen und Designdisziplinen. Award Force wurde bei den Awards 2015 als Good Design\u00ae Winner ausgezeichnet. Die Jury kommentierte: \u201eAward Force ist ein perfektes Beispiel daf\u00fcr, was gute Designpraxis einem Produkt in diesem Bereich bringen kann. Die Designer verstehen ihre Endkunden eindeutig und haben ein hochwertiges End-to-End-Erlebnis geliefert, das Freude bereitet.\u201c Um sich f\u00fcr den Good Design\u00ae Winner zu qualifizieren, m\u00fcssen die Einreichungen die strengen Kriterien f\u00fcr gutes Design erf\u00fcllen, die Faktoren wie Sicherheit, Qualit\u00e4t, Funktionalit\u00e4t, Nachhaltigkeit und Innovation umfassen. Die Good Design Awards f\u00fchren einen der strengsten Bewertungsprozesse der Welt durch, und die Qualifikation f\u00fcr diese Runde ist eine bedeutende Leistung. Dr. Brandon Gien, CEO von Good Design Australia, der das j\u00e4hrliche Award-Programm leitet, sagte: \u201eWir sind stolz darauf, sehr hohe Standards in unserem Bewertungsprozess einzuhalten, und infolgedessen schaffen es nur die besten Einreichungen in diese Phase.\u201c [&hellip;]<\/p>\n","protected":false},"author":2,"featured_media":0,"parent":0,"menu_order":0,"comment_status":"closed","ping_status":"closed","template":"","meta":{"_acf_changed":false,"_et_pb_use_builder":"on","_et_pb_old_content":"","_et_gb_content_width":"","footnotes":""},"class_list":["post-50258","page","type-page","status-publish","hentry"],"acf":[],"_links":{"self":[{"href":"https:\/\/awardforce.com\/de\/wp-json\/wp\/v2\/pages\/50258","targetHints":{"allow":["GET"]}}],"collection":[{"href":"https:\/\/awardforce.com\/de\/wp-json\/wp\/v2\/pages"}],"about":[{"href":"https:\/\/awardforce.com\/de\/wp-json\/wp\/v2\/types\/page"}],"author":[{"embeddable":true,"href":"https:\/\/awardforce.com\/de\/wp-json\/wp\/v2\/users\/2"}],"replies":[{"embeddable":true,"href":"https:\/\/awardforce.com\/de\/wp-json\/wp\/v2\/comments?post=50258"}],"version-history":[{"count":7,"href":"https:\/\/awardforce.com\/de\/wp-json\/wp\/v2\/pages\/50258\/revisions"}],"predecessor-version":[{"id":50297,"href":"https:\/\/awardforce.com\/de\/wp-json\/wp\/v2\/pages\/50258\/revisions\/50297"}],"wp:attachment":[{"href":"https:\/\/awardforce.com\/de\/wp-json\/wp\/v2\/media?parent=50258"}],"curies":[{"name":"wp","href":"https:\/\/api.w.org\/{rel}","templated":true}]}}