{"id":50250,"date":"2025-08-08T12:39:50","date_gmt":"2025-08-08T12:39:50","guid":{"rendered":"https:\/\/awardforce.com\/?page_id=50250"},"modified":"2025-09-24T07:41:20","modified_gmt":"2025-09-24T07:41:20","slug":"einfaches-preismanagement","status":"publish","type":"page","link":"https:\/\/awardforce.com\/de\/einfaches-preismanagement\/","title":{"rendered":"Einfaches Preismanagement"},"content":{"rendered":"\n[et_pb_section fb_built=&#8220;1&#8243; _builder_version=&#8220;4.0.6&#8243; background_image=&#8220;https:\/\/awardforce.com\/wp-content\/uploads\/2019\/12\/AF_HI_Relax.jpg&#8220; background_position=&#8220;bottom_center&#8220; height=&#8220;600px&#8220; custom_margin=&#8220;||||false|false&#8220; custom_padding=&#8220;200px||||false|false&#8220; hover_enabled=&#8220;0&#8243;][et_pb_row _builder_version=&#8220;4.0.6&#8243; min_height=&#8220;500px&#8220; custom_padding=&#8220;||||false|false&#8220;][et_pb_column type=&#8220;4_4&#8243; _builder_version=&#8220;4.0.6&#8243;][et_pb_text _builder_version=&#8220;4.0.6&#8243; header_font=&#8220;||||||||&#8220; header_text_color=&#8220;#ffffff&#8220; background_color=&#8220;rgba(0,0,0,0)&#8220; width=&#8220;100%&#8220; module_alignment=&#8220;center&#8220; custom_css_main_element=&#8220;H1   -webkit-text-fill-color: white; \/* Will override color (regardless of order) *\/||    text-shadow: 0px 0px 2px #000, 0px 0px 4px #000;||-webkit-text-stroke-width: 0.1px;||  -webkit-text-stroke-color: #000;&#8220;]<h1 style=\"text-align: center;\"><span style=\"background-color: #000;\"> Entdecken Sie einfaches <\/span><\/h1>[\/et_pb_text][\/et_pb_column][\/et_pb_row][\/et_pb_section][et_pb_section fb_built=&#8220;1&#8243; admin_label=&#8220;section&#8220; _builder_version=&#8220;3.22&#8243;][et_pb_row admin_label=&#8220;Zeile&#8220; _builder_version=&#8220;3.25&#8243; background_size=&#8220;initial&#8220; background_position=&#8220;top_left&#8220; background_repeat=&#8220;repeat&#8220;][et_pb_column type=&#8220;4_4&#8243; _builder_version=&#8220;3.25&#8243; custom_padding=&#8220;|||&#8220; custom_padding__hover=&#8220;|||&#8220;][et_pb_text admin_label=&#8220;Text&#8220; _builder_version=&#8220;4.0.6&#8243; background_size=&#8220;initial&#8220; background_position=&#8220;top_left&#8220; background_repeat=&#8220;repeat&#8220; hover_enabled=&#8220;0&#8243;]<h2>10 Gr\u00fcnde, warum Award Force f\u00fcr alle einfacher ist<\/h2>\n<h3>1. Spart Organisatoren viel Zeit<\/h3>\n<p>Zeit ist Geld. Der gr\u00f6\u00dfte Vorteil eines gro\u00dfartigen Preismanagementsystems wie Award Force ist, dass es Ihnen Zeit spart. Die manuelle Durchf\u00fchrung von Preisverleihungen erfordert einen enormen Verwaltungsaufwand \u2013 Stunden \u00fcber Stunden an Aufwand, die Geld kosten. Die Durchf\u00fchrung von Preisverleihungen mit einem unzureichenden Online-System kostet ebenfalls Stunden an Aufwand, und das auch noch mit Frust! Award Force ist einfach und erspart Ihnen Arbeit, was Ihnen Geld spart.    <\/p>\n<h3>2. Ihre Teilnehmer und Juroren wissen bereits, wie man es benutzt<\/h3>\n<p>Die Benutzeroberfl\u00e4che und das Nutzererlebnis von Award Force sind so konzipiert, dass sie so einfach zu bedienen sind, dass keine Anweisungen oder ein Handbuch f\u00fcr Juroren und Teilnehmer erforderlich sind \u2013 Sie m\u00fcssen ihnen nur die Webadresse geben! Weniger Supportanrufe von Ihren Teilnehmern und Juroren sparen Ihnen Zeit und Geld. <\/p>\n<h3>3. Der Wechsel ist schmerzlos<\/h3>\n<p>Wir haben von Preisorganisatoren geh\u00f6rt, die einen Wechsel f\u00fcrchten \u2013 vielleicht hatten sie eine schlechte Erfahrung, und Ver\u00e4nderungen k\u00f6nnen schwierig sein. Aber seien Sie versichert, wir verstehen im Detail, was es braucht, um die Einreichung und Bewertung f\u00fcr Preisverleihungen einzurichten, und haben den Prozess so verfeinert, dass er schmerzlos und \u00fcberraschend schnell ist. <\/p>\n<h3>4. Der Einstieg ist kinderleicht<\/h3>\n<p>Wir haben unseren Einstiegsprozess so konzipiert, dass er reibungslos und einfach ist. Er dreht sich um einen einzigartigen Plan, der Ihnen helfen wird, Ihre Preisverleihungen zu verbessern! Von Anfang bis Ende steht Ihnen ein erfahrener Preisproduzent zur Seite, der Sie begleitet.  <\/p>\n<h3>5. Integrierte Sponsoring-M\u00f6glichkeiten<\/h3>\n<p>Es ist einfacher, ein \u201e\u201eJa\u201c\u201c von potenziellen Sponsoren zu bekommen, mit den einzigartigen, gut sichtbaren Sponsoring-M\u00f6glichkeiten, die Award Force bietet. Ihre Sponsoren werden es lieben. <\/p>\n<h3>6. Mit weniger mehr erreichen<\/h3>\n<p>Mit optimierter Einreichung, Zahlung und Bewertung, die Ihnen Verwaltungsaufwand ersparen, befreit Sie Award Force, Ihre Preisverleihungen gr\u00f6\u00dfer, besser und so gut wie m\u00f6glich zu gestalten.<\/p>\n<h3>7. Es ist superschnell<\/h3>\n<p>Award Force ist eine hochmoderne Anwendung, die die neuesten Technologien nutzt, um eine attraktive, reibungslose und schnell zu bedienende Oberfl\u00e4che zu bieten. Bei der Verwaltung von Teilnehmern, Einreichungen, Zahlungen, Juroren usw. werden Sie die reaktionsschnelle Oberfl\u00e4che zu sch\u00e4tzen wissen. <\/p>\n<h3>8. Juroren lieben es<\/h3>\n<p>Ihre Juroren sind wichtige und vielbesch\u00e4ftigte Personen. Die Bewertungs-Oberfl\u00e4che von Award Force ist so konzipiert, dass sie ihre Zeit bei der Bewertung Ihrer Auszeichnungen respektiert \u2013 sie ist klar, einfach, schnell und zuverl\u00e4ssig. Das l\u00e4sst Sie gut aussehen und Ihre Juroren werden es Ihnen danken.  <\/p>\n<h3>9. Einreichungsgeb\u00fchren gehen direkt an Sie<\/h3>\n<p>Einreichungszahlungen mit Award Force gehen \u00fcber Ihr Zahlungs-Gateway direkt auf Ihr Konto, wir sammeln keine Zahlungen. Das bedeutet, Sie erhalten das Geld schneller, das gesamte Geld, und die Abstimmung ist einfacher. Award Force bietet Tools zur Zahlungsabstimmung und Berichterstattung, die alles sch\u00f6n nachvollziehbar machen.  <\/p>\n<h3>10. Es ist wundersch\u00f6n<\/h3>\n<p>Award Force ist sorgf\u00e4ltig konzipiert mit einer scharfen, modernen Oberfl\u00e4che, die an Ihre Marke angepasst ist. Es ist eine Augenweide, wenn wir das selbst sagen d\u00fcrfen \u2013 es wurde sogar mit <a href=\"\/easy\/awards\">einigen Auszeichnungen<\/a> gew\u00fcrdigt. Ihre Teilnehmer, Juroren, Sponsoren und Organisatoren werden das Erlebnis zu sch\u00e4tzen wissen.  <\/p>\n<p>Das war&#8217;s \u2013 10 Gr\u00fcnde, warum Award Force f\u00fcr alle einfacher ist. Wenn das gut klingt, k\u00f6nnten Sie an den Software-<a href=\"https:\/\/awardforce.com\/de\/?page_id=47367\">Funktionen<\/a> interessiert sein. <\/p>\n<p>&nbsp;<\/p>\n[\/et_pb_text][\/et_pb_column][\/et_pb_row][\/et_pb_section]\n","protected":false},"excerpt":{"rendered":"<p>Entdecken Sie einfaches 10 Gr\u00fcnde, warum Award Force f\u00fcr alle einfacher ist 1. Spart Organisatoren viel Zeit Zeit ist Geld. Der gr\u00f6\u00dfte Vorteil eines gro\u00dfartigen Preismanagementsystems wie Award Force ist, dass es Ihnen Zeit spart. Die manuelle Durchf\u00fchrung von Preisverleihungen erfordert einen enormen Verwaltungsaufwand \u2013 Stunden \u00fcber Stunden an Aufwand, die Geld kosten. Die Durchf\u00fchrung von Preisverleihungen mit einem unzureichenden Online-System kostet ebenfalls Stunden an Aufwand, und das auch noch mit Frust! Award Force ist einfach und erspart Ihnen Arbeit, was Ihnen Geld spart. 2. Ihre Teilnehmer und Juroren wissen bereits, wie man es benutzt Die Benutzeroberfl\u00e4che und das Nutzererlebnis von Award Force sind so konzipiert, dass sie so einfach zu bedienen sind, dass keine Anweisungen oder ein Handbuch f\u00fcr Juroren und Teilnehmer erforderlich sind \u2013 Sie m\u00fcssen ihnen nur die Webadresse geben! Weniger Supportanrufe von Ihren Teilnehmern und Juroren sparen Ihnen Zeit und Geld. 3. Der Wechsel ist schmerzlos Wir haben von Preisorganisatoren geh\u00f6rt, die einen Wechsel f\u00fcrchten \u2013 vielleicht hatten sie eine schlechte Erfahrung, und Ver\u00e4nderungen k\u00f6nnen schwierig sein. Aber seien Sie versichert, wir verstehen im Detail, was es braucht, um die Einreichung und Bewertung f\u00fcr Preisverleihungen einzurichten, und haben den Prozess so verfeinert, dass er schmerzlos und [&hellip;]<\/p>\n","protected":false},"author":2,"featured_media":0,"parent":0,"menu_order":0,"comment_status":"closed","ping_status":"closed","template":"","meta":{"_acf_changed":false,"_et_pb_use_builder":"on","_et_pb_old_content":"","_et_gb_content_width":"","footnotes":""},"class_list":["post-50250","page","type-page","status-publish","hentry"],"acf":[],"_links":{"self":[{"href":"https:\/\/awardforce.com\/de\/wp-json\/wp\/v2\/pages\/50250","targetHints":{"allow":["GET"]}}],"collection":[{"href":"https:\/\/awardforce.com\/de\/wp-json\/wp\/v2\/pages"}],"about":[{"href":"https:\/\/awardforce.com\/de\/wp-json\/wp\/v2\/types\/page"}],"author":[{"embeddable":true,"href":"https:\/\/awardforce.com\/de\/wp-json\/wp\/v2\/users\/2"}],"replies":[{"embeddable":true,"href":"https:\/\/awardforce.com\/de\/wp-json\/wp\/v2\/comments?post=50250"}],"version-history":[{"count":3,"href":"https:\/\/awardforce.com\/de\/wp-json\/wp\/v2\/pages\/50250\/revisions"}],"predecessor-version":[{"id":50542,"href":"https:\/\/awardforce.com\/de\/wp-json\/wp\/v2\/pages\/50250\/revisions\/50542"}],"wp:attachment":[{"href":"https:\/\/awardforce.com\/de\/wp-json\/wp\/v2\/media?parent=50250"}],"curies":[{"name":"wp","href":"https:\/\/api.w.org\/{rel}","templated":true}]}}