{"id":50224,"date":"2025-08-08T12:39:50","date_gmt":"2025-08-08T12:39:50","guid":{"rendered":"https:\/\/awardforce.com\/?page_id=50224"},"modified":"2025-09-24T08:49:05","modified_gmt":"2025-09-24T08:49:05","slug":"online-formularersteller","status":"publish","type":"page","link":"https:\/\/awardforce.com\/de\/online-formularersteller\/","title":{"rendered":"Online-Formularersteller"},"content":{"rendered":"<p>[et_pb_section fb_built=&#8220;1&#8243; _builder_version=&#8220;4.16&#8243; background_image=&#8220;https:\/\/awardforce.com\/wp-content\/uploads\/2019\/12\/AF_HI_YourWay.jpg&#8220; background_position=&#8220;bottom_center&#8220; height=&#8220;600px&#8220; custom_margin=&#8220;||||false|false&#8220; custom_padding=&#8220;166px||||false|false&#8220; global_colors_info=&#8220;{}&#8220;][et_pb_row _builder_version=&#8220;4.16&#8243; min_height=&#8220;500px&#8220; custom_padding=&#8220;||||false|false&#8220; global_colors_info=&#8220;{}&#8220;][et_pb_column type=&#8220;4_4&#8243; _builder_version=&#8220;4.16&#8243; global_colors_info=&#8220;{}&#8220;][et_pb_text _builder_version=&#8220;4.27.4&#8243; header_font=&#8220;||||||||&#8220; header_text_color=&#8220;#ffffff&#8220; background_color=&#8220;rgba(0,0,0,0)&#8220; width=&#8220;100%&#8220; module_alignment=&#8220;center&#8220; custom_css_main_element=&#8220;H1   -webkit-text-fill-color: white; \/* Will override color (regardless of order) *\/||    text-shadow: 0px 0px 2px #000, 0px 0px 4px #000;||-webkit-text-stroke-width: 0.1px;||  -webkit-text-stroke-color: #000;&#8220; global_colors_info=&#8220;{}&#8220;]<\/p>\n<h1 style=\"text-align: center;\"><span style=\"background-color: #000;\">Online-Formulare:<br \/>Mehr Arbeit, weniger Effizienz?<\/span><\/h1>\n<p>[\/et_pb_text][\/et_pb_column][\/et_pb_row][\/et_pb_section][et_pb_section fb_built=&#8220;1&#8243; admin_label=&#8220;section&#8220; _builder_version=&#8220;4.16&#8243; global_colors_info=&#8220;{}&#8220;][et_pb_row admin_label=&#8220;Zeile&#8220; _builder_version=&#8220;4.16&#8243; background_size=&#8220;initial&#8220; background_position=&#8220;top_left&#8220; background_repeat=&#8220;repeat&#8220; min_height=&#8220;298px&#8220; custom_margin=&#8220;||||false|false&#8220; custom_padding=&#8220;||0px||false|false&#8220; global_colors_info=&#8220;{}&#8220;][et_pb_column type=&#8220;4_4&#8243; _builder_version=&#8220;4.16&#8243; custom_padding=&#8220;|||&#8220; global_colors_info=&#8220;{}&#8220; custom_padding__hover=&#8220;|||&#8220;][et_pb_text admin_label=&#8220;Text&#8220; _builder_version=&#8220;4.27.4&#8243; background_size=&#8220;initial&#8220; background_position=&#8220;top_left&#8220; background_repeat=&#8220;repeat&#8220; min_height=&#8220;168px&#8220; custom_padding=&#8220;||0px|8px||&#8220; global_colors_info=&#8220;{}&#8220;]<\/p>\n<h2 class=\"h3\">Auch wenn es kosteng\u00fcnstig erscheinen mag, wird die Verwendung eines Online-Formularerstellers f\u00fcr Ihr Anerkennungsprogramm auf lange Sicht Zeit und Geld kosten. Es wird Ihren Teilnehmenden und Jurymitgliedern eine schlechte Erfahrung bieten. Und aus technologischer Sicht wird es deutlich hinter dem zur\u00fcckbleiben, was Sie mit einer dedizierten, zweckm\u00e4\u00dfigen Softwarel\u00f6sung erreichen k\u00f6nnen, die speziell f\u00fcr Anerkennungsprogramme entwickelt wurde. Hier ist der Grund&#8230;<\/h2>\n<h2>Probleme f\u00fcr Programm-Manager<\/h2>\n<div class=\"sqs-block-button-container--center\" data-animation-tier=\"2\" data-alignment=\"center\" data-button-size=\"medium\"><\/div>\n<p>[\/et_pb_text][\/et_pb_column][\/et_pb_row][et_pb_row column_structure=&#8220;2_5,3_5&#8243; use_custom_gutter=&#8220;on&#8220; _builder_version=&#8220;4.16&#8243; custom_padding=&#8220;0px||49px|||&#8220; global_colors_info=&#8220;{}&#8220;][et_pb_column type=&#8220;2_5&#8243; _builder_version=&#8220;4.16&#8243; global_colors_info=&#8220;{}&#8220;][et_pb_image src=&#8220;https:\/\/awardforce.com\/wp-content\/uploads\/2019\/11\/YourAF.png&#8220; align=&#8220;center&#8220; force_fullwidth=&#8220;on&#8220; _builder_version=&#8220;4.16&#8243; global_colors_info=&#8220;{}&#8220;][\/et_pb_image][\/et_pb_column][et_pb_column type=&#8220;3_5&#8243; _builder_version=&#8220;4.16&#8243; global_colors_info=&#8220;{}&#8220;][et_pb_text _builder_version=&#8220;4.27.4&#8243; global_colors_info=&#8220;{}&#8220;]<\/p>\n<h3>Keine Marken- oder Sponsoring-Handhabung<\/h3>\n<p>Online-Formulare bieten nur begrenzte M\u00f6glichkeiten zur Markenpersonalisierung. Einige Formulare erm\u00f6glichen Ihnen die Wahl zwischen einigen prim\u00e4ren\/sekund\u00e4ren Farben und, wenn Sie Gl\u00fcck haben, das Hochladen eines Hintergrundbildes. Mit Award Force haben Sie eine konfigurierbare Oberfl\u00e4che, die Ihre Marke perfekt in Szene setzt und Ihren Sponsoren viel Sichtbarkeit bietet.<\/p>\n<p>[\/et_pb_text][\/et_pb_column][\/et_pb_row][et_pb_row column_structure=&#8220;3_5,2_5&#8243; use_custom_gutter=&#8220;on&#8220; _builder_version=&#8220;4.16&#8243; custom_margin=&#8220;-5px|auto||auto||&#8220; custom_padding=&#8220;0px|||||&#8220; global_colors_info=&#8220;{}&#8220;][et_pb_column type=&#8220;3_5&#8243; _builder_version=&#8220;4.16&#8243; global_colors_info=&#8220;{}&#8220;][et_pb_text _builder_version=&#8220;4.16&#8243; global_colors_info=&#8220;{}&#8220;]<\/p>\n<h3>Schlechte bis nicht vorhandene Kategorien oder Sprachen<\/h3>\n<p>Wenn Sie mehrere Kategorien, Kriterien oder Sprachen ber\u00fccksichtigen m\u00fcssen, wird die Verwendung eines Online-Formulars zur Annahme von Einreichungen zu einem Albtraum. Award Force bietet ausgekl\u00fcgelte Funktionen f\u00fcr Saison, Kategorie und Felder, die Sie nach Bedarf konfigurieren k\u00f6nnen. Wir unterst\u00fctzen auch mehrsprachige Programme mit mehr als 15 Sprachen zur Auswahl.  <\/p>\n<p>[\/et_pb_text][\/et_pb_column][et_pb_column type=&#8220;2_5&#8243; _builder_version=&#8220;4.16&#8243; global_colors_info=&#8220;{}&#8220;][et_pb_image src=&#8220;https:\/\/awardforce.com\/wp-content\/uploads\/2019\/11\/Multiple-languages.png&#8220; _builder_version=&#8220;4.16&#8243; global_colors_info=&#8220;{}&#8220;][\/et_pb_image][\/et_pb_column][\/et_pb_row][et_pb_row column_structure=&#8220;2_5,3_5&#8243; use_custom_gutter=&#8220;on&#8220; _builder_version=&#8220;4.16&#8243; custom_margin=&#8220;|auto||auto|false|false&#8220; custom_padding=&#8220;0px|||||&#8220; global_colors_info=&#8220;{}&#8220;][et_pb_column type=&#8220;2_5&#8243; _builder_version=&#8220;4.16&#8243; global_colors_info=&#8220;{}&#8220;][et_pb_image src=&#8220;https:\/\/awardforce.com\/wp-content\/uploads\/2019\/11\/Multiple-users.png&#8220; _builder_version=&#8220;4.16&#8243; global_colors_info=&#8220;{}&#8220;][\/et_pb_image][\/et_pb_column][et_pb_column type=&#8220;3_5&#8243; _builder_version=&#8220;4.16&#8243; global_colors_info=&#8220;{}&#8220;][et_pb_text _builder_version=&#8220;4.27.4&#8243; global_colors_info=&#8220;{}&#8220;]<\/p>\n<h3>Unzureichende Benutzerregistrierung und Rollen<\/h3>\n<p>Bei Online-Formularen gibt es wenig bis keinen Schutz vor unbekannten, betr\u00fcgerischen Usern oder Spam-Bots. Award Force verwendet ausgekl\u00fcgelte Sicherheitstechniken, um Spam-Bots und b\u00f6swillige Akteure fernzuhalten.<\/p>\n<p>[\/et_pb_text][\/et_pb_column][\/et_pb_row][et_pb_row use_custom_gutter=&#8220;on&#8220; _builder_version=&#8220;4.16&#8243; custom_margin=&#8220;|auto||auto|false|false&#8220; custom_padding=&#8220;||0px|||&#8220; global_colors_info=&#8220;{}&#8220;][et_pb_column type=&#8220;4_4&#8243; _builder_version=&#8220;4.16&#8243; global_colors_info=&#8220;{}&#8220;][et_pb_text _builder_version=&#8220;4.27.4&#8243; global_colors_info=&#8220;{}&#8220;]<\/p>\n<h2>Harte Arbeit f\u00fcr Teilnehmende + Einreichende<\/h2>\n<p>[\/et_pb_text][\/et_pb_column][\/et_pb_row][et_pb_row column_structure=&#8220;1_2,1_2&#8243; use_custom_gutter=&#8220;on&#8220; _builder_version=&#8220;4.16&#8243; custom_padding=&#8220;0px||0px|||&#8220; global_colors_info=&#8220;{}&#8220;][et_pb_column type=&#8220;1_2&#8243; _builder_version=&#8220;4.16&#8243; global_colors_info=&#8220;{}&#8220;][et_pb_text _builder_version=&#8220;4.27.4&#8243; global_colors_info=&#8220;{}&#8220;]<\/p>\n<h3>Keine M\u00f6glichkeit, einen laufenden Beitrag zu speichern<\/h3>\n<p>Bei einem Online-Formular m\u00fcssen die Teilnehmenden ihren Beitrag in einem Zug abschlie\u00dfen, was bei vollen Terminkalendern schwierig sein kann. Mit Award Force k\u00f6nnen Teilnehmende ihren Beitrag beliebig oft bearbeiten. Auch nachdem sie ihren Beitrag eingereicht haben. Die Leute brauchen Zeit, um ihren preisgekr\u00f6nten Beitrag vorzubereiten, zu gestalten und zu verfeinern. Wenn sie ihren Beitrag nicht \u00fcber mehrere Sitzungen hinweg bearbeiten k\u00f6nnen, werden die Teilnehmenden z\u00f6gern und vielleicht ganz vergessen, sich zu bewerben.<\/p>\n<p>[\/et_pb_text][\/et_pb_column][et_pb_column type=&#8220;1_2&#8243; _builder_version=&#8220;4.16&#8243; global_colors_info=&#8220;{}&#8220;][et_pb_image src=&#8220;https:\/\/awardforce.com\/wp-content\/uploads\/2019\/11\/Online-forms-are-difficult-for-entrants.png&#8220; _builder_version=&#8220;4.16&#8243; global_colors_info=&#8220;{}&#8220;][\/et_pb_image][\/et_pb_column][\/et_pb_row][et_pb_row column_structure=&#8220;1_2,1_2&#8243; use_custom_gutter=&#8220;on&#8220; _builder_version=&#8220;4.16&#8243; custom_margin=&#8220;50px|auto|50px|auto||&#8220; custom_padding=&#8220;0px|||||&#8220; global_colors_info=&#8220;{}&#8220;][et_pb_column type=&#8220;1_2&#8243; _builder_version=&#8220;4.16&#8243; global_colors_info=&#8220;{}&#8220;][et_pb_image src=&#8220;https:\/\/awardforce.com\/wp-content\/uploads\/2019\/11\/No-file-uploading-with-online-forms.png&#8220; _builder_version=&#8220;4.16&#8243; global_colors_info=&#8220;{}&#8220;][\/et_pb_image][\/et_pb_column][et_pb_column type=&#8220;1_2&#8243; _builder_version=&#8220;4.16&#8243; global_colors_info=&#8220;{}&#8220;][et_pb_text _builder_version=&#8220;4.16&#8243; global_colors_info=&#8220;{}&#8220;]<\/p>\n<h3>Das Hochladen von Dateien ist problematisch und potenziell gef\u00e4hrlich<\/h3>\n<p>Nur einige Online-Formularersteller erm\u00f6glichen das Hochladen von Dateien mit grundlegenden Funktionen. Sie k\u00f6nnen durch Dateityp, Dateigr\u00f6\u00dfe und Anzahl der hochladbaren Dateien eingeschr\u00e4nkt sein. Online-Formularersteller, die das Hochladen von Dateien erm\u00f6glichen, raten Ihnen, nur Dateiuploads von Personen zuzulassen, denen Sie vertrauen! Denn unbekannte Benutzer k\u00f6nnten b\u00f6sartige Software, Trojaner oder Viren senden \u2013 was Ihr Anerkennungsprogramm durcheinanderbringen k\u00f6nnte. Es versteht sich von selbst, dass Online-Formulare mit Anhangsfunktionen au\u00dfergew\u00f6hnlich gef\u00e4hrlich und f\u00fcr Anerkennungsprogramme NICHT ratsam sind.     <\/p>\n<p>Award Force l\u00f6st all dies mit unbegrenzter und ausgekl\u00fcgelter Upload-Verwaltung, automatischem Virenscan und beeindruckender Anzeige von Dateiuploads f\u00fcr die Online-Bewertung.<\/p>\n<p>[\/et_pb_text][\/et_pb_column][\/et_pb_row][et_pb_row column_structure=&#8220;1_2,1_2&#8243; use_custom_gutter=&#8220;on&#8220; _builder_version=&#8220;4.16&#8243; custom_padding=&#8220;0px|||||&#8220; global_colors_info=&#8220;{}&#8220;][et_pb_column type=&#8220;1_2&#8243; _builder_version=&#8220;4.16&#8243; global_colors_info=&#8220;{}&#8220;][et_pb_text _builder_version=&#8220;4.27.4&#8243; global_colors_info=&#8220;{}&#8220;]<\/p>\n<h3>Teilnehmende k\u00f6nnen einen Beitrag nicht bearbeiten<\/h3>\n<p>Haben Sie jemals eine Pr\u00fcfung geschrieben und w\u00fcnschten, Sie k\u00f6nnten zur\u00fcckgehen und Ihre Antworten bearbeiten? Das k\u00f6nnen Sie nicht, die Regeln erlauben es nicht, und nun, das ist dasselbe bei einem Online-Formularersteller. Ob es ein menschlicher Fehler, ein technisches Problem oder einfach nur die Katze war, die \u00fcber die Tastatur lief und in Ihrem Namen eingereicht hat \u2013 Fehler passieren. Wenn Ihre Teilnehmenden fast am Ende des Formulars sind, wird es schwierig f\u00fcr sie sein, die Widerstandsf\u00e4higkeit zu finden, eine Einreichung von Grund auf neu zu erstellen. Es mag in Ordnung sein, wenn sie gerade erst angefangen haben, aber beachten Sie \u2013 Sie sind derjenige, der all diese doppelten Einreichungen durchsuchen und diejenige finden muss, die es wert ist, verwendet zu werden.<\/p>\n<p>[\/et_pb_text][\/et_pb_column][et_pb_column type=&#8220;1_2&#8243; _builder_version=&#8220;4.16&#8243; global_colors_info=&#8220;{}&#8220;][et_pb_image src=&#8220;https:\/\/awardforce.com\/wp-content\/uploads\/2019\/11\/Online-forms-wont-allow-edits.png&#8220; _builder_version=&#8220;4.16&#8243; custom_padding=&#8220;32px|||||&#8220; global_colors_info=&#8220;{}&#8220;][\/et_pb_image][\/et_pb_column][\/et_pb_row][et_pb_row _builder_version=&#8220;4.16&#8243; custom_padding=&#8220;0px||0px|||&#8220; global_colors_info=&#8220;{}&#8220;][et_pb_column type=&#8220;4_4&#8243; _builder_version=&#8220;4.16&#8243; global_colors_info=&#8220;{}&#8220;][et_pb_text _builder_version=&#8220;4.16&#8243; custom_margin=&#8220;50px|||||&#8220; custom_padding=&#8220;||2px|||&#8220; global_colors_info=&#8220;{}&#8220;]<\/p>\n<h2>Keine Bewertung, Beurteilung oder Einsch\u00e4tzung<\/h2>\n<p>Bisher haben wir nur die Bearbeitung von Beitr\u00e4gen mit Online-Formularen behandelt, weil das alles ist, was sie ohne Weiteres tun k\u00f6nnen. Sicher, sie bieten vielleicht einige Grafiken zur Quantifizierung von Antworten, aber das ist keine Bewertung. Nein, wir sprechen von echten, beeindruckenden Bewertungsfunktionen, die Online-Formulare einfach nicht haben, wie zum Beispiel:  <\/p>\n<p>[\/et_pb_text][\/et_pb_column][\/et_pb_row][et_pb_row column_structure=&#8220;1_2,1_2&#8243; use_custom_gutter=&#8220;on&#8220; _builder_version=&#8220;4.16&#8243; custom_margin=&#8220;||||false|false&#8220; custom_padding=&#8220;0px||||false|false&#8220; global_colors_info=&#8220;{}&#8220;][et_pb_column type=&#8220;1_2&#8243; _builder_version=&#8220;4.16&#8243; global_colors_info=&#8220;{}&#8220;][et_pb_text _builder_version=&#8220;4.27.4&#8243; custom_padding=&#8220;22px|||||&#8220; global_colors_info=&#8220;{}&#8220;]<\/p>\n<ol>\n<li>Bewertungs-\/Beurteilungsmanagement<\/li>\n<li>Verwaltung von Jurys und Bewertungsaufgaben<\/li>\n<li>Kontrolle des \u00f6ffentlichen, privaten oder nur f\u00fcr eingeladene Personen zug\u00e4nglichen Bewertungszugangs<\/li>\n<li>Kommunikation mit Jurymitgliedern. Wie Sie es mit unserer Broadcast-Funktion tun k\u00f6nnen<\/li>\n<li>Den Bewertungsfortschritt verfolgen<\/li>\n<li>Echtzeit, automatische Ergebnisberechnung und -anzeige<\/li>\n<li>Auswahl der Bewertungsmethoden. Okay, hier sind wir voreingenommen, denn keine andere Software auf dem Markt bietet die Raffinesse der Bewertung, die wir bieten. Leistungsstarke Bewertungsmodi: Qualifizierung, Top pick, Abstimmung und VIP-Bewertung. Sie k\u00f6nnen mehrere Bewertungsstufen zusammen anordnen und eine Bewertungsl\u00f6sung erstellen, die perfekt f\u00fcr Ihr Programm ist<\/li>\n<\/ol>\n<p>[\/et_pb_text][\/et_pb_column][et_pb_column type=&#8220;1_2&#8243; _builder_version=&#8220;4.16&#8243; global_colors_info=&#8220;{}&#8220;][et_pb_image src=&#8220;https:\/\/awardforce.com\/wp-content\/uploads\/2019\/11\/Online-forms-wont-allow-judging.png&#8220; _builder_version=&#8220;4.16&#8243; global_colors_info=&#8220;{}&#8220;][\/et_pb_image][\/et_pb_column][\/et_pb_row][\/et_pb_section][et_pb_section fb_built=&#8220;1&#8243; _builder_version=&#8220;4.16&#8243; global_colors_info=&#8220;{}&#8220;][et_pb_row _builder_version=&#8220;4.16&#8243; custom_padding=&#8220;||5px|||&#8220; global_colors_info=&#8220;{}&#8220;][et_pb_column type=&#8220;4_4&#8243; _builder_version=&#8220;4.16&#8243; global_colors_info=&#8220;{}&#8220;][et_pb_text _builder_version=&#8220;4.16&#8243; custom_margin=&#8220;||-3px|||&#8220; global_colors_info=&#8220;{}&#8220;]<\/p>\n<h2 style=\"text-align: center;\">Weitere Funktionen f\u00fcr Sie<\/h2>\n<p>[\/et_pb_text][\/et_pb_column][\/et_pb_row][et_pb_row column_structure=&#8220;1_4,1_4,1_4,1_4&#8243; use_custom_gutter=&#8220;on&#8220; make_equal=&#8220;on&#8220; _builder_version=&#8220;4.16&#8243; custom_margin=&#8220;-4px|auto||auto||&#8220; custom_padding=&#8220;20px||||false|false&#8220; global_colors_info=&#8220;{}&#8220;][et_pb_column type=&#8220;1_4&#8243; _builder_version=&#8220;4.16&#8243; custom_padding=&#8220;|0px||0px|false|false&#8220; global_colors_info=&#8220;{}&#8220;][et_pb_text _builder_version=&#8220;4.16&#8243; _dynamic_attributes=&#8220;link_option_url&#8220; header_3_font=&#8220;|600|||||||&#8220; background_color=&#8220;#ffffff&#8220; mix_blend_mode=&#8220;multiply&#8220; hover_transition_speed_curve=&#8220;linear&#8220; link_option_url=&#8220;@ET-DC@eyJkeW5hbWljIjp0cnVlLCJjb250ZW50IjoicG9zdF9saW5rX3VybF9wYWdlIiwic2V0dGluZ3MiOnsicG9zdF9pZCI6IjExNCIsImVuYWJsZV9odG1sIjoib2ZmIn19@&#8220; link_option_url_new_window=&#8220;on&#8220; border_width_bottom=&#8220;5px&#8220; border_color_bottom=&#8220;#ff4b28&#8243; global_colors_info=&#8220;{}&#8220; filter_hue_rotate__hover_enabled=&#8220;on|hover&#8220; background__hover_enabled=&#8220;on|hover&#8220; background_color__hover=&#8220;#ff4b28&#8243; background_enable_color__hover=&#8220;on&#8220; text_text_color__hover_enabled=&#8220;on|hover&#8220; text_text_color__hover=&#8220;#ffffff&#8220; header_text_color__hover_enabled=&#8220;on|hover&#8220; header_text_color__hover=&#8220;#ffffff&#8220; header_3_text_color__hover_enabled=&#8220;on|hover&#8220; header_3_text_color__hover=&#8220;#ffffff&#8220;]<\/p>\n<h3 style=\"text-align: center;\">Verwaltung Ihres Programms<\/h3>\n<p style=\"text-align: center;\">Leistungsstarke Konfigurationsoptionen. Einfache Programmverwaltung. Entspannte Teams.  <\/p>\n<p style=\"text-align: center;\">[\/et_pb_text][\/et_pb_column][et_pb_column type=&#8220;1_4&#8243; _builder_version=&#8220;4.16&#8243; global_colors_info=&#8220;{}&#8220;][et_pb_text _builder_version=&#8220;4.27.4&#8243; _dynamic_attributes=&#8220;link_option_url&#8220; header_3_font=&#8220;|600|||||||&#8220; background_color=&#8220;#ffffff&#8220; mix_blend_mode=&#8220;multiply&#8220; link_option_url=&#8220;@ET-DC@eyJkeW5hbWljIjp0cnVlLCJjb250ZW50IjoicG9zdF9saW5rX3VybF9wYWdlIiwic2V0dGluZ3MiOnsicG9zdF9pZCI6IjExNCIsImVuYWJsZV9odG1sIjoib2ZmIn19@&#8220; link_option_url_new_window=&#8220;on&#8220; border_width_bottom=&#8220;5px&#8220; border_color_bottom=&#8220;#f2b71e&#8220; global_colors_info=&#8220;{}&#8220; filter_hue_rotate__hover_enabled=&#8220;on|hover&#8220; background__hover_enabled=&#8220;on|hover&#8220; background_color__hover=&#8220;#f2b71e&#8220; background_enable_color__hover=&#8220;on&#8220; text_text_color__hover_enabled=&#8220;on|hover&#8220; text_text_color__hover=&#8220;#ffffff&#8220; header_text_color__hover_enabled=&#8220;on|hover&#8220; header_text_color__hover=&#8220;#ffffff&#8220; header_3_text_color__hover_enabled=&#8220;on|hover&#8220; header_3_text_color__hover=&#8220;#ffffff&#8220;]<\/p>\n<h3 style=\"text-align: center;\">Bewertungs-<br \/>Suite<\/h3>\n<p style=\"text-align: center;\">Ausgekl\u00fcgelt und doch einfach zu bedienen.<br \/>Unterst\u00fctzt Ihre Jury bei wichtigen Entscheidungen.<\/p>\n<p style=\"text-align: center;\">[\/et_pb_text][\/et_pb_column][et_pb_column type=&#8220;1_4&#8243; _builder_version=&#8220;4.16&#8243; global_colors_info=&#8220;{}&#8220;][et_pb_text _builder_version=&#8220;4.27.4&#8243; _dynamic_attributes=&#8220;link_option_url&#8220; header_3_font=&#8220;|600|||||||&#8220; background_color=&#8220;#ffffff&#8220; mix_blend_mode=&#8220;multiply&#8220; link_option_url=&#8220;@ET-DC@eyJkeW5hbWljIjp0cnVlLCJjb250ZW50IjoicG9zdF9saW5rX3VybF9wYWdlIiwic2V0dGluZ3MiOnsicG9zdF9pZCI6IjExNCIsImVuYWJsZV9odG1sIjoib2ZmIn19@&#8220; link_option_url_new_window=&#8220;on&#8220; hover_enabled=&#8220;0&#8243; border_width_bottom=&#8220;5px&#8220; border_color_bottom=&#8220;#3b47f4&#8243; global_colors_info=&#8220;{}&#8220; filter_hue_rotate__hover_enabled=&#8220;on|hover&#8220; background__hover_enabled=&#8220;on|hover&#8220; background_color__hover=&#8220;#3b47f4&#8243; background_enable_color__hover=&#8220;on&#8220; text_text_color__hover_enabled=&#8220;on|hover&#8220; text_text_color__hover=&#8220;#ffffff&#8220; header_text_color__hover_enabled=&#8220;on|hover&#8220; header_text_color__hover=&#8220;#ffffff&#8220; header_3_text_color__hover_enabled=&#8220;on|hover&#8220; header_3_text_color__hover=&#8220;#ffffff&#8220; sticky_enabled=&#8220;0&#8243;]<\/p>\n<h3 style=\"text-align: center;\">Teilnahmeerfahrung und Benutzer-freundlichkeit<\/h3>\n<p style=\"text-align: center;\">Alle Funktionen, die Ihren Teilnehmenden helfen, bessere und mehr Beitr\u00e4ge einzureichen.<\/p>\n<p style=\"text-align: center;\">[\/et_pb_text][\/et_pb_column][et_pb_column type=&#8220;1_4&#8243; _builder_version=&#8220;4.16&#8243; global_colors_info=&#8220;{}&#8220;][et_pb_text _builder_version=&#8220;4.16&#8243; _dynamic_attributes=&#8220;link_option_url&#8220; header_3_font=&#8220;|600|||||||&#8220; background_color=&#8220;#ffffff&#8220; mix_blend_mode=&#8220;multiply&#8220; link_option_url=&#8220;@ET-DC@eyJkeW5hbWljIjp0cnVlLCJjb250ZW50IjoicG9zdF9saW5rX3VybF9wYWdlIiwic2V0dGluZ3MiOnsicG9zdF9pZCI6IjExNCIsImVuYWJsZV9odG1sIjoib2ZmIn19@&#8220; link_option_url_new_window=&#8220;on&#8220; border_width_bottom=&#8220;5px&#8220; border_color_bottom=&#8220;#ff8299&#8243; global_colors_info=&#8220;{}&#8220; filter_hue_rotate__hover_enabled=&#8220;on|hover&#8220; background__hover_enabled=&#8220;on|hover&#8220; background_color__hover=&#8220;#ff8299&#8243; background_enable_color__hover=&#8220;on&#8220; text_text_color__hover_enabled=&#8220;on|hover&#8220; text_text_color__hover=&#8220;#ffffff&#8220; header_text_color__hover_enabled=&#8220;on|hover&#8220; header_text_color__hover=&#8220;#ffffff&#8220; header_3_text_color__hover_enabled=&#8220;on|hover&#8220; header_3_text_color__hover=&#8220;#ffffff&#8220;]<\/p>\n<h3 style=\"text-align: center;\">Marken-<br \/>promotion<\/h3>\n<p style=\"text-align: center;\">Funktionen, die Ihnen helfen, Ihre Marke anzupassen und Ihre Sichtbarkeit zu erweitern<\/p>\n<p style=\"text-align: center;\">[\/et_pb_text][\/et_pb_column][\/et_pb_row][et_pb_row _builder_version=&#8220;4.16&#8243; global_colors_info=&#8220;{}&#8220;][et_pb_column type=&#8220;4_4&#8243; _builder_version=&#8220;4.16&#8243; global_colors_info=&#8220;{}&#8220;][et_pb_button button_url=&#8220;@ET-DC@eyJkeW5hbWljIjp0cnVlLCJjb250ZW50IjoicG9zdF9saW5rX3VybF9wYWdlIiwic2V0dGluZ3MiOnsicG9zdF9pZCI6IjEwMSIsImVuYWJsZV9odG1sIjoib2ZmIn19@&#8220; button_text=&#8220;Demo anfordern&#8220; button_alignment=&#8220;center&#8220; _builder_version=&#8220;4.16&#8243; _dynamic_attributes=&#8220;button_url&#8220; custom_button=&#8220;on&#8220; button_text_size=&#8220;18px&#8220; button_border_radius=&#8220;3px&#8220; button_letter_spacing=&#8220;0px&#8220; button_font=&#8220;Open Sans||||||||&#8220; button_use_icon=&#8220;off&#8220; custom_margin=&#8220;||19px|||&#8220; global_colors_info=&#8220;{}&#8220;][\/et_pb_button][et_pb_text _builder_version=&#8220;4.16&#8243; header_text_color=&#8220;#3a47f4&#8243; header_3_text_color=&#8220;#3a47f4&#8243; global_colors_info=&#8220;{}&#8220;]<\/p>\n<h3 id=\"yui_3_17_2_1_1574987281802_580\" style=\"text-align: center;\"><a href=\"https:\/\/awardforce.com\/de\/?page_id=47406\">Preise ansehen<\/a> | <a href=\"https:\/\/awardforce.com\/de\/?page_id=50147\">FAQs<\/a><\/h3>\n<p>[\/et_pb_text][\/et_pb_column][\/et_pb_row][et_pb_row _builder_version=&#8220;4.16&#8243; global_colors_info=&#8220;{}&#8220;][et_pb_column type=&#8220;4_4&#8243; _builder_version=&#8220;4.16&#8243; global_colors_info=&#8220;{}&#8220;][\/et_pb_column][\/et_pb_row][\/et_pb_section]<\/p>\n","protected":false},"excerpt":{"rendered":"<p>Online-Formulare:Mehr Arbeit, weniger Effizienz?Auch wenn es kosteng\u00fcnstig erscheinen mag, wird die Verwendung eines Online-Formularerstellers f\u00fcr Ihr Anerkennungsprogramm auf lange Sicht Zeit und Geld kosten. Es wird Ihren Teilnehmenden und Jurymitgliedern eine schlechte Erfahrung bieten. Und aus technologischer Sicht wird es deutlich hinter dem zur\u00fcckbleiben, was Sie mit einer dedizierten, zweckm\u00e4\u00dfigen Softwarel\u00f6sung erreichen k\u00f6nnen, die speziell f\u00fcr Anerkennungsprogramme entwickelt wurde. Hier ist der Grund&#8230; Probleme f\u00fcr Programm-Manager Keine Marken- oder Sponsoring-Handhabung Online-Formulare bieten nur begrenzte M\u00f6glichkeiten zur Markenpersonalisierung. Einige Formulare erm\u00f6glichen Ihnen die Wahl zwischen einigen prim\u00e4ren\/sekund\u00e4ren Farben und, wenn Sie Gl\u00fcck haben, das Hochladen eines Hintergrundbildes. Mit Award Force haben Sie eine konfigurierbare Oberfl\u00e4che, die Ihre Marke perfekt in Szene setzt und Ihren Sponsoren viel Sichtbarkeit bietet.Schlechte bis nicht vorhandene Kategorien oder Sprachen Wenn Sie mehrere Kategorien, Kriterien oder Sprachen ber\u00fccksichtigen m\u00fcssen, wird die Verwendung eines Online-Formulars zur Annahme von Einreichungen zu einem Albtraum. Award Force bietet ausgekl\u00fcgelte Funktionen f\u00fcr Saison, Kategorie und Felder, die Sie nach Bedarf konfigurieren k\u00f6nnen. Wir unterst\u00fctzen auch mehrsprachige Programme mit mehr als 15 Sprachen zur Auswahl. Unzureichende Benutzerregistrierung und Rollen Bei Online-Formularen gibt es wenig bis keinen Schutz vor unbekannten, betr\u00fcgerischen Usern oder Spam-Bots. Award Force verwendet ausgekl\u00fcgelte Sicherheitstechniken, um Spam-Bots und b\u00f6swillige Akteure [&hellip;]<\/p>\n","protected":false},"author":2,"featured_media":0,"parent":0,"menu_order":0,"comment_status":"closed","ping_status":"closed","template":"","meta":{"_acf_changed":false,"_et_pb_use_builder":"on","_et_pb_old_content":"","_et_gb_content_width":"","footnotes":""},"class_list":["post-50224","page","type-page","status-publish","hentry"],"acf":[],"_links":{"self":[{"href":"https:\/\/awardforce.com\/de\/wp-json\/wp\/v2\/pages\/50224","targetHints":{"allow":["GET"]}}],"collection":[{"href":"https:\/\/awardforce.com\/de\/wp-json\/wp\/v2\/pages"}],"about":[{"href":"https:\/\/awardforce.com\/de\/wp-json\/wp\/v2\/types\/page"}],"author":[{"embeddable":true,"href":"https:\/\/awardforce.com\/de\/wp-json\/wp\/v2\/users\/2"}],"replies":[{"embeddable":true,"href":"https:\/\/awardforce.com\/de\/wp-json\/wp\/v2\/comments?post=50224"}],"version-history":[{"count":9,"href":"https:\/\/awardforce.com\/de\/wp-json\/wp\/v2\/pages\/50224\/revisions"}],"predecessor-version":[{"id":52543,"href":"https:\/\/awardforce.com\/de\/wp-json\/wp\/v2\/pages\/50224\/revisions\/52543"}],"wp:attachment":[{"href":"https:\/\/awardforce.com\/de\/wp-json\/wp\/v2\/media?parent=50224"}],"curies":[{"name":"wp","href":"https:\/\/api.w.org\/{rel}","templated":true}]}}