{"id":50220,"date":"2025-08-08T12:39:50","date_gmt":"2025-08-08T12:39:50","guid":{"rendered":"https:\/\/awardforce.com\/?page_id=50220"},"modified":"2025-09-24T07:41:18","modified_gmt":"2025-09-24T07:41:18","slug":"cookie-richtlinie","status":"publish","type":"page","link":"https:\/\/awardforce.com\/de\/cookie-richtlinie\/","title":{"rendered":"Cookie-Richtlinie"},"content":{"rendered":"<p>[et_pb_section fb_built=&#8220;1&#8243; admin_label=&#8220;section&#8220; _builder_version=&#8220;4.0.11&#8243;][et_pb_row column_structure=&#8220;1_3,1_3,1_3&#8243; _builder_version=&#8220;4.0.11&#8243; custom_padding=&#8220;||0px|||&#8220;][et_pb_column type=&#8220;1_3&#8243; _builder_version=&#8220;4.0.11&#8243;][\/et_pb_column][et_pb_column type=&#8220;1_3&#8243; _builder_version=&#8220;4.0.11&#8243;][\/et_pb_column][et_pb_column type=&#8220;1_3&#8243; _builder_version=&#8220;4.0.11&#8243;][et_pb_text _builder_version=&#8220;4.0.11&#8243; custom_margin=&#8220;||0px||false|false&#8220; custom_padding=&#8220;||0px||false|false&#8220;]<\/p>\n<p><strong>Diese Seite \u00fcbersetzen:<\/strong><\/p>\n<p>[\/et_pb_text][et_pb_code _builder_version=&#8220;4.0.11&#8243; custom_margin=&#8220;0px||0px||false|false&#8220; custom_padding=&#8220;0px||0px||false|false&#8220;]<script type=\"text\/javascript\" src=\"\/\/translate.google.com\/translate_a\/element.js?cb=googleTranslateElementInit\"><\/script>[\/et_pb_code][et_pb_code _builder_version=&#8220;4.0.11&#8243; custom_margin=&#8220;0px||0px||false|false&#8220; custom_padding=&#8220;0px||0px||false|false&#8220;]<script type=\"text\/javascript\"><!-- [et_pb_line_break_holder] -->function googleTranslateElementInit() {<!-- [et_pb_line_break_holder] -->  new google.translate.TranslateElement({pageLanguage: 'en'}, 'google_translate_element');<!-- [et_pb_line_break_holder] -->}<!-- [et_pb_line_break_holder] --><\/script>[\/et_pb_code][et_pb_code _builder_version=&#8220;4.0.11&#8243;]<\/p>\n<div id=\"google_translate_element\"><\/div>\n<p>[\/et_pb_code][\/et_pb_column][\/et_pb_row][et_pb_row admin_label=&#8220;Zeile&#8220; _builder_version=&#8220;3.25&#8243; background_size=&#8220;initial&#8220; background_position=&#8220;top_left&#8220; background_repeat=&#8220;repeat&#8220; custom_padding=&#8220;2px|||||&#8220;][et_pb_column type=&#8220;4_4&#8243; _builder_version=&#8220;3.25&#8243; custom_padding=&#8220;|||&#8220; custom_padding__hover=&#8220;|||&#8220;][et_pb_text admin_label=&#8220;Text&#8220; _builder_version=&#8220;4.0.11&#8243; background_size=&#8220;initial&#8220; background_position=&#8220;top_left&#8220; background_repeat=&#8220;repeat&#8220; custom_margin=&#8220;-15px|||||&#8220; custom_padding=&#8220;0px|||||&#8220;]<\/p>\n<h1><span style=\"font-weight: 400;\">Cookie-Richtlinie<\/span><\/h1>\n<p><span style=\"font-weight: 400;\">G\u00fcltig ab: 8. Januar 2020<\/span><\/p>\n<p><span style=\"font-weight: 400;\">Award Force, \u201euns\u201c, \u201ewir\u201c oder \u201eunser\u201c bezieht sich auf Creative Force Ltd, Award Force Pty Ltd und alle unsere verbundenen Unternehmen. Wir verwenden Cookies auf der Award Force Cloud-Software und der Award Force Website awardforce.com (dem \u201eDienst\u201c). Durch die Nutzung des Dienstes stimmen Sie der Verwendung von Cookies zu.  <\/span><\/p>\n<p><span style=\"font-weight: 400;\">Unsere Cookie-Richtlinie erkl\u00e4rt, was Cookies sind, wie wir Cookies verwenden, wie Drittanbieter, mit denen wir zusammenarbeiten, Cookies auf dem Dienst verwenden k\u00f6nnen, Ihre Wahlm\u00f6glichkeiten bez\u00fcglich Cookies und weitere Informationen \u00fcber Cookies.<\/span><\/p>\n<h2><span style=\"font-weight: 400;\">Was sind Cookies<\/span><\/h2>\n<p><span style=\"font-weight: 400;\">Cookies sind kleine Textdateien, die von einer von Ihnen besuchten Website an Ihren Webbrowser gesendet werden. Eine Cookie-Datei wird in Ihrem Webbrowser gespeichert und erm\u00f6glicht es dem Dienst oder einem Drittanbieter, Sie zu erkennen und Ihren n\u00e4chsten Besuch zu erleichtern und den Dienst f\u00fcr Sie n\u00fctzlicher zu machen. <\/span><\/p>\n<p><span style=\"font-weight: 400;\">Cookies k\u00f6nnen \u201edauerhafte\u201c oder \u201eSitzungs-Cookies\u201c sein. Dauerhafte Cookies verbleiben auf Ihrem Personal Computer oder Mobilger\u00e4t, wenn Sie offline gehen, w\u00e4hrend Sitzungs-Cookies gel\u00f6scht werden, sobald Sie Ihren Webbrowser schlie\u00dfen. <\/span><\/p>\n<h2><span style=\"font-weight: 400;\">Wie wir Cookies verwenden<\/span><\/h2>\n<p><span style=\"font-weight: 400;\">Wenn Sie den Dienst nutzen und darauf zugreifen, k\u00f6nnen wir eine Reihe von Cookie-Dateien in Ihrem Webbrowser platzieren, die f\u00fcr den Betrieb des Dienstes unerl\u00e4sslich sind, und, mit Ihrer Zustimmung, nicht-essentielle Cookies, die es uns erm\u00f6glichen, Analysen und andere Funktionen durchzuf\u00fchren.<\/span><\/p>\n<p><span style=\"font-weight: 400;\">Wir verwenden Cookies f\u00fcr die folgenden Zwecke:<\/span><\/p>\n<ul>\n<li style=\"font-weight: 400;\"><span style=\"font-weight: 400;\">Um bestimmte Funktionen des Dienstes zu erm\u00f6glichen<\/span><\/li>\n<li style=\"font-weight: 400;\"><span style=\"font-weight: 400;\">Zur Bereitstellung von Analysen<\/span><\/li>\n<li style=\"font-weight: 400;\"><span style=\"font-weight: 400;\">Zum Speichern Ihrer Pr\u00e4ferenzen<\/span><\/li>\n<\/ul>\n<p><span style=\"font-weight: 400;\">Wir verwenden sowohl Sitzungs- als auch dauerhafte Cookies auf dem Dienst und wir verwenden verschiedene Arten von Cookies, um den Dienst zu betreiben:<\/span><\/p>\n<ul>\n<li style=\"font-weight: 400;\"><span style=\"font-weight: 400;\">Essentielle Cookies. Wir k\u00f6nnen essentielle Cookies verwenden, um Benutzer zu authentifizieren und betr\u00fcgerische Nutzung von Benutzerkonten zu verhindern. <\/span><\/li>\n<li style=\"font-weight: 400;\"><span style=\"font-weight: 400;\">Pr\u00e4ferenz-Cookies. Wir k\u00f6nnen Pr\u00e4ferenz-Cookies verwenden, um Informationen zu speichern, die das Verhalten oder Aussehen des Dienstes \u00e4ndern, wie z. B. die \u201eAngemeldet bleiben\u201c-Funktion eines registrierten Benutzers oder die Sprachpr\u00e4ferenz eines Benutzers. <\/span><\/li>\n<li style=\"font-weight: 400;\"><span style=\"font-weight: 400;\">Analyse-Cookies. Wir k\u00f6nnen Analyse-Cookies verwenden, um Informationen dar\u00fcber zu verfolgen, wie der Dienst genutzt wird, damit wir Verbesserungen vornehmen k\u00f6nnen. Wir k\u00f6nnen Analyse-Cookies auch verwenden, um neue Anzeigen, Seiten, Funktionen oder neue Funktionalit\u00e4ten des Dienstes zu testen, um zu sehen, wie unsere Benutzer darauf reagieren.  <\/span><\/li>\n<\/ul>\n<h2><span style=\"font-weight: 400;\">Drittanbieter-Cookies<\/span><\/h2>\n<p><span style=\"font-weight: 400;\">Zus\u00e4tzlich zu unseren eigenen Cookies k\u00f6nnen wir auch verschiedene Cookies von Drittanbietern verwenden, um Nutzungsstatistiken des Dienstes zu melden, Werbung auf und \u00fcber den Dienst zu liefern und so weiter.<\/span><\/p>\n<p><span style=\"font-weight: 400;\">Liste der Cookies<\/span><\/p>\n<p><span style=\"font-weight: 400;\">Eine Liste der vom Dienst verwendeten Cookies oder zum \u00c4ndern oder Widerrufen Ihrer Zustimmung finden Sie unter <\/span><a href=\"https:\/\/awardforce.com\/de\/?page_id=50213\"><span style=\"font-weight: 400;\">https:\/\/awardforce.com\/our-cookies<\/span><\/a><\/p>\n<h2><span style=\"font-weight: 400;\">Welche Wahlm\u00f6glichkeiten haben Sie bez\u00fcglich Cookies<\/span><\/h2>\n<p><span style=\"font-weight: 400;\">Wenn Sie Cookies l\u00f6schen oder Ihren Webbrowser anweisen m\u00f6chten, Cookies zu l\u00f6schen oder abzulehnen, besuchen Sie bitte die Hilfeseiten Ihres Webbrowsers.<\/span><\/p>\n<p><span style=\"font-weight: 400;\">Bitte beachten Sie jedoch, dass Sie, wenn Sie Cookies l\u00f6schen oder deren Annahme verweigern, m\u00f6glicherweise nicht alle von uns angebotenen Funktionen nutzen k\u00f6nnen, Ihre Pr\u00e4ferenzen nicht speichern k\u00f6nnen und einige unserer Seiten m\u00f6glicherweise nicht richtig angezeigt werden.<\/span><\/p>\n<p><span style=\"font-weight: 400;\">F\u00fcr den Chrome-Webbrowser besuchen Sie bitte diese Seite von Google: <\/span><a href=\"https:\/\/support.google.com\/accounts\/answer\/32050\"><span style=\"font-weight: 400;\">https:\/\/support.google.com\/accounts\/answer\/32050<\/span><\/a><\/p>\n<p><span style=\"font-weight: 400;\">F\u00fcr den Internet Explorer-Webbrowser besuchen Sie bitte diese Seite von Microsoft: <\/span><a href=\"http:\/\/support.microsoft.com\/kb\/278835\"><span style=\"font-weight: 400;\">http:\/\/support.microsoft.com\/kb\/278835<\/span><\/a><\/p>\n<p><span style=\"font-weight: 400;\">F\u00fcr den Firefox-Webbrowser besuchen Sie bitte diese Seite von Mozilla: <\/span><a href=\"https:\/\/support.mozilla.org\/en-US\/kb\/delete-cookies-remove-info-websites-stored\"><span style=\"font-weight: 400;\">https:\/\/support.mozilla.org\/en-US\/kb\/delete-cookies-remove-info-websites-stored<\/span><\/a><\/p>\n<p><span style=\"font-weight: 400;\">F\u00fcr den Safari-Webbrowser besuchen Sie bitte diese Seite von Apple:<br \/> <a href=\"https:\/\/support.apple.com\/en-au\/guide\/safari\/sfri11471\/mac\">https:\/\/support.apple.com\/en-au\/guide\/safari\/sfri11471\/mac<\/a><br \/> <\/span><\/p>\n<p><span style=\"font-weight: 400;\">F\u00fcr jeden anderen Webbrowser besuchen Sie bitte die offiziellen Webseiten Ihres Webbrowsers.<\/span><\/p>\n<h2><span style=\"font-weight: 400;\">Wo finden Sie weitere Informationen \u00fcber Cookies<\/span><\/h2>\n<p><span style=\"font-weight: 400;\">Weitere Informationen zu Cookies und den folgenden Websites von Drittanbietern finden Sie hier:<\/span><\/p>\n<p><span style=\"font-weight: 400;\">AllAboutCookies: <\/span><a href=\"http:\/\/www.allaboutcookies.org\/\"><span style=\"font-weight: 400;\">http:\/\/www.allaboutcookies.org\/<\/span><\/a><\/p>\n<p><span style=\"font-weight: 400;\">Network Advertising Initiative: <\/span><a href=\"http:\/\/www.networkadvertising.org\/\"><span style=\"font-weight: 400;\">http:\/\/www.networkadvertising.org\/<\/span><\/a><\/p>\n<p>[\/et_pb_text][\/et_pb_column][\/et_pb_row][\/et_pb_section]<\/p>\n","protected":false},"excerpt":{"rendered":"<p>Diese Seite \u00fcbersetzen:Cookie-Richtlinie G\u00fcltig ab: 8. Januar 2020 Award Force, \u201euns\u201c, \u201ewir\u201c oder \u201eunser\u201c bezieht sich auf Creative Force Ltd, Award Force Pty Ltd und alle unsere verbundenen Unternehmen. Wir verwenden Cookies auf der Award Force Cloud-Software und der Award Force Website awardforce.com (dem \u201eDienst\u201c). Durch die Nutzung des Dienstes stimmen Sie der Verwendung von Cookies zu. Unsere Cookie-Richtlinie erkl\u00e4rt, was Cookies sind, wie wir Cookies verwenden, wie Drittanbieter, mit denen wir zusammenarbeiten, Cookies auf dem Dienst verwenden k\u00f6nnen, Ihre Wahlm\u00f6glichkeiten bez\u00fcglich Cookies und weitere Informationen \u00fcber Cookies. Was sind Cookies Cookies sind kleine Textdateien, die von einer von Ihnen besuchten Website an Ihren Webbrowser gesendet werden. Eine Cookie-Datei wird in Ihrem Webbrowser gespeichert und erm\u00f6glicht es dem Dienst oder einem Drittanbieter, Sie zu erkennen und Ihren n\u00e4chsten Besuch zu erleichtern und den Dienst f\u00fcr Sie n\u00fctzlicher zu machen. Cookies k\u00f6nnen \u201edauerhafte\u201c oder \u201eSitzungs-Cookies\u201c sein. Dauerhafte Cookies verbleiben auf Ihrem Personal Computer oder Mobilger\u00e4t, wenn Sie offline gehen, w\u00e4hrend Sitzungs-Cookies gel\u00f6scht werden, sobald Sie Ihren Webbrowser schlie\u00dfen. Wie wir Cookies verwenden Wenn Sie den Dienst nutzen und darauf zugreifen, k\u00f6nnen wir eine Reihe von Cookie-Dateien in Ihrem Webbrowser platzieren, die f\u00fcr den Betrieb des Dienstes unerl\u00e4sslich sind, und, mit Ihrer [&hellip;]<\/p>\n","protected":false},"author":2,"featured_media":0,"parent":0,"menu_order":0,"comment_status":"closed","ping_status":"closed","template":"","meta":{"_acf_changed":false,"_et_pb_use_builder":"on","_et_pb_old_content":"","_et_gb_content_width":"","footnotes":""},"class_list":["post-50220","page","type-page","status-publish","hentry"],"acf":[],"_links":{"self":[{"href":"https:\/\/awardforce.com\/de\/wp-json\/wp\/v2\/pages\/50220","targetHints":{"allow":["GET"]}}],"collection":[{"href":"https:\/\/awardforce.com\/de\/wp-json\/wp\/v2\/pages"}],"about":[{"href":"https:\/\/awardforce.com\/de\/wp-json\/wp\/v2\/types\/page"}],"author":[{"embeddable":true,"href":"https:\/\/awardforce.com\/de\/wp-json\/wp\/v2\/users\/2"}],"replies":[{"embeddable":true,"href":"https:\/\/awardforce.com\/de\/wp-json\/wp\/v2\/comments?post=50220"}],"version-history":[{"count":2,"href":"https:\/\/awardforce.com\/de\/wp-json\/wp\/v2\/pages\/50220\/revisions"}],"predecessor-version":[{"id":50303,"href":"https:\/\/awardforce.com\/de\/wp-json\/wp\/v2\/pages\/50220\/revisions\/50303"}],"wp:attachment":[{"href":"https:\/\/awardforce.com\/de\/wp-json\/wp\/v2\/media?parent=50220"}],"curies":[{"name":"wp","href":"https:\/\/api.w.org\/{rel}","templated":true}]}}