{"id":50199,"date":"2025-08-08T12:39:50","date_gmt":"2025-08-08T12:39:50","guid":{"rendered":"https:\/\/awardforce.com\/?page_id=50199"},"modified":"2025-09-24T07:41:16","modified_gmt":"2025-09-24T07:41:16","slug":"ein-fachgesprach-anfragen","status":"publish","type":"page","link":"https:\/\/awardforce.com\/de\/ein-fachgesprach-anfragen\/","title":{"rendered":"Ein Fachgespr\u00e4ch anfragen"},"content":{"rendered":"<p>[et_pb_section fb_built=&#8220;1&#8243; _builder_version=&#8220;4.16&#8243; background_image=&#8220;https:\/\/awardforce.com\/wp-content\/uploads\/2019\/12\/AF_HI_Meditate.jpg&#8220; background_position=&#8220;bottom_center&#8220; min_height=&#8220;500px&#8220; global_colors_info=&#8220;{}&#8220;][et_pb_row _builder_version=&#8220;4.16&#8243; min_height=&#8220;500px&#8220; custom_padding=&#8220;175px||||false|false&#8220; global_colors_info=&#8220;{}&#8220;][et_pb_column type=&#8220;4_4&#8243; _builder_version=&#8220;4.16&#8243; global_colors_info=&#8220;{}&#8220;][et_pb_text _builder_version=&#8220;4.16&#8243; header_font=&#8220;||||||||&#8220; header_text_color=&#8220;#ffffff&#8220; custom_css_main_element=&#8220;H1   -webkit-text-fill-color: white; \/* Will override color (regardless of order) *\/||    text-shadow: 0px 0px 2px #000, 0px 0px 4px #000;||-webkit-text-stroke-width: 0.1px;||  -webkit-text-stroke-color: #000;&#8220; global_colors_info=&#8220;{}&#8220;]<\/p>\n<h1 style=\"text-align: center;\">Finden Sie Ihren Auszeichnungs-Zen<\/h1>\n<p>[\/et_pb_text][\/et_pb_column][\/et_pb_row][\/et_pb_section][et_pb_section fb_built=&#8220;1&#8243; admin_label=&#8220;section&#8220; _builder_version=&#8220;4.16&#8243; global_colors_info=&#8220;{}&#8220;][et_pb_row column_structure=&#8220;1_2,1_2&#8243; _builder_version=&#8220;4.16&#8243; custom_padding=&#8220;60px|||||&#8220; global_colors_info=&#8220;{}&#8220;][et_pb_column type=&#8220;1_2&#8243; _builder_version=&#8220;4.16&#8243; global_colors_info=&#8220;{}&#8220;][et_pb_text _builder_version=&#8220;4.16&#8243; custom_padding=&#8220;0px||||false|false&#8220; global_colors_info=&#8220;{}&#8220;]<\/p>\n<div class=\"sqs-block html-block sqs-block-html\" data-block-type=\"2\" id=\"block-yui_3_17_2_5_1481248195170_8114\">\n<div class=\"sqs-block-content\">\n<h2>Wir w\u00fcrden gerne mehr \u00fcber Ihr Programm erfahren und Ihnen zeigen, wie Sie Zeit und Geld sparen und Ihre Auszeichnungen ausbauen k\u00f6nnen.<\/h2>\n<\/div>\n<\/div>\n<div class=\"sqs-block html-block sqs-block-html\" data-block-type=\"2\" id=\"block-yui_3_17_2_1_1526023149822_5091\">\n<div class=\"sqs-block-content\"><\/div>\n<\/div>\n<p>[\/et_pb_text][\/et_pb_column][et_pb_column type=&#8220;1_2&#8243; _builder_version=&#8220;4.16&#8243; global_colors_info=&#8220;{}&#8220;][et_pb_code _builder_version=&#8220;4.27.4&#8243; custom_padding=&#8220;20px||||false|false&#8220; hover_enabled=&#8220;0&#8243; global_colors_info=&#8220;{}&#8220; sticky_enabled=&#8220;0&#8243;]<!--[if lte IE 8]><!-- [et_pb_line_break_holder] --><script charset=\"utf-8\" type=\"text\/javascript\" src=\"\/\/js.hsforms.net\/forms\/v2-legacy.js\"><\/script><!-- [et_pb_line_break_holder] --><![endif]--><!-- [et_pb_line_break_holder] --><script charset=\"utf-8\" type=\"text\/javascript\" src=\"\/\/js.hsforms.net\/forms\/v2.js\"><\/script><!-- [et_pb_line_break_holder] --><script><!-- [et_pb_line_break_holder] -->  hbspt.forms.create({<!-- [et_pb_line_break_holder] -->\tportalId: \"5752201\",<!-- [et_pb_line_break_holder] -->\tformId: \"3d901b5f-fcdc-4b84-b7b9-e7cd897cdc47\"<!-- [et_pb_line_break_holder] -->});<!-- [et_pb_line_break_holder] --><\/script>[\/et_pb_code][\/et_pb_column][\/et_pb_row][et_pb_row _builder_version=&#8220;4.16&#8243; global_colors_info=&#8220;{}&#8220;][et_pb_column type=&#8220;4_4&#8243; _builder_version=&#8220;4.16&#8243; global_colors_info=&#8220;{}&#8220;][\/et_pb_column][\/et_pb_row][\/et_pb_section]<\/p>\n","protected":false},"excerpt":{"rendered":"<p>Finden Sie Ihren Auszeichnungs-Zen Wir w\u00fcrden gerne mehr \u00fcber Ihr Programm erfahren und Ihnen zeigen, wie Sie Zeit und Geld sparen und Ihre Auszeichnungen ausbauen k\u00f6nnen.<\/p>\n","protected":false},"author":2,"featured_media":0,"parent":0,"menu_order":0,"comment_status":"closed","ping_status":"closed","template":"","meta":{"_acf_changed":false,"_et_pb_use_builder":"on","_et_pb_old_content":"","_et_gb_content_width":"","footnotes":""},"class_list":["post-50199","page","type-page","status-publish","hentry"],"acf":[],"_links":{"self":[{"href":"https:\/\/awardforce.com\/de\/wp-json\/wp\/v2\/pages\/50199","targetHints":{"allow":["GET"]}}],"collection":[{"href":"https:\/\/awardforce.com\/de\/wp-json\/wp\/v2\/pages"}],"about":[{"href":"https:\/\/awardforce.com\/de\/wp-json\/wp\/v2\/types\/page"}],"author":[{"embeddable":true,"href":"https:\/\/awardforce.com\/de\/wp-json\/wp\/v2\/users\/2"}],"replies":[{"embeddable":true,"href":"https:\/\/awardforce.com\/de\/wp-json\/wp\/v2\/comments?post=50199"}],"version-history":[{"count":12,"href":"https:\/\/awardforce.com\/de\/wp-json\/wp\/v2\/pages\/50199\/revisions"}],"predecessor-version":[{"id":52227,"href":"https:\/\/awardforce.com\/de\/wp-json\/wp\/v2\/pages\/50199\/revisions\/52227"}],"wp:attachment":[{"href":"https:\/\/awardforce.com\/de\/wp-json\/wp\/v2\/media?parent=50199"}],"curies":[{"name":"wp","href":"https:\/\/api.w.org\/{rel}","templated":true}]}}