{"id":50144,"date":"2025-08-08T12:39:49","date_gmt":"2025-08-08T12:39:49","guid":{"rendered":"https:\/\/awardforce.com\/?page_id=50144"},"modified":"2025-09-24T07:41:14","modified_gmt":"2025-09-24T07:41:14","slug":"risiken-minimieren","status":"publish","type":"page","link":"https:\/\/awardforce.com\/de\/risiken-minimieren\/","title":{"rendered":"Risiken minimieren"},"content":{"rendered":"<p>[et_pb_section fb_built=&#8220;1&#8243; _builder_version=&#8220;4.0.6&#8243; background_image=&#8220;https:\/\/awardforce.com\/wp-content\/uploads\/2019\/12\/AF_HI_YourWay.jpg&#8220; background_position=&#8220;bottom_center&#8220; height=&#8220;600px&#8220; custom_margin=&#8220;||||false|false&#8220; custom_padding=&#8220;200px||||false|false&#8220;][et_pb_row _builder_version=&#8220;4.0.6&#8243; min_height=&#8220;500px&#8220; custom_padding=&#8220;||||false|false&#8220;][et_pb_column type=&#8220;4_4&#8243; _builder_version=&#8220;4.0.6&#8243;][et_pb_text _builder_version=&#8220;4.0.6&#8243; header_font=&#8220;||||||||&#8220; header_text_color=&#8220;#ffffff&#8220; background_color=&#8220;rgba(0,0,0,0)&#8220; width=&#8220;100%&#8220; module_alignment=&#8220;center&#8220; custom_css_main_element=&#8220;H1   -webkit-text-fill-color: white; \/* Will override color (regardless of order) *\/||    text-shadow: 0px 0px 2px #000, 0px 0px 4px #000;||-webkit-text-stroke-width: 0.1px;||  -webkit-text-stroke-color: #000;&#8220;]<\/p>\n<h1 style=\"text-align: center;\"><span style=\"background-color: #000;\"> Ruhe bewahren und Risiken managen <\/span><\/h1>\n<p>[\/et_pb_text][\/et_pb_column][\/et_pb_row][\/et_pb_section][et_pb_section fb_built=&#8220;1&#8243; admin_label=&#8220;section&#8220; _builder_version=&#8220;3.22&#8243;][et_pb_row admin_label=&#8220;Zeile&#8220; _builder_version=&#8220;3.25&#8243; background_size=&#8220;initial&#8220; background_position=&#8220;top_left&#8220; background_repeat=&#8220;repeat&#8220;][et_pb_column type=&#8220;4_4&#8243; _builder_version=&#8220;3.25&#8243; custom_padding=&#8220;|||&#8220; custom_padding__hover=&#8220;|||&#8220;][et_pb_text admin_label=&#8220;Text&#8220; _builder_version=&#8220;4.0.6&#8243; background_size=&#8220;initial&#8220; background_position=&#8220;top_left&#8220; background_repeat=&#8220;repeat&#8220; hover_enabled=&#8220;0&#8243;]<\/p>\n<h2 style=\"white-space: pre-wrap;\">Risiken minimieren<\/h2>\n<p style=\"white-space: pre-wrap;\">Ein Preis-, F\u00f6rder- oder Stipendienprogramm zu betreiben, bringt viele Herausforderungen mit sich. Es ist schon schwierig genug, sicherzustellen, dass Ihre Teilnehmer ihre Beitr\u00e4ge p\u00fcnktlich einreichen, die Jury zu koordinieren und alles im Zeitplan zu halten \u2013 ohne sich Sorgen um Informationsverlust, potenziellen Betrug und die Verwaltung der Benutzerdaten machen zu m\u00fcssen. <\/p>\n<p style=\"white-space: pre-wrap;\">Award Force wei\u00df, dass die Zeit nicht immer auf Ihrer Seite ist, deshalb haben wir Funktionen entwickelt, um Ihr Risiko zu minimieren, w\u00e4hrend Sie sich auf das konzentrieren k\u00f6nnen, was Sie am besten k\u00f6nnen \u2013 Exzellenz anerkennen.<\/p>\n<p style=\"white-space: pre-wrap;\">Einige der cleveren Wege, wie wir Risiken minimieren:<\/p>\n<h3 style=\"white-space: pre-wrap;\">Automatisches Speichern<\/h3>\n<p style=\"white-space: pre-wrap;\">So etwas passiert. Leute vergessen, vor dem Verlassen einer Seite auf Speichern zu klicken, ihr Mobilger\u00e4t geht aus, sie schlie\u00dfen ihren Browser versehentlich\u2026 Mit unserer Auto-Speicherfunktion m\u00fcssen sich Teilnehmer nie Sorgen machen, dass ihr Beitrag besch\u00e4digt wird oder ihre \u201eArbeit\u201c verloren geht, und Sie m\u00fcssen sich nie Sorgen machen, dass entt\u00e4uschte Teilnehmer ihren Beitrag erneut einreichen m\u00fcssen. <\/p>\n<h3 style=\"white-space: pre-wrap;\">Audit<\/h3>\n<p style=\"white-space: pre-wrap;\">Award Force verf\u00fcgt \u00fcber eine integrierte Audit-Funktionalit\u00e4t. \u00dcberpr\u00fcfen Sie einfach, wann ein Beitrag ge\u00e4ndert wurde, wer eine Kategorie gel\u00f6scht hat und ob Exporte erstellt wurden. Unsere Audit-Funktionalit\u00e4t bietet Funktionen zur Einhaltung des Datenschutzes, zum Beispiel hilft sie Ihnen, Benutzern, die vergessen werden m\u00f6chten, problemlos L\u00f6schzertifikate auszustellen.  <\/p>\n<h3 style=\"white-space: pre-wrap;\">Bot-Schutz<\/h3>\n<p style=\"white-space: pre-wrap;\">Spam-Bot-Angriffe sind eine zunehmend h\u00e4ufige Herausforderung f\u00fcr alle Programme. Ohne Schutz k\u00f6nnen b\u00f6swillige Benutzer mit ausgekl\u00fcgelter automatisierter Software Beitr\u00e4ge erstellen und abstimmen, wodurch die Ergebnisse ung\u00fcltig werden und Chaos in Ihrem Programm entsteht. <\/p>\n<p style=\"white-space: pre-wrap;\">Unsere fortschrittliche heuristische Bot-Erkennungs- und -Blockierungsfunktion sch\u00fctzt Ihr Programm und stellt sicher, dass Ihre Beitr\u00e4ge und Stimmen vor betr\u00fcgerischen und b\u00f6swilligen Aktivit\u00e4ten gesch\u00fctzt sind.<\/p>\n<h3 style=\"white-space: pre-wrap;\">Verifizierte Nutzerregistrierung<\/h3>\n<p style=\"white-space: pre-wrap;\">Stellen Sie sicher, dass Ihre Programmteilnehmer echt und kontaktierbar sind, indem Sie eine einfache Verifizierung ihrer E-Mail-Adresse (Klicken auf einen Link in einer E-Mail) oder Mobiltelefonnummer (Eingabe eines per SMS gesendeten Codes) verlangen. Es ist einfach f\u00fcr die Teilnehmer, von denen Sie sicher sein k\u00f6nnen, dass es keine Bots sind, und die kontaktiert werden k\u00f6nnen! <\/p>\n<h3 style=\"white-space: pre-wrap;\">DSGVO-Konformit\u00e4t<\/h3>\n<p style=\"white-space: pre-wrap;\">Award Force ist vollgepackt mit Funktionen, die Ihnen helfen, Ihre EU General Data Protection Regulation (GDPR)-Konformit\u00e4t aufrechtzuerhalten. Benutzer haben w\u00e4hrend der Registrierung Zugriff auf Zustimmungsoptionen und k\u00f6nnen ihre Benachrichtigungseinstellungen jederzeit festlegen. Sie k\u00f6nnen Felder mit pers\u00f6nlichen\/sensiblen Daten identifizieren, um zus\u00e4tzliche Sicherheitsebenen anzuwenden oder Ihre Benutzer bei Datenschutzanfragen zu unterst\u00fctzen; Benutzerdaten f\u00fcr Informationsanfragen herunterladen oder einen Benutzer auf Anfrage dauerhaft l\u00f6schen.  <\/p>\n<h3 style=\"white-space: pre-wrap;\">Versehentliches L\u00f6schen<\/h3>\n<p style=\"white-space: pre-wrap;\">Es passiert st\u00e4ndig: Man l\u00f6scht versehentlich etwas und muss von vorne anfangen. Nicht so bei Award Force! Stellen Sie jedes gel\u00f6schte Element wieder her, sei es ein Beitrag, ein Feld oder ein Benutzer (Hinweis: Dies gilt nicht f\u00fcr Elemente, die zur Einhaltung der GDPR gel\u00f6scht wurden; alle unter GDPR gel\u00f6schten Elemente werden dauerhaft entfernt).  <\/p>\n<h3 style=\"white-space: pre-wrap;\">Mobile Authentifizierung<\/h3>\n<p style=\"white-space: pre-wrap;\">Durch die Aktivierung der mobilen Registrierung k\u00f6nnen Benutzer ihre Mobiltelefone zur Registrierung und Anmeldung verwenden, als Alternative oder Backup zur E-Mail. Dies stellt sicher, dass der Benutzer, der sich registriert hat, auch der Benutzer ist, der auf Ihr Programm zugreift. <\/p>\n<h3 style=\"white-space: pre-wrap;\">Zertifiziertes Informationssicherheitsmanagement<\/h3>\n<p style=\"white-space: pre-wrap;\">Wir sind zuversichtlich, dass wir eine der sichersten Online-Anwendungs- und -Evaluierungsl\u00f6sungen weltweit haben. Wenn nicht die sicherste.  ISO 27001-Zertifizierung, Multi-Faktor-Authentifizierung, mehrstufige Backups, verschl\u00fcsselte Daten und mehr.<\/p>\n<p style=\"white-space: pre-wrap;\"><a href=\"https:\/\/awardforce.com\/de\/?page_id=49810\"><span style=\"text-decoration: underline;\">Erfahren Sie hier mehr \u00fcber unsere Sicherheit<\/span><\/a><\/p>\n<p>[\/et_pb_text][\/et_pb_column][\/et_pb_row][\/et_pb_section][et_pb_section fb_built=&#8220;1&#8243; _builder_version=&#8220;4.0.6&#8243;][et_pb_row _builder_version=&#8220;4.0.6&#8243; custom_padding=&#8220;||5px|||&#8220;][et_pb_column type=&#8220;4_4&#8243; _builder_version=&#8220;4.0.6&#8243;][et_pb_text _builder_version=&#8220;4.0.6&#8243; custom_margin=&#8220;||-3px|||&#8220;]<\/p>\n<h2 style=\"text-align: center;\">Weitere Funktionen f\u00fcr Sie<\/h2>\n<p>[\/et_pb_text][\/et_pb_column][\/et_pb_row][et_pb_row column_structure=&#8220;1_4,1_4,1_4,1_4&#8243; use_custom_gutter=&#8220;on&#8220; make_equal=&#8220;on&#8220; _builder_version=&#8220;4.0.6&#8243; module_alignment=&#8220;center&#8220; custom_margin=&#8220;-4px|auto||auto||&#8220; custom_padding=&#8220;20px||||false|false&#8220;][et_pb_column type=&#8220;1_4&#8243; _builder_version=&#8220;4.0.6&#8243; custom_padding=&#8220;|0px||0px|false|false&#8220;][et_pb_text _builder_version=&#8220;4.0.6&#8243; _dynamic_attributes=&#8220;link_option_url&#8220; header_3_font=&#8220;|600|||||||&#8220; background_color=&#8220;#ffffff&#8220; mix_blend_mode=&#8220;multiply&#8220; hover_transition_speed_curve=&#8220;linear&#8220; link_option_url=&#8220;@ET-DC@eyJkeW5hbWljIjp0cnVlLCJjb250ZW50IjoicG9zdF9saW5rX3VybF9wYWdlIiwic2V0dGluZ3MiOnsicG9zdF9pZCI6IjExNCIsImVuYWJsZV9odG1sIjoib2ZmIn19@&#8220; link_option_url_new_window=&#8220;on&#8220; border_width_bottom=&#8220;5px&#8220; border_color_bottom=&#8220;#ff4b28&#8243; filter_hue_rotate__hover_enabled=&#8220;on|hover&#8220; background__hover_enabled=&#8220;on|hover&#8220; background_color__hover=&#8220;#ff4b28&#8243; background_enable_color__hover=&#8220;on&#8220; text_text_color__hover_enabled=&#8220;on|hover&#8220; text_text_color__hover=&#8220;#ffffff&#8220; header_text_color__hover_enabled=&#8220;on|hover&#8220; header_text_color__hover=&#8220;#ffffff&#8220; header_3_text_color__hover_enabled=&#8220;on|hover&#8220; header_3_text_color__hover=&#8220;#ffffff&#8220;]<\/p>\n<h3 style=\"text-align: center;\">Verwaltung Ihres Programms<\/h3>\n<p style=\"text-align: center;\">Leistungsstarke Konfigurationsoptionen. Einfache Programmverwaltung. Entspannte Teams.  <\/p>\n<p style=\"text-align: center;\">[\/et_pb_text][\/et_pb_column][et_pb_column type=&#8220;1_4&#8243; _builder_version=&#8220;4.0.6&#8243;][et_pb_text _builder_version=&#8220;4.0.6&#8243; _dynamic_attributes=&#8220;link_option_url&#8220; header_3_font=&#8220;|600|||||||&#8220; background_color=&#8220;#ffffff&#8220; mix_blend_mode=&#8220;multiply&#8220; link_option_url=&#8220;@ET-DC@eyJkeW5hbWljIjp0cnVlLCJjb250ZW50IjoicG9zdF9saW5rX3VybF9wYWdlIiwic2V0dGluZ3MiOnsicG9zdF9pZCI6IjExNCIsImVuYWJsZV9odG1sIjoib2ZmIn19@&#8220; link_option_url_new_window=&#8220;on&#8220; border_width_bottom=&#8220;5px&#8220; border_color_bottom=&#8220;#f2b71e&#8220; filter_hue_rotate__hover_enabled=&#8220;on|hover&#8220; background__hover_enabled=&#8220;on|hover&#8220; background_color__hover=&#8220;#f2b71e&#8220; background_enable_color__hover=&#8220;on&#8220; text_text_color__hover_enabled=&#8220;on|hover&#8220; text_text_color__hover=&#8220;#ffffff&#8220; header_text_color__hover_enabled=&#8220;on|hover&#8220; header_text_color__hover=&#8220;#ffffff&#8220; header_3_text_color__hover_enabled=&#8220;on|hover&#8220; header_3_text_color__hover=&#8220;#ffffff&#8220;]<\/p>\n<h3 style=\"text-align: center;\">Bewertungs-<br \/>Suite<\/h3>\n<p style=\"text-align: center;\">Ausgekl\u00fcgelt und doch einfach zu bedienen. <br \/>Unterst\u00fctzt Ihre Juroren bei wichtigen Entscheidungen.<\/p>\n<p style=\"text-align: center;\">[\/et_pb_text][\/et_pb_column][et_pb_column type=&#8220;1_4&#8243; _builder_version=&#8220;4.0.6&#8243;][et_pb_text _builder_version=&#8220;4.0.6&#8243; _dynamic_attributes=&#8220;link_option_url&#8220; header_3_font=&#8220;|600|||||||&#8220; background_color=&#8220;#ffffff&#8220; mix_blend_mode=&#8220;multiply&#8220; link_option_url=&#8220;@ET-DC@eyJkeW5hbWljIjp0cnVlLCJjb250ZW50IjoicG9zdF9saW5rX3VybF9wYWdlIiwic2V0dGluZ3MiOnsicG9zdF9pZCI6IjExNCIsImVuYWJsZV9odG1sIjoib2ZmIn19@&#8220; link_option_url_new_window=&#8220;on&#8220; border_width_bottom=&#8220;5px&#8220; border_color_bottom=&#8220;#3b47f4&#8243; filter_hue_rotate__hover_enabled=&#8220;on|hover&#8220; background__hover_enabled=&#8220;on|hover&#8220; background_color__hover=&#8220;#3b47f4&#8243; background_enable_color__hover=&#8220;on&#8220; text_text_color__hover_enabled=&#8220;on|hover&#8220; text_text_color__hover=&#8220;#ffffff&#8220; header_text_color__hover_enabled=&#8220;on|hover&#8220; header_text_color__hover=&#8220;#ffffff&#8220; header_3_text_color__hover_enabled=&#8220;on|hover&#8220; header_3_text_color__hover=&#8220;#ffffff&#8220;]<\/p>\n<h3 style=\"text-align: center;\">Teilnehmererfahrung und Benutzerfreundlichkeit<\/h3>\n<p style=\"text-align: center;\">Alle Funktionen, die Ihren Teilnehmern helfen, bessere und mehr Beitr\u00e4ge einzureichen. <\/p>\n<p style=\"text-align: center;\">[\/et_pb_text][\/et_pb_column][et_pb_column type=&#8220;1_4&#8243; _builder_version=&#8220;4.0.6&#8243;][et_pb_text _builder_version=&#8220;4.0.6&#8243; _dynamic_attributes=&#8220;link_option_url&#8220; header_3_font=&#8220;|600|||||||&#8220; background_color=&#8220;#ffffff&#8220; mix_blend_mode=&#8220;multiply&#8220; link_option_url=&#8220;@ET-DC@eyJkeW5hbWljIjp0cnVlLCJjb250ZW50IjoicG9zdF9saW5rX3VybF9wYWdlIiwic2V0dGluZ3MiOnsicG9zdF9pZCI6IjExNCIsImVuYWJsZV9odG1sIjoib2ZmIn19@&#8220; link_option_url_new_window=&#8220;on&#8220; border_width_bottom=&#8220;5px&#8220; border_color_bottom=&#8220;#ff8299&#8243; filter_hue_rotate__hover_enabled=&#8220;on|hover&#8220; background__hover_enabled=&#8220;on|hover&#8220; background_color__hover=&#8220;#ff8299&#8243; background_enable_color__hover=&#8220;on&#8220; text_text_color__hover_enabled=&#8220;on|hover&#8220; text_text_color__hover=&#8220;#ffffff&#8220; header_text_color__hover_enabled=&#8220;on|hover&#8220; header_text_color__hover=&#8220;#ffffff&#8220; header_3_text_color__hover_enabled=&#8220;on|hover&#8220; header_3_text_color__hover=&#8220;#ffffff&#8220;]<\/p>\n<h3 style=\"text-align: center;\">Marken-<br \/>promotion<\/h3>\n<p style=\"text-align: center;\">Funktionen, die Ihnen helfen, Ihre Marke anzupassen und Ihre Sichtbarkeit zu erweitern<\/p>\n<p style=\"text-align: center;\">[\/et_pb_text][\/et_pb_column][\/et_pb_row][et_pb_row _builder_version=&#8220;4.0.6&#8243;][et_pb_column type=&#8220;4_4&#8243; _builder_version=&#8220;4.0.6&#8243;][et_pb_button button_url=&#8220;@ET-DC@eyJkeW5hbWljIjp0cnVlLCJjb250ZW50IjoicG9zdF9saW5rX3VybF9wYWdlIiwic2V0dGluZ3MiOnsicG9zdF9pZCI6IjEwMSIsImVuYWJsZV9odG1sIjoib2ZmIn19@&#8220; button_text=&#8220;Demo anfordern&#8220; button_alignment=&#8220;center&#8220; _builder_version=&#8220;4.0.6&#8243; _dynamic_attributes=&#8220;button_url&#8220; custom_button=&#8220;on&#8220; button_text_size=&#8220;18px&#8220; button_border_radius=&#8220;3px&#8220; button_letter_spacing=&#8220;0px&#8220; button_font=&#8220;Open Sans||||||||&#8220; button_use_icon=&#8220;off&#8220; custom_margin=&#8220;||19px|||&#8220;][\/et_pb_button][et_pb_text _builder_version=&#8220;4.0.6&#8243; header_text_color=&#8220;#3a47f4&#8243; header_3_text_color=&#8220;#3a47f4&#8243;]<\/p>\n<h3 id=\"yui_3_17_2_1_1574987281802_580\" style=\"text-align: center;\"><a href=\"https:\/\/awardforce.com\/de\/?page_id=47406\">Preise ansehen<\/a> | <a href=\"https:\/\/awardforce.com\/de\/?page_id=50147\">FAQs<\/a><\/h3>\n<p>[\/et_pb_text][\/et_pb_column][\/et_pb_row][et_pb_row _builder_version=&#8220;4.0.6&#8243;][et_pb_column type=&#8220;4_4&#8243; _builder_version=&#8220;4.0.6&#8243;][\/et_pb_column][\/et_pb_row][\/et_pb_section]<\/p>\n","protected":false},"excerpt":{"rendered":"<p>Ruhe bewahren und Risiken managen Risiken minimieren Ein Preis-, F\u00f6rder- oder Stipendienprogramm zu betreiben, bringt viele Herausforderungen mit sich. Es ist schon schwierig genug, sicherzustellen, dass Ihre Teilnehmer ihre Beitr\u00e4ge p\u00fcnktlich einreichen, die Jury zu koordinieren und alles im Zeitplan zu halten \u2013 ohne sich Sorgen um Informationsverlust, potenziellen Betrug und die Verwaltung der Benutzerdaten machen zu m\u00fcssen. Award Force wei\u00df, dass die Zeit nicht immer auf Ihrer Seite ist, deshalb haben wir Funktionen entwickelt, um Ihr Risiko zu minimieren, w\u00e4hrend Sie sich auf das konzentrieren k\u00f6nnen, was Sie am besten k\u00f6nnen \u2013 Exzellenz anerkennen. Einige der cleveren Wege, wie wir Risiken minimieren: Automatisches Speichern So etwas passiert. Leute vergessen, vor dem Verlassen einer Seite auf Speichern zu klicken, ihr Mobilger\u00e4t geht aus, sie schlie\u00dfen ihren Browser versehentlich\u2026 Mit unserer Auto-Speicherfunktion m\u00fcssen sich Teilnehmer nie Sorgen machen, dass ihr Beitrag besch\u00e4digt wird oder ihre \u201eArbeit\u201c verloren geht, und Sie m\u00fcssen sich nie Sorgen machen, dass entt\u00e4uschte Teilnehmer ihren Beitrag erneut einreichen m\u00fcssen. Audit Award Force verf\u00fcgt \u00fcber eine integrierte Audit-Funktionalit\u00e4t. \u00dcberpr\u00fcfen Sie einfach, wann ein Beitrag ge\u00e4ndert wurde, wer eine Kategorie gel\u00f6scht hat und ob Exporte erstellt wurden. Unsere Audit-Funktionalit\u00e4t bietet Funktionen zur Einhaltung des Datenschutzes, zum Beispiel hilft sie [&hellip;]<\/p>\n","protected":false},"author":2,"featured_media":0,"parent":0,"menu_order":0,"comment_status":"closed","ping_status":"closed","template":"","meta":{"_acf_changed":false,"_et_pb_use_builder":"on","_et_pb_old_content":"","_et_gb_content_width":"","footnotes":""},"class_list":["post-50144","page","type-page","status-publish","hentry"],"acf":[],"_links":{"self":[{"href":"https:\/\/awardforce.com\/de\/wp-json\/wp\/v2\/pages\/50144","targetHints":{"allow":["GET"]}}],"collection":[{"href":"https:\/\/awardforce.com\/de\/wp-json\/wp\/v2\/pages"}],"about":[{"href":"https:\/\/awardforce.com\/de\/wp-json\/wp\/v2\/types\/page"}],"author":[{"embeddable":true,"href":"https:\/\/awardforce.com\/de\/wp-json\/wp\/v2\/users\/2"}],"replies":[{"embeddable":true,"href":"https:\/\/awardforce.com\/de\/wp-json\/wp\/v2\/comments?post=50144"}],"version-history":[{"count":6,"href":"https:\/\/awardforce.com\/de\/wp-json\/wp\/v2\/pages\/50144\/revisions"}],"predecessor-version":[{"id":50468,"href":"https:\/\/awardforce.com\/de\/wp-json\/wp\/v2\/pages\/50144\/revisions\/50468"}],"wp:attachment":[{"href":"https:\/\/awardforce.com\/de\/wp-json\/wp\/v2\/media?parent=50144"}],"curies":[{"name":"wp","href":"https:\/\/api.w.org\/{rel}","templated":true}]}}