{"id":50141,"date":"2025-08-08T12:39:49","date_gmt":"2025-08-08T12:39:49","guid":{"rendered":"https:\/\/awardforce.com\/?page_id=50141"},"modified":"2025-09-24T07:41:14","modified_gmt":"2025-09-24T07:41:14","slug":"e-book-angebot-sponsoren-gewinnen-kundenangebot","status":"publish","type":"page","link":"https:\/\/awardforce.com\/de\/e-book-angebot-sponsoren-gewinnen-kundenangebot\/","title":{"rendered":"E-Book-Angebot: Sponsoren gewinnen (Kundenangebot)"},"content":{"rendered":"<p>[et_pb_section fb_built=&#8220;1&#8243; admin_label=&#8220;section&#8220; _builder_version=&#8220;4.16&#8243; global_colors_info=&#8220;{}&#8220;][et_pb_row _builder_version=&#8220;4.16&#8243; global_colors_info=&#8220;{}&#8220;][et_pb_column type=&#8220;4_4&#8243; _builder_version=&#8220;4.16&#8243; global_colors_info=&#8220;{}&#8220;][et_pb_text _builder_version=&#8220;4.16&#8243; global_colors_info=&#8220;{}&#8220;]<\/p>\n<h1 style=\"text-align: center;\">M\u00fcssen Sie Sponsoren f\u00fcr Ihr Programm gewinnen?<\/h1>\n<p>[\/et_pb_text][\/et_pb_column][\/et_pb_row][et_pb_row column_structure=&#8220;1_2,1_2&#8243; _builder_version=&#8220;4.16&#8243; custom_padding=&#8220;||5px|||&#8220; global_colors_info=&#8220;{}&#8220;][et_pb_column type=&#8220;1_2&#8243; _builder_version=&#8220;4.16&#8243; global_colors_info=&#8220;{}&#8220;][et_pb_image src=&#8220;https:\/\/awardforce.com\/wp-content\/uploads\/2019\/12\/Howtoattractsponsors.png&#8220; force_fullwidth=&#8220;on&#8220; _builder_version=&#8220;4.16&#8243; custom_margin=&#8220;||-2px|||&#8220; global_colors_info=&#8220;{}&#8220;][\/et_pb_image][\/et_pb_column][et_pb_column type=&#8220;1_2&#8243; _builder_version=&#8220;4.16&#8243; global_colors_info=&#8220;{}&#8220;][et_pb_text _builder_version=&#8220;4.23.4&#8243; hover_enabled=&#8220;0&#8243; global_colors_info=&#8220;{}&#8220; sticky_enabled=&#8220;0&#8243;]<\/p>\n<h2 class=\"h4\">Unser E-Book begleitet Sponsorensuchende durch den gesamten Prozess der Sponsorengewinnung, von der ersten Strategie bis zur finalen Unterzeichnung.<\/h4>\n<h2 class=\"h4\">Es ist eine hervorragende Lekt\u00fcre f\u00fcr alle, die noch nie Sponsoren gesucht haben, und ebenso n\u00fctzlich als Auffrischung f\u00fcr diejenigen, die bereits Erfahrung damit haben.<\/h4>\n<p>[\/et_pb_text][et_pb_button button_url=&#8220;\/wp-content\/uploads\/2019\/12\/How-to-attract-sponsors.pdf&#8220; url_new_window=&#8220;on&#8220; button_text=&#8220;E-Book herunterladen&#8220; _builder_version=&#8220;4.16&#8243; global_colors_info=&#8220;{}&#8220;][\/et_pb_button][\/et_pb_column][\/et_pb_row][et_pb_row column_structure=&#8220;1_2,1_2&#8243; _builder_version=&#8220;4.16&#8243; global_colors_info=&#8220;{}&#8220;][et_pb_column type=&#8220;1_2&#8243; _builder_version=&#8220;4.16&#8243; global_colors_info=&#8220;{}&#8220;][et_pb_text _builder_version=&#8220;4.16&#8243; global_colors_info=&#8220;{}&#8220;]<\/p>\n<div class=\"row sqs-row\">\n<div class=\"col sqs-col-10 span-10\">\n<div class=\"sqs-block html-block sqs-block-html\" data-block-type=\"2\" id=\"block-d5e90e5ec1a621d54608\">\n<div class=\"sqs-block-content\">\n<h2>Themen sind:<\/h2>\n<\/div>\n<\/div>\n<\/div>\n<\/div>\n<div class=\"row sqs-row\">\n<div class=\"col sqs-col-2 span-2\">\n<div class=\"sqs-block spacer-block sqs-block-spacer\" data-aspect-ratio=\"19.84732824427481\" data-block-type=\"21\" id=\"block-ba15693810cfe0f7fe06\">\n<div class=\"sqs-block-content sqs-intrinsic\" id=\"yui_3_17_2_1_1576186602496_228\"><\/div>\n<\/div>\n<\/div>\n<div class=\"col sqs-col-4 span-4\">\n<div class=\"sqs-block html-block sqs-block-html\" data-block-type=\"2\" id=\"block-a8c0f0e2ef5d5150905f\">\n<div class=\"sqs-block-content\">\n<ul data-rte-list=\"default\">\n<li>\n<p class=\"\">Anf\u00e4ngliche Sponsoring-Strategie<\/p>\n<\/li>\n<li>\n<p class=\"\">Potenzielle Sponsoren entdecken<\/p>\n<\/li>\n<li>\n<p class=\"\">Sponsoren treffen<\/p>\n<\/li>\n<\/ul>\n<\/div>\n<\/div>\n<\/div>\n<div class=\"col sqs-col-6 span-6\">\n<div class=\"sqs-block html-block sqs-block-html\" data-block-type=\"2\" id=\"block-ed940061c8516295a232\">\n<div class=\"sqs-block-content\">\n<ul data-rte-list=\"default\">\n<li>\n<p class=\"\">Einen Vorschlag erstellen<\/p>\n<\/li>\n<li>\n<p class=\"\">Lieferung<\/p>\n<\/li>\n<li>\n<p class=\"\">Den Deal abschlie\u00dfen<\/p>\n<\/li>\n<\/ul>\n<\/div>\n<\/div>\n<\/div>\n<\/div>\n<p>[\/et_pb_text][\/et_pb_column][et_pb_column type=&#8220;1_2&#8243; _builder_version=&#8220;4.16&#8243; global_colors_info=&#8220;{}&#8220;][et_pb_text _builder_version=&#8220;4.16&#8243; global_colors_info=&#8220;{}&#8220;]<\/p>\n<div class=\"row sqs-row\">\n<div class=\"col sqs-col-10 span-10\">\n<div class=\"sqs-block html-block sqs-block-html\" data-block-type=\"2\" id=\"block-d5e90e5ec1a621d54608\">\n<h2 class=\"sqs-block-content\"><span style=\"color: #000000; font-family: Montserrat, Helvetica, Arial, Lucida, sans-serif; font-size: 34px;\">F\u00fcr wen ist dieser Leitfaden?<\/span><\/h2>\n<\/div>\n<\/div>\n<\/div>\n<div class=\"row sqs-row\">\n<div class=\"col sqs-col-8 span-8\">\n<div class=\"sqs-block html-block sqs-block-html\" data-block-type=\"2\" id=\"block-yui_3_17_2_1_1555989245048_9563\">\n<div class=\"sqs-block-content\">\n<p class=\"\">Dieser Leitfaden ist f\u00fcr jedes Award-Programm, das Sponsoren f\u00fcr seine Programme gewinnen m\u00f6chte:<\/p>\n<ul data-rte-list=\"default\">\n<li>\n<p class=\"\"><strong>Awards<\/strong>: Nominierungen, Wettbewerbe oder Preisausschreiben.<\/p>\n<\/li>\n<li>\n<p class=\"\"><strong>Stipendien<\/strong>: Organisationen, die Stipendien oder Geschenke vergeben<\/p>\n<\/li>\n<li>\n<p class=\"\"><strong>Kreativ-Awards<\/strong>: Musik-, Film-, Design-, Fotografie- oder Kunstpreise<\/p>\n<\/li>\n<li>\n<p class=\"\"><strong>Startup<\/strong>: Inkubator-, Accelerator-, VC- oder F\u00f6rderprogramme<\/p>\n<\/li>\n<li>\n<p class=\"\"><strong>Akademisch<\/strong>: Stipendien, Abstracts, Fellowships oder Portfolios.<\/p>\n<\/li>\n<li>\n<p class=\"\"><strong>HR<\/strong>: Mitarbeiter-Exzellenz oder Mitarbeiter-Anerkennung<\/p>\n<\/li>\n<\/ul>\n<\/div>\n<\/div>\n<\/div>\n<\/div>\n<p>[\/et_pb_text][\/et_pb_column][\/et_pb_row][et_pb_row admin_label=&#8220;Zeile&#8220; _builder_version=&#8220;4.16&#8243; background_size=&#8220;initial&#8220; background_position=&#8220;top_left&#8220; background_repeat=&#8220;repeat&#8220; global_colors_info=&#8220;{}&#8220;][et_pb_column type=&#8220;4_4&#8243; _builder_version=&#8220;4.16&#8243; custom_padding=&#8220;|||&#8220; global_colors_info=&#8220;{}&#8220; custom_padding__hover=&#8220;|||&#8220;][\/et_pb_column][\/et_pb_row][\/et_pb_section]<\/p>\n","protected":false},"excerpt":{"rendered":"<p>M\u00fcssen Sie Sponsoren f\u00fcr Ihr Programm gewinnen?Unser E-Book begleitet Sponsorensuchende durch den gesamten Prozess der Sponsorengewinnung, von der ersten Strategie bis zur finalen Unterzeichnung. Es ist eine hervorragende Lekt\u00fcre f\u00fcr alle, die noch nie Sponsoren gesucht haben, und ebenso n\u00fctzlich als Auffrischung f\u00fcr diejenigen, die bereits Erfahrung damit haben. Themen sind: Anf\u00e4ngliche Sponsoring-Strategie Potenzielle Sponsoren entdecken Sponsoren treffen Einen Vorschlag erstellen Lieferung Den Deal abschlie\u00dfen F\u00fcr wen ist dieser Leitfaden? Dieser Leitfaden ist f\u00fcr jedes Award-Programm, das Sponsoren f\u00fcr seine Programme gewinnen m\u00f6chte: Awards: Nominierungen, Wettbewerbe oder Preisausschreiben. Stipendien: Organisationen, die Stipendien oder Geschenke vergeben Kreativ-Awards: Musik-, Film-, Design-, Fotografie- oder Kunstpreise Startup: Inkubator-, Accelerator-, VC- oder F\u00f6rderprogramme Akademisch: Stipendien, Abstracts, Fellowships oder Portfolios. HR: Mitarbeiter-Exzellenz oder Mitarbeiter-Anerkennung<\/p>\n","protected":false},"author":2,"featured_media":0,"parent":0,"menu_order":0,"comment_status":"closed","ping_status":"closed","template":"","meta":{"_acf_changed":false,"_et_pb_use_builder":"on","_et_pb_old_content":"","_et_gb_content_width":"","footnotes":""},"class_list":["post-50141","page","type-page","status-publish","hentry"],"acf":[],"_links":{"self":[{"href":"https:\/\/awardforce.com\/de\/wp-json\/wp\/v2\/pages\/50141","targetHints":{"allow":["GET"]}}],"collection":[{"href":"https:\/\/awardforce.com\/de\/wp-json\/wp\/v2\/pages"}],"about":[{"href":"https:\/\/awardforce.com\/de\/wp-json\/wp\/v2\/types\/page"}],"author":[{"embeddable":true,"href":"https:\/\/awardforce.com\/de\/wp-json\/wp\/v2\/users\/2"}],"replies":[{"embeddable":true,"href":"https:\/\/awardforce.com\/de\/wp-json\/wp\/v2\/comments?post=50141"}],"version-history":[{"count":9,"href":"https:\/\/awardforce.com\/de\/wp-json\/wp\/v2\/pages\/50141\/revisions"}],"predecessor-version":[{"id":50189,"href":"https:\/\/awardforce.com\/de\/wp-json\/wp\/v2\/pages\/50141\/revisions\/50189"}],"wp:attachment":[{"href":"https:\/\/awardforce.com\/de\/wp-json\/wp\/v2\/media?parent=50141"}],"curies":[{"name":"wp","href":"https:\/\/api.w.org\/{rel}","templated":true}]}}