{"id":50128,"date":"2025-08-08T12:39:49","date_gmt":"2025-08-08T12:39:49","guid":{"rendered":"https:\/\/awardforce.com\/?page_id=50128"},"modified":"2025-09-24T07:41:12","modified_gmt":"2025-09-24T07:41:12","slug":"fair-use-richtlinie","status":"publish","type":"page","link":"https:\/\/awardforce.com\/de\/fair-use-richtlinie\/","title":{"rendered":"Fair-Use-Richtlinie"},"content":{"rendered":"<p>[et_pb_section fb_built=&#8220;1&#8243; admin_label=&#8220;section&#8220; _builder_version=&#8220;3.22&#8243;][et_pb_row column_structure=&#8220;1_3,1_3,1_3&#8243; _builder_version=&#8220;4.0.11&#8243; custom_padding=&#8220;||0px|||&#8220;][et_pb_column type=&#8220;1_3&#8243; _builder_version=&#8220;4.0.11&#8243;][\/et_pb_column][et_pb_column type=&#8220;1_3&#8243; _builder_version=&#8220;4.0.11&#8243;][\/et_pb_column][et_pb_column type=&#8220;1_3&#8243; _builder_version=&#8220;4.0.11&#8243;][et_pb_text _builder_version=&#8220;4.0.11&#8243; custom_margin=&#8220;||0px||false|false&#8220; custom_padding=&#8220;||0px||false|false&#8220;]<\/p>\n<p><strong>Diese Seite \u00fcbersetzen:<\/strong><\/p>\n<p>[\/et_pb_text][et_pb_code _builder_version=&#8220;4.0.11&#8243; custom_margin=&#8220;0px||0px||false|false&#8220; custom_padding=&#8220;0px||0px||false|false&#8220;]<script type=\"text\/javascript\" src=\"\/\/translate.google.com\/translate_a\/element.js?cb=googleTranslateElementInit\"><\/script>[\/et_pb_code][et_pb_code _builder_version=&#8220;4.0.11&#8243; custom_margin=&#8220;0px||0px||false|false&#8220; custom_padding=&#8220;0px||0px||false|false&#8220;]<script type=\"text\/javascript\"><!-- [et_pb_line_break_holder] -->function googleTranslateElementInit() {<!-- [et_pb_line_break_holder] -->  new google.translate.TranslateElement({pageLanguage: 'en'}, 'google_translate_element');<!-- [et_pb_line_break_holder] -->}<!-- [et_pb_line_break_holder] --><\/script>[\/et_pb_code][et_pb_code _builder_version=&#8220;4.0.11&#8243;]<\/p>\n<div id=\"google_translate_element\"><\/div>\n<p>[\/et_pb_code][\/et_pb_column][\/et_pb_row][et_pb_row admin_label=&#8220;Zeile&#8220; _builder_version=&#8220;3.25&#8243; background_size=&#8220;initial&#8220; background_position=&#8220;top_left&#8220; background_repeat=&#8220;repeat&#8220; custom_padding=&#8220;2px|||||&#8220;][et_pb_column type=&#8220;4_4&#8243; _builder_version=&#8220;3.25&#8243; custom_padding=&#8220;|||&#8220; custom_padding__hover=&#8220;|||&#8220;][et_pb_text admin_label=&#8220;Text&#8220; _builder_version=&#8220;3.27.4&#8243; background_size=&#8220;initial&#8220; background_position=&#8220;top_left&#8220; background_repeat=&#8220;repeat&#8220;]<\/p>\n<h1 style=\"white-space: pre-wrap;\">Fair-Use-Richtlinie<\/h1>\n<p class=\"\" style=\"white-space: pre-wrap;\">Zuletzt aktualisiert: 18. April 2019<\/p>\n<p class=\"\" style=\"white-space: pre-wrap;\">Bei Award Force glauben wir daran, Ihnen, unseren Kunden, bestm\u00f6glich dabei zu helfen, Ihre Ziele zu erreichen. Wir wissen, dass Wachstum oft ein zentrales Ziel ist, und wir bieten viele Funktionen, die dies unterst\u00fctzen. Mit Blick auf Wachstumsziele haben wir den au\u00dfergew\u00f6hnlichen Schritt unternommen, <strong>die meisten Beschr\u00e4nkungen<\/strong> unserer Abonnementpl\u00e4ne aufzuheben. Wir m\u00f6chten, dass Sie Ihr Programm ohne willk\u00fcrliche Volumenbeschr\u00e4nkungen f\u00fcr den von Ihnen gew\u00e4hlten Plan ausbauen k\u00f6nnen.   <\/p>\n<p class=\"\" style=\"white-space: pre-wrap;\">In der Praxis m\u00fcssen wir auch sicherstellen, dass eine \u00fcberm\u00e4\u00dfige Nutzung durch einige Kunden andere Kunden nicht negativ und unfair beeintr\u00e4chtigt. Durch diese Fair-Use-Richtlinie behalten wir uns das Recht vor, ein Upgrade Ihres Kontos auf einen h\u00f6heren Plan zu verlangen, wenn Ihre Nutzung f\u00fcr den von Ihnen derzeit genutzten Plan als unfair \u00fcberm\u00e4\u00dfig angesehen wird. <\/p>\n<p class=\"\" style=\"white-space: pre-wrap;\">Wir definieren \u201eunfair \u00fcberm\u00e4\u00dfig\u201c als jedes Konto, das <strong>mehr als das F\u00fcnffache des Durchschnitts<\/strong> aller aktiven Konten desselben Plans nutzt, und zwar in <strong>einer beliebigen<\/strong> der folgenden Messgr\u00f6\u00dfen:<\/p>\n<ul data-rte-list=\"default\">\n<li>\n<p class=\"\" style=\"white-space: pre-wrap;\">Einreichungen (Eintr\u00e4ge, die in den letzten zw\u00f6lf Monaten eingereicht wurden)<\/p>\n<\/li>\n<li>\n<p class=\"\" style=\"white-space: pre-wrap;\">Felder (Anzahl der aktiven Felder in der aktuell aktiven Saison)<\/p>\n<\/li>\n<li>\n<p class=\"\" style=\"white-space: pre-wrap;\">Dateikapazit\u00e4t (Gesamtdatenvolumen aller gespeicherten Dateien, die in den letzten zw\u00f6lf Monaten hochgeladen wurden)<\/p>\n<\/li>\n<\/ul>\n<p class=\"\" style=\"white-space: pre-wrap;\">Wir werden Sie immer \u00fcber eine \u00fcberm\u00e4\u00dfige Nutzung und die Notwendigkeit eines Plan-Upgrades informieren, bevor wir Ma\u00dfnahmen ergreifen, um Ihr Konto zu aktualisieren und den h\u00f6heren Plan in Rechnung zu stellen.<\/p>\n<p class=\"\" data-rte-preserve-empty=\"true\" style=\"white-space: pre-wrap;\">\n<p>[\/et_pb_text][\/et_pb_column][\/et_pb_row][\/et_pb_section]<\/p>\n","protected":false},"excerpt":{"rendered":"<p>Diese Seite \u00fcbersetzen:Fair-Use-Richtlinie Zuletzt aktualisiert: 18. April 2019 Bei Award Force glauben wir daran, Ihnen, unseren Kunden, bestm\u00f6glich dabei zu helfen, Ihre Ziele zu erreichen. Wir wissen, dass Wachstum oft ein zentrales Ziel ist, und wir bieten viele Funktionen, die dies unterst\u00fctzen. Mit Blick auf Wachstumsziele haben wir den au\u00dfergew\u00f6hnlichen Schritt unternommen, die meisten Beschr\u00e4nkungen unserer Abonnementpl\u00e4ne aufzuheben. Wir m\u00f6chten, dass Sie Ihr Programm ohne willk\u00fcrliche Volumenbeschr\u00e4nkungen f\u00fcr den von Ihnen gew\u00e4hlten Plan ausbauen k\u00f6nnen. In der Praxis m\u00fcssen wir auch sicherstellen, dass eine \u00fcberm\u00e4\u00dfige Nutzung durch einige Kunden andere Kunden nicht negativ und unfair beeintr\u00e4chtigt. Durch diese Fair-Use-Richtlinie behalten wir uns das Recht vor, ein Upgrade Ihres Kontos auf einen h\u00f6heren Plan zu verlangen, wenn Ihre Nutzung f\u00fcr den von Ihnen derzeit genutzten Plan als unfair \u00fcberm\u00e4\u00dfig angesehen wird. Wir definieren \u201eunfair \u00fcberm\u00e4\u00dfig\u201c als jedes Konto, das mehr als das F\u00fcnffache des Durchschnitts aller aktiven Konten desselben Plans nutzt, und zwar in einer beliebigen der folgenden Messgr\u00f6\u00dfen: Einreichungen (Eintr\u00e4ge, die in den letzten zw\u00f6lf Monaten eingereicht wurden) Felder (Anzahl der aktiven Felder in der aktuell aktiven Saison) Dateikapazit\u00e4t (Gesamtdatenvolumen aller gespeicherten Dateien, die in den letzten zw\u00f6lf Monaten hochgeladen wurden) Wir werden Sie immer \u00fcber eine \u00fcberm\u00e4\u00dfige Nutzung und [&hellip;]<\/p>\n","protected":false},"author":2,"featured_media":0,"parent":0,"menu_order":0,"comment_status":"closed","ping_status":"closed","template":"","meta":{"_acf_changed":false,"_et_pb_use_builder":"on","_et_pb_old_content":"","_et_gb_content_width":"","footnotes":""},"class_list":["post-50128","page","type-page","status-publish","hentry"],"acf":[],"_links":{"self":[{"href":"https:\/\/awardforce.com\/de\/wp-json\/wp\/v2\/pages\/50128","targetHints":{"allow":["GET"]}}],"collection":[{"href":"https:\/\/awardforce.com\/de\/wp-json\/wp\/v2\/pages"}],"about":[{"href":"https:\/\/awardforce.com\/de\/wp-json\/wp\/v2\/types\/page"}],"author":[{"embeddable":true,"href":"https:\/\/awardforce.com\/de\/wp-json\/wp\/v2\/users\/2"}],"replies":[{"embeddable":true,"href":"https:\/\/awardforce.com\/de\/wp-json\/wp\/v2\/comments?post=50128"}],"version-history":[{"count":2,"href":"https:\/\/awardforce.com\/de\/wp-json\/wp\/v2\/pages\/50128\/revisions"}],"predecessor-version":[{"id":50130,"href":"https:\/\/awardforce.com\/de\/wp-json\/wp\/v2\/pages\/50128\/revisions\/50130"}],"wp:attachment":[{"href":"https:\/\/awardforce.com\/de\/wp-json\/wp\/v2\/media?parent=50128"}],"curies":[{"name":"wp","href":"https:\/\/api.w.org\/{rel}","templated":true}]}}