{"id":50124,"date":"2025-08-08T12:39:48","date_gmt":"2025-08-08T12:39:48","guid":{"rendered":"https:\/\/awardforce.com\/?page_id=50124"},"modified":"2025-09-24T07:41:08","modified_gmt":"2025-09-24T07:41:08","slug":"abonnement-abgebrochen","status":"publish","type":"page","link":"https:\/\/awardforce.com\/de\/abonnement-abgebrochen\/","title":{"rendered":"Abonnement abgebrochen"},"content":{"rendered":"<h1 style=\"white-space:pre-wrap;\">Noch nicht bereit?<\/h1>\n<p class=\"\" style=\"white-space:pre-wrap;\">Sie sind sich nicht sicher, ob Award Force das Richtige f\u00fcr Sie ist? Vielleicht hilft es, mit einem unserer Teammitglieder zu sprechen. Buchen Sie einen Termin f\u00fcr ein Gespr\u00e4ch, um Ihre Bed\u00fcrfnisse zu besprechen.  <\/p>\n","protected":false},"excerpt":{"rendered":"<p>Noch nicht bereit? Sie sind sich nicht sicher, ob Award Force das Richtige f\u00fcr Sie ist? Vielleicht hilft es, mit einem unserer Teammitglieder zu sprechen. Buchen Sie einen Termin f\u00fcr ein Gespr\u00e4ch, um Ihre Bed\u00fcrfnisse zu besprechen.<\/p>\n","protected":false},"author":2,"featured_media":0,"parent":0,"menu_order":0,"comment_status":"closed","ping_status":"closed","template":"","meta":{"_acf_changed":false,"_et_pb_use_builder":"","_et_pb_old_content":"","_et_gb_content_width":"","footnotes":""},"class_list":["post-50124","page","type-page","status-publish","hentry"],"acf":[],"_links":{"self":[{"href":"https:\/\/awardforce.com\/de\/wp-json\/wp\/v2\/pages\/50124","targetHints":{"allow":["GET"]}}],"collection":[{"href":"https:\/\/awardforce.com\/de\/wp-json\/wp\/v2\/pages"}],"about":[{"href":"https:\/\/awardforce.com\/de\/wp-json\/wp\/v2\/types\/page"}],"author":[{"embeddable":true,"href":"https:\/\/awardforce.com\/de\/wp-json\/wp\/v2\/users\/2"}],"replies":[{"embeddable":true,"href":"https:\/\/awardforce.com\/de\/wp-json\/wp\/v2\/comments?post=50124"}],"version-history":[{"count":1,"href":"https:\/\/awardforce.com\/de\/wp-json\/wp\/v2\/pages\/50124\/revisions"}],"predecessor-version":[{"id":50166,"href":"https:\/\/awardforce.com\/de\/wp-json\/wp\/v2\/pages\/50124\/revisions\/50166"}],"wp:attachment":[{"href":"https:\/\/awardforce.com\/de\/wp-json\/wp\/v2\/media?parent=50124"}],"curies":[{"name":"wp","href":"https:\/\/api.w.org\/{rel}","templated":true}]}}