{"id":50067,"date":"2019-12-24T00:44:46","date_gmt":"2019-12-24T00:44:46","guid":{"rendered":"https:\/\/awardforce.com\/?page_id=50067"},"modified":"2026-04-15T09:50:12","modified_gmt":"2026-04-15T09:50:12","slug":"erweitern-sie-ihr-programm","status":"publish","type":"page","link":"https:\/\/awardforce.com\/de\/erweitern-sie-ihr-programm\/","title":{"rendered":"Erweitern Sie Ihr Programm"},"content":{"rendered":"<p>[et_pb_section fb_built=&#8220;1&#8243; _builder_version=&#8220;4.16&#8243; background_image=&#8220;https:\/\/awardforce.com\/wp-content\/uploads\/2021\/07\/Elevate.jpg&#8220; background_position=&#8220;bottom_center&#8220; height=&#8220;600px&#8220; custom_margin=&#8220;||||false|false&#8220; custom_padding=&#8220;200px||||false|false&#8220; locked=&#8220;off&#8220; global_colors_info=&#8220;{}&#8220;][et_pb_row _builder_version=&#8220;4.27.4&#8243; max_width=&#8220;1200px&#8220; custom_padding=&#8220;||||false|false&#8220; global_colors_info=&#8220;{}&#8220;][et_pb_column type=&#8220;4_4&#8243; _builder_version=&#8220;4.16&#8243; global_colors_info=&#8220;{}&#8220;][et_pb_text _builder_version=&#8220;4.27.4&#8243; header_font=&#8220;||||||||&#8220; header_text_color=&#8220;#ffffff&#8220; background_color=&#8220;rgba(0,0,0,0)&#8220; width=&#8220;100%&#8220; module_alignment=&#8220;center&#8220; custom_css_main_element=&#8220;H1   -webkit-text-fill-color: white; \/* Will override color (regardless of order) *\/||    text-shadow: 0px 0px 2px #000, 0px 0px 4px #000;||-webkit-text-stroke-width: 0.1px;||  -webkit-text-stroke-color: #000;&#8220; global_colors_info=&#8220;{}&#8220;]<\/p>\n<h1 style=\"text-align: center;\"><span style=\"background-color: #000000;\">Bauen Sie Ihr Awards-Programm aus<\/span><\/h1>\n<p>[\/et_pb_text][\/et_pb_column][\/et_pb_row][\/et_pb_section][et_pb_section fb_built=&#8220;1&#8243; _builder_version=&#8220;4.16&#8243; _module_preset=&#8220;default&#8220; custom_padding=&#8220;||||false|false&#8220; locked=&#8220;off&#8220; global_colors_info=&#8220;{}&#8220;][et_pb_row _builder_version=&#8220;4.16&#8243; _module_preset=&#8220;default&#8220; global_colors_info=&#8220;{}&#8220;][et_pb_column type=&#8220;4_4&#8243; _builder_version=&#8220;4.16&#8243; _module_preset=&#8220;default&#8220; global_colors_info=&#8220;{}&#8220;][et_pb_image src=&#8220;https:\/\/awardforce.com\/wp-content\/uploads\/2022\/06\/Awards-Management-Clients-Strip-2120px.png&#8220; alt=&#8220;Kunden f\u00fcr Auszeichnungsmanagement&#8220; title_text=&#8220;Kunden f\u00fcr Auszeichnungsmanagement&#8220; _builder_version=&#8220;4.17.4&#8243; _module_preset=&#8220;default&#8220; global_colors_info=&#8220;{}&#8220;][\/et_pb_image][\/et_pb_column][\/et_pb_row][\/et_pb_section][et_pb_section fb_built=&#8220;1&#8243; _builder_version=&#8220;4.16&#8243; _module_preset=&#8220;default&#8220; background_color=&#8220;#e9edf4&#8243; locked=&#8220;off&#8220; global_colors_info=&#8220;{}&#8220;][et_pb_row _builder_version=&#8220;4.16&#8243; _module_preset=&#8220;default&#8220; custom_padding=&#8220;0px||27px|||&#8220; global_colors_info=&#8220;{}&#8220;][et_pb_column type=&#8220;4_4&#8243; _builder_version=&#8220;4.16&#8243; _module_preset=&#8220;default&#8220; global_colors_info=&#8220;{}&#8220;][et_pb_text _builder_version=&#8220;4.23.4&#8243; _module_preset=&#8220;default&#8220; global_colors_info=&#8220;{}&#8220;]<\/p>\n<h2 class=\"h3\" style=\"text-align: center;\">Die weltweit #1 Software f\u00fcr Auszeichnungen<\/h2>\n<p>[\/et_pb_text][et_pb_image src=&#8220;https:\/\/awardforce.com\/wp-content\/uploads\/2026\/03\/DE-Awards-management-software-awards-badges-Spring-2026.png&#8220; title_text=&#8220;DE Awards management software awards badges Spring 2026&#8243; _builder_version=&#8220;4.27.6&#8243; _module_preset=&#8220;default&#8220; global_colors_info=&#8220;{}&#8220; global_module=&#8220;58813&#8243; theme_builder_area=&#8220;post_content&#8220;][\/et_pb_image][\/et_pb_column][\/et_pb_row][\/et_pb_section][et_pb_section fb_built=&#8220;1&#8243; _builder_version=&#8220;4.16&#8243; _module_preset=&#8220;default&#8220; global_colors_info=&#8220;{}&#8220;][et_pb_row _builder_version=&#8220;4.16&#8243; _module_preset=&#8220;default&#8220; custom_padding=&#8220;||||false|false&#8220; locked=&#8220;off&#8220; global_colors_info=&#8220;{}&#8220;][et_pb_column type=&#8220;4_4&#8243; _builder_version=&#8220;4.16&#8243; _module_preset=&#8220;default&#8220; global_colors_info=&#8220;{}&#8220;][et_pb_text _builder_version=&#8220;4.16&#8243; header_2_font_size=&#8220;32px&#8220; custom_padding=&#8220;||||false|false&#8220; global_colors_info=&#8220;{}&#8220;]<\/p>\n<h2 style=\"text-align: center; white-space: pre-wrap;\"><span style=\"font-weight: 300;\">Ihre Plattform f\u00fcr Wachstum<\/span><\/h2>\n<p>[\/et_pb_text][et_pb_text _builder_version=&#8220;4.27.4&#8243; _module_preset=&#8220;default&#8220; global_colors_info=&#8220;{}&#8220;]<\/p>\n<h3 class=\"h4\" style=\"text-align: center;\">Nutzen Sie leistungsstarke Funktionen, um Ihren Teilnehmenden ein angenehmes Erlebnis zu bieten und Ihr Programm Saison f\u00fcr Saison zu erweitern.<\/h3>\n<p>[\/et_pb_text][\/et_pb_column][\/et_pb_row][\/et_pb_section][et_pb_section fb_built=&#8220;1&#8243; _builder_version=&#8220;4.16&#8243; custom_margin=&#8220;20px||||false|false&#8220; locked=&#8220;off&#8220; global_colors_info=&#8220;{}&#8220;][et_pb_row column_structure=&#8220;2_5,3_5&#8243; use_custom_gutter=&#8220;on&#8220; gutter_width=&#8220;1&#8243; _builder_version=&#8220;4.16&#8243; _module_preset=&#8220;default&#8220; custom_margin=&#8220;|auto||auto|false|false&#8220; custom_padding=&#8220;||||false|false&#8220; global_colors_info=&#8220;{}&#8220;][et_pb_column type=&#8220;2_5&#8243; _builder_version=&#8220;4.16&#8243; _module_preset=&#8220;default&#8220; global_colors_info=&#8220;{}&#8220;][et_pb_text _builder_version=&#8220;4.27.4&#8243; _module_preset=&#8220;default&#8220; global_colors_info=&#8220;{}&#8220;]<\/p>\n<h3>Funktionen f\u00fcr Wachstum<\/h3>\n<ul class=\"ticks\">\n<li><span><\/span><strong>Shortlist- + Gewinner:innen-Galerien<br \/><\/strong>Erreichen Sie ein breiteres Publikum mit Shortlist- oder Gewinner:innen-Galerien. Superschnell einzurichten und ein Fokuspunkt f\u00fcr Ihre Community, um Erfolge zu feiern und sie mit der Welt zu teilen!<\/li>\n<li><span><\/span><strong>Social Sharing<br \/><\/strong>Social-Sharing-Buttons sind integriert und passen sich automatisch an individuelle Freigabeeinstellungen an. Ermutigen Sie Ihre Community, ihre Beteiligung an Ihrem Programm in ihren sozialen Netzwerken bekannt zu geben.<\/li>\n<li><span><\/span><strong>Publikumsvoting<br \/><\/strong>Ermutigt Teilnehmende, ihre Netzwerke zur Teilnahme einzuladen, was die Reichweite und Sichtbarkeit Ihres Programms, Ihrer Marke und Ihrer Sponsoren erh\u00f6ht.<\/li>\n<\/ul>\n<p>[\/et_pb_text][\/et_pb_column][et_pb_column type=&#8220;3_5&#8243; _builder_version=&#8220;4.16&#8243; _module_preset=&#8220;default&#8220; global_colors_info=&#8220;{}&#8220;][et_pb_image src=&#8220;https:\/\/awardforce.com\/wp-content\/uploads\/2021\/08\/Social-sharing-for-awards-management.png&#8220; alt=&#8220;Social Sharing f\u00fcr das Auszeichnungsmanagement&#8220; title_text=&#8220;Social Sharing f\u00fcr das Auszeichnungsmanagement&#8220; align=&#8220;center&#8220; _builder_version=&#8220;4.16&#8243; custom_margin=&#8220;||1px|||&#8220; global_colors_info=&#8220;{}&#8220;][\/et_pb_image][\/et_pb_column][\/et_pb_row][et_pb_row column_structure=&#8220;3_5,2_5&#8243; use_custom_gutter=&#8220;on&#8220; _builder_version=&#8220;4.16&#8243; _module_preset=&#8220;default&#8220; custom_margin=&#8220;|auto||auto|false|false&#8220; custom_padding=&#8220;||||false|false&#8220; locked=&#8220;off&#8220; global_colors_info=&#8220;{}&#8220;][et_pb_column type=&#8220;3_5&#8243; _builder_version=&#8220;4.16&#8243; _module_preset=&#8220;default&#8220; global_colors_info=&#8220;{}&#8220;][et_pb_image src=&#8220;https:\/\/awardforce.com\/wp-content\/uploads\/2021\/08\/Gallery-of-images-for-awards-management-software.gif&#8220; alt=&#8220;Bildergalerie-f\u00fcr-Auszeichnungsmanagement-Software&#8220; title_text=&#8220;Bildergalerie-f\u00fcr-Auszeichnungsmanagement-Software&#8220; _builder_version=&#8220;4.16&#8243; _module_preset=&#8220;default&#8220; custom_margin=&#8220;||||false|false&#8220; global_colors_info=&#8220;{}&#8220;][\/et_pb_image][\/et_pb_column][et_pb_column type=&#8220;2_5&#8243; _builder_version=&#8220;4.16&#8243; _module_preset=&#8220;default&#8220; global_colors_info=&#8220;{}&#8220;][et_pb_text _builder_version=&#8220;4.27.4&#8243; _module_preset=&#8220;default&#8220; global_colors_info=&#8220;{}&#8220;]<\/p>\n<h3>Ein angenehmes Erlebnis f\u00fcr alle Teilnehmende<\/h3>\n<ul class=\"ticks\">\n<li><span><\/span><strong>Eine intuitive Erfahrung f\u00fcr Ihre Teilnehmende<br \/><\/strong>Keine verwirrten User. User wissen instinktiv, wohin sie gehen und was sie tun m\u00fcssen, was zu mehr Einreichungen f\u00fchrt.<\/li>\n<li><span><\/span><strong>Beeindruckendes Jury-Erlebnis<\/strong><br \/>Award Force hilft Ihren Jurymitgliedern, die Einreichungen, die eine Anerkennung in Ihrem Programm verdienen, leicht zu identifizieren.<br \/>Ein gro\u00dfartiges Jury-Erlebnis ist entscheidend, um Jurymitglieder zu gewinnen und zu halten.<\/li>\n<li><span><\/span><strong>Sch\u00f6nes Design<\/strong><br \/>Gutes Design ist gut f\u00fcrs Gesch\u00e4ft. Award Force vermittelt ein professionelles<br \/>Gef\u00fchl, und Ihre Programmteilnehmende assoziieren dies sofort mit Ihrer Marke.<\/li>\n<li><span><\/span><strong>99,9 % Verf\u00fcgbarkeit<\/strong><br \/>Kunden von Award Force erleben 99,9 % Verf\u00fcgbarkeit. Keine verlorenen Einreichungen aufgrund von Systemausf\u00e4llen.<\/li>\n<\/ul>\n<p>[\/et_pb_text][\/et_pb_column][\/et_pb_row][et_pb_row column_structure=&#8220;2_5,3_5&#8243; use_custom_gutter=&#8220;on&#8220; _builder_version=&#8220;4.16&#8243; _module_preset=&#8220;default&#8220; custom_margin=&#8220;|auto||auto|false|false&#8220; custom_padding=&#8220;||||false|false&#8220; locked=&#8220;off&#8220; global_colors_info=&#8220;{}&#8220;][et_pb_column type=&#8220;2_5&#8243; _builder_version=&#8220;4.16&#8243; _module_preset=&#8220;default&#8220; global_colors_info=&#8220;{}&#8220;][et_pb_text _builder_version=&#8220;4.27.4&#8243; _module_preset=&#8220;default&#8220; global_colors_info=&#8220;{}&#8220;]<\/p>\n<h3>Service f\u00fcr den Erfolg<\/h3>\n<ul class=\"ticks\">\n<li><span><\/span><strong>Client Success Team<\/strong><br \/>Unser Client Success Team stellt sicher, dass Sie das Beste aus Award Force herausholen. Sie empfehlen regelm\u00e4\u00dfig Wege, Ihr Programm zu verbessern und ein gro\u00dfartiges Erlebnis f\u00fcr Ihre Teilnehmenden und Jurymitglieder zu schaffen, um sicherzustellen, dass sie in der n\u00e4chsten Saison wiederkommen.<\/li>\n<li><span><\/span><strong>5-Sterne-Support<\/strong><br \/>Sehen Sie sich einfach unsere Bewertungen unten von G2, Capterra und GetApp an. Wir sind wirklich dankbar, mit so vielen gro\u00dfartigen Programmen weltweit zusammenarbeiten zu d\u00fcrfen. Wir sch\u00e4tzen jeden einzelnen unserer Kunden, und unsere Bewertungen spiegeln das wider.<\/li>\n<\/ul>\n<p><strong>Lesen Sie unsere Bewertungen auf<\/strong><a href=\"https:\/\/www.g2.com\/products\/award-force\/reviews\"> G2, <\/a><a href=\"http:\/\/www.capterra.com\/reviews\/148148\/Award-Force\">Capterra,<\/a><strong> und<\/strong><span> <\/span><a href=\"https:\/\/www.getapp.com\/industries-software\/a\/award-force\/\">GetApp<\/a><\/p>\n<p>[\/et_pb_text][\/et_pb_column][et_pb_column type=&#8220;3_5&#8243; _builder_version=&#8220;4.16&#8243; _module_preset=&#8220;default&#8220; global_colors_info=&#8220;{}&#8220;][et_pb_image src=&#8220;https:\/\/awardforce.com\/wp-content\/uploads\/2021\/08\/Review-on-awards-management-software.png&#8220; alt=&#8220;Bewertung von Auszeichnungsmanagement-Software&#8220; title_text=&#8220;Bewertung von Auszeichnungsmanagement-Software&#8220; align=&#8220;center&#8220; _builder_version=&#8220;4.16&#8243; custom_margin=&#8220;||1px|||&#8220; global_colors_info=&#8220;{}&#8220;][\/et_pb_image][\/et_pb_column][\/et_pb_row][\/et_pb_section][et_pb_section fb_built=&#8220;1&#8243; _builder_version=&#8220;4.16&#8243; _module_preset=&#8220;default&#8220; global_colors_info=&#8220;{}&#8220;][et_pb_row _builder_version=&#8220;4.16&#8243; _module_preset=&#8220;default&#8220; custom_padding=&#8220;||||false|false&#8220; locked=&#8220;off&#8220; global_colors_info=&#8220;{}&#8220;][et_pb_column type=&#8220;4_4&#8243; _builder_version=&#8220;4.16&#8243; _module_preset=&#8220;default&#8220; global_colors_info=&#8220;{}&#8220;][et_pb_text _builder_version=&#8220;4.16&#8243; header_2_font_size=&#8220;32px&#8220; custom_padding=&#8220;||||false|false&#8220; global_colors_info=&#8220;{}&#8220;]<\/p>\n<h2 style=\"text-align: center; white-space: pre-wrap;\"><span style=\"font-weight: 300;\">Bereit, Ihr Programm zu erweitern?<\/span><\/h2>\n<p>[\/et_pb_text][et_pb_button button_url=&#8220;https:\/\/awardforce.com\/de\/?page_id=47406&#8243; button_text=&#8220;W\u00e4hlen Sie Ihren Plan, um loszulegen&#8220; button_alignment=&#8220;center&#8220; _builder_version=&#8220;4.16&#8243; _module_preset=&#8220;default&#8220; custom_margin=&#8220;||20px|15px|false|false&#8220; custom_padding=&#8220;||||false|false&#8220; locked=&#8220;off&#8220; global_colors_info=&#8220;{}&#8220;][\/et_pb_button][\/et_pb_column][\/et_pb_row][et_pb_row _builder_version=&#8220;4.16&#8243; _module_preset=&#8220;default&#8220; global_colors_info=&#8220;{}&#8220;][et_pb_column type=&#8220;4_4&#8243; _builder_version=&#8220;4.16&#8243; _module_preset=&#8220;default&#8220; global_colors_info=&#8220;{}&#8220;][\/et_pb_column][\/et_pb_row][\/et_pb_section]<\/p>\n","protected":false},"excerpt":{"rendered":"<p>Award Force-Kunden erzielen im Durchschnitt ein Wachstum des Einreichungsvolumens von 26,35 %<br \/>\nvon Saison zu Saison. Wie? Eine Kombination aus gro\u00dfartigen Funktionen, einer ausgekl\u00fcgelten, zuverl\u00e4ssigen Plattform und einem hervorragenden Kundensupport.  <\/p>\n","protected":false},"author":2,"featured_media":49055,"parent":0,"menu_order":0,"comment_status":"closed","ping_status":"closed","template":"","meta":{"_acf_changed":false,"_et_pb_use_builder":"on","_et_pb_old_content":"","_et_gb_content_width":"","footnotes":""},"class_list":["post-50067","page","type-page","status-publish","has-post-thumbnail","hentry"],"acf":[],"_links":{"self":[{"href":"https:\/\/awardforce.com\/de\/wp-json\/wp\/v2\/pages\/50067","targetHints":{"allow":["GET"]}}],"collection":[{"href":"https:\/\/awardforce.com\/de\/wp-json\/wp\/v2\/pages"}],"about":[{"href":"https:\/\/awardforce.com\/de\/wp-json\/wp\/v2\/types\/page"}],"author":[{"embeddable":true,"href":"https:\/\/awardforce.com\/de\/wp-json\/wp\/v2\/users\/2"}],"replies":[{"embeddable":true,"href":"https:\/\/awardforce.com\/de\/wp-json\/wp\/v2\/comments?post=50067"}],"version-history":[{"count":6,"href":"https:\/\/awardforce.com\/de\/wp-json\/wp\/v2\/pages\/50067\/revisions"}],"predecessor-version":[{"id":58909,"href":"https:\/\/awardforce.com\/de\/wp-json\/wp\/v2\/pages\/50067\/revisions\/58909"}],"wp:featuredmedia":[{"embeddable":true,"href":"https:\/\/awardforce.com\/de\/wp-json\/wp\/v2\/media\/49055"}],"wp:attachment":[{"href":"https:\/\/awardforce.com\/de\/wp-json\/wp\/v2\/media?parent=50067"}],"curies":[{"name":"wp","href":"https:\/\/api.w.org\/{rel}","templated":true}]}}