{"id":50059,"date":"2025-08-08T12:39:46","date_gmt":"2025-08-08T12:39:46","guid":{"rendered":"https:\/\/awardforce.com\/?page_id=50059"},"modified":"2025-09-24T07:40:54","modified_gmt":"2025-09-24T07:40:54","slug":"weltklasse-jury-suite","status":"publish","type":"page","link":"https:\/\/awardforce.com\/de\/weltklasse-jury-suite\/","title":{"rendered":"Weltklasse Jury-Suite"},"content":{"rendered":"<p>[et_pb_section fb_built=&#8220;1&#8243; _builder_version=&#8220;4.0.6&#8243; background_image=&#8220;https:\/\/awardforce.com\/wp-content\/uploads\/2019\/12\/2_WorldClassJudgingToolkit_2.jpg&#8220; min_height=&#8220;500px&#8220;][et_pb_row _builder_version=&#8220;4.0.6&#8243; min_height=&#8220;500px&#8220; custom_padding=&#8220;175px||||false|false&#8220;][et_pb_column type=&#8220;4_4&#8243; _builder_version=&#8220;4.0.6&#8243;][et_pb_text _builder_version=&#8220;4.0.6&#8243; header_font=&#8220;||||||||&#8220; header_text_color=&#8220;#ffffff&#8220; background_color=&#8220;rgba(0,0,0,0)&#8220; width=&#8220;100%&#8220; module_alignment=&#8220;center&#8220; custom_css_main_element=&#8220;H1   -webkit-text-fill-color: white; \/* Will override color (regardless of order) *\/||    text-shadow: 0px 0px 2px #000, 0px 0px 4px #000;||-webkit-text-stroke-width: 0.1px;||  -webkit-text-stroke-color: #000;&#8220;]<\/p>\n<h1 style=\"text-align: center;\"><span style=\"background-color: #000;\"> Eine Weltklasse Jury-Suite <\/span><\/h1>\n<p>[\/et_pb_text][\/et_pb_column][\/et_pb_row][\/et_pb_section][et_pb_section fb_built=&#8220;1&#8243; admin_label=&#8220;section&#8220; _builder_version=&#8220;3.22&#8243;][et_pb_row admin_label=&#8220;Zeile&#8220; _builder_version=&#8220;3.25&#8243; background_size=&#8220;initial&#8220; background_position=&#8220;top_left&#8220; background_repeat=&#8220;repeat&#8220; custom_padding=&#8220;||29px|||&#8220;][et_pb_column type=&#8220;4_4&#8243; _builder_version=&#8220;3.25&#8243; custom_padding=&#8220;|||&#8220; custom_padding__hover=&#8220;|||&#8220;][et_pb_text admin_label=&#8220;Text&#8220; _builder_version=&#8220;4.0.6&#8243; background_size=&#8220;initial&#8220; background_position=&#8220;top_left&#8220; background_repeat=&#8220;repeat&#8220;]<\/p>\n<h2 style=\"text-align: center; white-space: pre-wrap;\">Bringen Sie Ihre Bewertung auf die n\u00e4chste Stufe<\/h2>\n<h3 style=\"text-align: center; white-space: pre-wrap;\">Nutzen Sie das Award Force Jury-Toolkit und finden Sie die besten Beitr\u00e4ge, schneller und einfacher.<\/h3>\n<p>[\/et_pb_text][\/et_pb_column][\/et_pb_row][et_pb_row _builder_version=&#8220;4.0.11&#8243; custom_padding=&#8220;0px|||||&#8220;][et_pb_column type=&#8220;4_4&#8243; _builder_version=&#8220;4.0.11&#8243;][et_pb_image src=&#8220;https:\/\/awardforce.com\/wp-content\/uploads\/2019\/12\/Voting.png&#8220; _builder_version=&#8220;4.0.11&#8243; max_width=&#8220;85%&#8220; module_alignment=&#8220;center&#8220;][\/et_pb_image][\/et_pb_column][\/et_pb_row][et_pb_row column_structure=&#8220;1_3,2_3&#8243; use_custom_gutter=&#8220;on&#8220; _builder_version=&#8220;4.0.6&#8243; custom_padding=&#8220;||2px|||&#8220;][et_pb_column type=&#8220;1_3&#8243; _builder_version=&#8220;4.0.6&#8243;][et_pb_image src=&#8220;https:\/\/awardforce.com\/wp-content\/uploads\/2019\/12\/Perfect-flow.png&#8220; align=&#8220;center&#8220; _builder_version=&#8220;4.0.6&#8243; height=&#8220;150px&#8220; custom_margin=&#8220;25px||||false|false&#8220;][\/et_pb_image][\/et_pb_column][et_pb_column type=&#8220;2_3&#8243; _builder_version=&#8220;4.0.6&#8243;][et_pb_text _builder_version=&#8220;4.0.6&#8243; custom_padding=&#8220;||||false|false&#8220;]<\/p>\n<h2>Erstellen Sie den perfekten Bewertungsablauf f\u00fcr Ihr Programm<\/h2>\n<h3>Leistungsstarke Konfigurationsoptionen f\u00fcr die Bewertung, einfach zu bedienen.<\/h3>\n<ul class=\"ticks\">\n<li><span><\/span>Flexibles Bewertungsmanagement, das Ihnen die M\u00f6glichkeit gibt zu entscheiden, welche Beitr\u00e4ge wann, wie und von wem bewertet werden<\/li>\n<li><span><\/span>Optionen zur Anpassung von Bewertungslayouts, der Sichtbarkeit von Beitragsdetails und zugewiesenen Beitr\u00e4gen<\/li>\n<li><span><\/span>Steuerelemente zum Festlegen von Schwellenwerten f\u00fcr qualifizierende Beitr\u00e4ge, der Anzahl der erlaubten Stimmen, zum Sperren von Ergebnissen nach einer bestimmten Zeit und mehr<\/li>\n<\/ul>\n<p>[\/et_pb_text][\/et_pb_column][\/et_pb_row][et_pb_row column_structure=&#8220;1_3,2_3&#8243; use_custom_gutter=&#8220;on&#8220; _builder_version=&#8220;4.0.6&#8243; custom_padding=&#8220;||2px|||&#8220;][et_pb_column type=&#8220;1_3&#8243; _builder_version=&#8220;4.0.6&#8243;][et_pb_image src=&#8220;https:\/\/awardforce.com\/wp-content\/uploads\/2019\/12\/4-Powerful-judging-modes-1.png&#8220; align=&#8220;center&#8220; _builder_version=&#8220;4.0.6&#8243; height=&#8220;150px&#8220; custom_margin=&#8220;25px||||false|false&#8220;][\/et_pb_image][\/et_pb_column][et_pb_column type=&#8220;2_3&#8243; _builder_version=&#8220;4.0.6&#8243;][et_pb_text _builder_version=&#8220;4.0.6&#8243; custom_padding=&#8220;||||false|false&#8220;]<\/p>\n<h2>Vier leistungsstarke Jury-Modi<\/h2>\n<h3>Ausgekl\u00fcgelte Bewertungsmodi, um Ihnen zu helfen, die besten Beitr\u00e4ge auf Ihre Weise zu finden.<\/h3>\n<ul class=\"ticks\">\n<li><span><\/span><strong>Qualifizierung: <\/strong>Filtern Sie Einreichungen mit einem einfachen \u201e\u201eBestanden\u201c\u201c oder \u201e\u201eNicht bestanden\u201c\u201c und sparen Sie Ihren Juroren Zeit, indem Sie ihnen eine gefilterte Auswahl genehmigter Beitr\u00e4ge senden<\/li>\n<li><span><\/span><strong>Top Pick<\/strong>: Juroren w\u00e4hlen und bewerten die besten Einreichungen mit wenigen Klicks<\/li>\n<li><span><\/span><strong>VIP Judging: <\/strong>Nutzen Sie die Expertise Ihrer Juroren mit diesem detaillierten Bewertungsmodus, bei dem Juroren jeden Beitrag anhand eines von Ihnen festgelegten Satzes von Bewertungskriterien \u00fcberpr\u00fcfen<\/li>\n<li><strong><span> <\/span><\/strong><span><\/span><strong>\u00d6ffentliche Abstimmung<\/strong>: Bauen Sie Ihre Community auf und lassen Sie die \u00d6ffentlichkeit ihre Lieblingsbeitr\u00e4ge w\u00e4hlen<\/li>\n<\/ul>\n<p>[\/et_pb_text][\/et_pb_column][\/et_pb_row][et_pb_row column_structure=&#8220;1_3,2_3&#8243; use_custom_gutter=&#8220;on&#8220; _builder_version=&#8220;4.0.6&#8243; custom_padding=&#8220;||2px|||&#8220;][et_pb_column type=&#8220;1_3&#8243; _builder_version=&#8220;4.0.6&#8243;][et_pb_image src=&#8220;https:\/\/awardforce.com\/wp-content\/uploads\/2019\/12\/Experience-judges-will-love-1.png&#8220; align=&#8220;center&#8220; _builder_version=&#8220;4.0.6&#8243; height=&#8220;125px&#8220; custom_margin=&#8220;25px||||false|false&#8220;][\/et_pb_image][\/et_pb_column][et_pb_column type=&#8220;2_3&#8243; _builder_version=&#8220;4.0.6&#8243;][et_pb_text _builder_version=&#8220;4.0.6&#8243; custom_padding=&#8220;||||false|false&#8220;]<\/p>\n<h2>Ein Erlebnis, das Ihre Juroren lieben werden<\/h2>\n<ul class=\"ticks\">\n<li><span><\/span>Einfach zu bedienen, keine Schulung erforderlich<\/li>\n<li><span><\/span>Jeder Beitrag ist auf einer \u00fcbersichtlichen Seite einsehbar, ohne Hin- und Herklicken<\/li>\n<li><span><\/span>Optionen zum Teilen von Bewertungen und Kommentaren<\/li>\n<li><span><\/span>Bewertungsbezogene Ausgaben<\/li>\n<li><span><\/span>Schnelle Beitrags-Vorschau und PDF-Download-Optionen <\/li>\n<li><span><\/span>Hochaufl\u00f6sende Medienwiedergabe f\u00fcr Beitragsanh\u00e4nge; kein Download erforderlich<\/li>\n<\/ul>\n<p>[\/et_pb_text][\/et_pb_column][\/et_pb_row][et_pb_row column_structure=&#8220;1_3,2_3&#8243; use_custom_gutter=&#8220;on&#8220; _builder_version=&#8220;4.0.6&#8243; custom_padding=&#8220;||2px|||&#8220;][et_pb_column type=&#8220;1_3&#8243; _builder_version=&#8220;4.0.6&#8243;][et_pb_image src=&#8220;https:\/\/awardforce.com\/wp-content\/uploads\/2019\/12\/Detail-1.png&#8220; align=&#8220;center&#8220; _builder_version=&#8220;4.0.6&#8243; height=&#8220;150px&#8220; custom_margin=&#8220;25px||||false|false&#8220;][\/et_pb_image][\/et_pb_column][et_pb_column type=&#8220;2_3&#8243; _builder_version=&#8220;4.0.6&#8243;][et_pb_text _builder_version=&#8220;4.0.6&#8243; custom_padding=&#8220;||||false|false&#8220;]<\/p>\n<h2>Sichtbarkeit und Kontrolle von \u00fcberall aus<\/h2>\n<ul class=\"ticks\">\n<li><span><\/span><strong>Bewertungs-Bestenliste<br \/><\/strong>Nutzen Sie die Bewertungs-Bestenliste, um die Echtzeit-Ergebnisse \u00fcber Kategorien und Kapitel hinweg im Auge zu behalten<\/li>\n<li><span><\/span><strong>Fortschritt<br \/><\/strong>Bleiben Sie bez\u00fcglich der Bewertung auf dem Laufenden und erkennen Sie schnell, wie viele Beitr\u00e4ge Ihren Juroren zugewiesen wurden und wie viele sie noch zu bearbeiten haben<\/li>\n<li><span><\/span><strong>Kommunizieren<\/strong><br \/> Kommunizieren Sie jederzeit mit Juroren direkt innerhalb der Plattform<\/li>\n<\/ul>\n<p>[\/et_pb_text][\/et_pb_column][\/et_pb_row][et_pb_row _builder_version=&#8220;4.0.6&#8243; custom_padding=&#8220;||30px|||&#8220;][et_pb_column type=&#8220;4_4&#8243; _builder_version=&#8220;4.0.6&#8243;][et_pb_text _builder_version=&#8220;4.0.6&#8243; custom_padding=&#8220;||||false|false&#8220;]<\/p>\n<h2 style=\"text-align: center;\">Bereit, Ihre Bewertung auf die n\u00e4chste Stufe zu heben?<\/h2>\n<p>[\/et_pb_text][et_pb_button button_url=&#8220;https:\/\/awardforce.com\/de\/?page_id=47406&#8243; button_text=&#8220;W\u00e4hlen Sie einen Plan&#8220; button_alignment=&#8220;center&#8220; _builder_version=&#8220;4.0.6&#8243; custom_button=&#8220;on&#8220; button_text_size=&#8220;18px&#8220; button_border_radius=&#8220;3px&#8220; button_letter_spacing=&#8220;0px&#8220; button_font=&#8220;Open Sans||||||||&#8220; button_use_icon=&#8220;off&#8220; custom_margin=&#8220;||19px|||&#8220;][\/et_pb_button][et_pb_text _builder_version=&#8220;4.0.6&#8243; header_text_color=&#8220;#3a47f4&#8243; header_3_text_color=&#8220;#3a47f4&#8243;]<\/p>\n<h3 id=\"yui_3_17_2_1_1574987281802_580\" style=\"text-align: center;\"><a href=\"https:\/\/awardforce.com\/de\/?page_id=47364\">Anruf buchen<\/a> | <a href=\"https:\/\/awardforce.com\/de\/?page_id=50147\">FAQs<\/a><\/h3>\n<p>[\/et_pb_text][\/et_pb_column][\/et_pb_row][\/et_pb_section]<\/p>\n","protected":false},"excerpt":{"rendered":"<p>Eine Weltklasse Jury-Suite Bringen Sie Ihre Bewertung auf die n\u00e4chste Stufe Nutzen Sie das Award Force Jury-Toolkit und finden Sie die besten Beitr\u00e4ge, schneller und einfacher.Erstellen Sie den perfekten Bewertungsablauf f\u00fcr Ihr Programm Leistungsstarke Konfigurationsoptionen f\u00fcr die Bewertung, einfach zu bedienen. Flexibles Bewertungsmanagement, das Ihnen die M\u00f6glichkeit gibt zu entscheiden, welche Beitr\u00e4ge wann, wie und von wem bewertet werden Optionen zur Anpassung von Bewertungslayouts, der Sichtbarkeit von Beitragsdetails und zugewiesenen Beitr\u00e4gen Steuerelemente zum Festlegen von Schwellenwerten f\u00fcr qualifizierende Beitr\u00e4ge, der Anzahl der erlaubten Stimmen, zum Sperren von Ergebnissen nach einer bestimmten Zeit und mehr Vier leistungsstarke Jury-Modi Ausgekl\u00fcgelte Bewertungsmodi, um Ihnen zu helfen, die besten Beitr\u00e4ge auf Ihre Weise zu finden. Qualifizierung: Filtern Sie Einreichungen mit einem einfachen \u201e\u201eBestanden\u201c\u201c oder \u201e\u201eNicht bestanden\u201c\u201c und sparen Sie Ihren Juroren Zeit, indem Sie ihnen eine gefilterte Auswahl genehmigter Beitr\u00e4ge senden Top Pick: Juroren w\u00e4hlen und bewerten die besten Einreichungen mit wenigen Klicks VIP Judging: Nutzen Sie die Expertise Ihrer Juroren mit diesem detaillierten Bewertungsmodus, bei dem Juroren jeden Beitrag anhand eines von Ihnen festgelegten Satzes von Bewertungskriterien \u00fcberpr\u00fcfen \u00d6ffentliche Abstimmung: Bauen Sie Ihre Community auf und lassen Sie die \u00d6ffentlichkeit ihre Lieblingsbeitr\u00e4ge w\u00e4hlen Ein Erlebnis, das Ihre Juroren lieben werden Einfach zu bedienen, [&hellip;]<\/p>\n","protected":false},"author":2,"featured_media":50061,"parent":0,"menu_order":0,"comment_status":"closed","ping_status":"closed","template":"","meta":{"_acf_changed":false,"_et_pb_use_builder":"on","_et_pb_old_content":"","_et_gb_content_width":"","footnotes":""},"class_list":["post-50059","page","type-page","status-publish","has-post-thumbnail","hentry"],"acf":[],"_links":{"self":[{"href":"https:\/\/awardforce.com\/de\/wp-json\/wp\/v2\/pages\/50059","targetHints":{"allow":["GET"]}}],"collection":[{"href":"https:\/\/awardforce.com\/de\/wp-json\/wp\/v2\/pages"}],"about":[{"href":"https:\/\/awardforce.com\/de\/wp-json\/wp\/v2\/types\/page"}],"author":[{"embeddable":true,"href":"https:\/\/awardforce.com\/de\/wp-json\/wp\/v2\/users\/2"}],"replies":[{"embeddable":true,"href":"https:\/\/awardforce.com\/de\/wp-json\/wp\/v2\/comments?post=50059"}],"version-history":[{"count":3,"href":"https:\/\/awardforce.com\/de\/wp-json\/wp\/v2\/pages\/50059\/revisions"}],"predecessor-version":[{"id":50529,"href":"https:\/\/awardforce.com\/de\/wp-json\/wp\/v2\/pages\/50059\/revisions\/50529"}],"wp:featuredmedia":[{"embeddable":true,"href":"https:\/\/awardforce.com\/de\/wp-json\/wp\/v2\/media\/50061"}],"wp:attachment":[{"href":"https:\/\/awardforce.com\/de\/wp-json\/wp\/v2\/media?parent=50059"}],"curies":[{"name":"wp","href":"https:\/\/api.w.org\/{rel}","templated":true}]}}