{"id":50053,"date":"2019-12-24T00:53:19","date_gmt":"2019-12-24T00:53:19","guid":{"rendered":"https:\/\/awardforce.com\/?page_id=50053"},"modified":"2026-04-15T09:49:36","modified_gmt":"2026-04-15T09:49:36","slug":"ihr-programm-ihr-weg","status":"publish","type":"page","link":"https:\/\/awardforce.com\/de\/ihr-programm-ihr-weg\/","title":{"rendered":"Ihr Programm, Ihr Weg"},"content":{"rendered":"<p>[et_pb_section fb_built=&#8220;1&#8243; _builder_version=&#8220;4.16&#8243; background_image=&#8220;https:\/\/awardforce.com\/wp-content\/uploads\/2021\/07\/ManDog.jpg&#8220; background_position=&#8220;bottom_center&#8220; height=&#8220;600px&#8220; custom_margin=&#8220;||||false|false&#8220; custom_padding=&#8220;200px||||false|false&#8220; locked=&#8220;off&#8220; global_colors_info=&#8220;{}&#8220;][et_pb_row _builder_version=&#8220;4.16&#8243; custom_padding=&#8220;||||false|false&#8220; global_colors_info=&#8220;{}&#8220;][et_pb_column type=&#8220;4_4&#8243; _builder_version=&#8220;4.16&#8243; global_colors_info=&#8220;{}&#8220;][et_pb_text _builder_version=&#8220;4.16&#8243; header_font=&#8220;||||||||&#8220; header_text_color=&#8220;#ffffff&#8220; background_color=&#8220;rgba(0,0,0,0)&#8220; width=&#8220;100%&#8220; module_alignment=&#8220;center&#8220; custom_css_main_element=&#8220;H1   -webkit-text-fill-color: white; \/* Will override color (regardless of order) *\/||    text-shadow: 0px 0px 2px #000, 0px 0px 4px #000;||-webkit-text-stroke-width: 0.1px;||  -webkit-text-stroke-color: #000;&#8220; global_colors_info=&#8220;{}&#8220;]<\/p>\n<h1 style=\"text-align: center;\"><span style=\"background-color: #000;\">Ihr Programm, ganz nach Ihren Vorstellungen<\/span><\/h1>\n<p>[\/et_pb_text][\/et_pb_column][\/et_pb_row][\/et_pb_section][et_pb_section fb_built=&#8220;1&#8243; _builder_version=&#8220;4.16&#8243; _module_preset=&#8220;default&#8220; custom_padding=&#8220;||||false|false&#8220; locked=&#8220;off&#8220; global_colors_info=&#8220;{}&#8220;][et_pb_row _builder_version=&#8220;4.16&#8243; _module_preset=&#8220;default&#8220; global_colors_info=&#8220;{}&#8220;][et_pb_column type=&#8220;4_4&#8243; _builder_version=&#8220;4.16&#8243; _module_preset=&#8220;default&#8220; global_colors_info=&#8220;{}&#8220;][et_pb_image src=&#8220;https:\/\/awardforce.com\/wp-content\/uploads\/2022\/06\/Awards-Management-Clients-Strip-2120px.png&#8220; alt=&#8220;Kunden f\u00fcr Auszeichnungsmanagement&#8220; title_text=&#8220;Kunden f\u00fcr Auszeichnungsmanagement&#8220; _builder_version=&#8220;4.17.4&#8243; _module_preset=&#8220;default&#8220; global_colors_info=&#8220;{}&#8220;][\/et_pb_image][\/et_pb_column][\/et_pb_row][\/et_pb_section][et_pb_section fb_built=&#8220;1&#8243; _builder_version=&#8220;4.16&#8243; _module_preset=&#8220;default&#8220; background_color=&#8220;#e9edf4&#8243; locked=&#8220;off&#8220; global_colors_info=&#8220;{}&#8220;][et_pb_row _builder_version=&#8220;4.16&#8243; _module_preset=&#8220;default&#8220; custom_padding=&#8220;0px||27px|||&#8220; global_colors_info=&#8220;{}&#8220;][et_pb_column type=&#8220;4_4&#8243; _builder_version=&#8220;4.16&#8243; _module_preset=&#8220;default&#8220; global_colors_info=&#8220;{}&#8220;][et_pb_text _builder_version=&#8220;4.24.2&#8243; _module_preset=&#8220;default&#8220; custom_margin=&#8220;||-1px||false|false&#8220; global_colors_info=&#8220;{}&#8220;]<\/p>\n<h2 class=\"h3\" style=\"text-align: center;\">Die weltweit #1 Software f\u00fcr Auszeichnungen<\/h2>\n<p>[\/et_pb_text][et_pb_image src=&#8220;https:\/\/awardforce.com\/wp-content\/uploads\/2026\/03\/DE-Awards-management-software-awards-badges-Spring-2026.png&#8220; title_text=&#8220;DE Awards management software awards badges Spring 2026&#8243; _builder_version=&#8220;4.27.6&#8243; _module_preset=&#8220;default&#8220; global_colors_info=&#8220;{}&#8220; global_module=&#8220;58813&#8243; theme_builder_area=&#8220;post_content&#8220;][\/et_pb_image][\/et_pb_column][\/et_pb_row][\/et_pb_section][et_pb_section fb_built=&#8220;1&#8243; _builder_version=&#8220;4.16&#8243; _module_preset=&#8220;default&#8220; global_colors_info=&#8220;{}&#8220;][et_pb_row _builder_version=&#8220;4.16&#8243; _module_preset=&#8220;default&#8220; custom_padding=&#8220;||||false|false&#8220; locked=&#8220;off&#8220; global_colors_info=&#8220;{}&#8220;][et_pb_column type=&#8220;4_4&#8243; _builder_version=&#8220;4.16&#8243; _module_preset=&#8220;default&#8220; global_colors_info=&#8220;{}&#8220;][et_pb_text _builder_version=&#8220;4.16&#8243; header_2_font_size=&#8220;32px&#8220; custom_padding=&#8220;||||false|false&#8220; global_colors_info=&#8220;{}&#8220;]<\/p>\n<h2 style=\"text-align: center; white-space: pre-wrap;\"><span style=\"font-weight: 300;\">Ihr Programm ist einzigartig und Ihre Awards-Management-Software sollte dies unterst\u00fctzen.<\/span><\/h2>\n<p>[\/et_pb_text][et_pb_text _builder_version=&#8220;4.23.4&#8243; _module_preset=&#8220;default&#8220; custom_margin=&#8220;||-20px||false|false&#8220; custom_padding=&#8220;||||false|false&#8220; global_colors_info=&#8220;{}&#8220;]<\/p>\n<h3 class=\"h4\" style=\"white-space: pre-wrap; text-align: center;\"><span style=\"font-weight: 400;\">Ob einfach und unkompliziert oder komplex und mehrstufig \u2013 Award Force gibt Ihnen die Kontrolle, um Ihre Marke zu st\u00e4rken und Ihre Auszeichnungen nach Ihren Vorstellungen zu verwalten.<br \/>\n<\/span><\/h4>\n<p>[\/et_pb_text][\/et_pb_column][\/et_pb_row][\/et_pb_section][et_pb_section fb_built=&#8220;1&#8243; _builder_version=&#8220;4.16&#8243; custom_margin=&#8220;20px||||false|false&#8220; locked=&#8220;off&#8220; global_colors_info=&#8220;{}&#8220;][et_pb_row column_structure=&#8220;2_5,3_5&#8243; use_custom_gutter=&#8220;on&#8220; gutter_width=&#8220;1&#8243; _builder_version=&#8220;4.16&#8243; _module_preset=&#8220;default&#8220; custom_margin=&#8220;|auto||auto|false|false&#8220; custom_padding=&#8220;||||false|false&#8220; global_colors_info=&#8220;{}&#8220;][et_pb_column type=&#8220;2_5&#8243; _builder_version=&#8220;4.16&#8243; _module_preset=&#8220;default&#8220; global_colors_info=&#8220;{}&#8220;][et_pb_text _builder_version=&#8220;4.23.4&#8243; _module_preset=&#8220;default&#8220; header_3_line_height=&#8220;0.9em&#8220; global_colors_info=&#8220;{}&#8220;]<\/p>\n<h3>Ihre Marke, an erster Stelle<\/h3>\n<p>Ihr Auszeichnungsprogramm ist eine gro\u00dfartige Gelegenheit, Ihre Marke zu st\u00e4rken. <\/p>\n<ul class=\"ticks\">\n<li><span><\/span>Passen Sie die gesamte Plattform einfach an Ihre Marke an<\/li>\n<li><span><\/span>Erstellen Sie gebrandete PDFs und E-Mails direkt innerhalb der Plattform<\/li>\n<\/ul>\n<p><strong><a href=\"https:\/\/awardforce.com\/de\/?page_id=49801\">Erfahren Sie mehr \u00fcber Branding<\/a><\/strong><\/p>\n<p>[\/et_pb_text][\/et_pb_column][et_pb_column type=&#8220;3_5&#8243; _builder_version=&#8220;4.16&#8243; _module_preset=&#8220;default&#8220; global_colors_info=&#8220;{}&#8220;][et_pb_image src=&#8220;https:\/\/awardforce.com\/wp-content\/uploads\/2021\/08\/Branding-options-in-awards-management-software.gif&#8220; alt=&#8220;Branding-Optionen-in-der-Auszeichnungsmanagement-Software&#8220; title_text=&#8220;Branding-Optionen-in-der-Auszeichnungsmanagement-Software&#8220; align=&#8220;center&#8220; _builder_version=&#8220;4.16&#8243; custom_margin=&#8220;||1px|||&#8220; global_colors_info=&#8220;{}&#8220;][\/et_pb_image][\/et_pb_column][\/et_pb_row][et_pb_row column_structure=&#8220;3_5,2_5&#8243; use_custom_gutter=&#8220;on&#8220; gutter_width=&#8220;1&#8243; _builder_version=&#8220;4.16&#8243; _module_preset=&#8220;default&#8220; custom_margin=&#8220;|auto||auto|false|false&#8220; custom_padding=&#8220;||||false|false&#8220; locked=&#8220;off&#8220; global_colors_info=&#8220;{}&#8220;][et_pb_column type=&#8220;3_5&#8243; _builder_version=&#8220;4.16&#8243; _module_preset=&#8220;default&#8220; global_colors_info=&#8220;{}&#8220;][et_pb_image src=&#8220;https:\/\/awardforce.com\/wp-content\/uploads\/2021\/08\/Awards-management-software-entries.png&#8220; alt=&#8220;Awards-Management-Software-Einreichungen&#8220; title_text=&#8220;Awards-Management-Software-Einreichungen&#8220; align=&#8220;center&#8220; _builder_version=&#8220;4.16&#8243; custom_margin=&#8220;||1px|||&#8220; locked=&#8220;off&#8220; global_colors_info=&#8220;{}&#8220;][\/et_pb_image][\/et_pb_column][et_pb_column type=&#8220;2_5&#8243; _builder_version=&#8220;4.16&#8243; _module_preset=&#8220;default&#8220; global_colors_info=&#8220;{}&#8220;][et_pb_text _builder_version=&#8220;4.16&#8243; _module_preset=&#8220;default&#8220; global_colors_info=&#8220;{}&#8220;]<\/p>\n<h3>Einreichungen, ganz nach Ihren W\u00fcnschen<\/h3>\n<ul class=\"ticks\">\n<li><span><\/span>Kontrollieren Sie jede einzelne Seite, die Bewerber w\u00e4hrend ihres Einreichungsprozesses sehen werden<\/li>\n<li><span><\/span>Erstellen Sie ein Einreichungsformular, das alle Kriterien enth\u00e4lt, die Ihre Juroren f\u00fcr die Bewertung ben\u00f6tigen<\/li>\n<li><span><\/span>Verwenden Sie Text, Bilder oder Videos, um Ihren Bewerbern Kontext, Anweisungen oder programmspezifische Informationen bereitzustellen <\/li>\n<\/ul>\n<p><strong><a href=\"https:\/\/awardforce.com\/de\/?page_id=49829\">Erfahren Sie mehr \u00fcber die Verwaltung von Einreichungen. <\/a><\/strong><\/p>\n<p>[\/et_pb_text][\/et_pb_column][\/et_pb_row][et_pb_row column_structure=&#8220;2_5,3_5&#8243; use_custom_gutter=&#8220;on&#8220; gutter_width=&#8220;1&#8243; _builder_version=&#8220;4.16&#8243; _module_preset=&#8220;default&#8220; custom_margin=&#8220;|auto||auto|false|false&#8220; custom_padding=&#8220;||||false|false&#8220; locked=&#8220;off&#8220; global_colors_info=&#8220;{}&#8220;][et_pb_column type=&#8220;2_5&#8243; _builder_version=&#8220;4.16&#8243; _module_preset=&#8220;default&#8220; global_colors_info=&#8220;{}&#8220;][et_pb_text _builder_version=&#8220;4.16&#8243; _module_preset=&#8220;default&#8220; header_3_line_height=&#8220;0.9em&#8220; global_colors_info=&#8220;{}&#8220;]<\/p>\n<h3>Bewertung, ganz nach Ihren Vorstellungen<\/h3>\n<p>Gestalten Sie den Bewertungsprozess so, dass er den spezifischen Kriterien Ihres Programms entspricht, und schaffen Sie so ein nahtloses und angenehmes Erlebnis f\u00fcr Ihre Juroren.<br \/>\n&nbsp;<\/p>\n<ul class=\"ticks\">\n<li><span><\/span>W\u00e4hlen Sie aus einer Reihe von Bewertungsmodi, um die Aufgabe zu erledigen.<\/li>\n<li><span><\/span>Legen Sie die Details Ihrer Bewertungsrunde fest \u2013 Daten, Juroren, Einreichungen, Kategorien, Bewertungsskalen, Konsensentscheidungen und mehr!<\/li>\n<li><span><\/span>Verketten Sie Bewertungsmodi miteinander und erstellen Sie leistungsstarke Sequenzen f\u00fcr einen fairen und effektiven Bewertungsprozess<\/li>\n<li><span><\/span>Volle Kontrolle \u00fcber Benutzerberechtigungen, Rollen und Konfigurationen<\/li>\n<\/ul>\n<p><strong><a href=\"https:\/\/awardforce.com\/de\/?page_id=47783\">Erfahren Sie mehr \u00fcber unsere ausgekl\u00fcgelte Bewertungs-Suite.<\/a><\/strong>[\/et_pb_text][\/et_pb_column][et_pb_column type=&#8220;3_5&#8243; _builder_version=&#8220;4.16&#8243; _module_preset=&#8220;default&#8220; global_colors_info=&#8220;{}&#8220;][et_pb_image src=&#8220;https:\/\/awardforce.com\/wp-content\/uploads\/2021\/08\/Judging-mode-options-in-award-management-software.png&#8220; alt=&#8220;Bewertungsmodus-Optionen in der Auszeichnungsmanagement-Software&#8220; title_text=&#8220;Bewertungsmodus-Optionen in der Auszeichnungsmanagement-Software&#8220; align=&#8220;center&#8220; _builder_version=&#8220;4.16&#8243; custom_margin=&#8220;||1px|||&#8220; global_colors_info=&#8220;{}&#8220;][\/et_pb_image][\/et_pb_column][\/et_pb_row][\/et_pb_section][et_pb_section fb_built=&#8220;1&#8243; _builder_version=&#8220;4.16&#8243; custom_margin=&#8220;20px||||false|false&#8220; locked=&#8220;off&#8220; global_colors_info=&#8220;{}&#8220;][et_pb_row column_structure=&#8220;1_4,3_4&#8243; use_custom_gutter=&#8220;on&#8220; gutter_width=&#8220;1&#8243; _builder_version=&#8220;4.16&#8243; _module_preset=&#8220;default&#8220; custom_margin=&#8220;|auto||auto|false|false&#8220; custom_padding=&#8220;||||false|false&#8220; global_colors_info=&#8220;{}&#8220;][et_pb_column type=&#8220;1_4&#8243; _builder_version=&#8220;4.16&#8243; _module_preset=&#8220;default&#8220; global_colors_info=&#8220;{}&#8220;][et_pb_image src=&#8220;https:\/\/awardforce.com\/wp-content\/uploads\/2021\/07\/Image-of-a-blue-eye-blue-play-button-and-blue-mouse.png&#8220; alt=&#8220;Bild eines blauen Auges, eines blauen Wiedergabeknopfes und einer blauen Maus&#8220; title_text=&#8220;Bild eines blauen Auges, eines blauen Wiedergabeknopfes und einer blauen Maus&#8220; align=&#8220;center&#8220; _builder_version=&#8220;4.16&#8243; custom_margin=&#8220;||1px|||&#8220; global_colors_info=&#8220;{}&#8220;][\/et_pb_image][\/et_pb_column][et_pb_column type=&#8220;3_4&#8243; _builder_version=&#8220;4.16&#8243; _module_preset=&#8220;default&#8220; global_colors_info=&#8220;{}&#8220;][et_pb_text _builder_version=&#8220;4.16&#8243; _module_preset=&#8220;default&#8220; header_3_line_height=&#8220;0.9em&#8220; global_colors_info=&#8220;{}&#8220;]<\/p>\n<h3>Ma\u00dfgeschneiderte Expertenhilfe<\/h3>\n<p>Unser erstklassiges Kundenerfolgsteam unterst\u00fctzt Sie auf jedem Schritt des Weges und bietet Ratschl\u00e4ge, Tipps, Anleitungen (Videos und Artikel), um sicherzustellen, dass Sie Award Force optimal nutzen.<br \/>\n&nbsp;<\/p>\n<ul class=\"ticks\">\n<li><span><\/span>Ma\u00dfgeschneiderter Onboarding-Anruf auf Anfrage<\/li>\n<li><span><\/span>Ein 5-Sterne proaktives Kundenerfolgsteam<\/li>\n<li><span><\/span>Ein umfangreiches Online-Hilfezentrum<\/li>\n<\/ul>\n<p>[\/et_pb_text][\/et_pb_column][\/et_pb_row][\/et_pb_section][et_pb_section fb_built=&#8220;1&#8243; _builder_version=&#8220;4.16&#8243; _module_preset=&#8220;default&#8220; locked=&#8220;off&#8220; global_colors_info=&#8220;{}&#8220;][et_pb_row _builder_version=&#8220;4.16&#8243; _module_preset=&#8220;default&#8220; custom_padding=&#8220;||||false|false&#8220; locked=&#8220;off&#8220; global_colors_info=&#8220;{}&#8220;][et_pb_column type=&#8220;4_4&#8243; _builder_version=&#8220;4.16&#8243; _module_preset=&#8220;default&#8220; global_colors_info=&#8220;{}&#8220;][et_pb_text _builder_version=&#8220;4.16&#8243; header_2_font_size=&#8220;32px&#8220; custom_padding=&#8220;||||false|false&#8220; global_colors_info=&#8220;{}&#8220;]<\/p>\n<h2 style=\"text-align: center; white-space: pre-wrap;\"><span style=\"font-weight: 300;\">Und sie sind gl\u00fccklich!<\/span><\/h2>\n<p>[\/et_pb_text][et_pb_text _builder_version=&#8220;4.23.4&#8243; _module_preset=&#8220;default&#8220; global_colors_info=&#8220;{}&#8220;]<\/p>\n<h3 class=\"h4\" style=\"white-space: pre-wrap; text-align: center;\"><span style=\"font-weight: 400;\">Award Force bietet ein Erlebnis, das Teilnehmer, Juroren und Programmmanager Saison f\u00fcr Saison gl\u00fccklich macht.<\/span><\/h3>\n<p>[\/et_pb_text][\/et_pb_column][\/et_pb_row][et_pb_row _builder_version=&#8220;4.16&#8243; _module_preset=&#8220;default&#8220; custom_padding=&#8220;0px||||false|false&#8220; global_colors_info=&#8220;{}&#8220;][et_pb_column type=&#8220;4_4&#8243; _builder_version=&#8220;4.16&#8243; _module_preset=&#8220;default&#8220; global_colors_info=&#8220;{}&#8220;][et_pb_image src=&#8220;https:\/\/awardforce.com\/wp-content\/uploads\/2021\/08\/Awards-management-reviews-6.png&#8220; alt=&#8220;Awards-Management-Bewertungen&#8220; title_text=&#8220;Awards-Management-Bewertungen 6&#8243; _builder_version=&#8220;4.16&#8243; _module_preset=&#8220;default&#8220; global_colors_info=&#8220;{}&#8220;][\/et_pb_image][et_pb_text _builder_version=&#8220;4.16&#8243; _module_preset=&#8220;default&#8220; global_colors_info=&#8220;{}&#8220;]<\/p>\n<p style=\"text-align: center;\"><span>Wir suchen auch nicht nur Rosinen heraus.<\/span><br \/><span><a href=\"https:\/\/www.capterra.com\/p\/148148\/Award-Force\/\">Sehen Sie sich unsere Bewertungen auf Capterra an<\/a><\/span><\/p>\n<p>[\/et_pb_text][\/et_pb_column][\/et_pb_row][\/et_pb_section][et_pb_section fb_built=&#8220;1&#8243; _builder_version=&#8220;4.16&#8243; _module_preset=&#8220;default&#8220; global_colors_info=&#8220;{}&#8220;][et_pb_row _builder_version=&#8220;4.16&#8243; _module_preset=&#8220;default&#8220; custom_padding=&#8220;||||false|false&#8220; locked=&#8220;off&#8220; global_colors_info=&#8220;{}&#8220;][et_pb_column type=&#8220;4_4&#8243; _builder_version=&#8220;4.16&#8243; _module_preset=&#8220;default&#8220; global_colors_info=&#8220;{}&#8220;][et_pb_text _builder_version=&#8220;4.16&#8243; header_2_font_size=&#8220;32px&#8220; custom_padding=&#8220;||||false|false&#8220; global_colors_info=&#8220;{}&#8220;]<\/p>\n<h2 style=\"text-align: center; white-space: pre-wrap;\"><span style=\"font-weight: 300;\">Bereit, es auf Ihre Weise zu tun?<\/span><\/h2>\n<p>[\/et_pb_text][et_pb_button button_url=&#8220;https:\/\/awardforce.com\/de\/?page_id=47406&#8243; button_text=&#8220;W\u00e4hlen Sie Ihren Plan, um loszulegen&#8220; button_alignment=&#8220;center&#8220; _builder_version=&#8220;4.16&#8243; _module_preset=&#8220;default&#8220; custom_margin=&#8220;||20px|15px|false|false&#8220; custom_padding=&#8220;||||false|false&#8220; locked=&#8220;off&#8220; global_colors_info=&#8220;{}&#8220;][\/et_pb_button][\/et_pb_column][\/et_pb_row][et_pb_row _builder_version=&#8220;4.16&#8243; _module_preset=&#8220;default&#8220; global_colors_info=&#8220;{}&#8220;][et_pb_column type=&#8220;4_4&#8243; _builder_version=&#8220;4.16&#8243; _module_preset=&#8220;default&#8220; global_colors_info=&#8220;{}&#8220;][\/et_pb_column][\/et_pb_row][\/et_pb_section]<\/p>\n","protected":false},"excerpt":{"rendered":"<p>Ihr Programm, ganz nach Ihren VorstellungenDie weltweit #1 Software f\u00fcr AuszeichnungenIhr Programm ist einzigartig und Ihre Awards-Management-Software sollte dies unterst\u00fctzen.Ob einfach und unkompliziert oder komplex und mehrstufig \u2013 Award Force gibt Ihnen die Kontrolle, um Ihre Marke zu st\u00e4rken und Ihre Auszeichnungen nach Ihren Vorstellungen zu verwalten. Ihre Marke, an erster Stelle Ihr Auszeichnungsprogramm ist eine gro\u00dfartige Gelegenheit, Ihre Marke zu st\u00e4rken. Passen Sie die gesamte Plattform einfach an Ihre Marke an Erstellen Sie gebrandete PDFs und E-Mails direkt innerhalb der Plattform Erfahren Sie mehr \u00fcber BrandingEinreichungen, ganz nach Ihren W\u00fcnschen Kontrollieren Sie jede einzelne Seite, die Bewerber w\u00e4hrend ihres Einreichungsprozesses sehen werden Erstellen Sie ein Einreichungsformular, das alle Kriterien enth\u00e4lt, die Ihre Juroren f\u00fcr die Bewertung ben\u00f6tigen Verwenden Sie Text, Bilder oder Videos, um Ihren Bewerbern Kontext, Anweisungen oder programmspezifische Informationen bereitzustellen Erfahren Sie mehr \u00fcber die Verwaltung von Einreichungen. Bewertung, ganz nach Ihren Vorstellungen Gestalten Sie den Bewertungsprozess so, dass er den spezifischen Kriterien Ihres Programms entspricht, und schaffen Sie so ein nahtloses und angenehmes Erlebnis f\u00fcr Ihre Juroren. &nbsp; W\u00e4hlen Sie aus einer Reihe von Bewertungsmodi, um die Aufgabe zu erledigen. Legen Sie die Details Ihrer Bewertungsrunde fest \u2013 Daten, Juroren, Einreichungen, Kategorien, Bewertungsskalen, Konsensentscheidungen und mehr! [&hellip;]<\/p>\n","protected":false},"author":2,"featured_media":0,"parent":0,"menu_order":0,"comment_status":"closed","ping_status":"closed","template":"","meta":{"_acf_changed":false,"_et_pb_use_builder":"on","_et_pb_old_content":"","_et_gb_content_width":"","footnotes":""},"class_list":["post-50053","page","type-page","status-publish","hentry"],"acf":[],"_links":{"self":[{"href":"https:\/\/awardforce.com\/de\/wp-json\/wp\/v2\/pages\/50053","targetHints":{"allow":["GET"]}}],"collection":[{"href":"https:\/\/awardforce.com\/de\/wp-json\/wp\/v2\/pages"}],"about":[{"href":"https:\/\/awardforce.com\/de\/wp-json\/wp\/v2\/types\/page"}],"author":[{"embeddable":true,"href":"https:\/\/awardforce.com\/de\/wp-json\/wp\/v2\/users\/2"}],"replies":[{"embeddable":true,"href":"https:\/\/awardforce.com\/de\/wp-json\/wp\/v2\/comments?post=50053"}],"version-history":[{"count":5,"href":"https:\/\/awardforce.com\/de\/wp-json\/wp\/v2\/pages\/50053\/revisions"}],"predecessor-version":[{"id":58906,"href":"https:\/\/awardforce.com\/de\/wp-json\/wp\/v2\/pages\/50053\/revisions\/58906"}],"wp:attachment":[{"href":"https:\/\/awardforce.com\/de\/wp-json\/wp\/v2\/media?parent=50053"}],"curies":[{"name":"wp","href":"https:\/\/api.w.org\/{rel}","templated":true}]}}