{"id":50038,"date":"2025-08-08T12:39:46","date_gmt":"2025-08-08T12:39:46","guid":{"rendered":"https:\/\/awardforce.com\/?page_id=50038"},"modified":"2025-09-24T07:40:51","modified_gmt":"2025-09-24T07:40:51","slug":"einfach-fur-teilnehmer-und-juroren","status":"publish","type":"page","link":"https:\/\/awardforce.com\/de\/einfach-fur-teilnehmer-und-juroren\/","title":{"rendered":"Einfach f\u00fcr Teilnehmer und Juroren"},"content":{"rendered":"<p>[et_pb_section fb_built=&#8220;1&#8243; _builder_version=&#8220;4.0.6&#8243; background_image=&#8220;https:\/\/awardforce.com\/wp-content\/uploads\/2019\/12\/AF_HI_Deliberate-1.jpg&#8220; min_height=&#8220;500px&#8220;][et_pb_row _builder_version=&#8220;4.0.6&#8243; min_height=&#8220;500px&#8220; custom_padding=&#8220;175px||||false|false&#8220;][et_pb_column type=&#8220;4_4&#8243; _builder_version=&#8220;4.0.6&#8243;][et_pb_text _builder_version=&#8220;4.0.6&#8243; header_font=&#8220;||||||||&#8220; header_text_color=&#8220;#ffffff&#8220; background_color=&#8220;rgba(0,0,0,0)&#8220; width=&#8220;100%&#8220; module_alignment=&#8220;center&#8220; custom_css_main_element=&#8220;H1   -webkit-text-fill-color: white; \/* Will override color (regardless of order) *\/||    text-shadow: 0px 0px 2px #000, 0px 0px 4px #000;||-webkit-text-stroke-width: 0.1px;||  -webkit-text-stroke-color: #000;&#8220;]<\/p>\n<h1 style=\"text-align: center;\"><span style=\"background-color: #000;\"> Einfach f\u00fcr Teilnehmer und Juroren, <br \/> leistungsstark f\u00fcr Sie <\/span><\/h1>\n<p>[\/et_pb_text][\/et_pb_column][\/et_pb_row][\/et_pb_section][et_pb_section fb_built=&#8220;1&#8243; admin_label=&#8220;section&#8220; _builder_version=&#8220;3.22&#8243;][et_pb_row admin_label=&#8220;Zeile&#8220; _builder_version=&#8220;3.25&#8243; background_size=&#8220;initial&#8220; background_position=&#8220;top_left&#8220; background_repeat=&#8220;repeat&#8220; custom_padding=&#8220;||0px|||&#8220;][et_pb_column type=&#8220;4_4&#8243; _builder_version=&#8220;3.25&#8243; custom_padding=&#8220;|||&#8220; custom_padding__hover=&#8220;|||&#8220;][et_pb_text admin_label=&#8220;Text&#8220; _builder_version=&#8220;4.0.6&#8243; background_size=&#8220;initial&#8220; background_position=&#8220;top_left&#8220; background_repeat=&#8220;repeat&#8220;]<\/p>\n<h2 style=\"text-align: center; white-space: pre-wrap;\">Helfen Sie allen Programmteilnehmern, die Aufgabe gut und einfach zu erledigen<\/h2>\n<h3 style=\"text-align: center; white-space: pre-wrap;\">\u201eVerabschieden Sie sich\u201c von schlechten Benutzererfahrungen, unintuitiven Layouts und schlecht durchdachten Funktionen. Award Force wurde entwickelt, um allen Programmteilnehmern zu helfen, ihre Aufgabe zu erledigen, indem es die Teilnahme, Bewertung und Verwaltung Ihres Award-Programms unterhaltsam, intuitiv und ansprechend gestaltet. <\/h3>\n<p>[\/et_pb_text][\/et_pb_column][\/et_pb_row][et_pb_row _builder_version=&#8220;4.0.11&#8243; custom_padding=&#8220;28px|||||&#8220;][et_pb_column type=&#8220;4_4&#8243; _builder_version=&#8220;4.0.11&#8243;][et_pb_image src=&#8220;https:\/\/awardforce.com\/wp-content\/uploads\/2019\/12\/Results-in-real-time.png&#8220; _builder_version=&#8220;4.0.11&#8243; max_width=&#8220;85%&#8220; module_alignment=&#8220;center&#8220;][\/et_pb_image][\/et_pb_column][\/et_pb_row][et_pb_row column_structure=&#8220;1_3,2_3&#8243; use_custom_gutter=&#8220;on&#8220; _builder_version=&#8220;4.0.6&#8243; custom_padding=&#8220;||2px|||&#8220;][et_pb_column type=&#8220;1_3&#8243; _builder_version=&#8220;4.0.6&#8243;][et_pb_image src=&#8220;https:\/\/awardforce.com\/wp-content\/uploads\/2019\/12\/Easy-Submission-1.png&#8220; align=&#8220;center&#8220; _builder_version=&#8220;4.0.6&#8243; height=&#8220;150px&#8220; custom_margin=&#8220;25px||||false|false&#8220;][\/et_pb_image][\/et_pb_column][et_pb_column type=&#8220;2_3&#8243; _builder_version=&#8220;4.0.6&#8243;][et_pb_text _builder_version=&#8220;4.0.6&#8243; custom_padding=&#8220;||||false|false&#8220;]<\/p>\n<h2>Einfache Einreichung f\u00fcr Teilnehmer<\/h2>\n<h3>Die Teilnahme an einem Award-Programm war noch nie so einfach.<\/h3>\n<ul class=\"ticks\">\n<li><span><\/span>Intuitive Einreichung von Beitr\u00e4gen <\/li>\n<li><span><\/span>Kontextbezogene Informationen f\u00fcr Ihre Teilnehmer genau dort, wo sie sie ben\u00f6tigen <\/li>\n<li><span><\/span>Einfache Kommunikationstools f\u00fcr schnelle Programm- und Einreichungserinnerungen <\/li>\n<li><span><\/span>Auto-Speicherfunktion, damit Ihre Teilnehmer ihren Beitrag nie verlieren<\/li>\n<\/ul>\n<p>[\/et_pb_text][\/et_pb_column][\/et_pb_row][et_pb_row column_structure=&#8220;1_3,2_3&#8243; use_custom_gutter=&#8220;on&#8220; _builder_version=&#8220;4.0.6&#8243; custom_padding=&#8220;||2px|||&#8220;][et_pb_column type=&#8220;1_3&#8243; _builder_version=&#8220;4.0.6&#8243;][et_pb_image src=&#8220;https:\/\/awardforce.com\/wp-content\/uploads\/2019\/12\/Enjoyable-1.png&#8220; align=&#8220;center&#8220; _builder_version=&#8220;4.0.6&#8243; width=&#8220;180px&#8220; custom_margin=&#8220;25px||||false|false&#8220;][\/et_pb_image][\/et_pb_column][et_pb_column type=&#8220;2_3&#8243; _builder_version=&#8220;4.0.6&#8243;][et_pb_text _builder_version=&#8220;4.0.6&#8243; custom_padding=&#8220;||||false|false&#8220;]<\/p>\n<h2>Angenehmes Erlebnis f\u00fcr Juroren<\/h2>\n<h3>Begeistern Sie Ihre Juroren mit einem einfachen und optimierten Prozess, der alle Tools bietet, die sie ben\u00f6tigen, um schnell und effektiv zu bewerten.<\/h3>\n<ul class=\"ticks\">\n<li><span><\/span>Ein intuitives Bewertungserlebnis \u2013 keine Schulung erforderlich<\/li>\n<li><span><\/span>Jede Einreichung befindet sich auf einer \u00fcbersichtlichen Seite, kein Hin- und Herklicken<\/li>\n<li><span><\/span>Optionen zum Teilen von Bewertungen, Kommentaren und Feedback<\/li>\n<li><span><\/span>Tablet-f\u00e4hige Optionen f\u00fcr die Live-Bewertung vor Ort<\/li>\n<li><span><\/span>Einfache Vorschau und PDF-Downloads <\/li>\n<\/ul>\n<p>[\/et_pb_text][\/et_pb_column][\/et_pb_row][et_pb_row column_structure=&#8220;1_3,2_3&#8243; use_custom_gutter=&#8220;on&#8220; _builder_version=&#8220;4.0.6&#8243; custom_padding=&#8220;||2px|||&#8220;][et_pb_column type=&#8220;1_3&#8243; _builder_version=&#8220;4.0.6&#8243;][et_pb_image src=&#8220;https:\/\/awardforce.com\/wp-content\/uploads\/2019\/12\/Powerful-Tools-1.png&#8220; align=&#8220;center&#8220; _builder_version=&#8220;4.0.6&#8243; height=&#8220;150px&#8220; custom_margin=&#8220;25px||||false|false&#8220;][\/et_pb_image][\/et_pb_column][et_pb_column type=&#8220;2_3&#8243; _builder_version=&#8220;4.0.6&#8243;][et_pb_text _builder_version=&#8220;4.0.6&#8243; custom_padding=&#8220;||||false|false&#8220;]<\/p>\n<h2>Leistungsstarke Management-Tools f\u00fcr Programmmanager<\/h2>\n<ul class=\"ticks\">\n<li><span><\/span>Flexible Konfiguration f\u00fcr Ihre einzigartigen Programmanforderungen<\/li>\n<li><span><\/span>Einfach anpassbar an Ihre Marke<\/li>\n<li><span><\/span>Echtzeit-Reporting und Export gefilterter Datens\u00e4tze<\/li>\n<li><span><\/span>Verfolgen Sie Volumen und Abschlussstatus<\/li>\n<li><span><\/span>Benachrichtigung und Rundfunkkommunikation mit Bewerbern oder Juroren<\/li>\n<li><span><\/span>Flexible Konfiguration von Einreichung und Bewertung<\/li>\n<li><span><\/span>Support, wenn Sie ihn brauchen<\/li>\n<\/ul>\n<p>[\/et_pb_text][\/et_pb_column][\/et_pb_row][et_pb_row column_structure=&#8220;1_3,2_3&#8243; use_custom_gutter=&#8220;on&#8220; _builder_version=&#8220;4.0.6&#8243; custom_padding=&#8220;||2px|||&#8220;][et_pb_column type=&#8220;1_3&#8243; _builder_version=&#8220;4.0.6&#8243;][et_pb_image src=&#8220;https:\/\/awardforce.com\/wp-content\/uploads\/2019\/12\/Reliable-Platform-1.png&#8220; align=&#8220;center&#8220; _builder_version=&#8220;4.0.6&#8243; height=&#8220;125px&#8220; custom_margin=&#8220;25px||||false|false&#8220;][\/et_pb_image][\/et_pb_column][et_pb_column type=&#8220;2_3&#8243; _builder_version=&#8220;4.0.6&#8243;][et_pb_text _builder_version=&#8220;4.4.2&#8243; custom_padding=&#8220;||||false|false&#8220; hover_enabled=&#8220;0&#8243;]<\/p>\n<h2>Eine zuverl\u00e4ssige Plattform, um Dinge zu erledigen<\/h2>\n<h3>Award Force ist eine zuverl\u00e4ssige Plattform, die allen Programmteilnehmern hilft, ihre Aufgaben zu erledigen.<\/h3>\n<ul class=\"ticks\">\n<li><span><\/span>Eine <a href=\"https:\/\/www.capterra.com\/p\/148148\/Award-Force\/\">5-Sterne-SaaS-L\u00f6sung<\/a>, weltweit bew\u00e4hrt<\/li>\n<li><span><\/span>Regelm\u00e4\u00dfig mit neuen Funktionen aktualisiert<\/li>\n<li><span><\/span>99,9 % Verf\u00fcgbarkeit \u2013 weltweit vertraut, wir sind zuverl\u00e4ssig<\/li>\n<li><span><\/span>Die sicherste Awards-Management-Plattform; ISO 27001 zertifiziert und GDPR-, CCPA- und PCI DSS-konform<\/li>\n<\/ul>\n<p>[\/et_pb_text][\/et_pb_column][\/et_pb_row][et_pb_row _builder_version=&#8220;4.0.6&#8243; custom_padding=&#8220;||30px|||&#8220;][et_pb_column type=&#8220;4_4&#8243; _builder_version=&#8220;4.0.6&#8243;][et_pb_text _builder_version=&#8220;4.0.6&#8243; custom_padding=&#8220;||||false|false&#8220;]<\/p>\n<h2 style=\"text-align: center;\">Bereit, die Aufgabe einfach zu erledigen?<\/h2>\n<p>[\/et_pb_text][et_pb_button button_url=&#8220;https:\/\/awardforce.com\/de\/?page_id=47406&#8243; button_text=&#8220;W\u00e4hlen Sie einen Plan&#8220; button_alignment=&#8220;center&#8220; _builder_version=&#8220;4.0.6&#8243; custom_button=&#8220;on&#8220; button_text_size=&#8220;18px&#8220; button_border_radius=&#8220;3px&#8220; button_letter_spacing=&#8220;0px&#8220; button_font=&#8220;Open Sans||||||||&#8220; button_use_icon=&#8220;off&#8220; custom_margin=&#8220;||19px|||&#8220;][\/et_pb_button][et_pb_text _builder_version=&#8220;4.0.6&#8243; header_text_color=&#8220;#3a47f4&#8243; header_3_text_color=&#8220;#3a47f4&#8243;]<\/p>\n<h3 id=\"yui_3_17_2_1_1574987281802_580\" style=\"text-align: center;\"><a href=\"https:\/\/awardforce.com\/de\/?page_id=47364\">Anruf buchen<\/a> | <a href=\"https:\/\/awardforce.com\/de\/?page_id=50147\">FAQs<\/a><\/h3>\n<p>[\/et_pb_text][\/et_pb_column][\/et_pb_row][\/et_pb_section]<\/p>\n","protected":false},"excerpt":{"rendered":"<p>Einfach f\u00fcr Teilnehmer und Juroren, leistungsstark f\u00fcr Sie Helfen Sie allen Programmteilnehmern, die Aufgabe gut und einfach zu erledigen \u201eVerabschieden Sie sich\u201c von schlechten Benutzererfahrungen, unintuitiven Layouts und schlecht durchdachten Funktionen. Award Force wurde entwickelt, um allen Programmteilnehmern zu helfen, ihre Aufgabe zu erledigen, indem es die Teilnahme, Bewertung und Verwaltung Ihres Award-Programms unterhaltsam, intuitiv und ansprechend gestaltet. Einfache Einreichung f\u00fcr Teilnehmer Die Teilnahme an einem Award-Programm war noch nie so einfach. Intuitive Einreichung von Beitr\u00e4gen Kontextbezogene Informationen f\u00fcr Ihre Teilnehmer genau dort, wo sie sie ben\u00f6tigen Einfache Kommunikationstools f\u00fcr schnelle Programm- und Einreichungserinnerungen Auto-Speicherfunktion, damit Ihre Teilnehmer ihren Beitrag nie verlieren Angenehmes Erlebnis f\u00fcr Juroren Begeistern Sie Ihre Juroren mit einem einfachen und optimierten Prozess, der alle Tools bietet, die sie ben\u00f6tigen, um schnell und effektiv zu bewerten. Ein intuitives Bewertungserlebnis \u2013 keine Schulung erforderlich Jede Einreichung befindet sich auf einer \u00fcbersichtlichen Seite, kein Hin- und Herklicken Optionen zum Teilen von Bewertungen, Kommentaren und Feedback Tablet-f\u00e4hige Optionen f\u00fcr die Live-Bewertung vor Ort Einfache Vorschau und PDF-Downloads Leistungsstarke Management-Tools f\u00fcr Programmmanager Flexible Konfiguration f\u00fcr Ihre einzigartigen Programmanforderungen Einfach anpassbar an Ihre Marke Echtzeit-Reporting und Export gefilterter Datens\u00e4tze Verfolgen Sie Volumen und Abschlussstatus Benachrichtigung und Rundfunkkommunikation mit Bewerbern oder Juroren Flexible [&hellip;]<\/p>\n","protected":false},"author":2,"featured_media":0,"parent":0,"menu_order":0,"comment_status":"closed","ping_status":"closed","template":"","meta":{"_acf_changed":false,"_et_pb_use_builder":"on","_et_pb_old_content":"","_et_gb_content_width":"","footnotes":""},"class_list":["post-50038","page","type-page","status-publish","hentry"],"acf":[],"_links":{"self":[{"href":"https:\/\/awardforce.com\/de\/wp-json\/wp\/v2\/pages\/50038","targetHints":{"allow":["GET"]}}],"collection":[{"href":"https:\/\/awardforce.com\/de\/wp-json\/wp\/v2\/pages"}],"about":[{"href":"https:\/\/awardforce.com\/de\/wp-json\/wp\/v2\/types\/page"}],"author":[{"embeddable":true,"href":"https:\/\/awardforce.com\/de\/wp-json\/wp\/v2\/users\/2"}],"replies":[{"embeddable":true,"href":"https:\/\/awardforce.com\/de\/wp-json\/wp\/v2\/comments?post=50038"}],"version-history":[{"count":3,"href":"https:\/\/awardforce.com\/de\/wp-json\/wp\/v2\/pages\/50038\/revisions"}],"predecessor-version":[{"id":50528,"href":"https:\/\/awardforce.com\/de\/wp-json\/wp\/v2\/pages\/50038\/revisions\/50528"}],"wp:attachment":[{"href":"https:\/\/awardforce.com\/de\/wp-json\/wp\/v2\/media?parent=50038"}],"curies":[{"name":"wp","href":"https:\/\/api.w.org\/{rel}","templated":true}]}}