{"id":49984,"date":"2025-08-08T12:39:45","date_gmt":"2025-08-08T12:39:45","guid":{"rendered":"https:\/\/awardforce.com\/?page_id=49984"},"modified":"2025-09-24T07:40:47","modified_gmt":"2025-09-24T07:40:47","slug":"remote-betrieb-wie-man-ein-award-programm-ohne-physische-events-durchfuhrt","status":"publish","type":"page","link":"https:\/\/awardforce.com\/de\/remote-betrieb-wie-man-ein-award-programm-ohne-physische-events-durchfuhrt\/","title":{"rendered":"Remote-Betrieb: So f\u00fchren Sie ein Auszeichnungsprogramm ohne physische Veranstaltungen durch"},"content":{"rendered":"<p>[et_pb_section fb_built=&#8220;1&#8243; admin_label=&#8220;section&#8220; _builder_version=&#8220;4.16&#8243; global_colors_info=&#8220;{}&#8220;][et_pb_row _builder_version=&#8220;4.16&#8243; global_colors_info=&#8220;{}&#8220;][et_pb_column type=&#8220;4_4&#8243; _builder_version=&#8220;4.16&#8243; global_colors_info=&#8220;{}&#8220;][et_pb_text _builder_version=&#8220;4.16&#8243; min_height=&#8220;28px&#8220; global_colors_info=&#8220;{}&#8220;]<\/p>\n<h3><strong>E-Book<\/strong><\/h3>\n<p>[\/et_pb_text][et_pb_text _builder_version=&#8220;4.16&#8243; min_height=&#8220;207px&#8220; global_colors_info=&#8220;{}&#8220;]<\/p>\n<h1 style=\"text-align: left;\"><span style=\"font-weight: 400;\"><strong>Remote-Betrieb<\/strong>: <\/span><span style=\"font-weight: 400;\">So verwalten Sie ein virtuelles Auszeichnungsprogramm ohne physische Veranstaltungen<\/span><\/h1>\n<p>[\/et_pb_text][\/et_pb_column][\/et_pb_row][et_pb_row column_structure=&#8220;1_2,1_2&#8243; _builder_version=&#8220;4.16&#8243; custom_padding=&#8220;||0px|||&#8220; global_colors_info=&#8220;{}&#8220;][et_pb_column type=&#8220;1_2&#8243; _builder_version=&#8220;4.16&#8243; global_colors_info=&#8220;{}&#8220;][et_pb_image src=&#8220;https:\/\/awardforce.com\/wp-content\/uploads\/2020\/03\/AF_Ebooks_RunningRemote_V1.jpg&#8220; alt=&#8220;E-Book Remote-Betrieb&#8220; _builder_version=&#8220;4.16&#8243; max_width=&#8220;94%&#8220; module_alignment=&#8220;left&#8220; custom_margin=&#8220;||-2px|||&#8220; box_shadow_style=&#8220;preset2&#8243; global_colors_info=&#8220;{}&#8220;][\/et_pb_image][et_pb_text _builder_version=&#8220;4.23.4&#8243; custom_padding=&#8220;32px|||||&#8220; hover_enabled=&#8220;0&#8243; global_colors_info=&#8220;{}&#8220; sticky_enabled=&#8220;0&#8243;]<\/p>\n<h3 class=\"h4\">\u201eWir sind von Papier und PDFs zu<br \/>\nAward Force \u00fcbergegangen, und es war ein Gl\u00fccksfall, so viel Arbeit zu vermeiden, die von Freiwilligen f\u00fcr den Wettbewerb unserer Organisation geleistet wird.\u201c<\/h4>\n<p>\u2013 Yvonne Klinnert,<br \/>\nMinnesota Association of Government Communicators,<br \/>\nNorthern Lights Contest<\/p>\n<p>&nbsp;[\/et_pb_text][\/et_pb_column][et_pb_column type=&#8220;1_2&#8243; _builder_version=&#8220;4.16&#8243; global_colors_info=&#8220;{}&#8220;][et_pb_text _builder_version=&#8220;4.16&#8243; global_colors_info=&#8220;{}&#8220;]<\/p>\n<h4><span>Laden Sie unseren kostenlosen Leitfaden f\u00fcr einen vollst\u00e4ndigen \u00dcberblick dar\u00fcber herunter, wie Sie Ihr Auszeichnungsprogramm remote, ohne physische Veranstaltungen, verwalten k\u00f6nnen. <\/span><\/h4>\n<p>[\/et_pb_text][et_pb_code _builder_version=&#8220;4.16&#8243; global_colors_info=&#8220;{}&#8220;]<!--HubSpot Call-to-Action Code --><span class=\"hs-cta-wrapper\" id=\"hs-cta-wrapper-c7b69b49-b4ff-43db-99e2-ae81526da690\"><span class=\"hs-cta-node hs-cta-c7b69b49-b4ff-43db-99e2-ae81526da690\" id=\"hs-cta-c7b69b49-b4ff-43db-99e2-ae81526da690\"><!--[if lte IE 8]>\n\n<div id=\"hs-cta-ie-element\"><\/div>\n\n<![endif]--><a href=\"https:\/\/cta-redirect.hubspot.com\/cta\/redirect\/5752201\/c7b69b49-b4ff-43db-99e2-ae81526da690\" target=\"_blank\" rel=\"noopener noreferrer\"><img decoding=\"async\" class=\"hs-cta-img lazyload\" id=\"hs-cta-img-c7b69b49-b4ff-43db-99e2-ae81526da690\" style=\"border-width:0px;\" data-src=\"https:\/\/no-cache.hubspot.com\/cta\/default\/5752201\/c7b69b49-b4ff-43db-99e2-ae81526da690.png\" alt=\"E-Book herunterladen\" src=\"data:image\/svg+xml;base64,PHN2ZyB3aWR0aD0iMSIgaGVpZ2h0PSIxIiB4bWxucz0iaHR0cDovL3d3dy53My5vcmcvMjAwMC9zdmciPjwvc3ZnPg==\"><\/a><\/span><script charset=\"utf-8\" src=\"https:\/\/js.hscta.net\/cta\/current.js\"><\/script><script type=\"text\/javascript\"> hbspt.cta.load(5752201, 'c7b69b49-b4ff-43db-99e2-ae81526da690', {}); <\/script><\/span><!-- end HubSpot Call-to-Action Code -->[\/et_pb_code][et_pb_text _builder_version=&#8220;4.16&#8243; global_colors_info=&#8220;{}&#8220;]<\/p>\n<div class=\"row sqs-row\">\n<div class=\"col sqs-col-10 span-10\">\n<div class=\"sqs-block html-block sqs-block-html\" data-block-type=\"2\" id=\"block-d5e90e5ec1a621d54608\">\n<div class=\"sqs-block-content\">\n<h2>Themen umfassen:<\/h2>\n<\/div>\n<\/div>\n<\/div>\n<\/div>\n<div class=\"row sqs-row\">\n<div class=\"col sqs-col-2 span-2\">\n<div class=\"sqs-block spacer-block sqs-block-spacer\" data-aspect-ratio=\"19.84732824427481\" data-block-type=\"21\" id=\"block-ba15693810cfe0f7fe06\">\n<ul>\n<li class=\"sqs-block-content sqs-intrinsic\" id=\"yui_3_17_2_1_1576186602496_228\"><span>So stellen Sie auf Remote-Betrieb um<\/span><\/li>\n<li class=\"sqs-block-content sqs-intrinsic\"><span style=\"font-size: 16px;\">Verwendung von Software zur Verwaltung Ihres Auszeichnungsprogramms<\/span><\/li>\n<li class=\"sqs-block-content sqs-intrinsic\"><span style=\"font-size: 16px;\"><span style=\"font-weight: 400;\">Teilnehmerrekrutierung und -bindung<\/span><\/span><\/li>\n<li class=\"sqs-block-content sqs-intrinsic\"><span style=\"font-size: 16px;\"><span style=\"font-weight: 400;\">So erstellen Sie ein virtuelles <\/span><span style=\"font-weight: 400;\">Jurierungserlebnis<\/span><\/span><\/li>\n<li class=\"sqs-block-content sqs-intrinsic\"><span style=\"font-size: 16px;\"><span style=\"font-weight: 400;\">So erhalten + steigern Sie Sponsoreneinnahmen in einer virtuellen Umgebung<\/span><\/span><\/li>\n<li class=\"sqs-block-content sqs-intrinsic\">Nutzung von Videos innerhalb + ausserhalb Ihres Programms<\/li>\n<li class=\"sqs-block-content sqs-intrinsic\"><span style=\"font-weight: 400;\">Feiern der <\/span><span style=\"font-weight: 400;\">Gewinner, virtuell<\/span><\/li>\n<\/ul>\n<h2>F\u00fcr wen ist dieser Leitfaden?<\/h2>\n<p>Dieser Leitfaden ist f\u00fcr jedes Anerkennungsprogramm gedacht, das seine Abl\u00e4ufe auf digital umstellen m\u00f6chte:<\/p>\n<p>&nbsp;<\/p>\n<ul>\n<li><strong>Auszeichnungen<\/strong>: Nominierungen, Wettbewerbe oder Competitions<\/li>\n<li><strong>Zusch\u00fcsse<\/strong>: Zuschuss- oder Schenkungsorganisationen<\/li>\n<li><strong>Kreativpreise<\/strong>: Musik-, Film-, Design-, Foto- oder Kunstpreise<\/li>\n<li><strong>Startup<\/strong>: Inkubator-, Accelerator-, VC- oder F\u00f6rderprogramme<\/li>\n<li><strong>Akademisch<\/strong>: Stipendien, Abstracts, Fellowships oder Portfolios.<\/li>\n<li><strong>HR<\/strong>: Auszeichnung von Mitarbeitern oder Mitarbeiteranerkennung<\/li>\n<\/ul>\n<\/div>\n<\/div>\n<div class=\"col sqs-col-4 span-4\"><\/div>\n<\/div>\n<div class=\"row sqs-row\">\n<div class=\"col sqs-col-8 span-8\">\n<div class=\"sqs-block html-block sqs-block-html\" data-block-type=\"2\" id=\"block-yui_3_17_2_1_1555989245048_9563\">\n<div class=\"sqs-block-content\"><\/div>\n<\/div>\n<\/div>\n<\/div>\n<p>[\/et_pb_text][et_pb_code _builder_version=&#8220;4.16&#8243; global_colors_info=&#8220;{}&#8220;][\/et_pb_code][\/et_pb_column][\/et_pb_row][et_pb_row _builder_version=&#8220;4.16&#8243; custom_padding=&#8220;0px||0px|||&#8220; global_colors_info=&#8220;{}&#8220;][et_pb_column type=&#8220;4_4&#8243; _builder_version=&#8220;4.16&#8243; global_colors_info=&#8220;{}&#8220;][et_pb_text _builder_version=&#8220;4.16&#8243; global_colors_info=&#8220;{}&#8220;]<\/p>\n<h2 style=\"text-align: center;\">Dieses E-Book teilen<\/h2>\n<p>[\/et_pb_text][\/et_pb_column][\/et_pb_row][et_pb_row column_structure=&#8220;1_5,1_5,1_5,1_5,1_5&#8243; _builder_version=&#8220;4.16&#8243; width=&#8220;21%&#8220; module_alignment=&#8220;center&#8220; custom_padding=&#8220;0px|||||&#8220; global_colors_info=&#8220;{}&#8220;][et_pb_column type=&#8220;1_5&#8243; _builder_version=&#8220;4.16&#8243; global_colors_info=&#8220;{}&#8220;][\/et_pb_column][et_pb_column type=&#8220;1_5&#8243; _builder_version=&#8220;4.16&#8243; global_colors_info=&#8220;{}&#8220;][et_pb_image src=&#8220;https:\/\/awardforce.com\/wp-content\/uploads\/2020\/03\/facebook-1.png&#8220; alt=&#8220;Facebook-Symbol&#8220; url=&#8220;https:\/\/www.facebook.com\/sharer\/sharer.php?u=https:\/\/awardforce.com\/running-remote-how-to-run-an-awards-program-without-physical-events\/&#8220; url_new_window=&#8220;on&#8220; _builder_version=&#8220;4.16&#8243; width=&#8220;40px&#8220; global_colors_info=&#8220;{}&#8220;][\/et_pb_image][\/et_pb_column][et_pb_column type=&#8220;1_5&#8243; _builder_version=&#8220;4.16&#8243; global_colors_info=&#8220;{}&#8220;][et_pb_image src=&#8220;https:\/\/awardforce.com\/wp-content\/uploads\/2020\/03\/twitter-1.png&#8220; alt=&#8220;Twitter-Symbol&#8220; url=&#8220;https:\/\/twitter.com\/intent\/tweet?text=https:\/\/awardforce.com\/running-remote-how-to-run-an-awards-program-without-physical-events\/&#8220; url_new_window=&#8220;on&#8220; _builder_version=&#8220;4.16&#8243; width=&#8220;40px&#8220; module_alignment=&#8220;left&#8220; custom_margin=&#8220;||||false|false&#8220; custom_padding=&#8220;|||0px|false|false&#8220; global_colors_info=&#8220;{}&#8220;][\/et_pb_image][\/et_pb_column][et_pb_column type=&#8220;1_5&#8243; _builder_version=&#8220;4.16&#8243; global_colors_info=&#8220;{}&#8220;][et_pb_image src=&#8220;https:\/\/awardforce.com\/wp-content\/uploads\/2020\/03\/linkedin-1.png&#8220; alt=&#8220;LinkedIn-Symbol&#8220; url=&#8220;https:\/\/www.linkedin.com\/sharing\/share-offsite\/?url=https:\/\/awardforce.com\/running-remote-how-to-run-an-awards-program-without-physical-events\/&#8220; url_new_window=&#8220;on&#8220; _builder_version=&#8220;4.16&#8243; width=&#8220;40px&#8220; global_colors_info=&#8220;{}&#8220;][\/et_pb_image][\/et_pb_column][et_pb_column type=&#8220;1_5&#8243; _builder_version=&#8220;4.16&#8243; global_colors_info=&#8220;{}&#8220;][\/et_pb_column][\/et_pb_row][et_pb_row _builder_version=&#8220;4.16&#8243; global_colors_info=&#8220;{}&#8220;][et_pb_column type=&#8220;4_4&#8243; _builder_version=&#8220;4.16&#8243; global_colors_info=&#8220;{}&#8220;][et_pb_text _builder_version=&#8220;4.16&#8243; global_colors_info=&#8220;{}&#8220;]<\/p>\n<p>Haben Sie Probleme beim Herunterladen des E-Books? Senden Sie eine E-Mail an <a href=\"mailto:marketing@craigcf8.wpcomstaging.com\">marketing@craigcf8.wpcomstaging.com<\/a>.  <\/p>\n<p>[\/et_pb_text][\/et_pb_column][\/et_pb_row][\/et_pb_section]<\/p>\n","protected":false},"excerpt":{"rendered":"<p>Auszeichnungsprogramme umfassen regelm\u00e4ssig Live-Veranstaltungen \u2013 Programm-Manager-Meetings, Live-Jurysitzungen und typischerweise eine abschliessende, gut besuchte Preisverleihung. Wenn Sie jedoch aufgrund von Umst\u00e4nden gezwungen sind, Ihre Live-Veranstaltungen abzusagen, muss Ihr Auszeichnungsprogramm nicht gestoppt werden. Es ist einfach an der Zeit, auf digital umzusteigen.  <\/p>\n","protected":false},"author":9,"featured_media":49985,"parent":0,"menu_order":0,"comment_status":"closed","ping_status":"closed","template":"","meta":{"_acf_changed":false,"_et_pb_use_builder":"on","_et_pb_old_content":"","_et_gb_content_width":"","footnotes":""},"class_list":["post-49984","page","type-page","status-publish","has-post-thumbnail","hentry"],"acf":[],"_links":{"self":[{"href":"https:\/\/awardforce.com\/de\/wp-json\/wp\/v2\/pages\/49984","targetHints":{"allow":["GET"]}}],"collection":[{"href":"https:\/\/awardforce.com\/de\/wp-json\/wp\/v2\/pages"}],"about":[{"href":"https:\/\/awardforce.com\/de\/wp-json\/wp\/v2\/types\/page"}],"author":[{"embeddable":true,"href":"https:\/\/awardforce.com\/de\/wp-json\/wp\/v2\/users\/9"}],"replies":[{"embeddable":true,"href":"https:\/\/awardforce.com\/de\/wp-json\/wp\/v2\/comments?post=49984"}],"version-history":[{"count":5,"href":"https:\/\/awardforce.com\/de\/wp-json\/wp\/v2\/pages\/49984\/revisions"}],"predecessor-version":[{"id":52230,"href":"https:\/\/awardforce.com\/de\/wp-json\/wp\/v2\/pages\/49984\/revisions\/52230"}],"wp:featuredmedia":[{"embeddable":true,"href":"https:\/\/awardforce.com\/de\/wp-json\/wp\/v2\/media\/49985"}],"wp:attachment":[{"href":"https:\/\/awardforce.com\/de\/wp-json\/wp\/v2\/media?parent=49984"}],"curies":[{"name":"wp","href":"https:\/\/api.w.org\/{rel}","templated":true}]}}