{"id":49976,"date":"2025-08-08T12:39:45","date_gmt":"2025-08-08T12:39:45","guid":{"rendered":"https:\/\/awardforce.com\/?page_id=49976"},"modified":"2025-09-24T07:40:45","modified_gmt":"2025-09-24T07:40:45","slug":"datenverarbeitungsvertrag","status":"publish","type":"page","link":"https:\/\/awardforce.com\/de\/datenverarbeitungsvertrag\/","title":{"rendered":"Datenverarbeitungsvertrag"},"content":{"rendered":"<p>[et_pb_section fb_built=&#8220;1&#8243; _builder_version=&#8220;4.16&#8243; global_colors_info=&#8220;{}&#8220; theme_builder_area=&#8220;post_content&#8220;][et_pb_row column_structure=&#8220;1_3,1_3,1_3&#8243; _builder_version=&#8220;4.16&#8243; custom_padding=&#8220;||0px|||&#8220; global_colors_info=&#8220;{}&#8220; theme_builder_area=&#8220;post_content&#8220;][et_pb_column type=&#8220;1_3&#8243; _builder_version=&#8220;4.16&#8243; global_colors_info=&#8220;{}&#8220; theme_builder_area=&#8220;post_content&#8220;][\/et_pb_column][et_pb_column type=&#8220;1_3&#8243; _builder_version=&#8220;4.16&#8243; global_colors_info=&#8220;{}&#8220; theme_builder_area=&#8220;post_content&#8220;][\/et_pb_column][et_pb_column type=&#8220;1_3&#8243; _builder_version=&#8220;4.16&#8243; global_colors_info=&#8220;{}&#8220; theme_builder_area=&#8220;post_content&#8220;][et_pb_text _builder_version=&#8220;4.16&#8243; custom_margin=&#8220;||0px||false|false&#8220; custom_padding=&#8220;||0px||false|false&#8220; global_colors_info=&#8220;{}&#8220; theme_builder_area=&#8220;post_content&#8220;]<\/p>\n<p><strong>Diese Seite \u00fcbersetzen:<\/strong><\/p>\n<p>[\/et_pb_text][et_pb_code _builder_version=&#8220;4.16&#8243; custom_margin=&#8220;0px||0px||false|false&#8220; custom_padding=&#8220;0px||0px||false|false&#8220; global_colors_info=&#8220;{}&#8220; theme_builder_area=&#8220;post_content&#8220;]<script type=\"text\/javascript\" src=\"\/\/translate.google.com\/translate_a\/element.js?cb=googleTranslateElementInit\"><\/script>[\/et_pb_code][et_pb_code _builder_version=&#8220;4.16&#8243; custom_margin=&#8220;0px||0px||false|false&#8220; custom_padding=&#8220;0px||0px||false|false&#8220; global_colors_info=&#8220;{}&#8220; theme_builder_area=&#8220;post_content&#8220;]<script type=\"text\/javascript\"><!-- [et_pb_line_break_holder] -->function googleTranslateElementInit() {<!-- [et_pb_line_break_holder] -->  new google.translate.TranslateElement({pageLanguage: 'en'}, 'google_translate_element');<!-- [et_pb_line_break_holder] -->}<!-- [et_pb_line_break_holder] --><\/script>[\/et_pb_code][et_pb_code _builder_version=&#8220;4.16&#8243; global_colors_info=&#8220;{}&#8220; theme_builder_area=&#8220;post_content&#8220;]<\/p>\n<div id=\"google_translate_element\"><\/div>\n<p>[\/et_pb_code][\/et_pb_column][\/et_pb_row][et_pb_row _builder_version=&#8220;4.16&#8243; custom_padding=&#8220;0px|||||&#8220; global_colors_info=&#8220;{}&#8220; theme_builder_area=&#8220;post_content&#8220;][et_pb_column type=&#8220;4_4&#8243; _builder_version=&#8220;4.16&#8243; global_colors_info=&#8220;{}&#8220; theme_builder_area=&#8220;post_content&#8220;][et_pb_text _builder_version=&#8220;4.16&#8243; global_colors_info=&#8220;{}&#8220; theme_builder_area=&#8220;post_content&#8220;]<\/p>\n<h1><span style=\"font-weight: 400;\">Datenverarbeitungsvertrag<\/span><\/h1>\n<p><span style=\"font-weight: 400;\">G\u00fcltig ab: 8. Januar 2020<\/span><\/p>\n<p><span style=\"font-weight: 400;\">Award Force, \u201euns\u201c, \u201ewir\u201c oder \u201eunser\u201c bezieht sich auf Creative Force Ltd, Award Force Pty Ltd und alle unsere verbundenen Unternehmen.<br \/>\nDieser Datenverarbeitungsvertrag (\u201eDPA\u201c) ist Bestandteil des Software-as-a-Service-Vertrags (\u201eHauptvertrag\u201c) zwischen der Kundenentit\u00e4t, die Partei des Hauptvertrags ist (\u201eKunde\u201c oder \u201eSie\u201c), und Award Force (dem \u201eDatenverarbeiter\u201c), zusammen als die \u201eParteien\u201c.<br \/>\nWOBEI<\/span><\/p>\n<ol style=\"list-style-type: lower-alpha;\">\n<li><span style=\"font-weight: 400;\">Der Kunde fungiert als Datenverantwortlicher.<br \/>\n<\/span><\/li>\n<li><span style=\"font-weight: 400;\">Der Kunde w\u00fcnscht, bestimmte Dienstleistungen, die die Verarbeitung personenbezogener Daten beinhalten, an den Datenverarbeiter zu vergeben.<br \/>\n<\/span><\/li>\n<li><span style=\"font-weight: 400;\">Die Parteien beabsichtigen, einen Datenverarbeitungsvertrag zu schlie\u00dfen, der den Anforderungen des aktuellen Rechtsrahmens in Bezug auf die Datenverarbeitung und der Verordnung (EU) 2016\/679 des Europ\u00e4ischen Parlaments und des Rates vom 27. April 2016 zum Schutz nat\u00fcrlicher Personen bei der Verarbeitung personenbezogener Daten und zum freien Datenverkehr und zur Aufhebung der Richtlinie 95\/46\/EG (General Data Protection Regulation) entspricht.<br \/>\n<\/span><\/li>\n<li><span style=\"font-weight: 400;\">Die Parteien m\u00f6chten ihre Rechte und Pflichten festlegen. <\/span><\/li>\n<\/ol>\n<p><span style=\"font-weight: 400;\">ES WIRD WIE FOLGT VEREINBART: <\/span>[\/et_pb_text][et_pb_text _builder_version=&#8220;4.16&#8243; global_colors_info=&#8220;{}&#8220; theme_builder_area=&#8220;post_content&#8220;]<\/p>\n<h2>1. Definitionen und Auslegung<\/h2>\n<ol>\n<li>Sofern hierin nicht anders definiert, haben die in diesem Vertrag verwendeten gro\u00dfgeschriebenen Begriffe und Ausdr\u00fccke die folgende Bedeutung: \n<ol>\n<li>\u201e<strong>Vereinbarung<\/strong>\u201c bezeichnet diesen Datenverarbeitungsvertrag und alle Anh\u00e4nge; <\/li>\n<li>\u201e<strong>Kundenbezogene personenbezogene Daten<\/strong>\u201c bezeichnet alle personenbezogenen Daten, die von einem beauftragten Verarbeiter im Auftrag des Kunden gem\u00e4\u00df oder in Verbindung mit dem Hauptvertrag verarbeitet werden; <\/li>\n<li>\u201e<strong>Beauftragter Verarbeiter<\/strong>\u201c bezeichnet einen Unterauftragsverarbeiter; <\/li>\n<li>\u201e<strong>Datenschutzgesetze<\/strong>\u201c bezeichnet die EU-Datenschutzgesetze und, soweit anwendbar, die Datenschutzgesetze anderer L\u00e4nder; <\/li>\n<li>\u201e<strong>EWR<\/strong>\u201c bezeichnet den Europ\u00e4ischen Wirtschaftsraum; <\/li>\n<li>\u201e<strong>EU-Datenschutzgesetze<\/strong>\u201c bezeichnet die EU-Richtlinie 95\/46\/EG, wie sie in die nationalen Rechtsvorschriften der einzelnen Mitgliedstaaten umgesetzt und von Zeit zu Zeit ge\u00e4ndert, ersetzt oder aufgehoben wurde, einschlie\u00dflich durch die GDPR und Gesetze zur Umsetzung oder Erg\u00e4nzung der GDPR; <\/li>\n<li>\u201e<strong>GDPR<\/strong>\u201c bezeichnet die EU General Data Protection Regulation 2016\/679; <\/li>\n<li>\u201e<strong>Daten\u00fcbertragung<\/strong>\u201c bezeichnet: \n<ol>\n<li>eine \u00dcbertragung von kundenbezogenen personenbezogenen Daten vom Kunden an einen beauftragten Verarbeiter; oder <\/li>\n<li>eine Weitergabe von kundenbezogenen personenbezogenen Daten von einem beauftragten Verarbeiter an einen unterbeauftragten Verarbeiter oder zwischen zwei Niederlassungen eines beauftragten Verarbeiters, in jedem Fall, wenn eine solche \u00dcbertragung durch Datenschutzgesetze (oder durch die Bestimmungen von Daten\u00fcbertragungsvereinbarungen, die zur Behebung der Daten\u00fcbertragungsbeschr\u00e4nkungen der Datenschutzgesetze getroffen wurden) verboten w\u00e4re; <\/li>\n<\/ol>\n<\/li>\n<li>\u201e<strong>Dienstleistungen<\/strong>\u201c bezeichnet die Dienstleistungen und sonstigen Aktivit\u00e4ten, die dem Kunden vom oder im Auftrag des Verarbeiters gem\u00e4\u00df dem Hauptvertrag erbracht oder durchgef\u00fchrt werden sollen. <\/li>\n<li>\u201e<strong>Unterauftragsverarbeiter<\/strong>\u201c bezeichnet jede Person, die vom oder im Auftrag des Verarbeiters zur Verarbeitung personenbezogener Daten im Auftrag des Kunden in Verbindung mit der Vereinbarung ernannt wird. <\/li>\n<\/ol>\n<\/li>\n<li>Die Begriffe \u201e<strong>Kommission<\/strong>\u201c, \u201e<strong>Verantwortlicher<\/strong>\u201c, \u201e<strong>betroffene<\/strong> <strong>Person<\/strong>\u201c, \u201e<strong>Mitgliedstaat<\/strong><strong>\u201c, \u201e<strong>personenbezogene<\/strong> <strong>Daten<\/strong>\u201c, \u201e<strong>Verletzung<\/strong> <strong>des<\/strong> <strong>Schutzes<\/strong> personenbezogener Daten\u201c, \u201e<strong>Verarbeitung<\/strong>\u201c und \u201e<strong>Aufsichtsbeh\u00f6rde<\/strong><strong>\u201c haben die gleiche Bedeutung wie in der GDPR, und ihre verwandten Begriffe sind entsprechend auszulegen.<\/strong><\/strong><\/li>\n<\/ol>\n<p>[\/et_pb_text][et_pb_text _builder_version=&#8220;4.16&#8243; global_colors_info=&#8220;{}&#8220; theme_builder_area=&#8220;post_content&#8220;]<\/p>\n<h2>2. Verarbeitung von kundenbezogenen personenbezogenen Daten<\/h2>\n<ol>\n<li>Der Verarbeiter hat: \n<ol>\n<li>alle anwendbaren Datenschutzgesetze bei der Verarbeitung von kundenbezogenen personenbezogenen Daten einzuhalten; und <\/li>\n<li>kundenbezogene personenbezogene Daten nur gem\u00e4\u00df den dokumentierten Anweisungen des jeweiligen Kunden zu verarbeiten. <\/li>\n<\/ol>\n<\/li>\n<li>Der Kunde weist den Verarbeiter an, kundenbezogene personenbezogene Daten zu verarbeiten.<\/li>\n<\/ol>\n<p>[\/et_pb_text][et_pb_text _builder_version=&#8220;4.16&#8243; global_colors_info=&#8220;{}&#8220; theme_builder_area=&#8220;post_content&#8220;]<\/p>\n<h2>3. Personal des Verarbeiters<\/h2>\n<ol>\n<li>Der Verarbeiter hat angemessene Schritte zu unternehmen, um die Zuverl\u00e4ssigkeit jedes Mitarbeiters, Vertreters oder Auftragnehmers eines beauftragten Verarbeiters, der Zugang zu den kundenbezogenen personenbezogenen Daten haben k\u00f6nnte, zu gew\u00e4hrleisten, wobei in jedem Fall sicherzustellen ist, dass der Zugang streng auf diejenigen Personen beschr\u00e4nkt ist, die die relevanten kundenbezogenen personenbezogenen Daten kennen\/Zugang zu ihnen ben\u00f6tigen, soweit dies f\u00fcr die Zwecke des Hauptvertrags unbedingt erforderlich ist, und um die anwendbaren Gesetze im Rahmen der Pflichten dieser Person gegen\u00fcber dem beauftragten Verarbeiter einzuhalten, wobei sicherzustellen ist, dass alle diese Personen Vertraulichkeitsverpflichtungen oder beruflichen oder gesetzlichen Geheimhaltungspflichten unterliegen.<\/li>\n<\/ol>\n<p>[\/et_pb_text][et_pb_text _builder_version=&#8220;4.16&#8243; global_colors_info=&#8220;{}&#8220; theme_builder_area=&#8220;post_content&#8220;]<\/p>\n<h2>4. Sicherheit<\/h2>\n<ol>\n<li>Unter Ber\u00fccksichtigung des Stands der Technik, der Implementierungskosten und der Art, des Umfangs, des Kontexts und der Zwecke der Verarbeitung sowie des Risikos unterschiedlicher Eintrittswahrscheinlichkeit und Schwere f\u00fcr die Rechte und Freiheiten nat\u00fcrlicher Personen hat der Verarbeiter in Bezug auf die kundenbezogenen personenbezogenen Daten geeignete technische und organisatorische Ma\u00dfnahmen zu implementieren, um ein dem Risiko angemessenes Sicherheitsniveau zu gew\u00e4hrleisten, einschlie\u00dflich, soweit angemessen, der in Artikel 32 Absatz 1 der GDPR genannten Ma\u00dfnahmen. <\/li>\n<li>Bei der Bewertung des angemessenen Sicherheitsniveaus hat der Verarbeiter insbesondere die Risiken zu ber\u00fccksichtigen, die sich aus der Verarbeitung ergeben, insbesondere aus einer Verletzung des Schutzes personenbezogener Daten.<\/li>\n<\/ol>\n<p>[\/et_pb_text][et_pb_text _builder_version=&#8220;4.16&#8243; global_colors_info=&#8220;{}&#8220; theme_builder_area=&#8220;post_content&#8220;]<\/p>\n<h2>5. Unterauftragsverarbeitung<\/h2>\n<ol>\n<li>Der Verarbeiter darf keinen Unterauftragsverarbeiter ernennen (oder kundenbezogene personenbezogene Daten an diesen weitergeben), es sei denn, dies wird vom Kunden verlangt oder genehmigt.<\/li>\n<\/ol>\n<p>[\/et_pb_text][et_pb_text _builder_version=&#8220;4.16&#8243; global_colors_info=&#8220;{}&#8220; theme_builder_area=&#8220;post_content&#8220;]<\/p>\n<h2>6. Rechte der betroffenen Person<\/h2>\n<ol>\n<li>Unter Ber\u00fccksichtigung der Art der Verarbeitung hat der Verarbeiter den Kunden durch die Implementierung geeigneter technischer und organisatorischer Ma\u00dfnahmen, soweit dies m\u00f6glich ist, bei der Erf\u00fcllung der Pflichten des Kunden, wie vom Kunden vern\u00fcnftigerweise verstanden, zu unterst\u00fctzen, um auf Anfragen zur Aus\u00fcbung der Rechte der betroffenen Person gem\u00e4\u00df den Datenschutzgesetzen zu reagieren.<\/li>\n<li>Der Verarbeiter hat: \n<ol>\n<li>den Kunden unverz\u00fcglich zu benachrichtigen, wenn er eine Anfrage einer betroffenen Person gem\u00e4\u00df einem Datenschutzgesetz in Bezug auf kundenbezogene personenbezogene Daten erh\u00e4lt; und <\/li>\n<li>sicherzustellen, dass er auf diese Anfrage nur gem\u00e4\u00df den dokumentierten Anweisungen des Kunden oder, soweit dies nach den anwendbaren Gesetzen, denen der Verarbeiter unterliegt, erforderlich ist, reagiert, wobei der Verarbeiter, soweit dies nach den anwendbaren Gesetzen zul\u00e4ssig ist, den Kunden \u00fcber diese rechtliche Anforderung informiert, bevor der beauftragte Verarbeiter auf die Anfrage reagiert.<\/li>\n<\/ol>\n<\/li>\n<\/ol>\n<p>[\/et_pb_text][et_pb_text _builder_version=&#8220;4.16&#8243; global_colors_info=&#8220;{}&#8220; theme_builder_area=&#8220;post_content&#8220;]<\/p>\n<h2>7. Verletzung des Schutzes personenbezogener Daten<\/h2>\n<ol>\n<li>Der Verarbeiter hat den Kunden unverz\u00fcglich zu benachrichtigen, sobald der Verarbeiter Kenntnis von einer Verletzung des Schutzes personenbezogener Daten erh\u00e4lt, die kundenbezogene personenbezogene Daten betrifft, und dem Kunden ausreichende Informationen zur Verf\u00fcgung zu stellen, damit der Kunde seinen Verpflichtungen zur Meldung oder Information der betroffenen Personen \u00fcber die Verletzung des Schutzes personenbezogener Daten gem\u00e4\u00df den Datenschutzgesetzen nachkommen kann. <\/li>\n<li>Der Verarbeiter hat mit dem Kunden zusammenzuarbeiten und angemessene kommerzielle Schritte zu unternehmen, die vom Kunden angewiesen werden, um bei der Untersuchung, Minderung und Behebung jeder solchen Verletzung des Schutzes personenbezogener Daten zu helfen.<\/li>\n<\/ol>\n<p>[\/et_pb_text][et_pb_text _builder_version=&#8220;4.16&#8243; global_colors_info=&#8220;{}&#8220; theme_builder_area=&#8220;post_content&#8220;]<\/p>\n<h2>8. Datenschutz-Folgenabsch\u00e4tzung und vorherige Konsultation<\/h2>\n<ol>\n<li>Der Verarbeiter hat dem Kunden angemessene Unterst\u00fctzung bei Datenschutz-Folgenabsch\u00e4tzungen und vorherigen Konsultationen mit Aufsichtsbeh\u00f6rden oder anderen zust\u00e4ndigen Datenschutzbeh\u00f6rden zu leisten, die der Kunde vern\u00fcnftigerweise gem\u00e4\u00df Artikel 35 oder 36 der GDPR oder gleichwertigen Bestimmungen anderer Datenschutzgesetze f\u00fcr erforderlich h\u00e4lt, in jedem Fall ausschlie\u00dflich in Bezug auf die Verarbeitung von kundenbezogenen personenbezogenen Daten durch die beauftragten Verarbeiter und unter Ber\u00fccksichtigung der Art der Verarbeitung und der dem Verarbeiter zur Verf\u00fcgung stehenden Informationen.<\/li>\n<\/ol>\n<p>[\/et_pb_text][et_pb_text _builder_version=&#8220;4.16&#8243; global_colors_info=&#8220;{}&#8220; theme_builder_area=&#8220;post_content&#8220;]<\/p>\n<h2>9. L\u00f6schung oder R\u00fcckgabe von kundenbezogenen personenbezogenen Daten<\/h2>\n<ol>\n<li>Vorbehaltlich dieses Abschnitts 9 hat der Verarbeiter unverz\u00fcglich und in jedem Fall innerhalb von 10 Werktagen nach Beendigung von Dienstleistungen, die die Verarbeitung von kundenbezogenen personenbezogenen Daten beinhalten (das \u201eBeendigungsdatum\u201c), alle Kopien dieser kundenbezogenen personenbezogenen Daten zu l\u00f6schen und die L\u00f6schung zu veranlassen. <\/li>\n<li>Der Verarbeiter hat dem Kunden innerhalb von 10 Werktagen nach dem Beendigungsdatum eine schriftliche Best\u00e4tigung zu \u00fcbermitteln, dass er diesen Abschnitt 9 vollst\u00e4ndig eingehalten hat.<\/li>\n<\/ol>\n<p>[\/et_pb_text][et_pb_text _builder_version=&#8220;4.16&#8243; global_colors_info=&#8220;{}&#8220; theme_builder_area=&#8220;post_content&#8220;]<\/p>\n<h2>10. Pr\u00fcfungsrechte<\/h2>\n<ol>\n<li>Vorbehaltlich dieses Abschnitts 10 hat der Verarbeiter dem Kunden auf Anfrage alle Informationen zur Verf\u00fcgung zu stellen, die zur Demonstration der Einhaltung dieser Vereinbarung erforderlich sind, und Pr\u00fcfungen, einschlie\u00dflich Inspektionen, durch den Kunden oder einen vom Kunden beauftragten Pr\u00fcfer in Bezug auf die Verarbeitung der kundenbezogenen personenbezogenen Daten durch die beauftragten Verarbeiter zu erm\u00f6glichen und dazu beizutragen. <\/li>\n<li>Informations- und Pr\u00fcfungsrechte des Kunden entstehen gem\u00e4\u00df Abschnitt 10.1 nur insoweit, als die Vereinbarung ihm nicht anderweitig Informations- und Pr\u00fcfungsrechte gew\u00e4hrt, die den relevanten Anforderungen des Datenschutzgesetzes entsprechen.<\/li>\n<\/ol>\n<p>[\/et_pb_text][et_pb_text _builder_version=&#8220;4.16&#8243; global_colors_info=&#8220;{}&#8220; theme_builder_area=&#8220;post_content&#8220;]<\/p>\n<h2>11. Daten\u00fcbertragung<\/h2>\n<ol>\n<li>Der Verarbeiter darf Daten ohne die vorherige schriftliche Zustimmung des Kunden nicht in L\u00e4nder au\u00dferhalb der EU und\/oder des Europ\u00e4ischen Wirtschaftsraums (EWR) \u00fcbertragen oder die \u00dcbertragung genehmigen. Werden personenbezogene Daten, die im Rahmen dieser Vereinbarung verarbeitet werden, aus einem Land innerhalb des Europ\u00e4ischen Wirtschaftsraums in ein Land au\u00dferhalb des Europ\u00e4ischen Wirtschaftsraums \u00fcbertragen, so haben die Parteien sicherzustellen, dass die personenbezogenen Daten angemessen gesch\u00fctzt sind. Um dies zu erreichen, werden die Parteien, sofern nicht anders vereinbart, auf EU-genehmigte Standardvertragsklauseln f\u00fcr die \u00dcbertragung personenbezogener Daten zur\u00fcckgreifen.  <\/li>\n<\/ol>\n<p>[\/et_pb_text][et_pb_text _builder_version=&#8220;4.16&#8243; global_colors_info=&#8220;{}&#8220; theme_builder_area=&#8220;post_content&#8220;]<\/p>\n<h2>12. Allgemeine Bedingungen<\/h2>\n<ol>\n<li><strong>Vertraulichkeit<\/strong>. Jede Partei muss diese Vereinbarung und Informationen, die sie \u00fcber die andere Partei und deren Gesch\u00e4ft in Verbindung mit dieser Vereinbarung erh\u00e4lt (\u201eVertrauliche Informationen\u201c), vertraulich behandeln und darf diese vertraulichen Informationen ohne die vorherige schriftliche Zustimmung der anderen Partei nicht verwenden oder offenlegen, es sei denn, dass:  <br \/>(a) die Offenlegung gesetzlich vorgeschrieben ist; <br \/>(b) die relevanten Informationen bereits \u00f6ffentlich zug\u00e4nglich sind. <\/li>\n<li><strong>Mitteilungen<\/strong>. Alle Mitteilungen und Benachrichtigungen im Rahmen dieser Vereinbarung m\u00fcssen schriftlich erfolgen und werden pers\u00f6nlich zugestellt, per Post oder per E-Mail an die im Kopf dieser Vereinbarung angegebene Adresse oder E-Mail-Adresse oder an eine andere Adresse gesendet, die von den Parteien, die ihre Adresse \u00e4ndern, von Zeit zu Zeit mitgeteilt wird. <\/li>\n<\/ol>\n<p>[\/et_pb_text][et_pb_text _builder_version=&#8220;4.16&#8243; global_colors_info=&#8220;{}&#8220; theme_builder_area=&#8220;post_content&#8220;]<\/p>\n<h2>13. Anwendbares Recht und Gerichtsstand<\/h2>\n<ol>\n<li>Diese Vereinbarung unterliegt den Gesetzen Maltas. <\/li>\n<li>Alle Streitigkeiten, die im Zusammenhang mit dieser Vereinbarung entstehen und die die Parteien nicht g\u00fctlich beilegen k\u00f6nnen, unterliegen der ausschlie\u00dflichen Zust\u00e4ndigkeit der Gerichte Maltas.<\/li>\n<\/ol>\n<p>[\/et_pb_text][\/et_pb_column][\/et_pb_row][\/et_pb_section]<\/p>\n","protected":false},"excerpt":{"rendered":"<p>Diese Seite \u00fcbersetzen:Datenverarbeitungsvertrag G\u00fcltig ab: 8. Januar 2020 Award Force, \u201euns\u201c, \u201ewir\u201c oder \u201eunser\u201c bezieht sich auf Creative Force Ltd, Award Force Pty Ltd und alle unsere verbundenen Unternehmen. Dieser Datenverarbeitungsvertrag (\u201eDPA\u201c) ist Bestandteil des Software-as-a-Service-Vertrags (\u201eHauptvertrag\u201c) zwischen der Kundenentit\u00e4t, die Partei des Hauptvertrags ist (\u201eKunde\u201c oder \u201eSie\u201c), und Award Force (dem \u201eDatenverarbeiter\u201c), zusammen als die \u201eParteien\u201c. WOBEI Der Kunde fungiert als Datenverantwortlicher. Der Kunde w\u00fcnscht, bestimmte Dienstleistungen, die die Verarbeitung personenbezogener Daten beinhalten, an den Datenverarbeiter zu vergeben. Die Parteien beabsichtigen, einen Datenverarbeitungsvertrag zu schlie\u00dfen, der den Anforderungen des aktuellen Rechtsrahmens in Bezug auf die Datenverarbeitung und der Verordnung (EU) 2016\/679 des Europ\u00e4ischen Parlaments und des Rates vom 27. April 2016 zum Schutz nat\u00fcrlicher Personen bei der Verarbeitung personenbezogener Daten und zum freien Datenverkehr und zur Aufhebung der Richtlinie 95\/46\/EG (General Data Protection Regulation) entspricht. Die Parteien m\u00f6chten ihre Rechte und Pflichten festlegen. ES WIRD WIE FOLGT VEREINBART: 1. Definitionen und Auslegung Sofern hierin nicht anders definiert, haben die in diesem Vertrag verwendeten gro\u00dfgeschriebenen Begriffe und Ausdr\u00fccke die folgende Bedeutung: \u201eVereinbarung\u201c bezeichnet diesen Datenverarbeitungsvertrag und alle Anh\u00e4nge; \u201eKundenbezogene personenbezogene Daten\u201c bezeichnet alle personenbezogenen Daten, die von einem beauftragten Verarbeiter im Auftrag des Kunden gem\u00e4\u00df oder in Verbindung mit dem [&hellip;]<\/p>\n","protected":false},"author":2,"featured_media":0,"parent":0,"menu_order":0,"comment_status":"closed","ping_status":"closed","template":"","meta":{"_acf_changed":false,"_et_pb_use_builder":"on","_et_pb_old_content":"","_et_gb_content_width":"","footnotes":""},"class_list":["post-49976","page","type-page","status-publish","hentry"],"acf":[],"_links":{"self":[{"href":"https:\/\/awardforce.com\/de\/wp-json\/wp\/v2\/pages\/49976","targetHints":{"allow":["GET"]}}],"collection":[{"href":"https:\/\/awardforce.com\/de\/wp-json\/wp\/v2\/pages"}],"about":[{"href":"https:\/\/awardforce.com\/de\/wp-json\/wp\/v2\/types\/page"}],"author":[{"embeddable":true,"href":"https:\/\/awardforce.com\/de\/wp-json\/wp\/v2\/users\/2"}],"replies":[{"embeddable":true,"href":"https:\/\/awardforce.com\/de\/wp-json\/wp\/v2\/comments?post=49976"}],"version-history":[{"count":7,"href":"https:\/\/awardforce.com\/de\/wp-json\/wp\/v2\/pages\/49976\/revisions"}],"predecessor-version":[{"id":50021,"href":"https:\/\/awardforce.com\/de\/wp-json\/wp\/v2\/pages\/49976\/revisions\/50021"}],"wp:attachment":[{"href":"https:\/\/awardforce.com\/de\/wp-json\/wp\/v2\/media?parent=49976"}],"curies":[{"name":"wp","href":"https:\/\/api.w.org\/{rel}","templated":true}]}}