{"id":49975,"date":"2025-08-08T12:39:45","date_gmt":"2025-08-08T12:39:45","guid":{"rendered":"https:\/\/awardforce.com\/?page_id=49975"},"modified":"2025-09-24T07:40:45","modified_gmt":"2025-09-24T07:40:45","slug":"mehr-als-preisverleihungsmanagement","status":"publish","type":"page","link":"https:\/\/awardforce.com\/de\/mehr-als-preisverleihungsmanagement\/","title":{"rendered":"Mehr als Preisverleihungsmanagement"},"content":{"rendered":"<p>[et_pb_section fb_built=&#8220;1&#8243; _builder_version=&#8220;4.16&#8243; background_image=&#8220;https:\/\/awardforce.com\/wp-content\/uploads\/2021\/07\/Man-on-stage.jpg&#8220; background_position=&#8220;bottom_center&#8220; height=&#8220;600px&#8220; custom_margin=&#8220;||||false|false&#8220; custom_padding=&#8220;200px||||false|false&#8220; locked=&#8220;off&#8220; global_colors_info=&#8220;{}&#8220;][et_pb_row _builder_version=&#8220;4.16&#8243; custom_padding=&#8220;||||false|false&#8220; global_colors_info=&#8220;{}&#8220;][et_pb_column type=&#8220;4_4&#8243; _builder_version=&#8220;4.16&#8243; global_colors_info=&#8220;{}&#8220;][et_pb_text _builder_version=&#8220;4.27.4&#8243; header_font=&#8220;||||||||&#8220; header_text_color=&#8220;#ffffff&#8220; background_color=&#8220;rgba(0,0,0,0)&#8220; width=&#8220;100%&#8220; module_alignment=&#8220;center&#8220; hover_enabled=&#8220;0&#8243; custom_css_main_element=&#8220;H1   -webkit-text-fill-color: white; \/* Will override color (regardless of order) *\/||    text-shadow: 0px 0px 2px #000, 0px 0px 4px #000;||-webkit-text-stroke-width: 0.1px;||  -webkit-text-stroke-color: #000;&#8220; global_colors_info=&#8220;{}&#8220; sticky_enabled=&#8220;0&#8243;]<\/p>\n<h1 style=\"text-align: center;\"><span style=\"background-color: #000;\">Mehr als eine durchschnittliche Software f\u00fcr das <br \/><\/span><span style=\"background-color: #000;\">Awards-Management<\/span><\/h1>\n<p>[\/et_pb_text][\/et_pb_column][\/et_pb_row][\/et_pb_section][et_pb_section fb_built=&#8220;1&#8243; _builder_version=&#8220;4.16&#8243; _module_preset=&#8220;default&#8220; custom_padding=&#8220;||||false|false&#8220; locked=&#8220;off&#8220; global_colors_info=&#8220;{}&#8220;][et_pb_row _builder_version=&#8220;4.16&#8243; _module_preset=&#8220;default&#8220; global_colors_info=&#8220;{}&#8220;][et_pb_column type=&#8220;4_4&#8243; _builder_version=&#8220;4.16&#8243; _module_preset=&#8220;default&#8220; global_colors_info=&#8220;{}&#8220;][et_pb_image src=&#8220;https:\/\/awardforce.com\/wp-content\/uploads\/2022\/06\/Awards-Management-Clients-Strip-2120px.png&#8220; alt=&#8220;Kunden f\u00fcr Auszeichnungsmanagement&#8220; title_text=&#8220;Kunden f\u00fcr Auszeichnungsmanagement&#8220; _builder_version=&#8220;4.17.4&#8243; _module_preset=&#8220;default&#8220; global_colors_info=&#8220;{}&#8220;][\/et_pb_image][\/et_pb_column][\/et_pb_row][\/et_pb_section][et_pb_section fb_built=&#8220;1&#8243; _builder_version=&#8220;4.16&#8243; _module_preset=&#8220;default&#8220; background_color=&#8220;#e9edf4&#8243; locked=&#8220;off&#8220; global_colors_info=&#8220;{}&#8220;][et_pb_row _builder_version=&#8220;4.16&#8243; _module_preset=&#8220;default&#8220; custom_padding=&#8220;0px||27px|||&#8220; global_colors_info=&#8220;{}&#8220;][et_pb_column type=&#8220;4_4&#8243; _builder_version=&#8220;4.16&#8243; _module_preset=&#8220;default&#8220; global_colors_info=&#8220;{}&#8220;][et_pb_text _builder_version=&#8220;4.23.4&#8243; _module_preset=&#8220;default&#8220; global_colors_info=&#8220;{}&#8220;]<\/p>\n<h2 class=\"h3\" style=\"text-align: center;\">Die weltweit #1 Software f\u00fcr Auszeichnungen<\/h3>\n<p>[\/et_pb_text][et_pb_image src=&#8220;https:\/\/awardforce.com\/wp-content\/uploads\/2021\/06\/AF_G2Crowd_BadgePanel_Summer.png&#8220; title_text=&#8220;Die weltweit f\u00fchrende Auszeichnungssoftware \u2013 Award Force&#8220; _builder_version=&#8220;4.16&#8243; _module_preset=&#8220;default&#8220; custom_margin=&#8220;0px||0px||false|false&#8220; custom_padding=&#8220;0px||0px||false|false&#8220; global_colors_info=&#8220;{}&#8220;][\/et_pb_image][\/et_pb_column][\/et_pb_row][\/et_pb_section][et_pb_section fb_built=&#8220;1&#8243; _builder_version=&#8220;4.16&#8243; _module_preset=&#8220;default&#8220; global_colors_info=&#8220;{}&#8220;][et_pb_row _builder_version=&#8220;4.16&#8243; _module_preset=&#8220;default&#8220; custom_padding=&#8220;||||false|false&#8220; locked=&#8220;off&#8220; global_colors_info=&#8220;{}&#8220;][et_pb_column type=&#8220;4_4&#8243; _builder_version=&#8220;4.16&#8243; _module_preset=&#8220;default&#8220; global_colors_info=&#8220;{}&#8220;][et_pb_text _builder_version=&#8220;4.16&#8243; header_2_font_size=&#8220;32px&#8220; custom_padding=&#8220;||||false|false&#8220; global_colors_info=&#8220;{}&#8220;]<\/p>\n<h2 style=\"text-align: center; white-space: pre-wrap;\"><span style=\"font-weight: 300;\">Hier ist nichts durchschnittlich<\/span><\/h2>\n<p>[\/et_pb_text][et_pb_text _builder_version=&#8220;4.27.4&#8243; _module_preset=&#8220;default&#8220; hover_enabled=&#8220;0&#8243; global_colors_info=&#8220;{}&#8220; sticky_enabled=&#8220;0&#8243;]<\/p>\n<h3 class=\"h4\" style=\"white-space: pre-wrap; text-align: center;\"><span style=\"font-weight: 400;\">Mit Award Force erhalten Sie mehr als unsere preisgekr\u00f6nte Software. Sie erhalten Zugang zu einem globalen Team von Expert:innen f\u00fcr Auszeichnungssoftware, denen der Erfolg Ihres Programms am Herzen liegt. <\/span><\/h3>\n<p>[\/et_pb_text][\/et_pb_column][\/et_pb_row][\/et_pb_section][et_pb_section fb_built=&#8220;1&#8243; _builder_version=&#8220;4.16&#8243; _module_preset=&#8220;default&#8220; background_color=&#8220;#e9edf4&#8243; custom_margin=&#8220;40px||||false|false&#8220; custom_padding=&#8220;||||false|false&#8220; locked=&#8220;off&#8220; global_colors_info=&#8220;{}&#8220;][et_pb_row column_structure=&#8220;1_3,1_3,1_3&#8243; _builder_version=&#8220;4.16&#8243; _module_preset=&#8220;default&#8220; custom_padding=&#8220;||||false|false&#8220; locked=&#8220;off&#8220; global_colors_info=&#8220;{}&#8220;][et_pb_column type=&#8220;1_3&#8243; _builder_version=&#8220;4.16&#8243; _module_preset=&#8220;default&#8220; global_colors_info=&#8220;{}&#8220;][et_pb_image src=&#8220;https:\/\/awardforce.com\/wp-content\/uploads\/2021\/07\/Blue-icon-tick.png&#8220; alt=&#8220;Blaues H\u00e4kchen-Symbol&#8220; title_text=&#8220;Blaues H\u00e4kchen-Symbol&#8220; _builder_version=&#8220;4.16&#8243; _module_preset=&#8220;default&#8220; custom_margin=&#8220;||6px||false|false&#8220; global_colors_info=&#8220;{}&#8220;][\/et_pb_image][et_pb_text _builder_version=&#8220;4.16&#8243; _module_preset=&#8220;default&#8220; global_colors_info=&#8220;{}&#8220;]<\/p>\n<h3 style=\"text-align: center;\"><span style=\"font-weight: 400;\">Ihr Award Force<\/span><\/h3>\n<p style=\"text-align: center;\"><span style=\"font-weight: 400;\">Ihr Erfolg ist unser Erfolg. Wir begleiten Sie auf jedem Schritt des Weges. <\/span><\/p>\n<p>[\/et_pb_text][\/et_pb_column][et_pb_column type=&#8220;1_3&#8243; _builder_version=&#8220;4.16&#8243; _module_preset=&#8220;default&#8220; global_colors_info=&#8220;{}&#8220;][et_pb_image src=&#8220;https:\/\/awardforce.com\/wp-content\/uploads\/2021\/07\/Icon-of-blue-thumbs-up.png&#8220; alt=&#8220;Blaues Daumen-hoch-Symbol&#8220; title_text=&#8220;Blaues Daumen-hoch-Symbol&#8220; _builder_version=&#8220;4.16&#8243; _module_preset=&#8220;default&#8220; custom_margin=&#8220;||6px||false|false&#8220; global_colors_info=&#8220;{}&#8220;][\/et_pb_image][et_pb_text _builder_version=&#8220;4.16&#8243; _module_preset=&#8220;default&#8220; global_colors_info=&#8220;{}&#8220;]<\/p>\n<h3 style=\"text-align: center;\">Vertrauen + Transparenz<\/h3>\n<p style=\"text-align: center;\"><span>Wir sind auch Menschen und glauben, dass Gutes gut f\u00fcrs Gesch\u00e4ft ist.<\/span><\/p>\n<p>[\/et_pb_text][\/et_pb_column][et_pb_column type=&#8220;1_3&#8243; _builder_version=&#8220;4.16&#8243; _module_preset=&#8220;default&#8220; global_colors_info=&#8220;{}&#8220;][et_pb_image src=&#8220;https:\/\/awardforce.com\/wp-content\/uploads\/2021\/07\/Icon-of-blue-infinity-sign.png&#8220; alt=&#8220;Symbol des blauen Unendlichkeitszeichens&#8220; title_text=&#8220;Symbol des blauen Unendlichkeitszeichens&#8220; _builder_version=&#8220;4.16&#8243; _module_preset=&#8220;default&#8220; custom_margin=&#8220;||6px||false|false&#8220; custom_padding=&#8220;||||false|false&#8220; global_colors_info=&#8220;{}&#8220;][\/et_pb_image][et_pb_text _builder_version=&#8220;4.27.4&#8243; _module_preset=&#8220;default&#8220; hover_enabled=&#8220;0&#8243; global_colors_info=&#8220;{}&#8220; sticky_enabled=&#8220;0&#8243;]<\/p>\n<h3 style=\"text-align: center;\">Erfolg = keine Einschr\u00e4nkungen<\/h3>\n<p style=\"text-align: center;\">Unbegrenzte User, Einreichungen, Dateigr\u00f6\u00dfen und mehr.<\/p>\n<p>[\/et_pb_text][\/et_pb_column][\/et_pb_row][\/et_pb_section][et_pb_section fb_built=&#8220;1&#8243; _builder_version=&#8220;4.16&#8243; custom_margin=&#8220;20px||||false|false&#8220; locked=&#8220;off&#8220; global_colors_info=&#8220;{}&#8220;][et_pb_row column_structure=&#8220;2_5,3_5&#8243; use_custom_gutter=&#8220;on&#8220; gutter_width=&#8220;1&#8243; _builder_version=&#8220;4.16&#8243; _module_preset=&#8220;default&#8220; custom_margin=&#8220;|auto||auto|false|false&#8220; custom_padding=&#8220;||||false|false&#8220; global_colors_info=&#8220;{}&#8220;][et_pb_column type=&#8220;2_5&#8243; _builder_version=&#8220;4.16&#8243; _module_preset=&#8220;default&#8220; global_colors_info=&#8220;{}&#8220;][et_pb_text _builder_version=&#8220;4.27.4&#8243; _module_preset=&#8220;default&#8220; hover_enabled=&#8220;0&#8243; global_colors_info=&#8220;{}&#8220; sticky_enabled=&#8220;0&#8243;]<\/p>\n<h3>Mehr Flexibilit\u00e4t<\/h3>\n<p>Lassen Sie sich nicht von der Software vorschreiben, wie Sie Ihr Programm durchf\u00fchren m\u00f6chten. Award Force ist \u00e4u\u00dferst flexibel und passt sich Ihren Anforderungen an. Sie k\u00f6nnen jede Art von Auszeichnungsprogramm auf unserer Plattform durchf\u00fchren:<\/p>\n<ul class=\"ticks\">\n<li><span><\/span><a href=\"https:\/\/awardforce.com\/awards-software\/\">Auszeichnungen<\/a><\/li>\n<li><span><\/span><a href=\"https:\/\/awardforce.com\/submission-evaluation-software\/\">Abstracts<\/a><\/li>\n<li><span><\/span><a href=\"https:\/\/awardforce.com\/corporate-giving-management-software\">Unternehmensspenden<\/a><\/li>\n<li><span><\/span><a href=\"https:\/\/awardforce.com\/submission-evaluation-software\/\">Stipendien<\/a><\/li>\n<li><span><\/span><a href=\"https:\/\/awardforce.com\/portfolio-assessment-software\/\">Portfolio-Bewertungen<\/a><\/li>\n<li><span><\/span><a href=\"https:\/\/awardforce.com\/staff-excellence\/\">Mitarbeitenden-Exzellenz<\/a><\/li>\n<li><span><\/span><a href=\"https:\/\/awardforce.com\/creative-awards-software\/\">Musik-, Film-, Design- oder Kunstwettbewerbe<\/a><\/li>\n<li><span><\/span>und vieles mehr!<\/li>\n<\/ul>\n<p>[\/et_pb_text][\/et_pb_column][et_pb_column type=&#8220;3_5&#8243; _builder_version=&#8220;4.16&#8243; _module_preset=&#8220;default&#8220; global_colors_info=&#8220;{}&#8220;][et_pb_image src=&#8220;https:\/\/awardforce.com\/wp-content\/uploads\/2021\/08\/Branding-options-in-awards-management-software.gif&#8220; alt=&#8220;Branding-Optionen-in-der-Auszeichnungsmanagement-Software&#8220; title_text=&#8220;Branding-Optionen-in-der-Auszeichnungsmanagement-Software&#8220; align=&#8220;center&#8220; _builder_version=&#8220;4.16&#8243; custom_margin=&#8220;||1px|||&#8220; global_colors_info=&#8220;{}&#8220;][\/et_pb_image][\/et_pb_column][\/et_pb_row][et_pb_row column_structure=&#8220;3_5,2_5&#8243; use_custom_gutter=&#8220;on&#8220; _builder_version=&#8220;4.16&#8243; _module_preset=&#8220;default&#8220; custom_margin=&#8220;|auto||auto|false|false&#8220; custom_padding=&#8220;||||false|false&#8220; locked=&#8220;off&#8220; global_colors_info=&#8220;{}&#8220;][et_pb_column type=&#8220;3_5&#8243; _builder_version=&#8220;4.16&#8243; _module_preset=&#8220;default&#8220; global_colors_info=&#8220;{}&#8220;][et_pb_image src=&#8220;https:\/\/awardforce.com\/wp-content\/uploads\/2021\/08\/Multiple-features-in-awards-management-software.png&#8220; alt=&#8220;Mehrere Funktionen in der Award-Management-Software&#8220; title_text=&#8220;Mehrere Funktionen in der Award-Management-Software&#8220; _builder_version=&#8220;4.16&#8243; _module_preset=&#8220;default&#8220; custom_margin=&#8220;||||false|false&#8220; global_colors_info=&#8220;{}&#8220;][\/et_pb_image][\/et_pb_column][et_pb_column type=&#8220;2_5&#8243; _builder_version=&#8220;4.16&#8243; _module_preset=&#8220;default&#8220; global_colors_info=&#8220;{}&#8220;][et_pb_text _builder_version=&#8220;4.16&#8243; _module_preset=&#8220;default&#8220; global_colors_info=&#8220;{}&#8220;]<\/p>\n<h3>Mehr von den Funktionen, die Sie wirklich brauchen<\/h3>\n<p>Vergessen Sie die Spielereien, \u00fcberfl\u00fcssigen Tools und verr\u00fcckten Versprechungen. Wir haben die richtigen Funktionen, um Ihnen zu helfen, die Arbeit gut zu erledigen. <\/p>\n<ul class=\"ticks\">\n<li><span><\/span>Einreichungen in Echtzeit verfolgen, verwalten, taggen, filtern, suchen und Berichte erstellen<\/li>\n<li><span><\/span>Duplikate verwalten, Plagiate pr\u00fcfen, Benutzerrollen verwalten, Einreichungen und Saisons archivieren<\/li>\n<li><span><\/span>Einreichungskriterien anpassen, Einreichungen moderieren, Online-Zahlungen in jeder W\u00e4hrung akzeptieren <\/li>\n<\/ul>\n<p><span style=\"font-weight: 400;\"><a href=\"https:\/\/awardforce.com\/de\/?page_id=47367\">Unsere Funktionen ansehen<\/a><\/span><\/p>\n<p>[\/et_pb_text][\/et_pb_column][\/et_pb_row][et_pb_row column_structure=&#8220;2_5,3_5&#8243; use_custom_gutter=&#8220;on&#8220; _builder_version=&#8220;4.16&#8243; _module_preset=&#8220;default&#8220; custom_margin=&#8220;|auto||auto|false|false&#8220; custom_padding=&#8220;||||false|false&#8220; locked=&#8220;off&#8220; global_colors_info=&#8220;{}&#8220;][et_pb_column type=&#8220;2_5&#8243; _builder_version=&#8220;4.16&#8243; _module_preset=&#8220;default&#8220; global_colors_info=&#8220;{}&#8220;][et_pb_text _builder_version=&#8220;4.16&#8243; _module_preset=&#8220;default&#8220; global_colors_info=&#8220;{}&#8220;]<\/p>\n<h3>Vier au\u00dfergew\u00f6hnliche Bewertungsmodi<\/h3>\n<p><span>Verwenden Sie sie einzeln oder in Kombination miteinander, um einen wirklich einzigartigen Bewertungsprozess zu schaffen.<\/span><\/p>\n<p><strong><a href=\"https:\/\/awardforce.com\/de\/?page_id=49814\">Erfahren Sie mehr \u00fcber unsere Judging-Modi<\/a><\/strong><\/p>\n<p>[\/et_pb_text][\/et_pb_column][et_pb_column type=&#8220;3_5&#8243; _builder_version=&#8220;4.16&#8243; _module_preset=&#8220;default&#8220; global_colors_info=&#8220;{}&#8220;][et_pb_image src=&#8220;https:\/\/awardforce.com\/wp-content\/uploads\/2021\/08\/Judging-mode-options-in-award-management-software.png&#8220; alt=&#8220;Bewertungsmodus-Optionen in der Auszeichnungsmanagement-Software&#8220; title_text=&#8220;Bewertungsmodus-Optionen in der Auszeichnungsmanagement-Software&#8220; align=&#8220;center&#8220; _builder_version=&#8220;4.16&#8243; custom_margin=&#8220;||1px|||&#8220; global_colors_info=&#8220;{}&#8220;][\/et_pb_image][\/et_pb_column][\/et_pb_row][\/et_pb_section][et_pb_section fb_built=&#8220;1&#8243; _builder_version=&#8220;4.16&#8243; _module_preset=&#8220;default&#8220; background_color=&#8220;#e9edf4&#8243; custom_margin=&#8220;40px||||false|false&#8220; custom_padding=&#8220;||4px||false|false&#8220; locked=&#8220;off&#8220; global_colors_info=&#8220;{}&#8220;][et_pb_row column_structure=&#8220;1_3,1_3,1_3&#8243; _builder_version=&#8220;4.16&#8243; _module_preset=&#8220;default&#8220; custom_padding=&#8220;||||false|false&#8220; locked=&#8220;off&#8220; global_colors_info=&#8220;{}&#8220;][et_pb_column type=&#8220;1_3&#8243; _builder_version=&#8220;4.16&#8243; _module_preset=&#8220;default&#8220; global_colors_info=&#8220;{}&#8220;][et_pb_image src=&#8220;https:\/\/awardforce.com\/wp-content\/uploads\/2021\/07\/Icon-of-blue-stop-watch.png&#8220; alt=&#8220;Blaues Stoppuhr-Symbol&#8220; title_text=&#8220;Blaues Stoppuhr-Symbol&#8220; _builder_version=&#8220;4.16&#8243; _module_preset=&#8220;default&#8220; custom_margin=&#8220;||6px||false|false&#8220; global_colors_info=&#8220;{}&#8220;][\/et_pb_image][et_pb_text _builder_version=&#8220;4.16&#8243; _module_preset=&#8220;default&#8220; global_colors_info=&#8220;{}&#8220;]<\/p>\n<h3 style=\"text-align: center;\">Superschneller Start<\/h3>\n<p style=\"text-align: center;\">Einfache Einrichtungsanleitungen, In-App-Ressourcen, leicht verf\u00fcgbarer Support und Plausibilit\u00e4tspr\u00fcfungen. Die Einrichtung ist kinderleicht. <strong><a href=\"https:\/\/awardforce.com\/de\/?page_id=49624\"><\/a><\/strong><\/p>\n<p>[\/et_pb_text][\/et_pb_column][et_pb_column type=&#8220;1_3&#8243; _builder_version=&#8220;4.16&#8243; _module_preset=&#8220;default&#8220; global_colors_info=&#8220;{}&#8220;][et_pb_image src=&#8220;https:\/\/awardforce.com\/wp-content\/uploads\/2021\/07\/Icon-of-blue-speech-bubble.png&#8220; alt=&#8220;Blaues Sprechblasen-Symbol&#8220; title_text=&#8220;Blaues Sprechblasen-Symbol&#8220; _builder_version=&#8220;4.16&#8243; _module_preset=&#8220;default&#8220; custom_margin=&#8220;||6px||false|false&#8220; global_colors_info=&#8220;{}&#8220;][\/et_pb_image][et_pb_text _builder_version=&#8220;4.16&#8243; _module_preset=&#8220;default&#8220; global_colors_info=&#8220;{}&#8220;]<\/p>\n<h3 style=\"text-align: center;\">Weltweit f\u00fchrender Support 24 Stunden am Tag (werktags)<\/h3>\n<p style=\"text-align: center;\">Wir sind sehr stolz auf unseren Support und unsere Kunden best\u00e4tigen uns dies regelm\u00e4\u00dfig. Glauben Sie uns nicht einfach, lesen Sie unsere Bewertungen auf <span> <\/span><strong><a href=\"https:\/\/www.capterra.com\/p\/148148\/Award-Force\/\">Capterra<\/a>.<a href=\"https:\/\/awardforce.com\/de\/?page_id=49801\"><\/a><\/strong><\/p>\n<p>[\/et_pb_text][\/et_pb_column][et_pb_column type=&#8220;1_3&#8243; _builder_version=&#8220;4.16&#8243; _module_preset=&#8220;default&#8220; global_colors_info=&#8220;{}&#8220;][et_pb_image src=&#8220;https:\/\/awardforce.com\/wp-content\/uploads\/2021\/07\/Icon-of-blue-lock.png&#8220; alt=&#8220;Blaues Schloss-Symbol&#8220; title_text=&#8220;Blaues Schloss-Symbol&#8220; _builder_version=&#8220;4.16&#8243; _module_preset=&#8220;default&#8220; custom_margin=&#8220;||6px||false|false&#8220; custom_padding=&#8220;||||false|false&#8220; global_colors_info=&#8220;{}&#8220;][\/et_pb_image][et_pb_text _builder_version=&#8220;4.16&#8243; _module_preset=&#8220;default&#8220; global_colors_info=&#8220;{}&#8220;]<\/p>\n<h3 style=\"text-align: center;\">Wir sch\u00fctzen Ihr Programm<\/h3>\n<p style=\"text-align: center;\">Wir sind ISO27001-zertifiziert und helfen Ihnen, CCPA, GDPR und PCI-DSS einzuhalten.<\/p>\n<p>[\/et_pb_text][\/et_pb_column][\/et_pb_row][\/et_pb_section][et_pb_section fb_built=&#8220;1&#8243; _builder_version=&#8220;4.16&#8243; _module_preset=&#8220;default&#8220; locked=&#8220;off&#8220; global_colors_info=&#8220;{}&#8220;][et_pb_row _builder_version=&#8220;4.16&#8243; _module_preset=&#8220;default&#8220; custom_padding=&#8220;||||false|false&#8220; locked=&#8220;off&#8220; global_colors_info=&#8220;{}&#8220;][et_pb_column type=&#8220;4_4&#8243; _builder_version=&#8220;4.16&#8243; _module_preset=&#8220;default&#8220; global_colors_info=&#8220;{}&#8220;][et_pb_text _builder_version=&#8220;4.23.4&#8243; header_2_font_size=&#8220;32px&#8220; custom_padding=&#8220;||||false|false&#8220; global_colors_info=&#8220;{}&#8220;]<\/p>\n<h2 style=\"text-align: center; white-space: pre-wrap;\"><span style=\"font-weight: 300;\">Zufriedene Kunden!<\/span><\/h2>\n<p>[\/et_pb_text][et_pb_text _builder_version=&#8220;4.23.4&#8243; _module_preset=&#8220;default&#8220; global_colors_info=&#8220;{}&#8220;]<\/p>\n<h3 class=\"h4\" style=\"white-space: pre-wrap; text-align: center;\"><span style=\"font-weight: 400;\">M\u00f6chten Sie sich auch so f\u00fchlen?<\/span><\/h4>\n<p>[\/et_pb_text][\/et_pb_column][\/et_pb_row][et_pb_row _builder_version=&#8220;4.16&#8243; _module_preset=&#8220;default&#8220; custom_padding=&#8220;0px||||false|false&#8220; global_colors_info=&#8220;{}&#8220;][et_pb_column type=&#8220;4_4&#8243; _builder_version=&#8220;4.16&#8243; _module_preset=&#8220;default&#8220; global_colors_info=&#8220;{}&#8220;][et_pb_image src=&#8220;https:\/\/awardforce.com\/wp-content\/uploads\/2021\/08\/Awards-management-reviews-1-1.png&#8220; alt=&#8220;Awards-Management-Bewertungen&#8220; title_text=&#8220;Bewertungen zum Auszeichnungsmanagement 1&#8243; _builder_version=&#8220;4.16&#8243; _module_preset=&#8220;default&#8220; global_colors_info=&#8220;{}&#8220;][\/et_pb_image][et_pb_text _builder_version=&#8220;4.16&#8243; _module_preset=&#8220;default&#8220; global_colors_info=&#8220;{}&#8220;]<\/p>\n<p style=\"text-align: center;\"><span>Wir suchen auch nicht nur Rosinen heraus.<\/span><br \/><span><a href=\"https:\/\/www.capterra.com\/p\/148148\/Award-Force\/\">Sehen Sie sich unsere Bewertungen auf Capterra an<\/a><\/span><\/p>\n<p>[\/et_pb_text][\/et_pb_column][\/et_pb_row][\/et_pb_section][et_pb_section fb_built=&#8220;1&#8243; _builder_version=&#8220;4.16&#8243; _module_preset=&#8220;default&#8220; global_colors_info=&#8220;{}&#8220;][et_pb_row _builder_version=&#8220;4.16&#8243; _module_preset=&#8220;default&#8220; custom_padding=&#8220;||||false|false&#8220; locked=&#8220;off&#8220; global_colors_info=&#8220;{}&#8220;][et_pb_column type=&#8220;4_4&#8243; _builder_version=&#8220;4.16&#8243; _module_preset=&#8220;default&#8220; global_colors_info=&#8220;{}&#8220;][et_pb_text _builder_version=&#8220;4.16&#8243; header_2_font_size=&#8220;32px&#8220; custom_padding=&#8220;||||false|false&#8220; global_colors_info=&#8220;{}&#8220;]<\/p>\n<h2 style=\"text-align: center; white-space: pre-wrap;\"><span style=\"font-weight: 300;\">Machen Sie Ihre eigenen Erfahrungen<\/span><\/h2>\n<p>[\/et_pb_text][et_pb_button button_url=&#8220;https:\/\/awardforce.com\/de\/?page_id=47406&#8243; button_text=&#8220;W\u00e4hlen Sie Ihren Plan, um loszulegen&#8220; button_alignment=&#8220;center&#8220; _builder_version=&#8220;4.16&#8243; _module_preset=&#8220;default&#8220; custom_margin=&#8220;||20px|15px|false|false&#8220; custom_padding=&#8220;||||false|false&#8220; locked=&#8220;off&#8220; global_colors_info=&#8220;{}&#8220;][\/et_pb_button][\/et_pb_column][\/et_pb_row][\/et_pb_section][et_pb_section fb_built=&#8220;1&#8243; _builder_version=&#8220;4.16&#8243; _module_preset=&#8220;default&#8220; global_colors_info=&#8220;{}&#8220;][\/et_pb_section]<\/p>\n","protected":false},"excerpt":{"rendered":"<p>Mehr als eine durchschnittliche Software f\u00fcr das Awards-ManagementDie weltweit #1 Software f\u00fcr AuszeichnungenHier ist nichts durchschnittlichMit Award Force erhalten Sie mehr als unsere preisgekr\u00f6nte Software. Sie erhalten Zugang zu einem globalen Team von Expert:innen f\u00fcr Auszeichnungssoftware, denen der Erfolg Ihres Programms am Herzen liegt. Ihr Award Force Ihr Erfolg ist unser Erfolg. Wir begleiten Sie auf jedem Schritt des Weges. Vertrauen + Transparenz Wir sind auch Menschen und glauben, dass Gutes gut f\u00fcrs Gesch\u00e4ft ist.Erfolg = keine Einschr\u00e4nkungen Unbegrenzte User, Einreichungen, Dateigr\u00f6\u00dfen und mehr.Mehr Flexibilit\u00e4t Lassen Sie sich nicht von der Software vorschreiben, wie Sie Ihr Programm durchf\u00fchren m\u00f6chten. Award Force ist \u00e4u\u00dferst flexibel und passt sich Ihren Anforderungen an. Sie k\u00f6nnen jede Art von Auszeichnungsprogramm auf unserer Plattform durchf\u00fchren: Auszeichnungen Abstracts Unternehmensspenden Stipendien Portfolio-Bewertungen Mitarbeitenden-Exzellenz Musik-, Film-, Design- oder Kunstwettbewerbe und vieles mehr! Mehr von den Funktionen, die Sie wirklich brauchen Vergessen Sie die Spielereien, \u00fcberfl\u00fcssigen Tools und verr\u00fcckten Versprechungen. Wir haben die richtigen Funktionen, um Ihnen zu helfen, die Arbeit gut zu erledigen. Einreichungen in Echtzeit verfolgen, verwalten, taggen, filtern, suchen und Berichte erstellen Duplikate verwalten, Plagiate pr\u00fcfen, Benutzerrollen verwalten, Einreichungen und Saisons archivieren Einreichungskriterien anpassen, Einreichungen moderieren, Online-Zahlungen in jeder W\u00e4hrung akzeptieren Unsere Funktionen ansehenVier au\u00dfergew\u00f6hnliche Bewertungsmodi [&hellip;]<\/p>\n","protected":false},"author":2,"featured_media":0,"parent":0,"menu_order":0,"comment_status":"closed","ping_status":"closed","template":"","meta":{"_acf_changed":false,"_et_pb_use_builder":"on","_et_pb_old_content":"","_et_gb_content_width":"","footnotes":""},"class_list":["post-49975","page","type-page","status-publish","hentry"],"acf":[],"_links":{"self":[{"href":"https:\/\/awardforce.com\/de\/wp-json\/wp\/v2\/pages\/49975","targetHints":{"allow":["GET"]}}],"collection":[{"href":"https:\/\/awardforce.com\/de\/wp-json\/wp\/v2\/pages"}],"about":[{"href":"https:\/\/awardforce.com\/de\/wp-json\/wp\/v2\/types\/page"}],"author":[{"embeddable":true,"href":"https:\/\/awardforce.com\/de\/wp-json\/wp\/v2\/users\/2"}],"replies":[{"embeddable":true,"href":"https:\/\/awardforce.com\/de\/wp-json\/wp\/v2\/comments?post=49975"}],"version-history":[{"count":7,"href":"https:\/\/awardforce.com\/de\/wp-json\/wp\/v2\/pages\/49975\/revisions"}],"predecessor-version":[{"id":51774,"href":"https:\/\/awardforce.com\/de\/wp-json\/wp\/v2\/pages\/49975\/revisions\/51774"}],"wp:attachment":[{"href":"https:\/\/awardforce.com\/de\/wp-json\/wp\/v2\/media?parent=49975"}],"curies":[{"name":"wp","href":"https:\/\/api.w.org\/{rel}","templated":true}]}}