{"id":49940,"date":"2025-08-08T12:39:44","date_gmt":"2025-08-08T12:39:44","guid":{"rendered":"https:\/\/awardforce.com\/?page_id=49940"},"modified":"2025-09-24T07:40:40","modified_gmt":"2025-09-24T07:40:40","slug":"remote-hub-remote-arbeiten","status":"publish","type":"page","link":"https:\/\/awardforce.com\/de\/remote-hub-remote-arbeiten\/","title":{"rendered":"Remote-Hub \u2013 Remote arbeiten"},"content":{"rendered":"<p>[et_pb_section fb_built=&#8220;1&#8243; _builder_version=&#8220;4.16&#8243; background_image=&#8220;https:\/\/awardforce.com\/wp-content\/uploads\/2020\/03\/AF_HI_WorkRemote_2860x1030-scaled.jpg&#8220; background_position=&#8220;bottom_center&#8220; height=&#8220;600px&#8220; custom_margin=&#8220;||||false|false&#8220; custom_padding=&#8220;200px||||false|false&#8220; global_colors_info=&#8220;{}&#8220;][et_pb_row _builder_version=&#8220;4.16&#8243; min_height=&#8220;500px&#8220; custom_padding=&#8220;||||false|false&#8220; global_colors_info=&#8220;{}&#8220;][et_pb_column type=&#8220;4_4&#8243; _builder_version=&#8220;4.16&#8243; global_colors_info=&#8220;{}&#8220;][et_pb_text _builder_version=&#8220;4.16&#8243; header_font=&#8220;||||||||&#8220; header_text_color=&#8220;#ffffff&#8220; background_color=&#8220;rgba(0,0,0,0)&#8220; width=&#8220;100%&#8220; module_alignment=&#8220;center&#8220; custom_css_main_element=&#8220;H1   -webkit-text-fill-color: white; \/* Will override color (regardless of order) *\/||    text-shadow: 0px 0px 2px #000, 0px 0px 4px #000;||-webkit-text-stroke-width: 0.1px;||  -webkit-text-stroke-color: #000;&#8220; global_colors_info=&#8220;{}&#8220;]<\/p>\n<h1 style=\"text-align: center;\"><span style=\"background-color: #000;\"> Leitf\u00e4den: Remote-Awards durchf\u00fchren <\/span><\/h1>\n<p>[\/et_pb_text][\/et_pb_column][\/et_pb_row][\/et_pb_section][et_pb_section fb_built=&#8220;1&#8243; _builder_version=&#8220;4.16&#8243; global_colors_info=&#8220;{}&#8220;][et_pb_row _builder_version=&#8220;4.16&#8243; custom_padding=&#8220;||0px|||&#8220; global_colors_info=&#8220;{}&#8220;][et_pb_column type=&#8220;4_4&#8243; _builder_version=&#8220;4.16&#8243; global_colors_info=&#8220;{}&#8220;][et_pb_text _builder_version=&#8220;4.23.4&#8243; hover_enabled=&#8220;0&#8243; global_colors_info=&#8220;{}&#8220; sticky_enabled=&#8220;0&#8243;]<\/p>\n<h2 id=\"main\" style=\"text-align: center; padding-top: 20px!important; padding-bottom: 20px!important; color: #000000!important; font-size: 24px!important; font-weight: 400!important;\">Alles, was Sie \u00fcber die Durchf\u00fchrung Ihrer Auszeichnungen aus der Ferne wissen m\u00fcssen.<br \/>\nUnd wie Sie dabei erfolgreich sind.<\/h2>\n<h4 class=\"h5\" style=\"text-align: center;\">Hilfreiche Tipps und Strategien von Award Force, einem zu 100 % Remote-Unternehmen<\/h5>\n<p>[\/et_pb_text][\/et_pb_column][\/et_pb_row][et_pb_row column_structure=&#8220;1_2,1_2&#8243; _builder_version=&#8220;4.16&#8243; global_colors_info=&#8220;{}&#8220;][et_pb_column type=&#8220;1_2&#8243; _builder_version=&#8220;4.16&#8243; global_colors_info=&#8220;{}&#8220;][et_pb_image src=&#8220;https:\/\/awardforce.com\/wp-content\/uploads\/2019\/12\/AF_HI_Cyclist-1-1.jpg&#8220; _builder_version=&#8220;4.16&#8243; global_colors_info=&#8220;{}&#8220;][\/et_pb_image][et_pb_text _builder_version=&#8220;4.20.0&#8243; custom_margin=&#8220;-17px|||||&#8220; global_colors_info=&#8220;{}&#8220;]<\/p>\n<h3>Der schnelle Leitfaden f\u00fcr den \u00dcbergang zur Remote-Arbeit\u2026 jetzt sofort<\/h3>\n<p>Alles, was Sie wissen m\u00fcssen, um schnell mit der Remote-Arbeit zu beginnen. Behandelt die Verwaltung von Remote-Teams, die Tools, die wir pers\u00f6nlich verwenden, und was Sie beim Arbeiten von zu Hause aus erwarten k\u00f6nnen. <\/p>\n<p>[\/et_pb_text][et_pb_button button_url=&#8220;https:\/\/awardforce.com\/de\/?p=48994&#8243; url_new_window=&#8220;on&#8220; button_text=&#8220;Mehr erfahren&#8220; button_alignment=&#8220;left&#8220; _builder_version=&#8220;4.16&#8243; global_colors_info=&#8220;{}&#8220;][\/et_pb_button][et_pb_divider show_divider=&#8220;off&#8220; _builder_version=&#8220;4.16&#8243; global_colors_info=&#8220;{}&#8220;][\/et_pb_divider][et_pb_image src=&#8220;https:\/\/awardforce.com\/wp-content\/uploads\/2020\/03\/AF_HI_VitualAwardsCeremony-2.jpg&#8220; _builder_version=&#8220;4.16&#8243; min_height=&#8220;166px&#8220; global_colors_info=&#8220;{}&#8220;][\/et_pb_image][et_pb_text _builder_version=&#8220;4.16&#8243; min_height=&#8220;107px&#8220; custom_margin=&#8220;-20px|||||&#8220; custom_padding=&#8220;0px|||||&#8220; global_colors_info=&#8220;{}&#8220;]<\/p>\n<h3>Wie man eine virtuelle Award-Gala veranstaltet<\/h3>\n<p><span>Die Show muss weitergehen. Gerade jetzt, mehr denn je, ist es unerl\u00e4sslich, dass wir die Leistungen um uns herum weiterhin anerkennen. Und es ist absolut m\u00f6glich, diese Award-Gala weiterhin virtuell abzuhalten.  <\/span><\/p>\n<p>[\/et_pb_text][et_pb_button button_url=&#8220;https:\/\/awardforce.com\/de\/?p=49057&#8243; button_text=&#8220;Mehr erfahren&#8220; _builder_version=&#8220;4.16&#8243; global_colors_info=&#8220;{}&#8220;][\/et_pb_button][\/et_pb_column][et_pb_column type=&#8220;1_2&#8243; _builder_version=&#8220;4.16&#8243; global_colors_info=&#8220;{}&#8220;][et_pb_image src=&#8220;https:\/\/awardforce.com\/wp-content\/uploads\/2019\/12\/AF_HI_Lonely-1.jpg&#8220; _builder_version=&#8220;4.16&#8243; global_colors_info=&#8220;{}&#8220;][\/et_pb_image][et_pb_text _builder_version=&#8220;4.16&#8243; custom_margin=&#8220;-17px|||||&#8220; global_colors_info=&#8220;{}&#8220;]<\/p>\n<h3>Wie man eine Remote-Jury-Veranstaltung durchf\u00fchrt<\/h3>\n<p>Eine umfassende Aufschl\u00fcsselung dessen, was Sie ben\u00f6tigen, um Ihr Jury-Event remote durchzuf\u00fchren. Behandelt die ben\u00f6tigte Technologie, was Sie planen m\u00fcssen und Ihre Award Force Plattformkonfiguration. <\/p>\n<p>[\/et_pb_text][et_pb_button button_url=&#8220;https:\/\/awardforce.com\/de\/?p=49059&#8243; url_new_window=&#8220;on&#8220; button_text=&#8220;Mehr erfahren&#8220; button_alignment=&#8220;left&#8220; _builder_version=&#8220;4.16&#8243; global_colors_info=&#8220;{}&#8220;][\/et_pb_button][et_pb_divider show_divider=&#8220;off&#8220; _builder_version=&#8220;4.16&#8243; global_colors_info=&#8220;{}&#8220;][\/et_pb_divider][et_pb_image src=&#8220;https:\/\/awardforce.com\/wp-content\/uploads\/2020\/03\/AF_HI_WorkRemote_1680x560.jpg&#8220; _builder_version=&#8220;4.16&#8243; global_colors_info=&#8220;{}&#8220;][\/et_pb_image][et_pb_text _builder_version=&#8220;4.16&#8243; custom_margin=&#8220;-17px|||||&#8220; global_colors_info=&#8220;{}&#8220;]<\/p>\n<h3>Kostenloses E-Book: Remote arbeiten<\/h3>\n<p>Der A bis Z Leitfaden f\u00fcr die Remote-Durchf\u00fchrung eines gesamten Award-Programms, ohne physische Veranstaltungen. Einschlie\u00dflich Teilnehmergewinnung, virtueller Jury-Arbeit, Nutzung von Videos und Gewinnerfeiern. <\/p>\n<p>[\/et_pb_text][et_pb_button button_url=&#8220;https:\/\/hi.awardforce.com\/cs\/c\/?cta_guid=55484122-ada4-4bf1-9506-b98c180d36f5&amp;placement_guid=c7b69b49-b4ff-43db-99e2-ae81526da690&amp;portal_id=5752201&amp;canon=https%3A%2F%2Fcraigcf8.wpcomstaging.com%2Fremote-hub%2F&amp;redirect_url=APefjpF76zcf2NnuJ8tPi3a_AH0BLFT4eLMjsWjaxUA4Johe_4mzTOYicBLSpPS45vDHrG3HrTCsAlKRmQpTGmeq7JVzDg3zjQH7WLhV-UlvvW4ZZhpM6H68Y4j0SBYBdL9hED8Tcdu9p8GwwchkJrpnbqxHxPAuhu-KKMIyqk3r&#8211;aH8SmCdfKynw-3ptCXnHlPSSgRvQrkE_oiZAMxt_olzq2WDncKv5Zd90HSV_SNegREGybeof3s1NDJinfrUo2_CmG5oauo3JKBduXOX4nG1sufBrXxpGs-U0fJDxncykGkDZQOPMlgVxYn6AREyMIji3Mj1zmt&amp;click=37139a67-c3c8-407c-b783-81e6c4485eda&amp;hsutk=d77112c3a34e3fe269698df61a4cbaa6&amp;signature=AAH58kHkOi7JXjQF3cDcZdgtXgDM7hWbaQ&amp;__hstc=877422.d77112c3a34e3fe269698df61a4cbaa6.1560845850826.1585035289167.1585090784445.571&amp;__hssc=877422.6.1585090784445&amp;__hsfp=1228054379&#8243; url_new_window=&#8220;on&#8220; button_text=&#8220;E-Book herunterladen&#8220; button_alignment=&#8220;left&#8220; _builder_version=&#8220;4.20.0&#8243; global_colors_info=&#8220;{}&#8220;][\/et_pb_button][\/et_pb_column][\/et_pb_row][\/et_pb_section][et_pb_section fb_built=&#8220;1&#8243; _builder_version=&#8220;4.16&#8243; global_colors_info=&#8220;{}&#8220;][et_pb_row _builder_version=&#8220;4.16&#8243; global_colors_info=&#8220;{}&#8220;][et_pb_column type=&#8220;4_4&#8243; _builder_version=&#8220;4.16&#8243; global_colors_info=&#8220;{}&#8220;][et_pb_text _builder_version=&#8220;4.20.0&#8243; global_colors_info=&#8220;{}&#8220;]<\/p>\n<h2 style=\"text-align: center;\">Ben\u00f6tigen Sie Hilfe bei der virtuellen Live-Jury-Arbeit? Wir k\u00f6nnen helfen! <\/h2>\n<p style=\"text-align: center;\">Erfahren Sie mehr \u00fcber unseren neuen Service, der Ihnen hilft, Juroren, Programmmanager und Teilnehmer virtuell live zu verbinden.<\/p>\n<p style=\"text-align: center;\"><span><a href=\"https:\/\/awardforce.com\/?page_id=12269\" target=\"_blank\" rel=\"noopener noreferrer\">Hier klicken, um mehr zu erfahren<\/a><\/span><\/p>\n<p>[\/et_pb_text][\/et_pb_column][\/et_pb_row][\/et_pb_section][et_pb_section fb_built=&#8220;1&#8243; _builder_version=&#8220;4.16&#8243; global_colors_info=&#8220;{}&#8220;][et_pb_row column_structure=&#8220;1_2,1_2&#8243; use_custom_gutter=&#8220;on&#8220; _builder_version=&#8220;4.16&#8243; global_colors_info=&#8220;{}&#8220;][et_pb_column type=&#8220;1_2&#8243; _builder_version=&#8220;4.16&#8243; global_colors_info=&#8220;{}&#8220;][et_pb_video src=&#8220;https:\/\/player.vimeo.com\/video\/226843691&#8243; _builder_version=&#8220;4.20.4&#8243; _module_preset=&#8220;default&#8220; max_width_tablet=&#8220;80%&#8220; max_width_phone=&#8220;80%&#8220; max_width_last_edited=&#8220;on|tablet&#8220; module_alignment_tablet=&#8220;center&#8220; module_alignment_phone=&#8220;center&#8220; module_alignment_last_edited=&#8220;on|phone&#8220; global_colors_info=&#8220;{}&#8220;][\/et_pb_video][\/et_pb_column][et_pb_column type=&#8220;1_2&#8243; _builder_version=&#8220;4.16&#8243; global_colors_info=&#8220;{}&#8220;][et_pb_text _builder_version=&#8220;4.20.0&#8243; global_colors_info=&#8220;{}&#8220;]<\/p>\n<h2>Exzellenz auszeichnen.<br \/>Wundersch\u00f6n.<\/h2>\n<p>[\/et_pb_text][et_pb_code _builder_version=&#8220;4.16&#8243; global_colors_info=&#8220;{}&#8220;]<!--HubSpot Call-to-Action Code --><span class=\"hs-cta-wrapper\" id=\"hs-cta-wrapper-afc04b55-6f1a-4837-b6d2-8ce362f143bd\"><span class=\"hs-cta-node hs-cta-afc04b55-6f1a-4837-b6d2-8ce362f143bd\" id=\"hs-cta-afc04b55-6f1a-4837-b6d2-8ce362f143bd\"><!--[if lte IE 8]>\n\n<div id=\"hs-cta-ie-element\"><\/div>\n\n<![endif]--><a href=\"https:\/\/cta-redirect.hubspot.com\/cta\/redirect\/5752201\/afc04b55-6f1a-4837-b6d2-8ce362f143bd\"><img decoding=\"async\" class=\"hs-cta-img lazyload\" id=\"hs-cta-img-afc04b55-6f1a-4837-b6d2-8ce362f143bd\" style=\"border-width:0px;\" data-src=\"https:\/\/no-cache.hubspot.com\/cta\/default\/5752201\/afc04b55-6f1a-4837-b6d2-8ce362f143bd.png\" alt=\"Award Force entdecken\" src=\"data:image\/svg+xml;base64,PHN2ZyB3aWR0aD0iMSIgaGVpZ2h0PSIxIiB4bWxucz0iaHR0cDovL3d3dy53My5vcmcvMjAwMC9zdmciPjwvc3ZnPg==\"><\/a><\/span><script charset=\"utf-8\" src=\"https:\/\/js.hscta.net\/cta\/current.js\"><\/script><script type=\"text\/javascript\"> hbspt.cta.load(5752201, 'afc04b55-6f1a-4837-b6d2-8ce362f143bd', {}); <\/script><\/span><!-- end HubSpot Call-to-Action Code -->[\/et_pb_code][et_pb_text _builder_version=&#8220;4.20.0&#8243; global_colors_info=&#8220;{}&#8220;]<\/p>\n<h3 style=\"padding-top: 10px!important; padding-bottom: 10px!important; color:#000000!important; font-size:22px!important; font-weight:400!important;\"><a href=\"https:\/\/awardforce.com\/de\/?page_id=47406\">Preise ansehen<\/a> | <a href=\"https:\/\/awardforce.com\/de\/?page_id=50147\">FAQs<\/a> | <a href=\"https:\/\/awardforce.com\/de\/?page_id=47364\">Gespr\u00e4ch vereinbaren<\/a><\/h3>\n<p>[\/et_pb_text][\/et_pb_column][\/et_pb_row][et_pb_row _builder_version=&#8220;4.16&#8243; _module_preset=&#8220;default&#8220; global_colors_info=&#8220;{}&#8220;][et_pb_column type=&#8220;4_4&#8243; _builder_version=&#8220;4.16&#8243; _module_preset=&#8220;default&#8220; global_colors_info=&#8220;{}&#8220;][\/et_pb_column][\/et_pb_row][\/et_pb_section]<\/p>\n","protected":false},"excerpt":{"rendered":"<p>Alles, was Sie \u00fcber die erfolgreiche Durchf\u00fchrung eines virtuellen Award-Programms wissen m\u00fcssen. Hilfreiche Tipps und Strategien von Award Force, einem zu 100 % Remote-Unternehmen. <\/p>\n","protected":false},"author":2,"featured_media":48743,"parent":0,"menu_order":0,"comment_status":"closed","ping_status":"closed","template":"","meta":{"_acf_changed":false,"_et_pb_use_builder":"on","_et_pb_old_content":"","_et_gb_content_width":"","footnotes":""},"class_list":["post-49940","page","type-page","status-publish","has-post-thumbnail","hentry"],"acf":[],"_links":{"self":[{"href":"https:\/\/awardforce.com\/de\/wp-json\/wp\/v2\/pages\/49940","targetHints":{"allow":["GET"]}}],"collection":[{"href":"https:\/\/awardforce.com\/de\/wp-json\/wp\/v2\/pages"}],"about":[{"href":"https:\/\/awardforce.com\/de\/wp-json\/wp\/v2\/types\/page"}],"author":[{"embeddable":true,"href":"https:\/\/awardforce.com\/de\/wp-json\/wp\/v2\/users\/2"}],"replies":[{"embeddable":true,"href":"https:\/\/awardforce.com\/de\/wp-json\/wp\/v2\/comments?post=49940"}],"version-history":[{"count":4,"href":"https:\/\/awardforce.com\/de\/wp-json\/wp\/v2\/pages\/49940\/revisions"}],"predecessor-version":[{"id":50525,"href":"https:\/\/awardforce.com\/de\/wp-json\/wp\/v2\/pages\/49940\/revisions\/50525"}],"wp:featuredmedia":[{"embeddable":true,"href":"https:\/\/awardforce.com\/de\/wp-json\/wp\/v2\/media\/48743"}],"wp:attachment":[{"href":"https:\/\/awardforce.com\/de\/wp-json\/wp\/v2\/media?parent=49940"}],"curies":[{"name":"wp","href":"https:\/\/api.w.org\/{rel}","templated":true}]}}