{"id":49931,"date":"2025-08-08T12:39:44","date_gmt":"2025-08-08T12:39:44","guid":{"rendered":"https:\/\/awardforce.com\/?page_id=49931"},"modified":"2025-09-24T07:40:39","modified_gmt":"2025-09-24T07:40:39","slug":"vielen-dank-fur-das-herunterladen-des-e-books-zur-social-media-strategie","status":"publish","type":"page","link":"https:\/\/awardforce.com\/de\/vielen-dank-fur-das-herunterladen-des-e-books-zur-social-media-strategie\/","title":{"rendered":"Vielen Dank f\u00fcr das Herunterladen des E-Books zur Social-Media-Strategie!"},"content":{"rendered":"<p>[et_pb_section fb_built=&#8220;1&#8243; admin_label=&#8220;section&#8220; _builder_version=&#8220;4.16&#8243; global_colors_info=&#8220;{}&#8220;][et_pb_row column_structure=&#8220;1_2,1_2&#8243; _builder_version=&#8220;4.16&#8243; custom_padding=&#8220;50px|||||&#8220; global_colors_info=&#8220;{}&#8220;][et_pb_column type=&#8220;1_2&#8243; _builder_version=&#8220;4.16&#8243; global_colors_info=&#8220;{}&#8220;][et_pb_text _builder_version=&#8220;4.16&#8243; global_colors_info=&#8220;{}&#8220;]<\/p>\n<h1>Vielen Dank!<\/h1>\n<h2>Ihr E-Book wurde Ihnen per E-Mail zugesandt.* Viel Spa\u00df beim Lesen!<\/h2>\n<p class=\"\">Wenn Sie einen Termin vereinbaren m\u00f6chten, um Ihr Programm zu besprechen, k\u00f6nnen Sie gerne einen Anruf bei unserem Team buchen. Wir helfen Ihnen gerne dabei, Ihr Programm zum Leben zu erwecken oder es noch besser zu machen. <\/p>\n<p>[\/et_pb_text][et_pb_button button_url=&#8220;@ET-DC@eyJkeW5hbWljIjp0cnVlLCJjb250ZW50IjoicG9zdF9saW5rX3VybF9wYWdlIiwic2V0dGluZ3MiOnsicG9zdF9pZCI6IjEwMSIsImVuYWJsZV9odG1sIjoib2ZmIn19@&#8220; button_text=&#8220;Demo oder Angebot anfordern&#8220; button_alignment=&#8220;left&#8220; _builder_version=&#8220;4.16&#8243; _dynamic_attributes=&#8220;button_url&#8220; global_colors_info=&#8220;{}&#8220;][\/et_pb_button][et_pb_text _builder_version=&#8220;4.16&#8243; global_colors_info=&#8220;{}&#8220;]<\/p>\n<h2>Weitere Anleitungen und Tools<\/h2>\n<ul data-rte-list=\"default\">\n<li>\n<p class=\"\">Ben\u00f6tigen Sie \u00fcberzeugende Gr\u00fcnde, um Award Force zu nutzen? Laden Sie unser <a href=\"https:\/\/awardforce.com\/de\/?p=49002\" target=\"_blank\" rel=\"noopener noreferrer\">Rechtfertigungs-Toolkit. <\/a>  <\/p>\n<\/li>\n<li>\n<p class=\"\">Ben\u00f6tigen Sie Hilfe, um Juroren f\u00fcr Ihr Programm zu gewinnen? Laden Sie unseren Leitfaden herunter: <a href=\"https:\/\/awardforce.com\/de\/?p=49091\" target=\"_blank\" rel=\"noopener noreferrer\">Juroren gewinnen + sie immer wieder zur\u00fcckholen.<\/a> <\/p>\n<\/li>\n<\/ul>\n<p>[\/et_pb_text][et_pb_text _builder_version=&#8220;4.24.0&#8243; hover_enabled=&#8220;0&#8243; global_colors_info=&#8220;{}&#8220; sticky_enabled=&#8220;0&#8243;]&nbsp;<\/p>\n<p>&nbsp;<\/p>\n<p>*Wenn Sie Ihr E-Book nicht erhalten haben, senden Sie bitte eine E-Mail an <a href=\"mailto:marketing@awardforce.com\">marketing@awardforce.com<\/a> und wir senden es Ihnen umgehend zu.[\/et_pb_text][\/et_pb_column][et_pb_column type=&#8220;1_2&#8243; _builder_version=&#8220;4.16&#8243; global_colors_info=&#8220;{}&#8220;][et_pb_image src=&#8220;https:\/\/awardforce.com\/wp-content\/uploads\/2020\/04\/Screen-Shot-2020-04-27-at-9.18.33-AM.png&#8220; force_fullwidth=&#8220;on&#8220; _builder_version=&#8220;4.16&#8243; global_colors_info=&#8220;{}&#8220;][\/et_pb_image][\/et_pb_column][\/et_pb_row][et_pb_row _builder_version=&#8220;4.16&#8243; global_colors_info=&#8220;{}&#8220;][et_pb_column type=&#8220;4_4&#8243; _builder_version=&#8220;4.16&#8243; global_colors_info=&#8220;{}&#8220;][\/et_pb_column][\/et_pb_row][\/et_pb_section]<\/p>\n","protected":false},"excerpt":{"rendered":"<p>Vielen Dank f\u00fcr das Herunterladen des E-Books: Wie Sie eine erfolgreiche Social-Media-Strategie f\u00fcr Ihr Award-Programm erstellen.<\/p>\n","protected":false},"author":9,"featured_media":49075,"parent":0,"menu_order":0,"comment_status":"closed","ping_status":"closed","template":"","meta":{"_acf_changed":false,"_et_pb_use_builder":"on","_et_pb_old_content":"","_et_gb_content_width":"","footnotes":""},"class_list":["post-49931","page","type-page","status-publish","has-post-thumbnail","hentry"],"acf":[],"_links":{"self":[{"href":"https:\/\/awardforce.com\/de\/wp-json\/wp\/v2\/pages\/49931","targetHints":{"allow":["GET"]}}],"collection":[{"href":"https:\/\/awardforce.com\/de\/wp-json\/wp\/v2\/pages"}],"about":[{"href":"https:\/\/awardforce.com\/de\/wp-json\/wp\/v2\/types\/page"}],"author":[{"embeddable":true,"href":"https:\/\/awardforce.com\/de\/wp-json\/wp\/v2\/users\/9"}],"replies":[{"embeddable":true,"href":"https:\/\/awardforce.com\/de\/wp-json\/wp\/v2\/comments?post=49931"}],"version-history":[{"count":5,"href":"https:\/\/awardforce.com\/de\/wp-json\/wp\/v2\/pages\/49931\/revisions"}],"predecessor-version":[{"id":50463,"href":"https:\/\/awardforce.com\/de\/wp-json\/wp\/v2\/pages\/49931\/revisions\/50463"}],"wp:featuredmedia":[{"embeddable":true,"href":"https:\/\/awardforce.com\/de\/wp-json\/wp\/v2\/media\/49075"}],"wp:attachment":[{"href":"https:\/\/awardforce.com\/de\/wp-json\/wp\/v2\/media?parent=49931"}],"curies":[{"name":"wp","href":"https:\/\/api.w.org\/{rel}","templated":true}]}}