{"id":49833,"date":"2025-08-08T12:39:42","date_gmt":"2025-08-08T12:39:42","guid":{"rendered":"https:\/\/awardforce.com\/?page_id=49833"},"modified":"2025-09-24T07:40:23","modified_gmt":"2025-09-24T07:40:23","slug":"schulung-fur-virtuelle-veranstaltungen-fur-award-force-kunden","status":"publish","type":"page","link":"https:\/\/awardforce.com\/de\/schulung-fur-virtuelle-veranstaltungen-fur-award-force-kunden\/","title":{"rendered":"Schulung f\u00fcr virtuelle Veranstaltungen f\u00fcr Award Force Kunden"},"content":{"rendered":"<p>[et_pb_section fb_built=&#8220;1&#8243; _builder_version=&#8220;4.6.0&#8243; background_image=&#8220;https:\/\/awardforce.com\/wp-content\/uploads\/2020\/11\/AF_HI_VEI.jpg&#8220; height=&#8220;400px&#8220; custom_margin=&#8220;||||false|false&#8220; custom_padding=&#8220;50px||||false|false&#8220;][et_pb_row _builder_version=&#8220;4.6.0&#8243; custom_padding=&#8220;||||false|false&#8220;][et_pb_column type=&#8220;4_4&#8243; _builder_version=&#8220;4.0.6&#8243;][et_pb_text _builder_version=&#8220;4.6.0&#8243; header_font=&#8220;||||||||&#8220; header_text_color=&#8220;#ffffff&#8220; background_color=&#8220;rgba(0,0,0,0)&#8220; width=&#8220;100%&#8220; module_alignment=&#8220;center&#8220; custom_css_main_element=&#8220;H1   -webkit-text-fill-color: white; \/* Will override color (regardless of order) *\/||    text-shadow: 0px 0px 2px #000, 0px 0px 4px #000;||-webkit-text-stroke-width: 0.1px;||  -webkit-text-stroke-color: #000;&#8220;]<\/p>\n<h1 style=\"text-align: center;\"><span style=\"background-color: #000;\"> Lassen Sie sich f\u00fcr die Durchf\u00fchrung virtueller Veranstaltungen zertifizieren <br \/> mit dem Virtual Events Institute <\/span><\/h1>\n<p>[\/et_pb_text][\/et_pb_column][\/et_pb_row][\/et_pb_section][et_pb_section fb_built=&#8220;1&#8243; admin_label=&#8220;section&#8220; _builder_version=&#8220;3.22&#8243;][et_pb_row _builder_version=&#8220;4.0.6&#8243; custom_padding=&#8220;||0px|||&#8220;][et_pb_column type=&#8220;4_4&#8243; _builder_version=&#8220;4.0.6&#8243;][et_pb_image src=&#8220;https:\/\/awardforce.com\/wp-content\/uploads\/2020\/11\/AF_VEI_LogoPlacement.png&#8220; align=&#8220;center&#8220; _builder_version=&#8220;4.6.0&#8243; _module_preset=&#8220;default&#8220; width=&#8220;35%&#8220; max_width=&#8220;50%&#8220;][\/et_pb_image][et_pb_text _builder_version=&#8220;4.6.0&#8243; custom_padding=&#8220;||16px|||&#8220;]<\/p>\n<h2 style=\"text-align: center;\"><span style=\"font-weight: 400;\">Award Force ist eine Partnerschaft mit dem Virtual Events Institute eingegangen<br \/> <\/span><span style=\"font-weight: 400;\">um unseren Kunden zu helfen, ihre Kompetenzen im Bereich virtueller Veranstaltungen auszubauen<\/span><span style=\"font-weight: 400;\"><\/span><\/h2>\n<p>[\/et_pb_text][\/et_pb_column][\/et_pb_row][\/et_pb_section][et_pb_section fb_built=&#8220;1&#8243; _builder_version=&#8220;4.0.6&#8243;][et_pb_row column_structure=&#8220;1_2,1_2&#8243; _builder_version=&#8220;4.6.0&#8243; _module_preset=&#8220;default&#8220; custom_padding=&#8220;||0px|||&#8220;][et_pb_column type=&#8220;1_2&#8243; _builder_version=&#8220;4.6.0&#8243; _module_preset=&#8220;default&#8220;][et_pb_text _builder_version=&#8220;4.6.0&#8243; _module_preset=&#8220;default&#8220;]<\/p>\n<p><span style=\"font-weight: 400;\"><span>Award Force ist der exklusive Partner f\u00fcr die Verwaltung von Einreichungen und Bewertungen f\u00fcr das Virtual Events Institute, eine globale Plattform, die die Event-Community zusammenbringt, um au\u00dfergew\u00f6hnliche virtuelle und hybride Veranstaltungen zu produzieren.<\/span><\/span><\/p>\n<p><span style=\"font-weight: 400;\">VEI bietet Gipfeltreffen, Schulungen und Marktkenntnisse an, um die n\u00e4chste Generation von Event-Profis zu schaffen und zu f\u00f6rdern. <\/span><\/p>\n<p><span style=\"font-weight: 400;\">Ihre Schulungsprogramme vermitteln wichtige F\u00e4higkeiten und Best Practices, damit Sie lernen, wie man virtuelle Veranstaltungen produziert, verkauft, vermarktet und durchf\u00fchrt. <\/span><\/p>\n<h2><span style=\"font-weight: 400;\">Ein Rabatt f\u00fcr Award Force Kunden<\/span><\/h2>\n<p><span style=\"font-weight: 400;\">Als Award Force Kunde erhalten Sie automatisch einen Rabatt von 10 % auf alle Zertifizierungsschulungspakete des Virtual Events Institute. <\/span><\/p>\n<p><span style=\"font-weight: 400;\">Verwenden Sie einfach den Code: <b>AwardForce10<\/b> an der Kasse.<\/span><\/p>\n<p><span style=\"font-weight: 400;\"><\/span><\/p>\n<p>[\/et_pb_text][\/et_pb_column][et_pb_column type=&#8220;1_2&#8243; _builder_version=&#8220;4.6.0&#8243; _module_preset=&#8220;default&#8220;][et_pb_text _builder_version=&#8220;4.6.0&#8243; _module_preset=&#8220;default&#8220;]<\/p>\n<h4>Kursthemen umfassen:<\/h4>\n<div id=\"comp-kcndyfiv\" class=\"_1Z_nJ\" data-testid=\"richTextElement\">\n<ul>\n<li class=\"font_4\">Publikumsgewinnung<\/li>\n<li class=\"font_4\">Steigerung des Publikumsengagements<\/li>\n<li class=\"font_4\">Strategische Inhaltsgestaltung<\/li>\n<li class=\"font_4\">Monetarisierung Ihrer virtuellen Veranstaltung<\/li>\n<li class=\"font_4\">Wie Sie die richtige Technologie f\u00fcr Ihre virtuelle Veranstaltung ausw\u00e4hlen<\/li>\n<li class=\"font_4\">Wie Sie Ihre Online-Event-Community aufbauen, um das ganzj\u00e4hrige Engagement zu steigern<\/li>\n<li class=\"font_4\">Wie Sie Ihre virtuelle Veranstaltung am Veranstaltungstag durchf\u00fchren<\/li>\n<li class=\"font_4\">Wie Sie den Erfolg nach der Veranstaltung messen<\/li>\n<li class=\"font_4\">Eine Einf\u00fchrung in hybride Veranstaltungen<\/li>\n<li class=\"font_4\">Virtuelle Veranstaltung \u201e\u201eCapstone\u201c\u201c Beitrag zur VEI-Community (Eine Fallstudie mit VEI)<\/li>\n<\/ul>\n<p class=\"font_4\">\n<\/div>\n<p>[\/et_pb_text][et_pb_divider show_divider=&#8220;off&#8220; _builder_version=&#8220;4.6.0&#8243; _module_preset=&#8220;default&#8220;][\/et_pb_divider][\/et_pb_column][\/et_pb_row][et_pb_row _builder_version=&#8220;4.6.0&#8243; _module_preset=&#8220;default&#8220; custom_padding=&#8220;||80px|||&#8220;][et_pb_column type=&#8220;4_4&#8243; _builder_version=&#8220;4.6.0&#8243; _module_preset=&#8220;default&#8220;][et_pb_button button_url=&#8220;https:\/\/www.virtualeventsinstitute.com\/certification&#8220; button_text=&#8220;Besuchen Sie das Virtual Events Institute&#8220; button_alignment=&#8220;center&#8220; _builder_version=&#8220;4.6.0&#8243; _module_preset=&#8220;default&#8220; hover_enabled=&#8220;0&#8243; url_new_window=&#8220;on&#8220; sticky_enabled=&#8220;0&#8243;][\/et_pb_button][\/et_pb_column][\/et_pb_row][\/et_pb_section]<\/p>\n","protected":false},"excerpt":{"rendered":"<p>Lassen Sie sich f\u00fcr die Durchf\u00fchrung virtueller Veranstaltungen zertifizieren mit dem Virtual Events Institute Award Force ist eine Partnerschaft mit dem Virtual Events Institute eingegangen um unseren Kunden zu helfen, ihre Kompetenzen im Bereich virtueller Veranstaltungen auszubauenAward Force ist der exklusive Partner f\u00fcr die Verwaltung von Einreichungen und Bewertungen f\u00fcr das Virtual Events Institute, eine globale Plattform, die die Event-Community zusammenbringt, um au\u00dfergew\u00f6hnliche virtuelle und hybride Veranstaltungen zu produzieren. VEI bietet Gipfeltreffen, Schulungen und Marktkenntnisse an, um die n\u00e4chste Generation von Event-Profis zu schaffen und zu f\u00f6rdern. Ihre Schulungsprogramme vermitteln wichtige F\u00e4higkeiten und Best Practices, damit Sie lernen, wie man virtuelle Veranstaltungen produziert, verkauft, vermarktet und durchf\u00fchrt. Ein Rabatt f\u00fcr Award Force Kunden Als Award Force Kunde erhalten Sie automatisch einen Rabatt von 10 % auf alle Zertifizierungsschulungspakete des Virtual Events Institute. Verwenden Sie einfach den Code: AwardForce10 an der Kasse. Kursthemen umfassen: Publikumsgewinnung Steigerung des Publikumsengagements Strategische Inhaltsgestaltung Monetarisierung Ihrer virtuellen Veranstaltung Wie Sie die richtige Technologie f\u00fcr Ihre virtuelle Veranstaltung ausw\u00e4hlen Wie Sie Ihre Online-Event-Community aufbauen, um das ganzj\u00e4hrige Engagement zu steigern Wie Sie Ihre virtuelle Veranstaltung am Veranstaltungstag durchf\u00fchren Wie Sie den Erfolg nach der Veranstaltung messen Eine Einf\u00fchrung in hybride Veranstaltungen Virtuelle Veranstaltung \u201e\u201eCapstone\u201c\u201c Beitrag zur [&hellip;]<\/p>\n","protected":false},"author":9,"featured_media":48956,"parent":0,"menu_order":0,"comment_status":"closed","ping_status":"closed","template":"","meta":{"_acf_changed":false,"_et_pb_use_builder":"on","_et_pb_old_content":"","_et_gb_content_width":"","footnotes":""},"class_list":["post-49833","page","type-page","status-publish","has-post-thumbnail","hentry"],"acf":[],"_links":{"self":[{"href":"https:\/\/awardforce.com\/de\/wp-json\/wp\/v2\/pages\/49833","targetHints":{"allow":["GET"]}}],"collection":[{"href":"https:\/\/awardforce.com\/de\/wp-json\/wp\/v2\/pages"}],"about":[{"href":"https:\/\/awardforce.com\/de\/wp-json\/wp\/v2\/types\/page"}],"author":[{"embeddable":true,"href":"https:\/\/awardforce.com\/de\/wp-json\/wp\/v2\/users\/9"}],"replies":[{"embeddable":true,"href":"https:\/\/awardforce.com\/de\/wp-json\/wp\/v2\/comments?post=49833"}],"version-history":[{"count":2,"href":"https:\/\/awardforce.com\/de\/wp-json\/wp\/v2\/pages\/49833\/revisions"}],"predecessor-version":[{"id":49837,"href":"https:\/\/awardforce.com\/de\/wp-json\/wp\/v2\/pages\/49833\/revisions\/49837"}],"wp:featuredmedia":[{"embeddable":true,"href":"https:\/\/awardforce.com\/de\/wp-json\/wp\/v2\/media\/48956"}],"wp:attachment":[{"href":"https:\/\/awardforce.com\/de\/wp-json\/wp\/v2\/media?parent=49833"}],"curies":[{"name":"wp","href":"https:\/\/api.w.org\/{rel}","templated":true}]}}