{"id":49683,"date":"2025-08-08T12:39:38","date_gmt":"2025-08-08T12:39:38","guid":{"rendered":"https:\/\/awardforce.com\/?page_id=49683"},"modified":"2025-09-24T07:39:59","modified_gmt":"2025-09-24T07:39:59","slug":"soziales-teilen","status":"publish","type":"page","link":"https:\/\/awardforce.com\/de\/funktionen\/markenwerbung\/soziales-teilen\/","title":{"rendered":"Soziales Teilen"},"content":{"rendered":"<p>[et_pb_section fb_built=&#8220;1&#8243; _builder_version=&#8220;4.16&#8243; background_image=&#8220;https:\/\/awardforce.com\/wp-content\/uploads\/2021\/04\/ManDog.jpg&#8220; height=&#8220;500px&#8220; custom_margin=&#8220;||||false|false&#8220; custom_padding=&#8220;150px||||false|false&#8220; global_colors_info=&#8220;{}&#8220;][et_pb_row _builder_version=&#8220;4.16&#8243; custom_padding=&#8220;||||false|false&#8220; global_colors_info=&#8220;{}&#8220;][et_pb_column type=&#8220;4_4&#8243; _builder_version=&#8220;4.16&#8243; global_colors_info=&#8220;{}&#8220;][et_pb_text _builder_version=&#8220;4.27.4&#8243; header_font=&#8220;||||||||&#8220; header_text_color=&#8220;#ffffff&#8220; background_color=&#8220;rgba(0,0,0,0)&#8220; width=&#8220;100%&#8220; module_alignment=&#8220;center&#8220; hover_enabled=&#8220;0&#8243; custom_css_main_element=&#8220;H1   -webkit-text-fill-color: white; \/* Will override color (regardless of order) *\/||    text-shadow: 0px 0px 2px #000, 0px 0px 4px #000;||-webkit-text-stroke-width: 0.1px;||  -webkit-text-stroke-color: #000;&#8220; global_colors_info=&#8220;{}&#8220; sticky_enabled=&#8220;0&#8243;]<\/p>\n<h1 style=\"text-align: center;\"><span style=\"background-color: #000;\"> Awards-Software mit integrierter<br \/>Social-Sharing-Funktion<\/span><span style=\"background-color: #000000; color: #ffffff;\"> <\/span><\/h1>\n<p>[\/et_pb_text][\/et_pb_column][\/et_pb_row][\/et_pb_section][et_pb_section fb_built=&#8220;1&#8243; _builder_version=&#8220;4.16&#8243; _module_preset=&#8220;default&#8220; global_colors_info=&#8220;{}&#8220;][et_pb_row column_structure=&#8220;1_4,3_4&#8243; _builder_version=&#8220;4.18.0&#8243; _module_preset=&#8220;default&#8220; max_width=&#8220;85%&#8220; custom_margin=&#8220;||||false|false&#8220; custom_padding=&#8220;||||false|false&#8220; global_colors_info=&#8220;{}&#8220;][et_pb_column type=&#8220;1_4&#8243; _builder_version=&#8220;4.16&#8243; _module_preset=&#8220;default&#8220; global_colors_info=&#8220;{}&#8220;][et_pb_text _builder_version=&#8220;4.27.4&#8243; _module_preset=&#8220;default&#8220; header_line_height=&#8220;25px&#8220; header_3_line_height=&#8220;25px&#8220; positioning=&#8220;absolute&#8220; position_origin_a_tablet=&#8220;&#8220; position_origin_a_phone=&#8220;&#8220; position_origin_a_last_edited=&#8220;on|desktop&#8220; position_origin_f_tablet=&#8220;&#8220; position_origin_f_phone=&#8220;&#8220; position_origin_f_last_edited=&#8220;on|desktop&#8220; position_origin_r_tablet=&#8220;&#8220; position_origin_r_phone=&#8220;&#8220; position_origin_r_last_edited=&#8220;on|desktop&#8220; width=&#8220;100%&#8220; custom_margin=&#8220;||0px|||&#8220; custom_padding=&#8220;|||15px|false|false&#8220; sticky_position=&#8220;top&#8220; sticky_limit_bottom=&#8220;body&#8220; positioning_tablet=&#8220;none&#8220; positioning_phone=&#8220;&#8220; positioning_last_edited=&#8220;on|desktop&#8220; global_colors_info=&#8220;{}&#8220;]<\/p>\n<h2 class=\"h3\" style=\"padding-left: 15px;\">Award Force Funktionen<\/h2>\n<ul class=\"af-features-sidemenu menu-de\">\n<li class=\"page_item page-item-23194 page_item_has_children\"><a href=\"https:\/\/awardforce.com\/de\/funktionen\/erstellen-sie-ihre-auszeichnungen\/\">Erstellen<\/a>\n<ul class=\"children\" style=\"display: none;\">\n<li class=\"page_item page-item-101\"><a href=\"https:\/\/awardforce.com\/de\/funktionen\/erstellen-sie-ihre-auszeichnungen\/\">\u00dcbersicht<\/a><\/li>\n<li class=\"page_item page-item-10\"><a href=\"https:\/\/awardforce.com\/de\/funktionen\/erstellen-sie-ihre-auszeichnungen\/erste-schritte\/\">Erste Schritte<\/a><\/li>\n<li class=\"page_item page-item-21337\"><a href=\"https:\/\/awardforce.com\/de\/funktionen\/erstellen-sie-ihre-auszeichnungen\/programmkonfiguration\/\">Programmkonfiguration<\/a><\/li>\n<li class=\"page_item page-item-15872\"><a href=\"https:\/\/awardforce.com\/de\/funktionen\/erstellen-sie-ihre-auszeichnungen\/datenimport\/\">Datenimport<\/a><\/li>\n<li class=\"page_item page-item-18557\"><a href=\"https:\/\/awardforce.com\/de\/funktionen\/erstellen-sie-ihre-auszeichnungen\/eingabeformular-generator\/\">Formulargenerator<\/a><\/li>\n<li class=\"page_item page-item-168\"><a href=\"https:\/\/awardforce.com\/de\/funktionen\/erstellen-sie-ihre-auszeichnungen\/unbegrenzte-benutzer-anmeldungen-und-dateien\/\">Nutzungsgrenzen<\/a><\/li>\n<li class=\"page_item page-item-159\"><a href=\"https:\/\/awardforce.com\/de\/funktionen\/erstellen-sie-ihre-auszeichnungen\/mehrsprachig\/\">Mehrsprachig<\/a><\/li>\n<li class=\"page_item page-item-165\"><a href=\"https:\/\/awardforce.com\/de\/funktionen\/erstellen-sie-ihre-auszeichnungen\/preisregeln-rabatte\/\">Preisregeln + Rabatte<\/a><\/li>\n<li class=\"page_item page-item-27\"><a href=\"https:\/\/awardforce.com\/de\/funktionen\/erstellen-sie-ihre-auszeichnungen\/online-zahlung\/\">Online-Zahlung<\/a><\/li>\n<li class=\"page_item page-item-118\"><a href=\"https:\/\/awardforce.com\/de\/funktionen\/erstellen-sie-ihre-auszeichnungen\/review-flow\/\">Bewertungsfluss<\/a><\/li>\n<li class=\"page_item page-item-164\"><a href=\"https:\/\/awardforce.com\/de\/funktionen\/erstellen-sie-ihre-auszeichnungen\/streaming-video\/\">Streaming-Video<\/a><\/li>\n<li class=\"page_item page-item-166\"><a href=\"https:\/\/awardforce.com\/de\/funktionen\/erstellen-sie-ihre-auszeichnungen\/lieferscheine\/\">Packzettel<\/a><\/li>\n<\/ul>\n<\/li>\n<li class=\"page_item page-item-1010 page_item_has_children\"><a href=\"https:\/\/awardforce.com\/de\/funktionen\/programmmanagement\/\">Verwalten<\/a>\n<ul class=\"children\" style=\"display: none;\">\n<li class=\"page_item page-item-222\"><a href=\"https:\/\/awardforce.com\/de\/funktionen\/programmmanagement\/\">\u00dcbersicht<\/a><\/li>\n<li class=\"page_item page-item-22\"><a href=\"https:\/\/awardforce.com\/de\/funktionen\/programmmanagement\/multi-chapter\/\">Mehrere Kapitel<\/a><\/li>\n<li class=\"page_item page-item-161\"><a href=\"https:\/\/awardforce.com\/de\/funktionen\/programmmanagement\/einreichungsmanagement\/\">Einsendeverwaltung<\/a><\/li>\n<li class=\"page_item page-item-156\"><a href=\"https:\/\/awardforce.com\/de\/funktionen\/programmmanagement\/rollenverwaltung\/\">Rollenverwaltung<\/a><\/li>\n<li class=\"page_item page-item-29\"><a href=\"https:\/\/awardforce.com\/de\/funktionen\/programmmanagement\/bericht-und-export\/\">Bericht und Export<\/a><\/li>\n<li class=\"page_item page-item-158\"><a href=\"https:\/\/awardforce.com\/de\/funktionen\/programmmanagement\/programmarchivierung\/\">Programmarchivierung<\/a><\/li>\n<li class=\"page_item page-item-160\"><a href=\"https:\/\/awardforce.com\/de\/funktionen\/programmmanagement\/plagiatserkennung\/\">Plagiaterkennung<\/a><\/li>\n<li class=\"page_item page-item-149\"><a href=\"https:\/\/awardforce.com\/de\/funktionen\/programmmanagement\/duplikate-verwalten\/\">Duplikate verwalten<\/a><\/li>\n<li class=\"page_item page-item-163\"><a href=\"https:\/\/awardforce.com\/de\/funktionen\/programmmanagement\/inhaltsverwaltung\/\">Inhaltsverwaltung<\/a><\/li>\n<li class=\"page_item page-item-155\"><a href=\"https:\/\/awardforce.com\/de\/funktionen\/programmmanagement\/moderation\/\">Moderation<\/a><\/li>\n<li class=\"page_item page-item-26824\"><a href=\"https:\/\/awardforce.com\/de\/funktionen\/programmmanagement\/kommunizieren\/\">Kommunizieren<\/a><\/li>\n<li class=\"page_item page-item-44056\"><a href=\"https:\/\/awardforce.com\/de\/funktionen\/programmmanagement\/sandbox-konto\/\">Sandbox-Konto<\/a><\/li>\n<\/ul>\n<\/li>\n<li class=\"page_item page-item-1017 page_item_has_children\"><a href=\"https:\/\/awardforce.com\/de\/funktionen\/jury-suite\/\">Bewerten<\/a>\n<ul class=\"children\" style=\"display: none;\">\n<li class=\"page_item page-item-361\"><a href=\"https:\/\/awardforce.com\/de\/funktionen\/jury-suite\/\">\u00dcbersicht<\/a><\/li>\n<li class=\"page_item page-item-36\"><a href=\"https:\/\/awardforce.com\/de\/funktionen\/jury-suite\/jury-software\/\">Bewertungsmodi<\/a><\/li>\n<li class=\"page_item page-item-162\"><a href=\"https:\/\/awardforce.com\/de\/funktionen\/jury-suite\/qualifizierend\/\">Qualifizierung<\/a><\/li>\n<li class=\"page_item page-item-157\"><a href=\"https:\/\/awardforce.com\/de\/funktionen\/jury-suite\/top-pick\/\">Top-Auswahl<\/a><\/li>\n<li class=\"page_item page-item-28\"><a href=\"https:\/\/awardforce.com\/de\/funktionen\/jury-suite\/abstimmungssoftware\/\">Abstimmungssoftware<\/a><\/li>\n<li class=\"page_item page-item-33\"><a href=\"https:\/\/awardforce.com\/de\/funktionen\/jury-suite\/vip-judging\/\">VIP-Bewertung<\/a><\/li>\n<li class=\"page_item page-item-22800\"><a href=\"https:\/\/awardforce.com\/de\/funktionen\/jury-suite\/jury-zuweisungen\/\">Jurymanagement<\/a><\/li>\n<li class=\"page_item page-item-21343\"><a href=\"https:\/\/awardforce.com\/de\/funktionen\/jury-suite\/ergebnisverwaltung\/\">Ergebnisverwaltung<\/a><\/li>\n<li class=\"page_item page-item-21476\"><a href=\"https:\/\/awardforce.com\/de\/funktionen\/jury-suite\/jury-feedback\/\">Bewertungsfeedback<\/a><\/li>\n<\/ul>\n<\/li>\n<li class=\"page_item page-item-1014 page_item_has_children\"><a href=\"https:\/\/awardforce.com\/de\/funktionen\/funktionen-zur-unterstutzung-der-teilnehmer\/\">Teilnehmererfahrung<\/a>\n<ul class=\"children\" style=\"display: none;\">\n<li class=\"page_item page-item-254\"><a href=\"https:\/\/awardforce.com\/de\/funktionen\/funktionen-zur-unterstutzung-der-teilnehmer\/\">\u00dcbersicht<\/a><\/li>\n<li class=\"page_item page-item-24\"><a href=\"https:\/\/awardforce.com\/de\/funktionen\/funktionen-zur-unterstutzung-der-teilnehmer\/online-einreichung-von-auszeichnungen\/\">Einsendeerfahrung<\/a><\/li>\n<li class=\"page_item page-item-44736\"><a href=\"https:\/\/awardforce.com\/de\/funktionen\/funktionen-zur-unterstutzung-der-teilnehmer\/zusammenarbeit-bei-der-einreichung-fur-auszeichnungen\/\">Einsendekollaboration<\/a><\/li>\n<li class=\"page_item page-item-21480\"><a href=\"https:\/\/awardforce.com\/de\/funktionen\/funktionen-zur-unterstutzung-der-teilnehmer\/registrierungsoptionen\/\">Registrierungsoptionen<\/a><\/li>\n<li class=\"page_item page-item-21463\"><a href=\"https:\/\/awardforce.com\/de\/funktionen\/funktionen-zur-unterstutzung-der-teilnehmer\/dateitypen-und-anhange\/\">Dateitypen und Anh\u00e4nge<\/a><\/li>\n<li class=\"page_item page-item-20869\"><a href=\"https:\/\/awardforce.com\/de\/funktionen\/funktionen-zur-unterstutzung-der-teilnehmer\/barrierefreiheit\/\">Barrierefreiheit<\/a><\/li>\n<li class=\"page_item page-item-21471\"><a href=\"https:\/\/awardforce.com\/de\/funktionen\/funktionen-zur-unterstutzung-der-teilnehmer\/fehlervermeidung\/\">Fehlervermeidung<\/a><\/li>\n<\/ul>\n<\/li>\n<li class=\"page_item page-item-1012 page_item_has_children\"><a href=\"https:\/\/awardforce.com\/de\/funktionen\/markenwerbung\/\">F\u00f6rdern<\/a>\n<ul class=\"children\" style=\"display: none;\">\n<li class=\"page_item page-item-3611\"><a href=\"https:\/\/awardforce.com\/de\/funktionen\/markenwerbung\/\">\u00dcbersicht<\/a><\/li>\n<li class=\"page_item page-item-98\"><a href=\"https:\/\/awardforce.com\/de\/funktionen\/markenwerbung\/branding\/\">Branding<\/a><\/li>\n<li class=\"page_item page-item-23\"><a href=\"https:\/\/awardforce.com\/de\/funktionen\/markenwerbung\/sponsor-sichtbarkeit\/\">Sponsoren-Sichtbarkeit<\/a><\/li>\n<li class=\"page_item page-item-167\"><a href=\"https:\/\/awardforce.com\/de\/funktionen\/markenwerbung\/galerien\/\">Galerien<\/a><\/li>\n<li class=\"page_item page-item-21486\"><a href=\"https:\/\/awardforce.com\/de\/funktionen\/markenwerbung\/soziales-teilen\/\">Soziales Teilen<\/a><\/li>\n<\/ul>\n<\/li>\n<li class=\"page_item page-item-23265 page_item_has_children\"><a href=\"https:\/\/awardforce.com\/de\/funktionen\/sichern-sie-ihre-awards\/\">Sichern<\/a>\n<ul class=\"children\" style=\"display: none;\">\n<li class=\"page_item page-item-36111\"><a href=\"https:\/\/awardforce.com\/de\/funktionen\/sichern-sie-ihre-awards\/\">\u00dcbersicht<\/a><\/li>\n<li class=\"page_item page-item-19890\"><a href=\"https:\/\/awardforce.com\/de\/funktionen\/sichern-sie-ihre-awards\/datenresidenz\/\">Datenresidenz<\/a><\/li>\n<\/ul>\n<\/li>\n<li class=\"page_item page-item-21281 page_item_has_children\"><a href=\"https:\/\/awardforce.com\/de\/funktionen\/integrieren\/\">Integrieren<\/a>\n<ul class=\"children\" style=\"display: none;\">\n<li class=\"page_item page-item-36333\"><a href=\"https:\/\/awardforce.com\/de\/funktionen\/integrieren\/\">\u00dcbersicht<\/a><\/li>\n<li class=\"page_item page-item-34198\"><a href=\"https:\/\/awardforce.com\/de\/funktionen\/integrieren\/docusign\/\">DocuSign<\/a><\/li>\n<li class=\"page_item page-item-34190\"><a href=\"https:\/\/awardforce.com\/de\/funktionen\/integrieren\/eventbrite\/\">Eventbrite<\/a><\/li>\n<li class=\"page_item page-item-34202\"><a href=\"https:\/\/awardforce.com\/de\/funktionen\/integrieren\/google-formulare\/\">Google Forms<\/a><\/li>\n<li class=\"page_item page-item-34241\"><a href=\"https:\/\/awardforce.com\/de\/funktionen\/integrieren\/google-tabellen\/\">Google Sheets<\/a><\/li>\n<li class=\"page_item page-item-34210\"><a href=\"https:\/\/awardforce.com\/de\/funktionen\/integrieren\/hubspot\/\">Hubspot<\/a><\/li>\n<li class=\"page_item page-item-34569\"><a href=\"https:\/\/awardforce.com\/de\/funktionen\/integrieren\/mailchimp\/\">Mailchimp<\/a><\/li>\n<li class=\"page_item page-item-34187\"><a href=\"https:\/\/awardforce.com\/de\/funktionen\/integrieren\/microsoft-dynamics\/\">Microsoft Dynamics<\/a><\/li>\n<li class=\"page_item page-item-56\"><a href=\"https:\/\/awardforce.com\/de\/funktionen\/integrieren\/salesforce\/\">Salesforce<\/a><\/li>\n<li class=\"page_item page-item-34223\"><a href=\"https:\/\/awardforce.com\/de\/funktionen\/integrieren\/wordpress\/\">WordPress<\/a><\/li>\n<li class=\"page_item page-item-34226\"><a href=\"https:\/\/awardforce.com\/de\/funktionen\/integrieren\/xero\/\">Xero<\/a><\/li>\n<li class=\"page_item page-item-34230\"><a href=\"https:\/\/awardforce.com\/de\/funktionen\/integrieren\/zoom\/\">Zoom<\/a><\/li>\n<li class=\"page_item page-item-28939\"><a href=\"https:\/\/awardforce.com\/de\/funktionen\/integrieren\/make\/\">Make<\/a><\/li>\n<li class=\"page_item page-item-28951\"><a href=\"https:\/\/awardforce.com\/de\/funktionen\/integrieren\/zapier\/\">Zapier<\/a><\/li>\n<li class=\"page_item page-item-44446\"><a href=\"https:\/\/awardforce.com\/de\/funktionen\/integrieren\/integrations-marktplatz\/\">Integration-Marketplace<\/a><\/li>\n<\/ul>\n<\/li>\n<\/ul>\n<p>[\/et_pb_text][\/et_pb_column][et_pb_column type=&#8220;3_4&#8243; _builder_version=&#8220;4.16&#8243; _module_preset=&#8220;default&#8220; global_colors_info=&#8220;{}&#8220;][et_pb_text _builder_version=&#8220;4.27.4&#8243; global_colors_info=&#8220;{}&#8220;]<\/p>\n<h2 id=\"main\" style=\"text-align: left;\">Erweitern Sie Ihr Programm mit Social Sharing<\/h2>\n<h3 class=\"h4\" style=\"text-align: left;\">Nutzen Sie soziale Medien, um die Programm-Bekanntheit organisch zu steigern und das Interesse an Ihren Auszeichnungen zu maximieren.<\/h3>\n<p>[\/et_pb_text][\/et_pb_column][\/et_pb_row][et_pb_row column_structure=&#8220;1_4,1_4,1_2&#8243; _builder_version=&#8220;4.16&#8243; _module_preset=&#8220;default&#8220; max_width=&#8220;85%&#8220; global_colors_info=&#8220;{}&#8220;][et_pb_column type=&#8220;1_4&#8243; _builder_version=&#8220;4.16&#8243; _module_preset=&#8220;default&#8220; global_colors_info=&#8220;{}&#8220;][\/et_pb_column][et_pb_column type=&#8220;1_4&#8243; _builder_version=&#8220;4.16&#8243; _module_preset=&#8220;default&#8220; global_colors_info=&#8220;{}&#8220;][et_pb_text _builder_version=&#8220;4.27.4&#8243; _module_preset=&#8220;default&#8220; hover_enabled=&#8220;0&#8243; global_colors_info=&#8220;{}&#8220; sticky_enabled=&#8220;0&#8243;]<\/p>\n<h3>Benutzerdefinierte soziale Nachrichten<\/h3>\n<p>Machen Sie es den Teilnehmenden schnell und einfach, andere in Ihrem Programm mit Social-Sharing-Buttons einzubinden. Teilnehmende k\u00f6nnen Ihre sorgf\u00e4ltig erstellte, aufmerksamkeitsstarke Standardnachricht verwenden oder, falls gew\u00fcnscht, ihre eigene Nachricht verfassen.<\/p>\n<p>[\/et_pb_text][\/et_pb_column][et_pb_column type=&#8220;1_2&#8243; _builder_version=&#8220;4.16&#8243; _module_preset=&#8220;default&#8220; global_colors_info=&#8220;{}&#8220;][et_pb_image src=&#8220;https:\/\/awardforce.com\/wp-content\/uploads\/2022\/10\/AF_SocialSharing_Messages.png&#8220; alt=&#8220;Awards management software social sharing&#8220; title_text=&#8220;AF_SocialSharing_Messages&#8220; _builder_version=&#8220;4.18.0&#8243; _module_preset=&#8220;default&#8220; global_colors_info=&#8220;{}&#8220;][\/et_pb_image][\/et_pb_column][\/et_pb_row][et_pb_row column_structure=&#8220;1_4,1_2,1_4&#8243; _builder_version=&#8220;4.16&#8243; _module_preset=&#8220;default&#8220; max_width=&#8220;85%&#8220; global_colors_info=&#8220;{}&#8220;][et_pb_column type=&#8220;1_4&#8243; _builder_version=&#8220;4.16&#8243; _module_preset=&#8220;default&#8220; global_colors_info=&#8220;{}&#8220;][\/et_pb_column][et_pb_column type=&#8220;1_2&#8243; _builder_version=&#8220;4.16&#8243; _module_preset=&#8220;default&#8220; global_colors_info=&#8220;{}&#8220;][et_pb_image src=&#8220;https:\/\/awardforce.com\/wp-content\/uploads\/2022\/10\/AF_SocialSharing_FB.png&#8220; alt=&#8220;Awards management software social sharing&#8220; title_text=&#8220;AF_SocialSharing_FB&#8220; align=&#8220;right&#8220; _builder_version=&#8220;4.18.0&#8243; _module_preset=&#8220;default&#8220; global_colors_info=&#8220;{}&#8220;][\/et_pb_image][\/et_pb_column][et_pb_column type=&#8220;1_4&#8243; _builder_version=&#8220;4.16&#8243; _module_preset=&#8220;default&#8220; global_colors_info=&#8220;{}&#8220;][et_pb_text _builder_version=&#8220;4.16&#8243; _module_preset=&#8220;default&#8220; global_colors_info=&#8220;{}&#8220;]<\/p>\n<h3>Heben Sie es hervor<\/h3>\n<p>F\u00fcgen Sie ein auff\u00e4lliges Bild zu Ihren sozialen Beitr\u00e4gen hinzu, um die Sichtbarkeit zu maximieren und das Teilen zu f\u00f6rdern!<\/p>\n<p>[\/et_pb_text][\/et_pb_column][\/et_pb_row][et_pb_row column_structure=&#8220;1_4,1_4,1_2&#8243; _builder_version=&#8220;4.16&#8243; _module_preset=&#8220;default&#8220; max_width=&#8220;85%&#8220; locked=&#8220;off&#8220; global_colors_info=&#8220;{}&#8220;][et_pb_column type=&#8220;1_4&#8243; _builder_version=&#8220;4.16&#8243; _module_preset=&#8220;default&#8220; global_colors_info=&#8220;{}&#8220;][et_pb_text _builder_version=&#8220;4.16&#8243; _module_preset=&#8220;default&#8220; sticky_position=&#8220;top&#8220; sticky_limit_bottom=&#8220;body&#8220; global_colors_info=&#8220;{}&#8220;][\/et_pb_text][\/et_pb_column][et_pb_column type=&#8220;1_4&#8243; _builder_version=&#8220;4.16&#8243; _module_preset=&#8220;default&#8220; global_colors_info=&#8220;{}&#8220;][et_pb_text _builder_version=&#8220;4.16&#8243; _module_preset=&#8220;default&#8220; global_colors_info=&#8220;{}&#8220;]<\/p>\n<h3>Mehrere Sharing-Standorte<\/h3>\n<p>Machen Sie das Teilen einfach mit Social-Buttons an strategischen Stellen in Ihrem Konto.<\/p>\n<p>[\/et_pb_text][\/et_pb_column][et_pb_column type=&#8220;1_2&#8243; _builder_version=&#8220;4.16&#8243; _module_preset=&#8220;default&#8220; global_colors_info=&#8220;{}&#8220;][et_pb_image src=&#8220;https:\/\/awardforce.com\/wp-content\/uploads\/2022\/10\/AF_Branding_Social.png&#8220; alt=&#8220;Awards management software social sharing&#8220; title_text=&#8220;AF_Branding_Social&#8220; _builder_version=&#8220;4.18.0&#8243; _module_preset=&#8220;default&#8220; global_colors_info=&#8220;{}&#8220;][\/et_pb_image][\/et_pb_column][\/et_pb_row][et_pb_row column_structure=&#8220;1_4,1_2,1_4&#8243; _builder_version=&#8220;4.16&#8243; _module_preset=&#8220;default&#8220; max_width=&#8220;85%&#8220; locked=&#8220;off&#8220; global_colors_info=&#8220;{}&#8220;][et_pb_column type=&#8220;1_4&#8243; _builder_version=&#8220;4.16&#8243; _module_preset=&#8220;default&#8220; global_colors_info=&#8220;{}&#8220;][\/et_pb_column][et_pb_column type=&#8220;1_2&#8243; _builder_version=&#8220;4.16&#8243; _module_preset=&#8220;default&#8220; global_colors_info=&#8220;{}&#8220;][et_pb_image src=&#8220;https:\/\/awardforce.com\/wp-content\/uploads\/2023\/07\/AF_Shareaholic.png&#8220; alt=&#8220;Sharingaholic analytics chart showing the social referrals of various social streams.&#8220; title_text=&#8220;Awards management software Shareaholic&#8220; align=&#8220;right&#8220; _builder_version=&#8220;4.21.0&#8243; _module_preset=&#8220;default&#8220; global_colors_info=&#8220;{}&#8220;][\/et_pb_image][\/et_pb_column][et_pb_column type=&#8220;1_4&#8243; _builder_version=&#8220;4.16&#8243; _module_preset=&#8220;default&#8220; global_colors_info=&#8220;{}&#8220;][et_pb_text _builder_version=&#8220;4.27.4&#8243; _module_preset=&#8220;default&#8220; global_colors_info=&#8220;{}&#8220;]<\/p>\n<h3>Social Analytics<\/h3>\n<p>Integrieren Sie sich in das Social-Analytics-Tool \u201eAddThis\u201c, um wichtige Metriken zu verfolgen und die angezeigten Social-Network-Buttons zu steuern.[\/et_pb_text][\/et_pb_column][\/et_pb_row][\/et_pb_section][et_pb_section fb_built=&#8220;1&#8243; _builder_version=&#8220;4.16&#8243; global_colors_info=&#8220;{}&#8220;][\/et_pb_section]<\/p>\n","protected":false},"excerpt":{"rendered":"<p>Awards-Software mit integrierterSocial-Sharing-Funktion Award Force Funktionen Erstellen \u00dcbersicht Erste Schritte Programmkonfiguration Datenimport Formulargenerator Nutzungsgrenzen Mehrsprachig Preisregeln + Rabatte Online-Zahlung Bewertungsfluss Streaming-Video Packzettel Verwalten \u00dcbersicht Mehrere Kapitel Einsendeverwaltung Rollenverwaltung Bericht und Export Programmarchivierung Plagiaterkennung Duplikate verwalten Inhaltsverwaltung Moderation Kommunizieren Sandbox-Konto Bewerten \u00dcbersicht Bewertungsmodi Qualifizierung Top-Auswahl Abstimmungssoftware VIP-Bewertung Jurymanagement Ergebnisverwaltung Bewertungsfeedback Teilnehmererfahrung \u00dcbersicht Einsendeerfahrung Einsendekollaboration Registrierungsoptionen Dateitypen und Anh\u00e4nge Barrierefreiheit Fehlervermeidung F\u00f6rdern \u00dcbersicht Branding Sponsoren-Sichtbarkeit Galerien Soziales Teilen Sichern \u00dcbersicht Datenresidenz Integrieren \u00dcbersicht DocuSign Eventbrite Google Forms Google Sheets Hubspot Mailchimp Microsoft Dynamics Salesforce WordPress Xero Zoom Make Zapier Integration-Marketplace Erweitern Sie Ihr Programm mit Social Sharing Nutzen Sie soziale Medien, um die Programm-Bekanntheit organisch zu steigern und das Interesse an Ihren Auszeichnungen zu maximieren.Benutzerdefinierte soziale Nachrichten Machen Sie es den Teilnehmenden schnell und einfach, andere in Ihrem Programm mit Social-Sharing-Buttons einzubinden. Teilnehmende k\u00f6nnen Ihre sorgf\u00e4ltig erstellte, aufmerksamkeitsstarke Standardnachricht verwenden oder, falls gew\u00fcnscht, ihre eigene Nachricht verfassen.Heben Sie es hervor F\u00fcgen Sie ein auff\u00e4lliges Bild zu Ihren sozialen Beitr\u00e4gen hinzu, um die Sichtbarkeit zu maximieren und das Teilen zu f\u00f6rdern!Mehrere Sharing-Standorte Machen Sie das Teilen einfach mit Social-Buttons an strategischen Stellen in Ihrem Konto.Social Analytics Integrieren Sie sich in das Social-Analytics-Tool \u201eAddThis\u201c, um wichtige Metriken zu verfolgen und die angezeigten Social-Network-Buttons zu [&hellip;]<\/p>\n","protected":false},"author":9,"featured_media":0,"parent":47724,"menu_order":0,"comment_status":"closed","ping_status":"closed","template":"","meta":{"_acf_changed":false,"_et_pb_use_builder":"on","_et_pb_old_content":"","_et_gb_content_width":"","footnotes":""},"class_list":["post-49683","page","type-page","status-publish","hentry"],"acf":[],"_links":{"self":[{"href":"https:\/\/awardforce.com\/de\/wp-json\/wp\/v2\/pages\/49683","targetHints":{"allow":["GET"]}}],"collection":[{"href":"https:\/\/awardforce.com\/de\/wp-json\/wp\/v2\/pages"}],"about":[{"href":"https:\/\/awardforce.com\/de\/wp-json\/wp\/v2\/types\/page"}],"author":[{"embeddable":true,"href":"https:\/\/awardforce.com\/de\/wp-json\/wp\/v2\/users\/9"}],"replies":[{"embeddable":true,"href":"https:\/\/awardforce.com\/de\/wp-json\/wp\/v2\/comments?post=49683"}],"version-history":[{"count":4,"href":"https:\/\/awardforce.com\/de\/wp-json\/wp\/v2\/pages\/49683\/revisions"}],"predecessor-version":[{"id":51350,"href":"https:\/\/awardforce.com\/de\/wp-json\/wp\/v2\/pages\/49683\/revisions\/51350"}],"up":[{"embeddable":true,"href":"https:\/\/awardforce.com\/de\/wp-json\/wp\/v2\/pages\/47724"}],"wp:attachment":[{"href":"https:\/\/awardforce.com\/de\/wp-json\/wp\/v2\/media?parent=49683"}],"curies":[{"name":"wp","href":"https:\/\/api.w.org\/{rel}","templated":true}]}}