{"id":49600,"date":"2021-04-16T01:06:29","date_gmt":"2021-04-16T01:06:29","guid":{"rendered":"https:\/\/awardforce.com\/?page_id=49600"},"modified":"2026-02-11T09:35:51","modified_gmt":"2026-02-11T09:35:51","slug":"award-force-daten-zum-wachstum-der-einreichungen","status":"publish","type":"page","link":"https:\/\/awardforce.com\/de\/award-force-daten-zum-wachstum-der-einreichungen\/","title":{"rendered":"Award Force Daten zum Wachstum der Einreichungen"},"content":{"rendered":"<p>[et_pb_section fb_built=&#8220;1&#8243; _builder_version=&#8220;4.16&#8243; _module_preset=&#8220;default&#8220; global_colors_info=&#8220;{}&#8220;][et_pb_row _builder_version=&#8220;4.16&#8243; _module_preset=&#8220;default&#8220; max_width=&#8220;45%&#8220; global_colors_info=&#8220;{}&#8220;][et_pb_column type=&#8220;4_4&#8243; _builder_version=&#8220;4.16&#8243; _module_preset=&#8220;default&#8220; global_colors_info=&#8220;{}&#8220;][et_pb_text _builder_version=&#8220;4.27.5&#8243; _module_preset=&#8220;default&#8220; hover_enabled=&#8220;0&#8243; global_colors_info=&#8220;{}&#8220; sticky_enabled=&#8220;0&#8243;]<\/p>\n<h1 class=\"h2\"><span style=\"font-weight: 400;\">Im Durchschnitt erzielen Award Force Kunden eine Steigerung von 25,95 % bei eingereichten Beitr\u00e4gen, von Saison zu Saison.<\/span><\/h1>\n<p><em>Aktualisiert am 11. Februar, 2026<\/em><span style=\"font-weight: 400;\"><\/span><\/p>\n<p><span style=\"font-weight: 400;\"><\/span><\/p>\n<p><span style=\"font-weight: 400;\">Wie berechnen wir das? Sch\u00f6n, dass Sie fragen! Wir haben Wachstum als die durchschnittliche Einreichungsrate von Saison zu Saison f\u00fcr alle unsere aktiven Konten definiert, ausgedr\u00fcckt in Prozent.<\/span><\/p>\n<p><span style=\"font-weight: 400;\">Wir haben historische Daten \u00fcber unsere Konten hinweg gesammelt, um die Anzahl der erstellten Saisons und die Anzahl der pro Saison gesammelten Einreichungen zu ermitteln. Wir haben die folgenden Zahlen verwendet:<\/span><span style=\"font-weight: 400;\"><br \/><\/span><\/p>\n<ul>\n<li style=\"font-weight: 400;\" aria-level=\"1\"><span style=\"font-weight: 400;\">Gesamtzahl der Saisons pro Konto<\/span><\/li>\n<li style=\"font-weight: 400;\" aria-level=\"1\"><span style=\"font-weight: 400;\">Gesamtzahl der eingereichten Beitr\u00e4ge pro Saison, pro Konto<\/span><\/li>\n<\/ul>\n<p><span style=\"font-weight: 400;\">Wir haben diese Ergebnisse dann bereinigt, indem wir Test-Saisons, Testkonten und alle Saisons, die derzeit offen sind und Einreichungen annehmen, aussortiert haben. Dann haben wir Ausrei\u00dfer identifiziert, indem wir einen Z-Score oder eine Glockenkurve angewendet haben, der einen standardisierten Wert lieferte, der uns sagt, wie weit etwas vom Durchschnittswert entfernt ist.<\/span><\/p>\n<p>[\/et_pb_text][et_pb_image src=&#8220;https:\/\/awardforce.com\/wp-content\/uploads\/2021\/04\/z-score.jpeg&#8220; alt=&#8220;Glockenkurve&#8220; title_text=&#8220;Z-Score&#8220; align=&#8220;center&#8220; _builder_version=&#8220;4.16&#8243; _module_preset=&#8220;default&#8220; global_colors_info=&#8220;{}&#8220;][\/et_pb_image][et_pb_text _builder_version=&#8220;4.27.5&#8243; _module_preset=&#8220;default&#8220; custom_padding=&#8220;35px|||||&#8220; global_colors_info=&#8220;{}&#8220;]<\/p>\n<p><span style=\"font-weight: 400;\">F\u00fcr die Zwecke unserer Wachstumsdaten verwenden wir den Z-Score, angewendet auf die saisonalen \u00c4nderungsraten der eingereichten Beitr\u00e4ge. <\/span><\/p>\n<p><span style=\"font-weight: 400;\">Wir folgten der allgemeinen Regel in der Statistik, jeden Datenpunkt auszuschlie\u00dfen, der einen Z-Score von weniger als -2 oder gr\u00f6\u00dfer als 2 aufweist.\u00a0\u00a0<\/span><\/p>\n<p><span style=\"font-weight: 400;\">Dann erreichten wir unsere Ergebnisse \u2013 eine durchschnittliche Steigerung von 25,95 % von Saison zu Saison f\u00fcr das Volumen der eingereichten Beitr\u00e4ge pro Konto.\u00a0<\/span><\/p>\n<p><span style=\"font-weight: 400;\">Erfahren Sie, wie Sie Ihr Programm mit Award Force ausbauen k\u00f6nnen. <strong><a href=\"https:\/\/awardforce.com\/blog\/articles\/awards-programs-achieve-30-growth-in-entry-volumes-with-award-force\/\">Lesen Sie den Blog<\/a><\/strong>.<\/span><\/p>\n<p>[\/et_pb_text][\/et_pb_column][\/et_pb_row][et_pb_row _builder_version=&#8220;4.16&#8243; _module_preset=&#8220;default&#8220; global_colors_info=&#8220;{}&#8220;][et_pb_column type=&#8220;4_4&#8243; _builder_version=&#8220;4.16&#8243; _module_preset=&#8220;default&#8220; global_colors_info=&#8220;{}&#8220;][\/et_pb_column][\/et_pb_row][\/et_pb_section]<\/p>\n","protected":false},"excerpt":{"rendered":"<p>Im Durchschnitt erzielen Award Force Kunden eine Steigerung von 25,95 % bei eingereichten Beitr\u00e4gen, von Saison zu Saison. Aktualisiert am 11. Februar, 2026 Wie berechnen wir das? Sch\u00f6n, dass Sie fragen! Wir haben Wachstum als die durchschnittliche Einreichungsrate von Saison zu Saison f\u00fcr alle unsere aktiven Konten definiert, ausgedr\u00fcckt in Prozent. Wir haben historische Daten \u00fcber unsere Konten hinweg gesammelt, um die Anzahl der erstellten Saisons und die Anzahl der pro Saison gesammelten Einreichungen zu ermitteln. Wir haben die folgenden Zahlen verwendet: Gesamtzahl der Saisons pro Konto Gesamtzahl der eingereichten Beitr\u00e4ge pro Saison, pro Konto Wir haben diese Ergebnisse dann bereinigt, indem wir Test-Saisons, Testkonten und alle Saisons, die derzeit offen sind und Einreichungen annehmen, aussortiert haben. Dann haben wir Ausrei\u00dfer identifiziert, indem wir einen Z-Score oder eine Glockenkurve angewendet haben, der einen standardisierten Wert lieferte, der uns sagt, wie weit etwas vom Durchschnittswert entfernt ist.F\u00fcr die Zwecke unserer Wachstumsdaten verwenden wir den Z-Score, angewendet auf die saisonalen \u00c4nderungsraten der eingereichten Beitr\u00e4ge. Wir folgten der allgemeinen Regel in der Statistik, jeden Datenpunkt auszuschlie\u00dfen, der einen Z-Score von weniger als -2 oder gr\u00f6\u00dfer als 2 aufweist.\u00a0\u00a0 Dann erreichten wir unsere Ergebnisse \u2013 eine durchschnittliche Steigerung von 25,95 % von Saison zu [&hellip;]<\/p>\n","protected":false},"author":9,"featured_media":49601,"parent":0,"menu_order":0,"comment_status":"closed","ping_status":"closed","template":"","meta":{"_acf_changed":false,"_et_pb_use_builder":"on","_et_pb_old_content":"","_et_gb_content_width":"","footnotes":""},"class_list":["post-49600","page","type-page","status-publish","has-post-thumbnail","hentry"],"acf":[],"_links":{"self":[{"href":"https:\/\/awardforce.com\/de\/wp-json\/wp\/v2\/pages\/49600","targetHints":{"allow":["GET"]}}],"collection":[{"href":"https:\/\/awardforce.com\/de\/wp-json\/wp\/v2\/pages"}],"about":[{"href":"https:\/\/awardforce.com\/de\/wp-json\/wp\/v2\/types\/page"}],"author":[{"embeddable":true,"href":"https:\/\/awardforce.com\/de\/wp-json\/wp\/v2\/users\/9"}],"replies":[{"embeddable":true,"href":"https:\/\/awardforce.com\/de\/wp-json\/wp\/v2\/comments?post=49600"}],"version-history":[{"count":5,"href":"https:\/\/awardforce.com\/de\/wp-json\/wp\/v2\/pages\/49600\/revisions"}],"predecessor-version":[{"id":55813,"href":"https:\/\/awardforce.com\/de\/wp-json\/wp\/v2\/pages\/49600\/revisions\/55813"}],"wp:featuredmedia":[{"embeddable":true,"href":"https:\/\/awardforce.com\/de\/wp-json\/wp\/v2\/media\/49601"}],"wp:attachment":[{"href":"https:\/\/awardforce.com\/de\/wp-json\/wp\/v2\/media?parent=49600"}],"curies":[{"name":"wp","href":"https:\/\/api.w.org\/{rel}","templated":true}]}}