{"id":49573,"date":"2021-03-29T06:11:44","date_gmt":"2021-03-29T06:11:44","guid":{"rendered":"https:\/\/awardforce.com\/?page_id=49573"},"modified":"2025-09-24T07:39:48","modified_gmt":"2025-09-24T07:39:48","slug":"inhaltsverwaltung","status":"publish","type":"page","link":"https:\/\/awardforce.com\/de\/funktionen\/programmmanagement\/inhaltsverwaltung\/","title":{"rendered":"Inhaltsverwaltung"},"content":{"rendered":"<p>[et_pb_section fb_built=&#8220;1&#8243; _builder_version=&#8220;4.16&#8243; background_image=&#8220;https:\/\/awardforce.com\/wp-content\/uploads\/2021\/04\/ManDog.jpg&#8220; height=&#8220;500px&#8220; custom_margin=&#8220;||||false|false&#8220; custom_padding=&#8220;150px||||false|false&#8220; global_colors_info=&#8220;{}&#8220;][et_pb_row _builder_version=&#8220;4.16&#8243; custom_padding=&#8220;||||false|false&#8220; global_colors_info=&#8220;{}&#8220;][et_pb_column type=&#8220;4_4&#8243; _builder_version=&#8220;4.16&#8243; global_colors_info=&#8220;{}&#8220;][et_pb_text _builder_version=&#8220;4.27.4&#8243; header_font=&#8220;||||||||&#8220; header_text_color=&#8220;#ffffff&#8220; background_color=&#8220;rgba(0,0,0,0)&#8220; width=&#8220;100%&#8220; module_alignment=&#8220;center&#8220; hover_enabled=&#8220;0&#8243; custom_css_main_element=&#8220;H1   -webkit-text-fill-color: white; \/* Will override color (regardless of order) *\/||    text-shadow: 0px 0px 2px #000, 0px 0px 4px #000;||-webkit-text-stroke-width: 0.1px;||  -webkit-text-stroke-color: #000;&#8220; global_colors_info=&#8220;{}&#8220; sticky_enabled=&#8220;0&#8243;]<\/p>\n<h1 style=\"text-align: center;\"><span style=\"background-color: #000;\"> Contentmanagement f\u00fcr Awards<\/span><\/h1>\n<p>[\/et_pb_text][\/et_pb_column][\/et_pb_row][\/et_pb_section][et_pb_section fb_built=&#8220;1&#8243; _builder_version=&#8220;4.16&#8243; _module_preset=&#8220;default&#8220; global_colors_info=&#8220;{}&#8220;][et_pb_row column_structure=&#8220;1_4,3_4&#8243; use_custom_gutter=&#8220;on&#8220; _builder_version=&#8220;4.18.0&#8243; _module_preset=&#8220;default&#8220; max_width=&#8220;85%&#8220; custom_margin=&#8220;||||false|false&#8220; custom_padding=&#8220;||0px||false|false&#8220; global_colors_info=&#8220;{}&#8220;][et_pb_column type=&#8220;1_4&#8243; _builder_version=&#8220;4.16&#8243; _module_preset=&#8220;default&#8220; global_colors_info=&#8220;{}&#8220;][et_pb_text _builder_version=&#8220;4.27.4&#8243; _module_preset=&#8220;default&#8220; header_line_height=&#8220;25px&#8220; header_3_line_height=&#8220;25px&#8220; positioning=&#8220;absolute&#8220; position_origin_a_tablet=&#8220;&#8220; position_origin_a_phone=&#8220;&#8220; position_origin_a_last_edited=&#8220;on|desktop&#8220; position_origin_f_tablet=&#8220;&#8220; position_origin_f_phone=&#8220;&#8220; position_origin_f_last_edited=&#8220;on|desktop&#8220; position_origin_r_tablet=&#8220;&#8220; position_origin_r_phone=&#8220;&#8220; position_origin_r_last_edited=&#8220;on|desktop&#8220; width=&#8220;100%&#8220; custom_margin=&#8220;||0px|||&#8220; custom_padding=&#8220;|||15px|false|false&#8220; sticky_position=&#8220;top&#8220; sticky_limit_bottom=&#8220;body&#8220; positioning_tablet=&#8220;none&#8220; positioning_phone=&#8220;&#8220; positioning_last_edited=&#8220;on|desktop&#8220; global_colors_info=&#8220;{}&#8220;]<\/p>\n<h2 class=\"h3\" style=\"padding-left: 15px;\">Award Force Funktionen<\/h2>\n<ul class=\"af-features-sidemenu menu-de\">\n<li class=\"page_item page-item-23194 page_item_has_children\"><a href=\"https:\/\/awardforce.com\/de\/funktionen\/erstellen-sie-ihre-auszeichnungen\/\">Erstellen<\/a>\n<ul class=\"children\" style=\"display: none;\">\n<li class=\"page_item page-item-101\"><a href=\"https:\/\/awardforce.com\/de\/funktionen\/erstellen-sie-ihre-auszeichnungen\/\">\u00dcbersicht<\/a><\/li>\n<li class=\"page_item page-item-10\"><a href=\"https:\/\/awardforce.com\/de\/funktionen\/erstellen-sie-ihre-auszeichnungen\/erste-schritte\/\">Erste Schritte<\/a><\/li>\n<li class=\"page_item page-item-21337\"><a href=\"https:\/\/awardforce.com\/de\/funktionen\/erstellen-sie-ihre-auszeichnungen\/programmkonfiguration\/\">Programmkonfiguration<\/a><\/li>\n<li class=\"page_item page-item-15872\"><a href=\"https:\/\/awardforce.com\/de\/funktionen\/erstellen-sie-ihre-auszeichnungen\/datenimport\/\">Datenimport<\/a><\/li>\n<li class=\"page_item page-item-18557\"><a href=\"https:\/\/awardforce.com\/de\/funktionen\/erstellen-sie-ihre-auszeichnungen\/eingabeformular-generator\/\">Formulargenerator<\/a><\/li>\n<li class=\"page_item page-item-168\"><a href=\"https:\/\/awardforce.com\/de\/funktionen\/erstellen-sie-ihre-auszeichnungen\/unbegrenzte-benutzer-anmeldungen-und-dateien\/\">Nutzungsgrenzen<\/a><\/li>\n<li class=\"page_item page-item-159\"><a href=\"https:\/\/awardforce.com\/de\/funktionen\/erstellen-sie-ihre-auszeichnungen\/mehrsprachig\/\">Mehrsprachig<\/a><\/li>\n<li class=\"page_item page-item-165\"><a href=\"https:\/\/awardforce.com\/de\/funktionen\/erstellen-sie-ihre-auszeichnungen\/preisregeln-rabatte\/\">Preisregeln + Rabatte<\/a><\/li>\n<li class=\"page_item page-item-27\"><a href=\"https:\/\/awardforce.com\/de\/funktionen\/erstellen-sie-ihre-auszeichnungen\/online-zahlung\/\">Online-Zahlung<\/a><\/li>\n<li class=\"page_item page-item-118\"><a href=\"https:\/\/awardforce.com\/de\/funktionen\/erstellen-sie-ihre-auszeichnungen\/review-flow\/\">Bewertungsfluss<\/a><\/li>\n<li class=\"page_item page-item-164\"><a href=\"https:\/\/awardforce.com\/de\/funktionen\/erstellen-sie-ihre-auszeichnungen\/streaming-video\/\">Streaming-Video<\/a><\/li>\n<li class=\"page_item page-item-166\"><a href=\"https:\/\/awardforce.com\/de\/funktionen\/erstellen-sie-ihre-auszeichnungen\/lieferscheine\/\">Packzettel<\/a><\/li>\n<\/ul>\n<\/li>\n<li class=\"page_item page-item-1010 page_item_has_children\"><a href=\"https:\/\/awardforce.com\/de\/funktionen\/programmmanagement\/\">Verwalten<\/a>\n<ul class=\"children\" style=\"display: none;\">\n<li class=\"page_item page-item-222\"><a href=\"https:\/\/awardforce.com\/de\/funktionen\/programmmanagement\/\">\u00dcbersicht<\/a><\/li>\n<li class=\"page_item page-item-22\"><a href=\"https:\/\/awardforce.com\/de\/funktionen\/programmmanagement\/multi-chapter\/\">Mehrere Kapitel<\/a><\/li>\n<li class=\"page_item page-item-161\"><a href=\"https:\/\/awardforce.com\/de\/funktionen\/programmmanagement\/einreichungsmanagement\/\">Einsendeverwaltung<\/a><\/li>\n<li class=\"page_item page-item-156\"><a href=\"https:\/\/awardforce.com\/de\/funktionen\/programmmanagement\/rollenverwaltung\/\">Rollenverwaltung<\/a><\/li>\n<li class=\"page_item page-item-29\"><a href=\"https:\/\/awardforce.com\/de\/funktionen\/programmmanagement\/bericht-und-export\/\">Bericht und Export<\/a><\/li>\n<li class=\"page_item page-item-158\"><a href=\"https:\/\/awardforce.com\/de\/funktionen\/programmmanagement\/programmarchivierung\/\">Programmarchivierung<\/a><\/li>\n<li class=\"page_item page-item-160\"><a href=\"https:\/\/awardforce.com\/de\/funktionen\/programmmanagement\/plagiatserkennung\/\">Plagiaterkennung<\/a><\/li>\n<li class=\"page_item page-item-149\"><a href=\"https:\/\/awardforce.com\/de\/funktionen\/programmmanagement\/duplikate-verwalten\/\">Duplikate verwalten<\/a><\/li>\n<li class=\"page_item page-item-163\"><a href=\"https:\/\/awardforce.com\/de\/funktionen\/programmmanagement\/inhaltsverwaltung\/\">Inhaltsverwaltung<\/a><\/li>\n<li class=\"page_item page-item-155\"><a href=\"https:\/\/awardforce.com\/de\/funktionen\/programmmanagement\/moderation\/\">Moderation<\/a><\/li>\n<li class=\"page_item page-item-26824\"><a href=\"https:\/\/awardforce.com\/de\/funktionen\/programmmanagement\/kommunizieren\/\">Kommunizieren<\/a><\/li>\n<li class=\"page_item page-item-44056\"><a href=\"https:\/\/awardforce.com\/de\/funktionen\/programmmanagement\/sandbox-konto\/\">Sandbox-Konto<\/a><\/li>\n<\/ul>\n<\/li>\n<li class=\"page_item page-item-1017 page_item_has_children\"><a href=\"https:\/\/awardforce.com\/de\/funktionen\/jury-suite\/\">Bewerten<\/a>\n<ul class=\"children\" style=\"display: none;\">\n<li class=\"page_item page-item-361\"><a href=\"https:\/\/awardforce.com\/de\/funktionen\/jury-suite\/\">\u00dcbersicht<\/a><\/li>\n<li class=\"page_item page-item-36\"><a href=\"https:\/\/awardforce.com\/de\/funktionen\/jury-suite\/jury-software\/\">Bewertungsmodi<\/a><\/li>\n<li class=\"page_item page-item-162\"><a href=\"https:\/\/awardforce.com\/de\/funktionen\/jury-suite\/qualifizierend\/\">Qualifizierung<\/a><\/li>\n<li class=\"page_item page-item-157\"><a href=\"https:\/\/awardforce.com\/de\/funktionen\/jury-suite\/top-pick\/\">Top-Auswahl<\/a><\/li>\n<li class=\"page_item page-item-28\"><a href=\"https:\/\/awardforce.com\/de\/funktionen\/jury-suite\/abstimmungssoftware\/\">Abstimmungssoftware<\/a><\/li>\n<li class=\"page_item page-item-33\"><a href=\"https:\/\/awardforce.com\/de\/funktionen\/jury-suite\/vip-judging\/\">VIP-Bewertung<\/a><\/li>\n<li class=\"page_item page-item-22800\"><a href=\"https:\/\/awardforce.com\/de\/funktionen\/jury-suite\/jury-zuweisungen\/\">Jurymanagement<\/a><\/li>\n<li class=\"page_item page-item-21343\"><a href=\"https:\/\/awardforce.com\/de\/funktionen\/jury-suite\/ergebnisverwaltung\/\">Ergebnisverwaltung<\/a><\/li>\n<li class=\"page_item page-item-21476\"><a href=\"https:\/\/awardforce.com\/de\/funktionen\/jury-suite\/jury-feedback\/\">Bewertungsfeedback<\/a><\/li>\n<\/ul>\n<\/li>\n<li class=\"page_item page-item-1014 page_item_has_children\"><a href=\"https:\/\/awardforce.com\/de\/funktionen\/funktionen-zur-unterstutzung-der-teilnehmer\/\">Teilnehmererfahrung<\/a>\n<ul class=\"children\" style=\"display: none;\">\n<li class=\"page_item page-item-254\"><a href=\"https:\/\/awardforce.com\/de\/funktionen\/funktionen-zur-unterstutzung-der-teilnehmer\/\">\u00dcbersicht<\/a><\/li>\n<li class=\"page_item page-item-24\"><a href=\"https:\/\/awardforce.com\/de\/funktionen\/funktionen-zur-unterstutzung-der-teilnehmer\/online-einreichung-von-auszeichnungen\/\">Einsendeerfahrung<\/a><\/li>\n<li class=\"page_item page-item-44736\"><a href=\"https:\/\/awardforce.com\/de\/funktionen\/funktionen-zur-unterstutzung-der-teilnehmer\/zusammenarbeit-bei-der-einreichung-fur-auszeichnungen\/\">Einsendekollaboration<\/a><\/li>\n<li class=\"page_item page-item-21480\"><a href=\"https:\/\/awardforce.com\/de\/funktionen\/funktionen-zur-unterstutzung-der-teilnehmer\/registrierungsoptionen\/\">Registrierungsoptionen<\/a><\/li>\n<li class=\"page_item page-item-21463\"><a href=\"https:\/\/awardforce.com\/de\/funktionen\/funktionen-zur-unterstutzung-der-teilnehmer\/dateitypen-und-anhange\/\">Dateitypen und Anh\u00e4nge<\/a><\/li>\n<li class=\"page_item page-item-20869\"><a href=\"https:\/\/awardforce.com\/de\/funktionen\/funktionen-zur-unterstutzung-der-teilnehmer\/barrierefreiheit\/\">Barrierefreiheit<\/a><\/li>\n<li class=\"page_item page-item-21471\"><a href=\"https:\/\/awardforce.com\/de\/funktionen\/funktionen-zur-unterstutzung-der-teilnehmer\/fehlervermeidung\/\">Fehlervermeidung<\/a><\/li>\n<\/ul>\n<\/li>\n<li class=\"page_item page-item-1012 page_item_has_children\"><a href=\"https:\/\/awardforce.com\/de\/funktionen\/markenwerbung\/\">F\u00f6rdern<\/a>\n<ul class=\"children\" style=\"display: none;\">\n<li class=\"page_item page-item-3611\"><a href=\"https:\/\/awardforce.com\/de\/funktionen\/markenwerbung\/\">\u00dcbersicht<\/a><\/li>\n<li class=\"page_item page-item-98\"><a href=\"https:\/\/awardforce.com\/de\/funktionen\/markenwerbung\/branding\/\">Branding<\/a><\/li>\n<li class=\"page_item page-item-23\"><a href=\"https:\/\/awardforce.com\/de\/funktionen\/markenwerbung\/sponsor-sichtbarkeit\/\">Sponsoren-Sichtbarkeit<\/a><\/li>\n<li class=\"page_item page-item-167\"><a href=\"https:\/\/awardforce.com\/de\/funktionen\/markenwerbung\/galerien\/\">Galerien<\/a><\/li>\n<li class=\"page_item page-item-21486\"><a href=\"https:\/\/awardforce.com\/de\/funktionen\/markenwerbung\/soziales-teilen\/\">Soziales Teilen<\/a><\/li>\n<\/ul>\n<\/li>\n<li class=\"page_item page-item-23265 page_item_has_children\"><a href=\"https:\/\/awardforce.com\/de\/funktionen\/sichern-sie-ihre-awards\/\">Sichern<\/a>\n<ul class=\"children\" style=\"display: none;\">\n<li class=\"page_item page-item-36111\"><a href=\"https:\/\/awardforce.com\/de\/funktionen\/sichern-sie-ihre-awards\/\">\u00dcbersicht<\/a><\/li>\n<li class=\"page_item page-item-19890\"><a href=\"https:\/\/awardforce.com\/de\/funktionen\/sichern-sie-ihre-awards\/datenresidenz\/\">Datenresidenz<\/a><\/li>\n<\/ul>\n<\/li>\n<li class=\"page_item page-item-21281 page_item_has_children\"><a href=\"https:\/\/awardforce.com\/de\/funktionen\/integrieren\/\">Integrieren<\/a>\n<ul class=\"children\" style=\"display: none;\">\n<li class=\"page_item page-item-36333\"><a href=\"https:\/\/awardforce.com\/de\/funktionen\/integrieren\/\">\u00dcbersicht<\/a><\/li>\n<li class=\"page_item page-item-34198\"><a href=\"https:\/\/awardforce.com\/de\/funktionen\/integrieren\/docusign\/\">DocuSign<\/a><\/li>\n<li class=\"page_item page-item-34190\"><a href=\"https:\/\/awardforce.com\/de\/funktionen\/integrieren\/eventbrite\/\">Eventbrite<\/a><\/li>\n<li class=\"page_item page-item-34202\"><a href=\"https:\/\/awardforce.com\/de\/funktionen\/integrieren\/google-formulare\/\">Google Forms<\/a><\/li>\n<li class=\"page_item page-item-34241\"><a href=\"https:\/\/awardforce.com\/de\/funktionen\/integrieren\/google-tabellen\/\">Google Sheets<\/a><\/li>\n<li class=\"page_item page-item-34210\"><a href=\"https:\/\/awardforce.com\/de\/funktionen\/integrieren\/hubspot\/\">Hubspot<\/a><\/li>\n<li class=\"page_item page-item-34569\"><a href=\"https:\/\/awardforce.com\/de\/funktionen\/integrieren\/mailchimp\/\">Mailchimp<\/a><\/li>\n<li class=\"page_item page-item-34187\"><a href=\"https:\/\/awardforce.com\/de\/funktionen\/integrieren\/microsoft-dynamics\/\">Microsoft Dynamics<\/a><\/li>\n<li class=\"page_item page-item-56\"><a href=\"https:\/\/awardforce.com\/de\/funktionen\/integrieren\/salesforce\/\">Salesforce<\/a><\/li>\n<li class=\"page_item page-item-34223\"><a href=\"https:\/\/awardforce.com\/de\/funktionen\/integrieren\/wordpress\/\">WordPress<\/a><\/li>\n<li class=\"page_item page-item-34226\"><a href=\"https:\/\/awardforce.com\/de\/funktionen\/integrieren\/xero\/\">Xero<\/a><\/li>\n<li class=\"page_item page-item-34230\"><a href=\"https:\/\/awardforce.com\/de\/funktionen\/integrieren\/zoom\/\">Zoom<\/a><\/li>\n<li class=\"page_item page-item-28939\"><a href=\"https:\/\/awardforce.com\/de\/funktionen\/integrieren\/make\/\">Make<\/a><\/li>\n<li class=\"page_item page-item-28951\"><a href=\"https:\/\/awardforce.com\/de\/funktionen\/integrieren\/zapier\/\">Zapier<\/a><\/li>\n<li class=\"page_item page-item-44446\"><a href=\"https:\/\/awardforce.com\/de\/funktionen\/integrieren\/integrations-marktplatz\/\">Integration-Marketplace<\/a><\/li>\n<\/ul>\n<\/li>\n<\/ul>\n<p>[\/et_pb_text][\/et_pb_column][et_pb_column type=&#8220;3_4&#8243; _builder_version=&#8220;4.16&#8243; _module_preset=&#8220;default&#8220; global_colors_info=&#8220;{}&#8220;][et_pb_text _builder_version=&#8220;4.27.4&#8243; hover_enabled=&#8220;0&#8243; global_colors_info=&#8220;{}&#8220; sticky_enabled=&#8220;0&#8243;]<\/p>\n<h2 id=\"main\" style=\"text-align: left;\">Ihr Programm ist einzigartig, und wir m\u00f6chten Ihnen helfen, damit es so bleibt<\/h2>\n<h3 class=\"h4\" style=\"text-align: left;\">Stellen Sie Ihren Usern relevante und kontextbezogene Informationen zur Verf\u00fcgung, die sie f\u00fcr die Nominierung, Einreichung oder Bewertung in Ihrem Programm ben\u00f6tigen<\/h3>\n<p>[\/et_pb_text][\/et_pb_column][\/et_pb_row][et_pb_row column_structure=&#8220;1_4,1_2,1_4&#8243; use_custom_gutter=&#8220;on&#8220; _builder_version=&#8220;4.18.0&#8243; _module_preset=&#8220;default&#8220; max_width=&#8220;85%&#8220; custom_margin=&#8220;||||false|false&#8220; custom_padding=&#8220;||||false|false&#8220; global_colors_info=&#8220;{}&#8220;][et_pb_column type=&#8220;1_4&#8243; _builder_version=&#8220;4.16&#8243; _module_preset=&#8220;default&#8220; global_colors_info=&#8220;{}&#8220;][\/et_pb_column][et_pb_column type=&#8220;1_2&#8243; _builder_version=&#8220;4.18.0&#8243; _module_preset=&#8220;default&#8220; global_colors_info=&#8220;{}&#8220;][et_pb_text _builder_version=&#8220;4.27.4&#8243; _module_preset=&#8220;default&#8220; hover_enabled=&#8220;0&#8243; global_colors_info=&#8220;{}&#8220; sticky_enabled=&#8220;0&#8243;]<\/p>\n<h3>Kinderleicht!<\/h3>\n<p><span>Keine IT-Expertise erforderlich! Sie k\u00f6nnen den Inhalt Ihres Programms mit einer Reihe flexibler Funktionen und Merkmale, die darauf ausgelegt sind, Ihre Programmteilnehmenden jederzeit auf dem Laufenden zu halten, einfach aktualisieren und pflegen. Und mit einem benutzerfreundlichen Drag-and-Drop-Editor ist es einfach und schnell, Inhalte genau dort hinzuzuf\u00fcgen, wo Ihre Teilnehmenden sie ben\u00f6tigen. <\/span><\/p>\n<p>[\/et_pb_text][\/et_pb_column][et_pb_column type=&#8220;1_4&#8243; _builder_version=&#8220;4.18.0&#8243; _module_preset=&#8220;default&#8220; global_colors_info=&#8220;{}&#8220;][et_pb_image src=&#8220;https:\/\/awardforce.com\/wp-content\/uploads\/2021\/04\/Awards-management-content.png&#8220; alt=&#8220;Inhalt der Auszeichnungsverwaltung&#8220; title_text=&#8220;Inhalt der Auszeichnungsverwaltung&#8220; _builder_version=&#8220;4.16&#8243; _module_preset=&#8220;default&#8220; global_colors_info=&#8220;{}&#8220;][\/et_pb_image][\/et_pb_column][\/et_pb_row][et_pb_row column_structure=&#8220;1_4,1_2,1_4&#8243; use_custom_gutter=&#8220;on&#8220; _builder_version=&#8220;4.18.0&#8243; _module_preset=&#8220;default&#8220; max_width=&#8220;85%&#8220; global_colors_info=&#8220;{}&#8220;][et_pb_column type=&#8220;1_4&#8243; _builder_version=&#8220;4.16&#8243; _module_preset=&#8220;default&#8220; global_colors_info=&#8220;{}&#8220;][\/et_pb_column][et_pb_column type=&#8220;1_2&#8243; _builder_version=&#8220;4.18.0&#8243; _module_preset=&#8220;default&#8220; custom_padding=&#8220;||||false|false&#8220; global_colors_info=&#8220;{}&#8220;][et_pb_image src=&#8220;https:\/\/awardforce.com\/wp-content\/uploads\/2022\/10\/AF_Feature_Content-management_1.png&#8220; alt=&#8220;Awards management software content&#8220; title_text=&#8220;AF_Feature_Content-management_1&#8243; force_fullwidth=&#8220;on&#8220; _builder_version=&#8220;4.18.0&#8243; _module_preset=&#8220;default&#8220; global_colors_info=&#8220;{}&#8220;][\/et_pb_image][\/et_pb_column][et_pb_column type=&#8220;1_4&#8243; _builder_version=&#8220;4.18.0&#8243; _module_preset=&#8220;default&#8220; custom_padding=&#8220;||||false|false&#8220; global_colors_info=&#8220;{}&#8220;][et_pb_text _builder_version=&#8220;4.16&#8243; _module_preset=&#8220;default&#8220; global_colors_info=&#8220;{}&#8220;]<\/p>\n<h3>Schnellstart mit Standardinhalten<\/h3>\n<p class=\"\">Alle neuen Konten beginnen mit hilfreichen Standardtexten, die Ihnen den schnellen Einstieg erleichtern sollen. Bearbeiten, l\u00f6schen oder f\u00fcgen Sie neue Inhalte nach Belieben hinzu! <\/p>\n<p>[\/et_pb_text][\/et_pb_column][\/et_pb_row][et_pb_row column_structure=&#8220;1_4,1_4,1_2&#8243; use_custom_gutter=&#8220;on&#8220; _builder_version=&#8220;4.18.0&#8243; _module_preset=&#8220;default&#8220; max_width=&#8220;85%&#8220; custom_margin=&#8220;||||false|false&#8220; custom_padding=&#8220;||||false|false&#8220; global_colors_info=&#8220;{}&#8220;][et_pb_column type=&#8220;1_4&#8243; _builder_version=&#8220;4.16&#8243; _module_preset=&#8220;default&#8220; global_colors_info=&#8220;{}&#8220;][\/et_pb_column][et_pb_column type=&#8220;1_4&#8243; _builder_version=&#8220;4.18.0&#8243; _module_preset=&#8220;default&#8220; custom_padding=&#8220;||||false|false&#8220; global_colors_info=&#8220;{}&#8220;][et_pb_text _builder_version=&#8220;4.27.4&#8243; _module_preset=&#8220;default&#8220; hover_enabled=&#8220;0&#8243; global_colors_info=&#8220;{}&#8220; sticky_enabled=&#8220;0&#8243;]<\/p>\n<h3>Inhaltsbl\u00f6cke<\/h3>\n<p class=\"\">Sie steuern, was Ihre Programmteilnehmenden an jedem Punkt ihrer Einreichungs- oder Bewertungserfahrung sehen. Inhaltsbl\u00f6cke sind an mehreren n\u00fctzlichen Stellen auf der Award Force-Plattform eingerichtet, und Sie haben die volle Kontrolle \u00fcber alle. Sie steuern das Format, den Text und k\u00f6nnen auch hochaufl\u00f6sende Bilder und Videos einf\u00fcgen.<\/p>\n<p>[\/et_pb_text][\/et_pb_column][et_pb_column type=&#8220;1_2&#8243; _builder_version=&#8220;4.18.0&#8243; _module_preset=&#8220;default&#8220; custom_padding=&#8220;||||false|false&#8220; global_colors_info=&#8220;{}&#8220;][et_pb_image src=&#8220;https:\/\/awardforce.com\/wp-content\/uploads\/2022\/10\/AF_Feature_Content-management_2.png&#8220; alt=&#8220;Awards management software content&#8220; title_text=&#8220;AF_Feature_Content-management_2&#8243; _builder_version=&#8220;4.18.0&#8243; _module_preset=&#8220;default&#8220; global_colors_info=&#8220;{}&#8220;][\/et_pb_image][\/et_pb_column][\/et_pb_row][et_pb_row column_structure=&#8220;1_4,1_2,1_4&#8243; use_custom_gutter=&#8220;on&#8220; _builder_version=&#8220;4.18.0&#8243; _module_preset=&#8220;default&#8220; max_width=&#8220;85%&#8220; custom_margin=&#8220;||||false|false&#8220; global_colors_info=&#8220;{}&#8220;][et_pb_column type=&#8220;1_4&#8243; _builder_version=&#8220;4.16&#8243; _module_preset=&#8220;default&#8220; global_colors_info=&#8220;{}&#8220;][\/et_pb_column][et_pb_column type=&#8220;1_2&#8243; _builder_version=&#8220;4.18.0&#8243; _module_preset=&#8220;default&#8220; custom_padding=&#8220;||||false|false&#8220; global_colors_info=&#8220;{}&#8220;][et_pb_image src=&#8220;https:\/\/awardforce.com\/wp-content\/uploads\/2022\/10\/AF_Feature_Content-management_Terms.png&#8220; alt=&#8220;Awards management software content&#8220; title_text=&#8220;AF_Feature_Content-management_Terms&#8220; _builder_version=&#8220;4.18.0&#8243; _module_preset=&#8220;default&#8220; global_colors_info=&#8220;{}&#8220;][\/et_pb_image][\/et_pb_column][et_pb_column type=&#8220;1_4&#8243; _builder_version=&#8220;4.18.0&#8243; _module_preset=&#8220;default&#8220; custom_padding=&#8220;||||false|false&#8220; global_colors_info=&#8220;{}&#8220;][et_pb_text _builder_version=&#8220;4.16&#8243; _module_preset=&#8220;default&#8220; global_colors_info=&#8220;{}&#8220;]<\/p>\n<h3>Sie steuern die Terminologie<\/h3>\n<p class=\"\">M\u00f6chten Sie das Wort \u201eEintr\u00e4ge\u201c stattdessen in \u201eEinreichungen\u201c \u00e4ndern? Das k\u00f6nnen Sie tun! <\/p>\n<p class=\"\">Award Force verwendet mehrere W\u00f6rter und Phrasen wiederholt an verschiedenen Stellen auf der Plattform \u2013 und Sie k\u00f6nnen sie an Ihr Programm anpassen! Sie k\u00f6nnen sowohl die im System verwendeten Begriffe als auch den eigentlichen Oberfl\u00e4chentest an die Bed\u00fcrfnisse Ihres einzigartigen Programms anpassen! Leistungsstark!  <\/p>\n<p>[\/et_pb_text][\/et_pb_column][\/et_pb_row][\/et_pb_section][et_pb_section fb_built=&#8220;1&#8243; _builder_version=&#8220;4.16&#8243; global_colors_info=&#8220;{}&#8220;][\/et_pb_section]<\/p>\n","protected":false},"excerpt":{"rendered":"<p>Contentmanagement f\u00fcr AwardsAward Force Funktionen Erstellen \u00dcbersicht Erste Schritte Programmkonfiguration Datenimport Formulargenerator Nutzungsgrenzen Mehrsprachig Preisregeln + Rabatte Online-Zahlung Bewertungsfluss Streaming-Video Packzettel Verwalten \u00dcbersicht Mehrere Kapitel Einsendeverwaltung Rollenverwaltung Bericht und Export Programmarchivierung Plagiaterkennung Duplikate verwalten Inhaltsverwaltung Moderation Kommunizieren Sandbox-Konto Bewerten \u00dcbersicht Bewertungsmodi Qualifizierung Top-Auswahl Abstimmungssoftware VIP-Bewertung Jurymanagement Ergebnisverwaltung Bewertungsfeedback Teilnehmererfahrung \u00dcbersicht Einsendeerfahrung Einsendekollaboration Registrierungsoptionen Dateitypen und Anh\u00e4nge Barrierefreiheit Fehlervermeidung F\u00f6rdern \u00dcbersicht Branding Sponsoren-Sichtbarkeit Galerien Soziales Teilen Sichern \u00dcbersicht Datenresidenz Integrieren \u00dcbersicht DocuSign Eventbrite Google Forms Google Sheets Hubspot Mailchimp Microsoft Dynamics Salesforce WordPress Xero Zoom Make Zapier Integration-Marketplace Ihr Programm ist einzigartig, und wir m\u00f6chten Ihnen helfen, damit es so bleibt Stellen Sie Ihren Usern relevante und kontextbezogene Informationen zur Verf\u00fcgung, die sie f\u00fcr die Nominierung, Einreichung oder Bewertung in Ihrem Programm ben\u00f6tigenKinderleicht! Keine IT-Expertise erforderlich! Sie k\u00f6nnen den Inhalt Ihres Programms mit einer Reihe flexibler Funktionen und Merkmale, die darauf ausgelegt sind, Ihre Programmteilnehmenden jederzeit auf dem Laufenden zu halten, einfach aktualisieren und pflegen. Und mit einem benutzerfreundlichen Drag-and-Drop-Editor ist es einfach und schnell, Inhalte genau dort hinzuzuf\u00fcgen, wo Ihre Teilnehmenden sie ben\u00f6tigen. Schnellstart mit Standardinhalten Alle neuen Konten beginnen mit hilfreichen Standardtexten, die Ihnen den schnellen Einstieg erleichtern sollen. Bearbeiten, l\u00f6schen oder f\u00fcgen Sie neue Inhalte nach Belieben hinzu! [&hellip;]<\/p>\n","protected":false},"author":2,"featured_media":0,"parent":47787,"menu_order":0,"comment_status":"closed","ping_status":"closed","template":"","meta":{"_acf_changed":false,"_et_pb_use_builder":"on","_et_pb_old_content":"","_et_gb_content_width":"","footnotes":""},"class_list":["post-49573","page","type-page","status-publish","hentry"],"acf":[],"_links":{"self":[{"href":"https:\/\/awardforce.com\/de\/wp-json\/wp\/v2\/pages\/49573","targetHints":{"allow":["GET"]}}],"collection":[{"href":"https:\/\/awardforce.com\/de\/wp-json\/wp\/v2\/pages"}],"about":[{"href":"https:\/\/awardforce.com\/de\/wp-json\/wp\/v2\/types\/page"}],"author":[{"embeddable":true,"href":"https:\/\/awardforce.com\/de\/wp-json\/wp\/v2\/users\/2"}],"replies":[{"embeddable":true,"href":"https:\/\/awardforce.com\/de\/wp-json\/wp\/v2\/comments?post=49573"}],"version-history":[{"count":13,"href":"https:\/\/awardforce.com\/de\/wp-json\/wp\/v2\/pages\/49573\/revisions"}],"predecessor-version":[{"id":51358,"href":"https:\/\/awardforce.com\/de\/wp-json\/wp\/v2\/pages\/49573\/revisions\/51358"}],"up":[{"embeddable":true,"href":"https:\/\/awardforce.com\/de\/wp-json\/wp\/v2\/pages\/47787"}],"wp:attachment":[{"href":"https:\/\/awardforce.com\/de\/wp-json\/wp\/v2\/media?parent=49573"}],"curies":[{"name":"wp","href":"https:\/\/api.w.org\/{rel}","templated":true}]}}