{"id":47647,"date":"2025-08-08T12:39:27","date_gmt":"2025-08-08T12:39:27","guid":{"rendered":"https:\/\/awardforce.com\/?page_id=47647"},"modified":"2025-09-24T07:38:54","modified_gmt":"2025-09-24T07:38:54","slug":"good-grants","status":"publish","type":"page","link":"https:\/\/awardforce.com\/de\/loesungen\/good-grants\/","title":{"rendered":"Good Grants"},"content":{"rendered":"<p>[et_pb_section fb_built=&#8220;1&#8243; _builder_version=&#8220;4.16&#8243; _module_preset=&#8220;default&#8220; background_image=&#8220;https:\/\/awardforce.com\/wp-content\/uploads\/2020\/09\/GG_HeroImage_Teacher.jpg&#8220; global_colors_info=&#8220;{}&#8220;][et_pb_row column_structure=&#8220;1_2,1_2&#8243; _builder_version=&#8220;4.16&#8243; _module_preset=&#8220;default&#8220; global_colors_info=&#8220;{}&#8220;][et_pb_column type=&#8220;1_2&#8243; _builder_version=&#8220;4.16&#8243; _module_preset=&#8220;default&#8220; global_colors_info=&#8220;{}&#8220;][et_pb_text _builder_version=&#8220;4.16&#8243; text_font_size=&#8220;20px&#8220; text_line_height=&#8220;1em&#8220; header_font=&#8220;||||||||&#8220; header_text_color=&#8220;#242424&#8243; background_color=&#8220;rgba(0,0,0,0)&#8220; width=&#8220;100%&#8220; module_alignment=&#8220;center&#8220; custom_margin=&#8220;||||false|false&#8220; custom_padding=&#8220;||||false|false&#8220; global_colors_info=&#8220;{}&#8220;]<\/p>\n<h1><mark style=\"background-color: #ffffff;\">Haben Sie schon von Good Grants geh\u00f6rt?<\/mark><\/h1>\n<p>[\/et_pb_text][et_pb_button button_url=&#8220;https:\/\/www.goodgrants.com&#8220; url_new_window=&#8220;on&#8220; button_text=&#8220;Erfahren Sie mehr \u00fcber Good Grants&#8220; button_alignment=&#8220;left&#8220; _builder_version=&#8220;4.16&#8243; custom_button=&#8220;on&#8220; button_text_color=&#8220;#ffffff&#8220; button_bg_color=&#8220;#19ce5c&#8220; button_use_icon=&#8220;off&#8220; custom_margin=&#8220;20px||20px||false|false&#8220; custom_padding=&#8220;||||false|false&#8220; global_colors_info=&#8220;{}&#8220;][\/et_pb_button][et_pb_text _builder_version=&#8220;4.16&#8243; text_font_size=&#8220;13px&#8220; global_colors_info=&#8220;{}&#8220;]<\/p>\n<p><span style=\"color: #ffffff;\">Keine Kreditkarte erforderlich | <\/span><span style=\"color: #ffffff;\">14 Tage kostenlose Testphase | <\/span><span style=\"color: #ffffff;\">Jederzeit k\u00fcndbar<\/span><\/p>\n<p>[\/et_pb_text][\/et_pb_column][et_pb_column type=&#8220;1_2&#8243; _builder_version=&#8220;4.16&#8243; _module_preset=&#8220;default&#8220; global_colors_info=&#8220;{}&#8220;][\/et_pb_column][\/et_pb_row][\/et_pb_section][et_pb_section fb_built=&#8220;1&#8243; admin_label=&#8220;section&#8220; _builder_version=&#8220;4.16&#8243; global_colors_info=&#8220;{}&#8220;][et_pb_row admin_label=&#8220;Reihe&#8220; _builder_version=&#8220;4.16&#8243; background_size=&#8220;initial&#8220; background_position=&#8220;top_left&#8220; background_repeat=&#8220;repeat&#8220; width=&#8220;79.1%&#8220; custom_padding=&#8220;||0px|||&#8220; global_colors_info=&#8220;{}&#8220;][et_pb_column type=&#8220;4_4&#8243; _builder_version=&#8220;4.16&#8243; custom_padding=&#8220;|||&#8220; global_colors_info=&#8220;{}&#8220; custom_padding__hover=&#8220;|||&#8220;][et_pb_text admin_label=&#8220;Text&#8220; _builder_version=&#8220;4.27.4&#8243; background_size=&#8220;initial&#8220; background_position=&#8220;top_left&#8220; background_repeat=&#8220;repeat&#8220; hover_enabled=&#8220;0&#8243; global_colors_info=&#8220;{}&#8220; sticky_enabled=&#8220;0&#8243;]<\/p>\n<h2 id=\"main\">Was ist Good Grants?<\/h2>\n<h4 style=\"white-space: pre-wrap;\">Good Grants ist ein neues Produkt von Creative Force, dem Team hinter der preisgekr\u00f6nten Cloud-Software Award Force. Good Grants bietet eine bessere M\u00f6glichkeit, Stipendien- und F\u00f6rderprogramme zu verwalten. Es verf\u00fcgt \u00fcber alle Funktionen, die Sie ben\u00f6tigen, und bietet eine faire, demokratisierte Preisgestaltung auf monatlicher Basis.<\/h4>\n<h4>Und Sie k\u00f6nnen es jetzt mit einer 14-t\u00e4gigen kostenlosen Testphase ausprobieren.<\/h4>\n<p>[\/et_pb_text][\/et_pb_column][\/et_pb_row][et_pb_row column_structure=&#8220;1_3,1_3,1_3&#8243; use_custom_gutter=&#8220;on&#8220; make_equal=&#8220;on&#8220; _builder_version=&#8220;4.16&#8243; global_colors_info=&#8220;{}&#8220;][et_pb_column type=&#8220;1_3&#8243; _builder_version=&#8220;4.16&#8243; global_colors_info=&#8220;{}&#8220;][et_pb_text _builder_version=&#8220;4.16&#8243; header_3_font_size=&#8220;28px&#8220; global_colors_info=&#8220;{}&#8220;]<\/p>\n<h3>Gute F\u00f6rderentscheidungen<\/h3>\n<p>Eine gute Evaluierung f\u00fchrt zu guten Entscheidungen und einer guten F\u00f6rdervergabe. Gutachter von F\u00f6rderantr\u00e4gen werden begeistert sein, wie schnell und reibungslos die Evaluierung von Antr\u00e4gen abl\u00e4uft. <\/p>\n<p>[\/et_pb_text][et_pb_text _builder_version=&#8220;4.16&#8243; header_3_font_size=&#8220;28px&#8220; global_colors_info=&#8220;{}&#8220;]<\/p>\n<h3>Transparenz + Kontrolle<\/h3>\n<p>Erzielen Sie immer wieder die richtigen Ergebnisse mit flexiblen Konfigurationsoptionen und Management-Tools, die Ihnen zur Verf\u00fcgung stehen.<\/p>\n<p>[\/et_pb_text][\/et_pb_column][et_pb_column type=&#8220;1_3&#8243; _builder_version=&#8220;4.16&#8243; global_colors_info=&#8220;{}&#8220;][et_pb_text _builder_version=&#8220;4.16&#8243; header_3_font_size=&#8220;28px&#8220; global_colors_info=&#8220;{}&#8220;]<\/p>\n<h3>Zeit und Geld sparen<\/h3>\n<p>Gewinnen Sie Zeit, um sich darauf zu konzentrieren, Ihre F\u00f6rderungen so gut wie m\u00f6glich zu gestalten, dank reduziertem Verwaltungs- und Supportaufwand.<br \/><span style=\"color: #ffffff;\">.<\/span><\/p>\n<p>[\/et_pb_text][et_pb_text _builder_version=&#8220;4.16&#8243; header_3_font_size=&#8220;28px&#8220; global_colors_info=&#8220;{}&#8220;]<\/p>\n<h3>Sie sehen gut aus<\/h3>\n<p>Heben Sie Ihr F\u00f6rderprogramm mit einem benutzerfreundlichen, intuitiven System in einem sch\u00f6nen Design hervor, das Freude bereitet.<\/p>\n<p>[\/et_pb_text][\/et_pb_column][et_pb_column type=&#8220;1_3&#8243; _builder_version=&#8220;4.16&#8243; global_colors_info=&#8220;{}&#8220;][et_pb_text _builder_version=&#8220;4.16&#8243; header_3_font_size=&#8220;28px&#8220; global_colors_info=&#8220;{}&#8220;]<\/p>\n<h3 style=\"text-align: left;\">Sorgenfreiheit<\/h3>\n<p>Steigern Sie Ihr Vertrauen und bauen Sie Stress ab \u2013 Sie sind in guter Gesellschaft, wenn Sie unser zuverl\u00e4ssiges und sicheres System nutzen, das auch unter Druck funktioniert.<\/p>\n<p>[\/et_pb_text][et_pb_text _builder_version=&#8220;4.16&#8243; header_3_font_size=&#8220;28px&#8220; global_colors_info=&#8220;{}&#8220;]<\/p>\n<h3>Ihre F\u00f6rderungen wachsen lassen<\/h3>\n<p>Steigern Sie das Volumen und die Qualit\u00e4t der F\u00f6rderantr\u00e4ge mit Funktionen, die auf herausragende Integrit\u00e4t und Ergebnisse ausgelegt sind.<\/p>\n<p>[\/et_pb_text][\/et_pb_column][\/et_pb_row][et_pb_row _builder_version=&#8220;4.16&#8243; global_colors_info=&#8220;{}&#8220;][et_pb_column type=&#8220;4_4&#8243; _builder_version=&#8220;4.16&#8243; global_colors_info=&#8220;{}&#8220;][et_pb_text _builder_version=&#8220;4.16&#8243; global_colors_info=&#8220;{}&#8220;]<\/p>\n<h4>Bei so viel, das w\u00e4hrend eines F\u00f6rderprogramms zu verwalten ist, ben\u00f6tigen Sie die richtige L\u00f6sung, um die Qualit\u00e4t der Antr\u00e4ge zu maximieren, den Bewertungsprozess zu verwalten und sich der Integrit\u00e4t der Ergebnisse sicher zu sein.<\/h4>\n<p>[\/et_pb_text][\/et_pb_column][\/et_pb_row][et_pb_row _builder_version=&#8220;4.16&#8243; global_colors_info=&#8220;{}&#8220;][et_pb_column type=&#8220;4_4&#8243; _builder_version=&#8220;4.16&#8243; global_colors_info=&#8220;{}&#8220;][et_pb_text _builder_version=&#8220;4.27.4&#8243; custom_margin=&#8220;||-2px|||&#8220; custom_padding=&#8220;||0px|||&#8220; hover_enabled=&#8220;0&#8243; global_colors_info=&#8220;{}&#8220; sticky_enabled=&#8220;0&#8243;]<\/p>\n<div class=\"sqs-block html-block sqs-block-html\" data-block-type=\"2\" id=\"block-yui_3_17_2_1_1551366275181_11986\">\n<div class=\"sqs-block-content\" id=\"yui_3_17_2_1_1576472341360_362\">\n<h3 id=\"yui_3_17_2_1_1576472341360_361\" style=\"text-align: center;\">Good Grants wird von weltweit f\u00fchrenden Organisationen vertraut, um positive Ver\u00e4nderungen voranzutreiben.<\/h3>\n<\/div>\n<\/div>\n<div class=\"sqs-block image-block sqs-block-image sqs-text-ready\" data-block-type=\"5\" id=\"block-yui_3_17_2_1_1551366275181_13713\">\n<div class=\"sqs-block-content\" id=\"yui_3_17_2_1_1576472341360_139\">\n<div class=\"image-block-outer-wrapper layout-caption-hidden design-layout-inline combination-animation-none individual-animation-none individual-text-animation-none\" id=\"yui_3_17_2_1_1576472341360_138\">\n<div class=\"intrinsic\" id=\"yui_3_17_2_1_1576472341360_137\">\n<div class=\"image-block-wrapper   has-aspect-ratio\" data-animation-tier=\"1\" data-description=\"\" id=\"yui_3_17_2_1_1576472341360_136\"><\/div>\n<\/div>\n<\/div>\n<\/div>\n<\/div>\n<p>[\/et_pb_text][et_pb_image src=&#8220;https:\/\/awardforce.com\/wp-content\/uploads\/2020\/07\/GG_Clients_Strip.png&#8220; url=&#8220;https:\/\/www.goodgrants.com\/why\/&#8220; _builder_version=&#8220;4.16&#8243; custom_margin=&#8220;||25px|||&#8220; global_colors_info=&#8220;{}&#8220;][\/et_pb_image][et_pb_text _builder_version=&#8220;4.27.4&#8243; link_option_url_new_window=&#8220;on&#8220; hover_enabled=&#8220;0&#8243; global_colors_info=&#8220;{}&#8220; sticky_enabled=&#8220;0&#8243;]<\/p>\n<p style=\"text-align: center;\"><a href=\"https:\/\/www.goodgrants.com\/testimonials\/\" target=\"_blank\" id=\"yui_3_17_2_1_1576472341360_378\" rel=\"noopener noreferrer\"><span>Erfahren Sie mehr \u00fcber die Organisationen, die mit Good Grants zusammenarbeiten<\/span><\/a><\/p>\n<p>[\/et_pb_text][\/et_pb_column][\/et_pb_row][et_pb_row column_structure=&#8220;1_3,2_3&#8243; use_custom_gutter=&#8220;on&#8220; gutter_width=&#8220;1&#8243; _builder_version=&#8220;4.16&#8243; background_enable_color=&#8220;off&#8220; background_color_gradient_direction=&#8220;270deg&#8220; module_alignment=&#8220;center&#8220; custom_margin=&#8220;60px|auto|60px|auto||&#8220; custom_padding=&#8220;4px||21px|||&#8220; global_colors_info=&#8220;{}&#8220;][et_pb_column type=&#8220;1_3&#8243; _builder_version=&#8220;4.16&#8243; global_colors_info=&#8220;{}&#8220;][et_pb_image src=&#8220;https:\/\/awardforce.com\/wp-content\/uploads\/2021\/01\/Asset-15.png&#8220; title_text=&#8220;Asset 15&#8243; align=&#8220;right&#8220; _builder_version=&#8220;4.16&#8243; module_alignment=&#8220;right&#8220; height=&#8220;100px&#8220; custom_margin=&#8220;23px||||false|false&#8220; custom_padding=&#8220;|15px|||false|false&#8220; global_colors_info=&#8220;{}&#8220;][\/et_pb_image][\/et_pb_column][et_pb_column type=&#8220;2_3&#8243; _builder_version=&#8220;4.16&#8243; global_colors_info=&#8220;{}&#8220;][et_pb_text _builder_version=&#8220;4.16&#8243; global_colors_info=&#8220;{}&#8220;]<\/p>\n<h6>Es war ein Gl\u00fcckstag, als ich auf die Good Grants-Website stie\u00df.\u201c<\/h6>\n<p><span><strong>Jeannette Beranger<\/strong><\/span><\/p>\n<p>[\/et_pb_text][\/et_pb_column][\/et_pb_row][et_pb_row _builder_version=&#8220;4.16&#8243; custom_margin=&#8220;|auto|-2px|auto||&#8220; custom_padding=&#8220;||0px|||&#8220; global_colors_info=&#8220;{}&#8220;][et_pb_column type=&#8220;4_4&#8243; _builder_version=&#8220;4.16&#8243; global_colors_info=&#8220;{}&#8220;][et_pb_text _builder_version=&#8220;4.16&#8243; global_colors_info=&#8220;{}&#8220;]<\/p>\n<h2>Verwalten<\/h2>\n<p>[\/et_pb_text][\/et_pb_column][\/et_pb_row][et_pb_row column_structure=&#8220;1_2,1_2&#8243; _builder_version=&#8220;4.16&#8243; custom_padding=&#8220;0px|||||&#8220; global_colors_info=&#8220;{}&#8220;][et_pb_column type=&#8220;1_2&#8243; _builder_version=&#8220;4.16&#8243; global_colors_info=&#8220;{}&#8220;][et_pb_text _builder_version=&#8220;4.16&#8243; custom_padding=&#8220;16px|||||&#8220; global_colors_info=&#8220;{}&#8220;]<\/p>\n<p><strong>Die Online-Verwaltung Ihres F\u00f6rderprogramms macht mit <a href=\"https:\/\/www.goodgrants.com\/\" target=\"_blank\" rel=\"noopener noreferrer\">Good Grants<\/a> tats\u00e4chlich Spa\u00df.<\/strong><\/p>\n<p>Verfolgen Sie jederzeit den Status Ihrer F\u00f6rderungen mit leistungsstarken Echtzeit-Reporting-Tools, die Ihnen helfen, Ihren Stakeholdern die ben\u00f6tigten Informationen mit minimalem Aufwand bereitzustellen.<\/p>\n<p><a href=\"https:\/\/www.goodgrants.com\/\" target=\"_blank\" rel=\"noopener noreferrer\">Good Grants<\/a> hilft Ihnen, Ihre administrativen Prozesse zu optimieren und Supportanfragen von Antragstellern und Gutachtern zu reduzieren, damit Sie sich darauf konzentrieren k\u00f6nnen, Ihr F\u00f6rderprogramm optimal zu gestalten.<\/p>\n<p>[\/et_pb_text][\/et_pb_column][et_pb_column type=&#8220;1_2&#8243; _builder_version=&#8220;4.16&#8243; global_colors_info=&#8220;{}&#8220;][et_pb_text _builder_version=&#8220;4.16&#8243; custom_margin=&#8220;-11px||||false|false&#8220; custom_padding=&#8220;0px|||||&#8220; global_colors_info=&#8220;{}&#8220;]<\/p>\n<div class=\"sqs-block html-block sqs-block-html\" data-block-type=\"2\" id=\"block-yui_3_17_2_11_1474783370903_61690\">\n<div class=\"sqs-block-content\">\n<h3>Sie haben die Kontrolle<\/h3>\n<\/div>\n<\/div>\n<div class=\"sqs-block code-block sqs-block-code\" data-block-type=\"23\" id=\"block-yui_3_17_2_19_1503110271081_30701\">\n<div class=\"sqs-block-content\">\n<ul class=\"ticks\">\n<li><span><\/span>Systemkonfigurations\u00e4nderungen direkt vornehmen<\/li>\n<li><span><\/span>Einfach an Ihr Branding anpassbar<\/li>\n<li><span><\/span>Flexible Konfiguration f\u00fcr Ihre individuellen Programmanforderungen<\/li>\n<li><span><\/span>Lebenszyklusmanagement: Planung, Antr\u00e4ge, Bewertung, F\u00f6rderverteilung, Abschluss<\/li>\n<li><span><\/span>Echtzeit-Reporting und Export gefilterter Datens\u00e4tze<\/li>\n<li><span><\/span>Jederzeit einfach den Fortschritt verfolgen<\/li>\n<li><span><\/span>Verwaltung der Mittelzuweisung aus mehreren Budgets<\/li>\n<li><span><\/span>Vollst\u00e4ndige Datenbank aller Benutzer<\/li>\n<li><span><\/span>Native Integration mit Salesforce f\u00fcr bidirektionalen Datenaustausch<\/li>\n<li><span><\/span>Exporte und Massen-Downloads<\/li>\n<li><span><\/span>Support, wenn Sie ihn brauchen<\/li>\n<li><span><\/span>Ja, es macht tats\u00e4chlich Spa\u00df!<\/li>\n<\/ul>\n<\/div>\n<\/div>\n<div class=\"sqs-block html-block sqs-block-html\" data-block-type=\"2\" id=\"block-yui_3_17_2_19_1503110271081_30767\">\n<div class=\"sqs-block-content\">\n<p>Weitere Details finden Sie in der <a href=\"https:\/\/www.goodgrants.com\/features\/\" target=\"_blank\" rel=\"noopener noreferrer\">Funktionsliste<\/a><\/p>\n<\/div>\n<\/div>\n<p>[\/et_pb_text][\/et_pb_column][\/et_pb_row][et_pb_row _builder_version=&#8220;4.16&#8243; custom_padding=&#8220;||4px|||&#8220; global_colors_info=&#8220;{}&#8220;][et_pb_column type=&#8220;4_4&#8243; _builder_version=&#8220;4.16&#8243; global_colors_info=&#8220;{}&#8220;][et_pb_text _builder_version=&#8220;4.16&#8243; global_colors_info=&#8220;{}&#8220;]<\/p>\n<h2>Bewerben<\/h2>\n<p>[\/et_pb_text][\/et_pb_column][\/et_pb_row][et_pb_row column_structure=&#8220;1_2,1_2&#8243; _builder_version=&#8220;4.16&#8243; custom_padding=&#8220;0px|||||&#8220; global_colors_info=&#8220;{}&#8220;][et_pb_column type=&#8220;1_2&#8243; _builder_version=&#8220;4.16&#8243; global_colors_info=&#8220;{}&#8220;][et_pb_text _builder_version=&#8220;4.16&#8243; custom_padding=&#8220;20px|||||&#8220; global_colors_info=&#8220;{}&#8220;]<\/p>\n<p><strong><a href=\"https:\/\/www.goodgrants.com\/\" target=\"_blank\" rel=\"noopener noreferrer\">Good Grants<\/a> bietet Antragstellern eine intuitive Umgebung, um ihren F\u00f6rderantrag schnell zu erstellen und einzureichen.<\/strong><\/p>\n<p>Mit <a href=\"https:\/\/www.goodgrants.com\/\" target=\"_blank\" rel=\"noopener noreferrer\">Good Grants<\/a> haben Ihre Antragsteller die Freiheit, ihren Antrag bis zu Ihrer Frist zu bearbeiten und zu verfeinern, auch nach der Einreichung.<\/p>\n<p>Benutzerfreundlichkeit f\u00f6rdert mehr und qualitativ hochwertigere Antr\u00e4ge sowie eine h\u00f6here Benutzerzufriedenheit als Alternativen.<\/p>\n<p>[\/et_pb_text][\/et_pb_column][et_pb_column type=&#8220;1_2&#8243; _builder_version=&#8220;4.16&#8243; global_colors_info=&#8220;{}&#8220;][et_pb_text _builder_version=&#8220;4.16&#8243; custom_margin=&#8220;-7px||||false|false&#8220; custom_padding=&#8220;||||false|false&#8220; global_colors_info=&#8220;{}&#8220;]<\/p>\n<div class=\"sqs-block html-block sqs-block-html\" data-block-type=\"2\" id=\"block-yui_3_17_2_11_1474783370903_61690\">\n<div class=\"sqs-block-content\">\n<div class=\"sqs-block html-block sqs-block-html\" data-block-type=\"2\" id=\"block-yui_3_17_2_11_1474783370903_19746\">\n<div class=\"sqs-block-content\">\n<h3>Einfach f\u00fcr den Antragsteller<\/h3>\n<\/div>\n<\/div>\n<div class=\"sqs-block code-block sqs-block-code\" data-block-type=\"23\" id=\"block-yui_3_17_2_19_1503110271081_33284\">\n<div class=\"sqs-block-content\">\n<ul class=\"ticks\">\n<li><span><\/span>Einfache, schnelle Registrierung<\/li>\n<li><span><\/span>Willkommensnachricht und kontextbezogene Informationen<\/li>\n<li><span><\/span>Automatisches Speichern w\u00e4hrend der Eingabe<\/li>\n<li><span><\/span>\u00c4nderungen nach der Einreichung<\/li>\n<li><span><\/span>Intuitiver Antragsprozess, keine Schulung erforderlich<\/li>\n<li><span><\/span>Antragsverwaltung<\/li>\n<li><span><\/span>Einfache Antragstellung in mehreren F\u00f6rderkategorien<\/li>\n<li><span><\/span>Eintragsvorschau, PDF-Datensatz herunterladen<\/li>\n<li><span><\/span>Preisgekr\u00f6ntes Systemdesign<\/li>\n<\/ul>\n<\/div>\n<\/div>\n<div class=\"sqs-block html-block sqs-block-html\" data-block-type=\"2\" id=\"block-yui_3_17_2_19_1503110271081_33350\">\n<div class=\"sqs-block-content\">\n<h3>Gro\u00dfartig f\u00fcr Sie<\/h3>\n<p>Funktionen, um die gew\u00fcnschten Ergebnisse zu erzielen<\/p>\n<\/div>\n<\/div>\n<div class=\"sqs-block code-block sqs-block-code\" data-block-type=\"23\" id=\"block-yui_3_17_2_19_1503110271081_36637\">\n<div class=\"sqs-block-content\">\n<ul class=\"ticks\">\n<li><span><\/span>Unbegrenzte Anwendungen<\/li>\n<li><span><\/span>Volumen verfolgen<\/li>\n<li><span><\/span>Bearbeitungsstatus verfolgen<\/li>\n<li><span><\/span>Einfache Benachrichtigung und Rundfunkkommunikation mit Antragstellern<\/li>\n<li><span><\/span>Flexible Konfiguration von F\u00f6rderkategorien und -kriterien<\/li>\n<li><span><\/span>Konfigurierbarer Antrags-Workflow<\/li>\n<li><span><\/span>Beliebige Dateianh\u00e4nge, unbegrenzte Gr\u00f6\u00dfe<\/li>\n<\/ul>\n<\/div>\n<\/div>\n<div class=\"sqs-block html-block sqs-block-html\" data-block-type=\"2\" id=\"block-yui_3_17_2_19_1503110271081_36704\">\n<div class=\"sqs-block-content\">\n<p>Weitere Details finden Sie in der <a href=\"https:\/\/www.goodgrants.com\/features\/\" target=\"_blank\" rel=\"noopener noreferrer\">Funktionsliste<\/a><\/p>\n<\/div>\n<\/div>\n<\/div>\n<\/div>\n<div class=\"sqs-block html-block sqs-block-html\" data-block-type=\"2\" id=\"block-yui_3_17_2_19_1503110271081_30767\">\n<div class=\"sqs-block-content\"><\/div>\n<\/div>\n<p>[\/et_pb_text][\/et_pb_column][\/et_pb_row][et_pb_row _builder_version=&#8220;4.16&#8243; custom_padding=&#8220;||0px|||&#8220; global_colors_info=&#8220;{}&#8220;][et_pb_column type=&#8220;4_4&#8243; _builder_version=&#8220;4.16&#8243; global_colors_info=&#8220;{}&#8220;][et_pb_text _builder_version=&#8220;4.16&#8243; global_colors_info=&#8220;{}&#8220;]<\/p>\n<h2>Bewerten \/ Entscheiden<\/h2>\n<p>[\/et_pb_text][\/et_pb_column][\/et_pb_row][et_pb_row column_structure=&#8220;1_2,1_2&#8243; _builder_version=&#8220;4.16&#8243; custom_padding=&#8220;0px|||||&#8220; global_colors_info=&#8220;{}&#8220;][et_pb_column type=&#8220;1_2&#8243; _builder_version=&#8220;4.16&#8243; global_colors_info=&#8220;{}&#8220;][et_pb_text _builder_version=&#8220;4.16&#8243; custom_padding=&#8220;22px|||||&#8220; global_colors_info=&#8220;{}&#8220;]<\/p>\n<p><strong>Sie m\u00f6chten die Gewissheit haben, dass F\u00f6rderungen an die w\u00fcrdigsten Antragsteller gehen. Ein guter Bewertungsprozess f\u00fchrt zu guten Entscheidungen und guten F\u00f6rderungen. <\/strong><\/p>\n<p><a href=\"https:\/\/www.goodgrants.com\/\" target=\"_blank\" rel=\"noopener noreferrer\">Good Grants<\/a> verf\u00fcgt \u00fcber eine leistungsstarke Suite von Bewertungstools, die an Ihren Bewertungsprozess angepasst werden k\u00f6nnen, um gute Entscheidungen zu treffen.<\/p>\n<p>Externe Gutachter sind hochgesch\u00e4tzte Mitwirkende an F\u00f6rderprogrammen. Wir helfen Ihnen, ihre Zeit zu ber\u00fccksichtigen, indem wir eine klare, benutzerfreundliche M\u00f6glichkeit zur \u00dcberpr\u00fcfung und Bewertung von Antr\u00e4gen bieten. <\/p>\n<p>[\/et_pb_text][\/et_pb_column][et_pb_column type=&#8220;1_2&#8243; _builder_version=&#8220;4.16&#8243; global_colors_info=&#8220;{}&#8220;][et_pb_text _builder_version=&#8220;4.16&#8243; custom_margin=&#8220;-4px||||false|false&#8220; global_colors_info=&#8220;{}&#8220;]<\/p>\n<div class=\"sqs-block html-block sqs-block-html\" data-block-type=\"2\" id=\"block-yui_3_17_2_11_1474783370903_61690\">\n<div class=\"sqs-block-content\">\n<div class=\"sqs-block html-block sqs-block-html\" data-block-type=\"2\" id=\"block-yui_3_17_2_11_1474783370903_19746\">\n<div class=\"sqs-block-content\">\n<h3>Ansicht der Gutachter<\/h3>\n<\/div>\n<\/div>\n<div class=\"sqs-block code-block sqs-block-code\" data-block-type=\"23\" id=\"block-yui_3_17_2_19_1503110271081_33284\">\n<div class=\"sqs-block-content\">\n<ul class=\"ticks\">\n<li><span><\/span>Gutachter sehen nur ihnen zugewiesene Antr\u00e4ge<\/li>\n<li><span><\/span>Einfach zu bedienen, keine Schulung erforderlich<\/li>\n<li><span><\/span>Referenznotizen, die nur sie sehen k\u00f6nnen<\/li>\n<li><span><\/span>Geteilte Kommentare<\/li>\n<\/ul>\n<\/div>\n<\/div>\n<div class=\"sqs-block html-block sqs-block-html\" data-block-type=\"2\" id=\"block-yui_3_17_2_19_1503110271081_33350\">\n<div class=\"sqs-block-content\">\n<h3>Ihre Ansicht<\/h3>\n<p>Funktionen, um die gew\u00fcnschten Ergebnisse zu erzielen<\/p>\n<\/div>\n<\/div>\n<div class=\"sqs-block code-block sqs-block-code\" data-block-type=\"23\" id=\"block-yui_3_17_2_19_1503110271081_36637\">\n<div class=\"sqs-block-content\">\n<ul class=\"ticks\">\n<li><span><\/span>Leistungsstarke Konfiguration des Entscheidungsprozesses und der Gremien<\/li>\n<li><span><\/span>Integrierte Akzeptanz der Vertraulichkeitsvereinbarung f\u00fcr Gutachter<\/li>\n<li><span><\/span>Die Scoring-Audit-Matrix bietet Transparenz und Vertrauen in die Punkteaufschl\u00fcsselung<\/li>\n<li><span><\/span>Echtzeit-Bewertungs-Bestenliste<\/li>\n<li><span><\/span>Verwaltung der Shortlist bis zu den F\u00f6rderempf\u00e4ngern<\/li>\n<li><span><\/span>Tablet-f\u00e4hige Entscheidungsfindung ist ideal f\u00fcr Live-Bewertungen vor Ort<\/li>\n<li><span><\/span>Beliebige Dateianh\u00e4nge, unbegrenzte Gr\u00f6\u00dfe<\/li>\n<\/ul>\n<\/div>\n<\/div>\n<div class=\"sqs-block html-block sqs-block-html\" data-block-type=\"2\" id=\"block-yui_3_17_2_19_1503110271081_36704\">\n<div class=\"sqs-block-content\">\n<p><span style=\"font-weight: 400;\"><span>Erfahren Sie mehr \u00fcber die Good Grants <\/span><a href=\"https:\/\/www.goodgrants.com\/features\/review-suite\/\" target=\"_blank\" rel=\"noopener noreferrer\">Review Suite<\/a><span> <\/span><\/span><\/p>\n<\/div>\n<\/div>\n<\/div>\n<\/div>\n<div class=\"sqs-block html-block sqs-block-html\" data-block-type=\"2\" id=\"block-yui_3_17_2_19_1503110271081_30767\">\n<div class=\"sqs-block-content\"><\/div>\n<\/div>\n<p>[\/et_pb_text][\/et_pb_column][\/et_pb_row][et_pb_row _builder_version=&#8220;4.16&#8243; global_colors_info=&#8220;{}&#8220;][et_pb_column type=&#8220;4_4&#8243; _builder_version=&#8220;4.16&#8243; global_colors_info=&#8220;{}&#8220;][et_pb_text _builder_version=&#8220;4.16&#8243; global_colors_info=&#8220;{}&#8220;]<\/p>\n<h2 style=\"text-align: center;\">M\u00f6chten Sie Ihr F\u00f6rderprogramm besser verwalten? <\/h2>\n<p>[\/et_pb_text][et_pb_button button_url=&#8220;https:\/\/www.goodgrants.com\/&#8220; url_new_window=&#8220;on&#8220; button_text=&#8220;Erfahren Sie, wie mit Good Grants&#8220; button_alignment=&#8220;center&#8220; _builder_version=&#8220;4.16&#8243; global_colors_info=&#8220;{}&#8220;][\/et_pb_button][\/et_pb_column][\/et_pb_row][et_pb_row _builder_version=&#8220;4.16&#8243; _module_preset=&#8220;default&#8220; global_colors_info=&#8220;{}&#8220;][et_pb_column type=&#8220;4_4&#8243; _builder_version=&#8220;4.16&#8243; _module_preset=&#8220;default&#8220; global_colors_info=&#8220;{}&#8220;][\/et_pb_column][\/et_pb_row][\/et_pb_section]<\/p>\n","protected":false},"excerpt":{"rendered":"<p>Haben Sie schon von Good Grants geh\u00f6rt?Keine Kreditkarte erforderlich | 14 Tage kostenlose Testphase | Jederzeit k\u00fcndbarWas ist Good Grants? Good Grants ist ein neues Produkt von Creative Force, dem Team hinter der preisgekr\u00f6nten Cloud-Software Award Force. Good Grants bietet eine bessere M\u00f6glichkeit, Stipendien- und F\u00f6rderprogramme zu verwalten. Es verf\u00fcgt \u00fcber alle Funktionen, die Sie ben\u00f6tigen, und bietet eine faire, demokratisierte Preisgestaltung auf monatlicher Basis. Und Sie k\u00f6nnen es jetzt mit einer 14-t\u00e4gigen kostenlosen Testphase ausprobieren.Gute F\u00f6rderentscheidungen Eine gute Evaluierung f\u00fchrt zu guten Entscheidungen und einer guten F\u00f6rdervergabe. Gutachter von F\u00f6rderantr\u00e4gen werden begeistert sein, wie schnell und reibungslos die Evaluierung von Antr\u00e4gen abl\u00e4uft. Transparenz + Kontrolle Erzielen Sie immer wieder die richtigen Ergebnisse mit flexiblen Konfigurationsoptionen und Management-Tools, die Ihnen zur Verf\u00fcgung stehen.Zeit und Geld sparen Gewinnen Sie Zeit, um sich darauf zu konzentrieren, Ihre F\u00f6rderungen so gut wie m\u00f6glich zu gestalten, dank reduziertem Verwaltungs- und Supportaufwand..Sie sehen gut aus Heben Sie Ihr F\u00f6rderprogramm mit einem benutzerfreundlichen, intuitiven System in einem sch\u00f6nen Design hervor, das Freude bereitet.Sorgenfreiheit Steigern Sie Ihr Vertrauen und bauen Sie Stress ab \u2013 Sie sind in guter Gesellschaft, wenn Sie unser zuverl\u00e4ssiges und sicheres System nutzen, das auch unter Druck funktioniert.Ihre F\u00f6rderungen wachsen lassen Steigern Sie [&hellip;]<\/p>\n","protected":false},"author":2,"featured_media":0,"parent":47747,"menu_order":0,"comment_status":"closed","ping_status":"closed","template":"","meta":{"_acf_changed":false,"_et_pb_use_builder":"on","_et_pb_old_content":"","_et_gb_content_width":"","footnotes":""},"class_list":["post-47647","page","type-page","status-publish","hentry"],"acf":[],"_links":{"self":[{"href":"https:\/\/awardforce.com\/de\/wp-json\/wp\/v2\/pages\/47647","targetHints":{"allow":["GET"]}}],"collection":[{"href":"https:\/\/awardforce.com\/de\/wp-json\/wp\/v2\/pages"}],"about":[{"href":"https:\/\/awardforce.com\/de\/wp-json\/wp\/v2\/types\/page"}],"author":[{"embeddable":true,"href":"https:\/\/awardforce.com\/de\/wp-json\/wp\/v2\/users\/2"}],"replies":[{"embeddable":true,"href":"https:\/\/awardforce.com\/de\/wp-json\/wp\/v2\/comments?post=47647"}],"version-history":[{"count":4,"href":"https:\/\/awardforce.com\/de\/wp-json\/wp\/v2\/pages\/47647\/revisions"}],"predecessor-version":[{"id":47651,"href":"https:\/\/awardforce.com\/de\/wp-json\/wp\/v2\/pages\/47647\/revisions\/47651"}],"up":[{"embeddable":true,"href":"https:\/\/awardforce.com\/de\/wp-json\/wp\/v2\/pages\/47747"}],"wp:attachment":[{"href":"https:\/\/awardforce.com\/de\/wp-json\/wp\/v2\/media?parent=47647"}],"curies":[{"name":"wp","href":"https:\/\/api.w.org\/{rel}","templated":true}]}}